{"id":4329,"date":"2022-12-19T13:30:00","date_gmt":"2022-12-19T12:30:00","guid":{"rendered":"https:\/\/www.froeling.com\/de-at\/?page_id=4329"},"modified":"2023-10-06T11:03:03","modified_gmt":"2023-10-06T09:03:03","slug":"messetermine","status":"publish","type":"page","link":"https:\/\/www.froeling.com\/de-at\/unternehmen\/messetermine\/","title":{"rendered":"Messetermine"},"content":{"rendered":"\t\t<div data-elementor-type=\"wp-page\" data-elementor-id=\"4329\" class=\"elementor elementor-4329\" data-elementor-post-type=\"page\">\n\t\t\t\t<div class=\"elementor-element elementor-element-5a4a6276 e-con-full e-flex e-con e-parent\" data-id=\"5a4a6276\" data-element_type=\"container\" data-e-type=\"container\" data-settings=\"{&quot;background_background&quot;:&quot;gradient&quot;}\">\n\t\t<div class=\"elementor-element elementor-element-3585b548 e-con-full e-flex e-con e-parent\" data-id=\"3585b548\" data-element_type=\"container\" data-e-type=\"container\">\n\t\t<div class=\"elementor-element elementor-element-247d92fe hero-offset-container e-flex e-con-boxed e-con e-parent\" data-id=\"247d92fe\" data-element_type=\"container\" data-e-type=\"container\" data-settings=\"{&quot;background_background&quot;:&quot;classic&quot;}\">\n\t\t\t\t\t<div class=\"e-con-inner\">\n\t\t\t\t<div class=\"elementor-element elementor-element-5bc9ea78 elementor-widget elementor-widget-heading\" data-id=\"5bc9ea78\" data-element_type=\"widget\" data-e-type=\"widget\" data-widget_type=\"heading.default\">\n\t\t\t\t<div class=\"elementor-widget-container\">\n\t\t\t\t\t<h2 class=\"elementor-heading-title elementor-size-default\">Messetermine im \u00dcberblick<\/h2>\t\t\t\t<\/div>\n\t\t\t\t<\/div>\n\t\t\t\t<div class=\"elementor-element elementor-element-4298c5af elementor-widget elementor-widget-text-editor\" data-id=\"4298c5af\" data-element_type=\"widget\" data-e-type=\"widget\" data-widget_type=\"text-editor.default\">\n\t\t\t\t<div class=\"elementor-widget-container\">\n\t\t\t\t\t\t\t\t\t<p>Um unsere neuesten Produkte und Technologien zu pr\u00e4sentieren nehmen wir regelm\u00e4\u00dfig an Messen teil. <br \/>Lassen Sie sich vor Ort von Ihrem Gebietsvertreter beraten!<\/p>\t\t\t\t\t\t\t\t<\/div>\n\t\t\t\t<\/div>\n\t\t\t\t\t<\/div>\n\t\t\t\t<\/div>\n\t\t\t\t<\/div>\n\t\t<div class=\"elementor-element elementor-element-74d1eb40 e-con-full e-flex e-con e-parent\" data-id=\"74d1eb40\" data-element_type=\"container\" data-e-type=\"container\" data-settings=\"{&quot;background_background&quot;:&quot;classic&quot;}\">\n\t\t\t\t<\/div>\n\t\t\t\t<\/div>\n\t\t<div class=\"elementor-element elementor-element-6e341ae2 elementor-hidden-mobile e-flex e-con-boxed e-con e-parent\" data-id=\"6e341ae2\" data-element_type=\"container\" data-e-type=\"container\" data-settings=\"{&quot;background_background&quot;:&quot;gradient&quot;}\">\n\t\t\t\t\t<div class=\"e-con-inner\">\n\t\t\t\t\t<\/div>\n\t\t\t\t<\/div>\n\t\t<div class=\"elementor-element elementor-element-779dafb1 e-flex e-con-boxed e-con e-parent\" data-id=\"779dafb1\" data-element_type=\"container\" data-e-type=\"container\">\n\t\t\t\t\t<div class=\"e-con-inner\">\n\t\t\t\t<div class=\"elementor-element elementor-element-561b3fab elementor-grid-2 elementor-grid-tablet-1 elementor-grid-mobile-1 elementor-widget elementor-widget-loop-grid\" data-id=\"561b3fab\" data-element_type=\"widget\" data-e-type=\"widget\" data-settings=\"{&quot;template_id&quot;:&quot;5243&quot;,&quot;columns&quot;:2,&quot;columns_tablet&quot;:1,&quot;row_gap&quot;:{&quot;unit&quot;:&quot;px&quot;,&quot;size&quot;:50,&quot;sizes&quot;:[]},&quot;_skin&quot;:&quot;post&quot;,&quot;columns_mobile&quot;:&quot;1&quot;,&quot;edit_handle_selector&quot;:&quot;[data-elementor-type=\\&quot;loop-item\\&quot;]&quot;,&quot;row_gap_laptop&quot;:{&quot;unit&quot;:&quot;px&quot;,&quot;size&quot;:&quot;&quot;,&quot;sizes&quot;:[]},&quot;row_gap_tablet&quot;:{&quot;unit&quot;:&quot;px&quot;,&quot;size&quot;:&quot;&quot;,&quot;sizes&quot;:[]},&quot;row_gap_mobile&quot;:{&quot;unit&quot;:&quot;px&quot;,&quot;size&quot;:&quot;&quot;,&quot;sizes&quot;:[]}}\" data-widget_type=\"loop-grid.post\">\n\t\t\t\t<div class=\"elementor-widget-container\">\n\t\t\t\t\t\t\t<div class=\"elementor-loop-container elementor-grid\" role=\"list\">\n\t\t<style id=\"loop-5243\">.elementor-5243 .elementor-element.elementor-element-2532f57d{--display:flex;--gap:0px 0px;--row-gap:0px;--column-gap:0px;}.elementor-5243 .elementor-element.elementor-element-52f2df9 .elementor-heading-title{font-family:var( --e-global-typography-c4497ce-font-family ), Sans-serif;font-size:var( --e-global-typography-c4497ce-font-size );font-weight:var( --e-global-typography-c4497ce-font-weight );line-height:var( --e-global-typography-c4497ce-line-height );letter-spacing:var( --e-global-typography-c4497ce-letter-spacing );word-spacing:var( --e-global-typography-c4497ce-word-spacing );color:var( --e-global-color-primary );}.elementor-5243 .elementor-element.elementor-element-4b725fc2{--display:flex;--flex-direction:row;--container-widget-width:calc( ( 1 - var( --container-widget-flex-grow ) ) * 100% );--container-widget-height:100%;--container-widget-flex-grow:1;--container-widget-align-self:stretch;--flex-wrap-mobile:wrap;--align-items:center;--padding-top:0px;--padding-bottom:0px;--padding-left:0px;--padding-right:0px;}.elementor-5243 .elementor-element.elementor-element-28382b7e img{width:100%;}.elementor-5243 .elementor-element.elementor-element-28382b7e > .elementor-widget-container{padding:15px 0px 15px 0px;}.elementor-5243 .elementor-element.elementor-element-28382b7e{width:var( --container-widget-width, 250px );max-width:250px;--container-widget-width:250px;--container-widget-flex-grow:0;}.elementor-5243 .elementor-element.elementor-element-4b70c6b3{--display:flex;--gap:0px 0px;--row-gap:0px;--column-gap:0px;}.elementor-5243 .elementor-element.elementor-element-50270b5c{font-family:\"Red Hat Text\", Sans-serif;font-size:14px;font-weight:500;line-height:1.6em;}.elementor-5243 .elementor-element.elementor-element-60b29779 .elementor-button-content-wrapper{flex-direction:row;}.elementor-5243 .elementor-element.elementor-element-60b29779 .elementor-button .elementor-button-content-wrapper{gap:15px;}.elementor-5243 .elementor-element.elementor-element-60b29779 .elementor-button{font-family:\"Red Hat Text\", Sans-serif;font-size:16px;font-weight:400;line-height:1em;fill:var( --e-global-color-primary );color:var( --e-global-color-primary );background-color:var( --e-global-color-3f5e88a );border-style:solid;border-width:2px 2px 2px 2px;border-color:var( --e-global-color-primary );border-radius:3px 3px 3px 3px;}.elementor-5243 .elementor-element.elementor-element-60b29779 .elementor-button:hover, .elementor-5243 .elementor-element.elementor-element-60b29779 .elementor-button:focus{color:var( --e-global-color-3f5e88a );background-color:var( --e-global-color-primary );}.elementor-5243 .elementor-element.elementor-element-60b29779 .elementor-button:hover svg, .elementor-5243 .elementor-element.elementor-element-60b29779 .elementor-button:focus svg{fill:var( --e-global-color-3f5e88a );}.elementor-5243 .elementor-element.elementor-element-60b29779 > .elementor-widget-container{margin:15px 0px 0px 0px;}.elementor-5243 .elementor-element.elementor-element-60b29779{width:100%;max-width:100%;}@media(max-width:1400px){.elementor-5243 .elementor-element.elementor-element-52f2df9 .elementor-heading-title{font-size:var( --e-global-typography-c4497ce-font-size );line-height:var( --e-global-typography-c4497ce-line-height );letter-spacing:var( --e-global-typography-c4497ce-letter-spacing );word-spacing:var( --e-global-typography-c4497ce-word-spacing );}}@media(max-width:1024px){.elementor-5243 .elementor-element.elementor-element-52f2df9 .elementor-heading-title{font-size:var( --e-global-typography-c4497ce-font-size );line-height:var( --e-global-typography-c4497ce-line-height );letter-spacing:var( --e-global-typography-c4497ce-letter-spacing );word-spacing:var( --e-global-typography-c4497ce-word-spacing );}.elementor-5243 .elementor-element.elementor-element-60b29779{width:var( --container-widget-width, 48% );max-width:48%;--container-widget-width:48%;--container-widget-flex-grow:0;}}@media(max-width:767px){.elementor-5243 .elementor-element.elementor-element-52f2df9 .elementor-heading-title{font-size:var( --e-global-typography-c4497ce-font-size );line-height:var( --e-global-typography-c4497ce-line-height );letter-spacing:var( --e-global-typography-c4497ce-letter-spacing );word-spacing:var( --e-global-typography-c4497ce-word-spacing );}.elementor-5243 .elementor-element.elementor-element-28382b7e{text-align:start;--container-widget-width:100%;--container-widget-flex-grow:0;width:var( --container-widget-width, 100% );max-width:100%;}.elementor-5243 .elementor-element.elementor-element-28382b7e img{max-width:250px;}.elementor-5243 .elementor-element.elementor-element-60b29779{--container-widget-width:100%;--container-widget-flex-grow:0;width:var( --container-widget-width, 100% );max-width:100%;}}<\/style>\t\t<div data-elementor-type=\"loop-item\" data-elementor-id=\"5243\" class=\"elementor elementor-5243 e-loop-item e-loop-item-5266 post-5266 frling_events type-frling_events status-publish has-post-thumbnail hentry frling_events_type-messen\" data-elementor-post-type=\"elementor_library\" data-custom-edit-handle=\"1\">\n\t\t\t<div class=\"elementor-element elementor-element-2532f57d e-flex e-con-boxed e-con e-parent\" data-id=\"2532f57d\" data-element_type=\"container\" data-e-type=\"container\">\n\t\t\t\t\t<div class=\"e-con-inner\">\n\t\t\t\t<div class=\"elementor-element elementor-element-52f2df9 elementor-widget elementor-widget-theme-post-title elementor-page-title elementor-widget-heading\" data-id=\"52f2df9\" data-element_type=\"widget\" data-e-type=\"widget\" data-widget_type=\"theme-post-title.default\">\n\t\t\t\t<div class=\"elementor-widget-container\">\n\t\t\t\t\t<h2 class=\"elementor-heading-title elementor-size-default\">Wieselburger Messe<\/h2>\t\t\t\t<\/div>\n\t\t\t\t<\/div>\n\t\t<div class=\"elementor-element elementor-element-4b725fc2 e-flex e-con-boxed e-con e-parent\" data-id=\"4b725fc2\" data-element_type=\"container\" data-e-type=\"container\">\n\t\t\t\t\t<div class=\"e-con-inner\">\n\t\t\t\t<div class=\"elementor-element elementor-element-28382b7e elementor-widget__width-initial elementor-widget elementor-widget-theme-post-featured-image elementor-widget-image\" data-id=\"28382b7e\" data-element_type=\"widget\" data-e-type=\"widget\" data-widget_type=\"theme-post-featured-image.default\">\n\t\t\t\t<div class=\"elementor-widget-container\">\n\t\t\t\t\t\t\t\t\t\t\t\t\t\t\t<img fetchpriority=\"high\" decoding=\"async\" width=\"177\" height=\"300\" src=\"https:\/\/www.froeling.com\/de-at\/wp-content\/uploads\/sites\/2\/2023\/02\/wieselburger-messe-177x300.jpg\" class=\"attachment-medium size-medium wp-image-5267\" alt=\"\" srcset=\"https:\/\/www.froeling.com\/de-at\/wp-content\/uploads\/sites\/2\/2023\/02\/wieselburger-messe-177x300.jpg 177w, https:\/\/www.froeling.com\/de-at\/wp-content\/uploads\/sites\/2\/2023\/02\/wieselburger-messe-602x1024.jpg 602w, https:\/\/www.froeling.com\/de-at\/wp-content\/uploads\/sites\/2\/2023\/02\/wieselburger-messe-768x1305.jpg 768w, https:\/\/www.froeling.com\/de-at\/wp-content\/uploads\/sites\/2\/2023\/02\/wieselburger-messe-904x1536.jpg 904w, https:\/\/www.froeling.com\/de-at\/wp-content\/uploads\/sites\/2\/2023\/02\/wieselburger-messe.jpg 1182w\" sizes=\"(max-width: 177px) 100vw, 177px\" \/>\t\t\t\t\t\t\t\t\t\t\t\t\t\t\t<\/div>\n\t\t\t\t<\/div>\n\t\t<div class=\"elementor-element elementor-element-4b70c6b3 e-flex e-con-boxed e-con e-parent\" data-id=\"4b70c6b3\" data-element_type=\"container\" data-e-type=\"container\">\n\t\t\t\t\t<div class=\"e-con-inner\">\n\t\t\t\t<div class=\"elementor-element elementor-element-50270b5c elementor-widget elementor-widget-text-editor\" data-id=\"50270b5c\" data-element_type=\"widget\" data-e-type=\"widget\" data-widget_type=\"text-editor.default\">\n\t\t\t\t<div class=\"elementor-widget-container\">\n\t\t\t\t\t\t\t\t\t28.05. &#8211; 31.05.2026\t\t\t\t\t\t\t\t<\/div>\n\t\t\t\t<\/div>\n\t\t\t\t<div class=\"elementor-element elementor-element-40f410fa elementor-widget elementor-widget-text-editor\" data-id=\"40f410fa\" data-element_type=\"widget\" data-e-type=\"widget\" data-widget_type=\"text-editor.default\">\n\t\t\t\t<div class=\"elementor-widget-container\">\n\t\t\t\t\t\t\t\t\tStandnr.: Freigel\u00e4nde 3B, Stand Nr. 350\t\t\t\t\t\t\t\t<\/div>\n\t\t\t\t<\/div>\n\t\t\t\t<div class=\"elementor-element elementor-element-4ebd9510 elementor-widget elementor-widget-text-editor\" data-id=\"4ebd9510\" data-element_type=\"widget\" data-e-type=\"widget\" data-widget_type=\"text-editor.default\">\n\t\t\t\t<div class=\"elementor-widget-container\">\n\t\t\t\t\t\t\t\t\tOrt: 3250 Wieselburg\t\t\t\t\t\t\t\t<\/div>\n\t\t\t\t<\/div>\n\t\t\t\t<div class=\"elementor-element elementor-element-60b29779 elementor-align-left elementor-widget__width-inherit elementor-widget-tablet__width-initial elementor-widget elementor-widget-button\" data-id=\"60b29779\" data-element_type=\"widget\" data-e-type=\"widget\" data-widget_type=\"button.default\">\n\t\t\t\t<div class=\"elementor-widget-container\">\n\t\t\t\t\t\t\t\t\t<div class=\"elementor-button-wrapper\">\n\t\t\t\t\t<a class=\"elementor-button elementor-button-link elementor-size-xs\" href=\"https:\/\/www.messewieselburg.at\/messen\/land-forst\/messeinformation\/daten-fakten\/\" target=\"_blank\" rel=\"noopener\">\n\t\t\t\t\t\t<span class=\"elementor-button-content-wrapper\">\n\t\t\t\t\t\t<span class=\"elementor-button-icon\">\n\t\t\t\t<i aria-hidden=\"true\" class=\"fas fa-globe\"><\/i>\t\t\t<\/span>\n\t\t\t\t\t\t\t\t\t<span class=\"elementor-button-text\">Zur Website<\/span>\n\t\t\t\t\t<\/span>\n\t\t\t\t\t<\/a>\n\t\t\t\t<\/div>\n\t\t\t\t\t\t\t\t<\/div>\n\t\t\t\t<\/div>\n\t\t\t\t\t<\/div>\n\t\t\t\t<\/div>\n\t\t\t\t\t<\/div>\n\t\t\t\t<\/div>\n\t\t\t\t\t<\/div>\n\t\t\t\t<\/div>\n\t\t\t\t<\/div>\n\t\t\t\t<div data-elementor-type=\"loop-item\" data-elementor-id=\"5243\" class=\"elementor elementor-5243 e-loop-item e-loop-item-5269 post-5269 frling_events type-frling_events status-publish has-post-thumbnail hentry frling_events_type-messen\" data-elementor-post-type=\"elementor_library\" data-custom-edit-handle=\"1\">\n\t\t\t<div class=\"elementor-element elementor-element-2532f57d e-flex e-con-boxed e-con e-parent\" data-id=\"2532f57d\" data-element_type=\"container\" data-e-type=\"container\">\n\t\t\t\t\t<div class=\"e-con-inner\">\n\t\t\t\t<div class=\"elementor-element elementor-element-52f2df9 elementor-widget elementor-widget-theme-post-title elementor-page-title elementor-widget-heading\" data-id=\"52f2df9\" data-element_type=\"widget\" data-e-type=\"widget\" data-widget_type=\"theme-post-title.default\">\n\t\t\t\t<div class=\"elementor-widget-container\">\n\t\t\t\t\t<h2 class=\"elementor-heading-title elementor-size-default\">BIOEM Gro\u00dfsch\u00f6nau<\/h2>\t\t\t\t<\/div>\n\t\t\t\t<\/div>\n\t\t<div class=\"elementor-element elementor-element-4b725fc2 e-flex e-con-boxed e-con e-parent\" data-id=\"4b725fc2\" data-element_type=\"container\" data-e-type=\"container\">\n\t\t\t\t\t<div class=\"e-con-inner\">\n\t\t\t\t<div class=\"elementor-element elementor-element-28382b7e elementor-widget__width-initial elementor-widget elementor-widget-theme-post-featured-image elementor-widget-image\" data-id=\"28382b7e\" data-element_type=\"widget\" data-e-type=\"widget\" data-widget_type=\"theme-post-featured-image.default\">\n\t\t\t\t<div class=\"elementor-widget-container\">\n\t\t\t\t\t\t\t\t\t\t\t\t\t\t\t<img decoding=\"async\" width=\"300\" height=\"101\" src=\"https:\/\/www.froeling.com\/de-at\/wp-content\/uploads\/sites\/2\/2023\/02\/bioem-300x101.png\" class=\"attachment-medium size-medium wp-image-5270\" alt=\"\" srcset=\"https:\/\/www.froeling.com\/de-at\/wp-content\/uploads\/sites\/2\/2023\/02\/bioem-300x101.png 300w, https:\/\/www.froeling.com\/de-at\/wp-content\/uploads\/sites\/2\/2023\/02\/bioem.png 545w\" sizes=\"(max-width: 300px) 100vw, 300px\" \/>\t\t\t\t\t\t\t\t\t\t\t\t\t\t\t<\/div>\n\t\t\t\t<\/div>\n\t\t<div class=\"elementor-element elementor-element-4b70c6b3 e-flex e-con-boxed e-con e-parent\" data-id=\"4b70c6b3\" data-element_type=\"container\" data-e-type=\"container\">\n\t\t\t\t\t<div class=\"e-con-inner\">\n\t\t\t\t<div class=\"elementor-element elementor-element-50270b5c elementor-widget elementor-widget-text-editor\" data-id=\"50270b5c\" data-element_type=\"widget\" data-e-type=\"widget\" data-widget_type=\"text-editor.default\">\n\t\t\t\t<div class=\"elementor-widget-container\">\n\t\t\t\t\t\t\t\t\t04.06. &#8211; 07.06.2026\t\t\t\t\t\t\t\t<\/div>\n\t\t\t\t<\/div>\n\t\t\t\t<div class=\"elementor-element elementor-element-40f410fa elementor-widget elementor-widget-text-editor\" data-id=\"40f410fa\" data-element_type=\"widget\" data-e-type=\"widget\" data-widget_type=\"text-editor.default\">\n\t\t\t\t<div class=\"elementor-widget-container\">\n\t\t\t\t\t\t\t\t\tStandnr.: Info folgt\t\t\t\t\t\t\t\t<\/div>\n\t\t\t\t<\/div>\n\t\t\t\t<div class=\"elementor-element elementor-element-4ebd9510 elementor-widget elementor-widget-text-editor\" data-id=\"4ebd9510\" data-element_type=\"widget\" data-e-type=\"widget\" data-widget_type=\"text-editor.default\">\n\t\t\t\t<div class=\"elementor-widget-container\">\n\t\t\t\t\t\t\t\t\tOrt: 3922 Gro\u00dfsch\u00f6nau\t\t\t\t\t\t\t\t<\/div>\n\t\t\t\t<\/div>\n\t\t\t\t<div class=\"elementor-element elementor-element-60b29779 elementor-align-left elementor-widget__width-inherit elementor-widget-tablet__width-initial elementor-widget elementor-widget-button\" data-id=\"60b29779\" data-element_type=\"widget\" data-e-type=\"widget\" data-widget_type=\"button.default\">\n\t\t\t\t<div class=\"elementor-widget-container\">\n\t\t\t\t\t\t\t\t\t<div class=\"elementor-button-wrapper\">\n\t\t\t\t\t<a class=\"elementor-button elementor-button-link elementor-size-xs\" href=\"https:\/\/www.bioem.at\/-\/willkommen\" target=\"_blank\" rel=\"noopener\">\n\t\t\t\t\t\t<span class=\"elementor-button-content-wrapper\">\n\t\t\t\t\t\t<span class=\"elementor-button-icon\">\n\t\t\t\t<i aria-hidden=\"true\" class=\"fas fa-globe\"><\/i>\t\t\t<\/span>\n\t\t\t\t\t\t\t\t\t<span class=\"elementor-button-text\">Zur Website<\/span>\n\t\t\t\t\t<\/span>\n\t\t\t\t\t<\/a>\n\t\t\t\t<\/div>\n\t\t\t\t\t\t\t\t<\/div>\n\t\t\t\t<\/div>\n\t\t\t\t\t<\/div>\n\t\t\t\t<\/div>\n\t\t\t\t\t<\/div>\n\t\t\t\t<\/div>\n\t\t\t\t\t<\/div>\n\t\t\t\t<\/div>\n\t\t\t\t<\/div>\n\t\t\t\t<\/div>\n\t\t\n\t\t\t\t\t\t<\/div>\n\t\t\t\t<\/div>\n\t\t\t\t\t<\/div>\n\t\t\t\t<\/div>\n\t\t\t\t<\/div>\n\t\t","protected":false},"excerpt":{"rendered":"<p>Messetermine im \u00dcberblick Um unsere neuesten Produkte und Technologien zu pr\u00e4sentieren nehmen wir regelm\u00e4\u00dfig an Messen teil. Lassen Sie sich vor Ort von Ihrem Gebietsvertreter beraten!<\/p>\n","protected":false},"author":2,"featured_media":0,"parent":82,"menu_order":0,"comment_status":"closed","ping_status":"closed","template":"","meta":{"_acf_changed":false,"footnotes":""},"class_list":["post-4329","page","type-page","status-publish","hentry"],"acf":[],"_links":{"self":[{"href":"https:\/\/www.froeling.com\/de-at\/wp-json\/wp\/v2\/pages\/4329","targetHints":{"allow":["GET"]}}],"collection":[{"href":"https:\/\/www.froeling.com\/de-at\/wp-json\/wp\/v2\/pages"}],"about":[{"href":"https:\/\/www.froeling.com\/de-at\/wp-json\/wp\/v2\/types\/page"}],"author":[{"embeddable":true,"href":"https:\/\/www.froeling.com\/de-at\/wp-json\/wp\/v2\/users\/2"}],"replies":[{"embeddable":true,"href":"https:\/\/www.froeling.com\/de-at\/wp-json\/wp\/v2\/comments?post=4329"}],"version-history":[{"count":7,"href":"https:\/\/www.froeling.com\/de-at\/wp-json\/wp\/v2\/pages\/4329\/revisions"}],"predecessor-version":[{"id":6221,"href":"https:\/\/www.froeling.com\/de-at\/wp-json\/wp\/v2\/pages\/4329\/revisions\/6221"}],"up":[{"embeddable":true,"href":"https:\/\/www.froeling.com\/de-at\/wp-json\/wp\/v2\/pages\/82"}],"wp:attachment":[{"href":"https:\/\/www.froeling.com\/de-at\/wp-json\/wp\/v2\/media?parent=4329"}],"curies":[{"name":"wp","href":"https:\/\/api.w.org\/{rel}","templated":true}]}}