{"id":4334,"date":"2022-12-19T13:33:25","date_gmt":"2022-12-19T12:33:25","guid":{"rendered":"https:\/\/www.froeling.com\/de-at\/?page_id=4334"},"modified":"2023-03-06T10:56:46","modified_gmt":"2023-03-06T09:56:46","slug":"gebietsvertreter","status":"publish","type":"page","link":"https:\/\/www.froeling.com\/de-ch\/kontakt\/gebietsvertreter\/","title":{"rendered":"Gebietsvertreter"},"content":{"rendered":"\t\t<div data-elementor-type=\"wp-page\" data-elementor-id=\"4334\" class=\"elementor elementor-4334\" data-elementor-post-type=\"page\">\n\t\t\t\t<div class=\"elementor-element elementor-element-fb79ddc e-con-full e-flex e-con e-parent\" data-id=\"fb79ddc\" data-element_type=\"container\" data-e-type=\"container\" data-settings=\"{&quot;background_background&quot;:&quot;gradient&quot;}\">\n\t\t<div class=\"elementor-element elementor-element-bffc662 e-con-full e-flex e-con e-parent\" data-id=\"bffc662\" data-element_type=\"container\" data-e-type=\"container\">\n\t\t<div class=\"elementor-element elementor-element-7e2e4c7 hero-offset-container e-flex e-con-boxed e-con e-parent\" data-id=\"7e2e4c7\" data-element_type=\"container\" data-e-type=\"container\" data-settings=\"{&quot;background_background&quot;:&quot;classic&quot;}\">\n\t\t\t\t\t<div class=\"e-con-inner\">\n\t\t\t\t<div class=\"elementor-element elementor-element-1dd86ac elementor-widget elementor-widget-text-editor\" data-id=\"1dd86ac\" data-element_type=\"widget\" data-e-type=\"widget\" data-widget_type=\"text-editor.default\">\n\t\t\t\t<div class=\"elementor-widget-container\">\n\t\t\t\t\t\t\t\t\t<p>Finden Sie Ihren:<\/p>\t\t\t\t\t\t\t\t<\/div>\n\t\t\t\t<\/div>\n\t\t\t\t<div class=\"elementor-element elementor-element-e104164 elementor-widget elementor-widget-heading\" data-id=\"e104164\" data-element_type=\"widget\" data-e-type=\"widget\" data-widget_type=\"heading.default\">\n\t\t\t\t<div class=\"elementor-widget-container\">\n\t\t\t\t\t<h1 class=\"elementor-heading-title elementor-size-default\">Gebiets&shy;vertreter<\/h1>\t\t\t\t<\/div>\n\t\t\t\t<\/div>\n\t\t\t\t\t<\/div>\n\t\t\t\t<\/div>\n\t\t\t\t<\/div>\n\t\t<div class=\"elementor-element elementor-element-f9a7b32 e-con-full e-flex e-con e-parent\" data-id=\"f9a7b32\" data-element_type=\"container\" data-e-type=\"container\" data-settings=\"{&quot;background_background&quot;:&quot;classic&quot;}\">\n\t\t\t\t<\/div>\n\t\t\t\t<\/div>\n\t\t<div class=\"elementor-element elementor-element-fc1759b elementor-hidden-mobile e-flex e-con-boxed e-con e-parent\" data-id=\"fc1759b\" data-element_type=\"container\" data-e-type=\"container\" data-settings=\"{&quot;background_background&quot;:&quot;gradient&quot;}\">\n\t\t\t\t\t<div class=\"e-con-inner\">\n\t\t\t\t\t<\/div>\n\t\t\t\t<\/div>\n\t\t<div class=\"elementor-element elementor-element-b6e3f68 e-flex e-con-boxed e-con e-parent\" data-id=\"b6e3f68\" data-element_type=\"container\" data-e-type=\"container\">\n\t\t\t\t\t<div class=\"e-con-inner\">\n\t\t<div class=\"elementor-element elementor-element-420c0ff e-con-full e-flex e-con e-parent\" data-id=\"420c0ff\" data-element_type=\"container\" data-e-type=\"container\">\n\t\t\t\t<div class=\"elementor-element elementor-element-b20fd6b elementor-widget elementor-widget-text-editor\" data-id=\"b20fd6b\" data-element_type=\"widget\" data-e-type=\"widget\" data-widget_type=\"text-editor.default\">\n\t\t\t\t<div class=\"elementor-widget-container\">\n\t\t\t\t\t\t\t\t\t<p>Sie haben hier die M\u00f6glichkeit den f\u00fcr Sie zust\u00e4ndigen Fr\u00f6ling Gebietsvertreter in \u00d6sterreich zu suchen. Bitte w\u00e4hlen Sie Ihr Herkunftsland, geben Sie Ihre Postleitzahl ein und starten Sie die Suche.<\/p>\t\t\t\t\t\t\t\t<\/div>\n\t\t\t\t<\/div>\n\t\t\t\t<div class=\"elementor-element elementor-element-48e9e2f elementor-widget elementor-widget-li-widgets--sales-rep-search\" data-id=\"48e9e2f\" data-element_type=\"widget\" data-e-type=\"widget\" data-widget_type=\"li-widgets--sales-rep-search.default\">\n\t\t\t\t<div class=\"elementor-widget-container\">\n\t\t\t\t\t<div class=\"li-widgets--sales-rep-search\">\n    <form class=\"li-widgets--sales-rep-search__form\">\n        <select name=\"country\">\n                            <option value=\"AT\" >\u00d6sterreich<\/option>\n                            <option value=\"DE\" >Deutschland<\/option>\n                            <option value=\"CH\" selected>Schweiz<\/option>\n                            <option value=\"FR\" >Frankreich<\/option>\n                    <\/select>\n        <input type=\"text\" name=\"zip\" placeholder=\"Postleitzahl\"\/>\n        <button type=\"submit\">Suchen<\/button>\n    <\/form>\n    <div class=\"li-widgets--sales-rep-search__results\">\n        <div class=\"li-widgets--sales-rep-search__results__item vt10\">\n            <h3>Unser Gebietsvertreter f\u00fcr Haustechnik:<\/h3>\n            <div class=\"result_data\">\n                <div class=\"image\">\n                    <div class=\"image__wrapper\">\n                        <img decoding=\"async\" src=\"\" alt=\"\" class=\"sales-rep__image\">\n                    <\/div>\n                <\/div>\n                <div class=\"contact\">\n                    <div class=\"name\"><\/div>\n                    <div>\n                        <span class=\"label\">\n                            Ort:\n                        <\/span>\n                        <span class=\"location\"><\/span>\n                    <\/div>\n                    <div>\n                        <span class=\"label\">\n                            Telefon:\n                        <\/span>\n                        <a href=\"\" class=\"phone\"><\/a>\n                    <\/div>\n                    <div>\n                        <span class=\"label\">\n                            E-Mail:\n                        <\/span>\n                        <a href=\"\" class=\"mail\"><\/a>\n                    <\/div>\n                    <div class=\"li-widgets--sales-rep-search__results__item customerService item-simple\" style=\"display: none;\">\n                        <h3>Kundendienst <small style=\"font-weight: 400;\">(Inbetriebnahmen, Wartungen, St\u00f6rungen):<\/small><\/h3>\n                        <div class=\"result_data\">\n                            <div class=\"contact\">\n                                <div>\n                        <span class=\"label\">\n                            Telefon:\n                        <\/span>\n                                    <a href=\"\" class=\"phone\"><\/a>\n                                <\/div>\n                                <div>\n                        <span class=\"label\">\n                            Fax:\n                        <\/span>\n                                    <span class=\"fax\"><\/span>\n                                <\/div>\n                                <div>\n                        <span class=\"label\">\n                            E-Mail:\n                        <\/span>\n                                    <a href=\"\" class=\"mail\"><\/a>\n                                <\/div>\n                            <\/div>\n                        <\/div>\n                    <\/div>\n                <\/div>\n            <\/div>\n        <\/div>\n        <div class=\"li-widgets--sales-rep-search__results__item vt30\">\n            <h3>F\u00fcr Anlagen \u00fcber 150 kW wenden Sie sich bitte an:<\/h3>\n            <div class=\"result_data\">\n                <div class=\"image\">\n                    <div class=\"image__wrapper\">\n                        <img decoding=\"async\" src=\"\" alt=\"\" class=\"sales-rep__image\">\n                    <\/div>\n                <\/div>\n                <div class=\"contact\">\n                    <div class=\"name\"><\/div>\n                    <div>\n                        <span class=\"label\">\n                            Ort:\n                        <\/span>\n                        <span class=\"location\"><\/span>\n                    <\/div>\n                    <div>\n                        <span class=\"label\">\n                            Telefon:\n                        <\/span>\n                        <a href=\"\" class=\"phone\"><\/a>\n                    <\/div>\n                    <div>\n                        <span class=\"label\">\n                            E-Mail:\n                        <\/span>\n                        <a href=\"\" class=\"mail\"><\/a>\n                    <\/div>\n                    <div class=\"li-widgets--sales-rep-search__results__item customerService item-simple\" style=\"display: none;\">\n                        <h3>Kundendienst <small style=\"font-weight: 400;\">(Inbetriebnahmen, Wartungen, St\u00f6rungen):<\/small><\/h3>\n                        <div class=\"result_data\">\n                            <div class=\"contact\">\n                                <div>\n                        <span class=\"label\">\n                            Telefon:\n                        <\/span>\n                                    <a href=\"\" class=\"phone\"><\/a>\n                                <\/div>\n                                <div>\n                        <span class=\"label\">\n                            Fax:\n                        <\/span>\n                                    <span class=\"fax\"><\/span>\n                                <\/div>\n                                <div>\n                        <span class=\"label\">\n                            E-Mail:\n                        <\/span>\n                                    <a href=\"\" class=\"mail\"><\/a>\n                                <\/div>\n                            <\/div>\n                        <\/div>\n                    <\/div>\n                <\/div>\n            <\/div>\n        <\/div>\n        <div class=\"li-widgets--sales-rep-search__results__item vt30Fallback item-simple\">\n            <h3>Unser Gebietsvertreter f\u00fcr Haustechnik:<\/h3>\n            <div class=\"result_data\">\n                <div class=\"contact\">\n                    <div>\n                        <span class=\"label\">\n                            Telefon:\n                        <\/span>\n                        <a href=\"\" class=\"phone\"><\/a>\n                    <\/div>\n                    <div>\n                        <span class=\"label\">\n                            Fax:\n                        <\/span>\n                        <span class=\"fax\"><\/span>\n                    <\/div>\n                    <div>\n                        <span class=\"label\">\n                            E-Mail:\n                        <\/span>\n                        <a href=\"\" class=\"mail\"><\/a>\n                    <\/div>\n                    <div class=\"li-widgets--sales-rep-search__results__item customerService item-simple\" style=\"display: none;\">\n                        <h3>Kundendienst <small style=\"font-weight: 400;\">(Inbetriebnahmen, Wartungen, St\u00f6rungen):<\/small><\/h3>\n                        <div class=\"result_data\">\n                            <div class=\"contact\">\n                                <div>\n                        <span class=\"label\">\n                            Telefon:\n                        <\/span>\n                                    <a href=\"\" class=\"phone\"><\/a>\n                                <\/div>\n                                <div>\n                        <span class=\"label\">\n                            Fax:\n                        <\/span>\n                                    <span class=\"fax\"><\/span>\n                                <\/div>\n                                <div>\n                        <span class=\"label\">\n                            E-Mail:\n                        <\/span>\n                                    <a href=\"\" class=\"mail\"><\/a>\n                                <\/div>\n                            <\/div>\n                        <\/div>\n                    <\/div>\n                <\/div>\n            <\/div>\n        <\/div>\n        <div class=\"li-widgets--sales-rep-search__results__404\">\n            <p>Die eingegebene Postleitzahl existiert nicht oder ist ung\u00fcltig \u2013 bitte korrigieren Sie Ihre Eingabe und starten Sie die Suchabfrage erneut.<\/p>\n        <\/div>\n    <\/div>\n<\/div>\n\t\t\t\t<\/div>\n\t\t\t\t<\/div>\n\t\t\t\t<\/div>\n\t\t<div class=\"elementor-element elementor-element-284611a e-con-full elementor-hidden-tablet elementor-hidden-mobile e-flex e-con e-parent\" data-id=\"284611a\" data-element_type=\"container\" data-e-type=\"container\">\n\t\t\t\t<\/div>\n\t\t\t\t\t<\/div>\n\t\t\t\t<\/div>\n\t\t\t\t<\/div>\n\t\t","protected":false},"excerpt":{"rendered":"<p>Finden Sie Ihren: \/*! elementor &#8211; v3.9.1 &#8211; 14-12-2022 *\/ .elementor-heading-title{padding:0;margin:0;line-height:1}.elementor-widget-heading .elementor-heading-title[class*=elementor-size-]&gt;a{color:inherit;font-size:inherit;line-height:inherit}.elementor-widget-heading .elementor-heading-title.elementor-size-small{font-size:15px}.elementor-widget-heading .elementor-heading-title.elementor-size-medium{font-size:19px}.elementor-widget-heading .elementor-heading-title.elementor-size-large{font-size:29px}.elementor-widget-heading .elementor-heading-title.elementor-size-xl{font-size:39px}.elementor-widget-heading .elementor-heading-title.elementor-size-xxl{font-size:59px} Gebiets&shy;vertreter Sie haben hier die M\u00f6glichkeit den f\u00fcr Sie zust\u00e4ndigen Fr\u00f6ling Gebietsvertreter in \u00d6sterreich zu suchen. Bitte w\u00e4hlen Sie Ihr Herkunftsland, geben Sie Ihre Postleitzahl ein und starten Sie die Suche. \u00d6sterreich Deutschland Schweiz Frankreich Suchen Unser Gebietsvertreter [&hellip;]<\/p>\n","protected":false},"author":2,"featured_media":0,"parent":84,"menu_order":0,"comment_status":"closed","ping_status":"closed","template":"","meta":{"_acf_changed":false,"footnotes":""},"class_list":["post-4334","page","type-page","status-publish","hentry"],"acf":[],"_links":{"self":[{"href":"https:\/\/www.froeling.com\/de-ch\/wp-json\/wp\/v2\/pages\/4334","targetHints":{"allow":["GET"]}}],"collection":[{"href":"https:\/\/www.froeling.com\/de-ch\/wp-json\/wp\/v2\/pages"}],"about":[{"href":"https:\/\/www.froeling.com\/de-ch\/wp-json\/wp\/v2\/types\/page"}],"author":[{"embeddable":true,"href":"https:\/\/www.froeling.com\/de-ch\/wp-json\/wp\/v2\/users\/2"}],"replies":[{"embeddable":true,"href":"https:\/\/www.froeling.com\/de-ch\/wp-json\/wp\/v2\/comments?post=4334"}],"version-history":[{"count":7,"href":"https:\/\/www.froeling.com\/de-ch\/wp-json\/wp\/v2\/pages\/4334\/revisions"}],"predecessor-version":[{"id":5657,"href":"https:\/\/www.froeling.com\/de-ch\/wp-json\/wp\/v2\/pages\/4334\/revisions\/5657"}],"up":[{"embeddable":true,"href":"https:\/\/www.froeling.com\/de-ch\/wp-json\/wp\/v2\/pages\/84"}],"wp:attachment":[{"href":"https:\/\/www.froeling.com\/de-ch\/wp-json\/wp\/v2\/media?parent=4334"}],"curies":[{"name":"wp","href":"https:\/\/api.w.org\/{rel}","templated":true}]}}