{"id":4363,"date":"2022-12-20T12:33:03","date_gmt":"2022-12-20T11:33:03","guid":{"rendered":"https:\/\/www.froeling.com\/de-at\/?page_id=4363"},"modified":"2024-09-19T13:14:16","modified_gmt":"2024-09-19T11:14:16","slug":"warum-biomasse","status":"publish","type":"page","link":"https:\/\/www.froeling.com\/de-ch\/heizen-mit-biomasse\/warum-biomasse\/","title":{"rendered":"Warum Biomasse?"},"content":{"rendered":"\t\t<div data-elementor-type=\"wp-page\" data-elementor-id=\"4363\" class=\"elementor elementor-4363\" data-elementor-post-type=\"page\">\n\t\t\t\t<div class=\"elementor-element elementor-element-0ee13a6 e-con-full e-flex e-con e-parent\" data-id=\"0ee13a6\" data-element_type=\"container\" data-e-type=\"container\" data-settings=\"{&quot;background_background&quot;:&quot;gradient&quot;}\">\n\t\t<div class=\"elementor-element elementor-element-ce7c638 e-con-full e-flex e-con e-child\" data-id=\"ce7c638\" data-element_type=\"container\" data-e-type=\"container\">\n\t\t<div class=\"elementor-element elementor-element-bf6b48f hero-offset-container e-flex e-con-boxed e-con e-child\" data-id=\"bf6b48f\" data-element_type=\"container\" data-e-type=\"container\" data-settings=\"{&quot;background_background&quot;:&quot;classic&quot;}\">\n\t\t\t\t\t<div class=\"e-con-inner\">\n\t\t\t\t<div class=\"elementor-element elementor-element-926bbbc elementor-widget elementor-widget-heading\" data-id=\"926bbbc\" data-element_type=\"widget\" data-e-type=\"widget\" data-widget_type=\"heading.default\">\n\t\t\t\t<div class=\"elementor-widget-container\">\n\t\t\t\t\t<h2 class=\"elementor-heading-title elementor-size-default\">Warum mit Biomasse heizen?<\/h2>\t\t\t\t<\/div>\n\t\t\t\t<\/div>\n\t\t\t\t<div class=\"elementor-element elementor-element-5fd5ece elementor-widget elementor-widget-text-editor\" data-id=\"5fd5ece\" data-element_type=\"widget\" data-e-type=\"widget\" data-widget_type=\"text-editor.default\">\n\t\t\t\t<div class=\"elementor-widget-container\">\n\t\t\t\t\t\t\t\t\t<p>Das Heizen mit Biomasse bietet viele Vorteile, unter anderem ist es kosteng\u00fcnstig, umweltfreundlich und CO2 neutral.<\/p>\t\t\t\t\t\t\t\t<\/div>\n\t\t\t\t<\/div>\n\t\t\t\t\t<\/div>\n\t\t\t\t<\/div>\n\t\t\t\t<\/div>\n\t\t<div class=\"elementor-element elementor-element-319917f e-con-full e-flex e-con e-child\" data-id=\"319917f\" data-element_type=\"container\" data-e-type=\"container\" data-settings=\"{&quot;background_background&quot;:&quot;classic&quot;}\">\n\t\t\t\t<\/div>\n\t\t\t\t<\/div>\n\t\t<div class=\"elementor-element elementor-element-bcc5879 elementor-hidden-mobile e-flex e-con-boxed e-con e-parent\" data-id=\"bcc5879\" data-element_type=\"container\" data-e-type=\"container\" data-settings=\"{&quot;background_background&quot;:&quot;gradient&quot;}\">\n\t\t\t\t\t<div class=\"e-con-inner\">\n\t\t\t\t\t<\/div>\n\t\t\t\t<\/div>\n\t\t<div class=\"elementor-element elementor-element-1ee7a68 e-flex e-con-boxed e-con e-parent\" data-id=\"1ee7a68\" data-element_type=\"container\" data-e-type=\"container\">\n\t\t\t\t\t<div class=\"e-con-inner\">\n\t\t\t\t<div class=\"elementor-element elementor-element-e439ae3 elementor-widget elementor-widget-heading\" data-id=\"e439ae3\" data-element_type=\"widget\" data-e-type=\"widget\" data-widget_type=\"heading.default\">\n\t\t\t\t<div class=\"elementor-widget-container\">\n\t\t\t\t\t<h4 class=\"elementor-heading-title elementor-size-default\">Dokumente downloaden (PDF)<\/h4>\t\t\t\t<\/div>\n\t\t\t\t<\/div>\n\t\t\t\t\t<\/div>\n\t\t\t\t<\/div>\n\t\t<div class=\"elementor-element elementor-element-34218f0 e-flex e-con-boxed e-con e-parent\" data-id=\"34218f0\" data-element_type=\"container\" data-e-type=\"container\">\n\t\t\t\t\t<div class=\"e-con-inner\">\n\t\t\t\t<div class=\"elementor-element elementor-element-473efc4 elementor-align-justify elementor-widget__width-inherit elementor-widget-tablet__width-initial elementor-widget elementor-widget-button\" data-id=\"473efc4\" data-element_type=\"widget\" data-e-type=\"widget\" data-widget_type=\"button.default\">\n\t\t\t\t<div class=\"elementor-widget-container\">\n\t\t\t\t\t\t\t\t\t<div class=\"elementor-button-wrapper\">\n\t\t\t\t\t<a class=\"elementor-button elementor-button-link elementor-size-sm\" href=\"https:\/\/www.froeling.com\/de-at\/wp-content\/uploads\/sites\/2\/2024\/05\/P1240023_Brennstoffe_DE_mail.pdf\">\n\t\t\t\t\t\t<span class=\"elementor-button-content-wrapper\">\n\t\t\t\t\t\t<span class=\"elementor-button-icon\">\n\t\t\t\t<i aria-hidden=\"true\" class=\"far fa-file-pdf\"><\/i>\t\t\t<\/span>\n\t\t\t\t\t\t\t\t\t<span class=\"elementor-button-text\">Brosch\u00fcre Holzbrennstoffe (PDF)<\/span>\n\t\t\t\t\t<\/span>\n\t\t\t\t\t<\/a>\n\t\t\t\t<\/div>\n\t\t\t\t\t\t\t\t<\/div>\n\t\t\t\t<\/div>\n\t\t\t\t<div class=\"elementor-element elementor-element-e4c8592 elementor-align-justify elementor-widget__width-inherit elementor-widget-tablet__width-initial elementor-widget elementor-widget-button\" data-id=\"e4c8592\" data-element_type=\"widget\" data-e-type=\"widget\" data-widget_type=\"button.default\">\n\t\t\t\t<div class=\"elementor-widget-container\">\n\t\t\t\t\t\t\t\t\t<div class=\"elementor-button-wrapper\">\n\t\t\t\t\t<a class=\"elementor-button elementor-button-link elementor-size-sm\" href=\"https:\/\/www.froeling.com\/de-at\/wp-content\/uploads\/sites\/2\/2024\/05\/DEPI_Flyer_5Gruende_2024_web-1.pdf\">\n\t\t\t\t\t\t<span class=\"elementor-button-content-wrapper\">\n\t\t\t\t\t\t\t\t\t<span class=\"elementor-button-text\">Darum mit Pellets heizen - DEPI (PDF)<\/span>\n\t\t\t\t\t<\/span>\n\t\t\t\t\t<\/a>\n\t\t\t\t<\/div>\n\t\t\t\t\t\t\t\t<\/div>\n\t\t\t\t<\/div>\n\t\t\t\t\t<\/div>\n\t\t\t\t<\/div>\n\t\t<div class=\"elementor-element elementor-element-f2950a8 e-flex e-con-boxed e-con e-parent\" data-id=\"f2950a8\" data-element_type=\"container\" data-e-type=\"container\">\n\t\t\t\t\t<div class=\"e-con-inner\">\n\t\t<div class=\"elementor-element elementor-element-d66682e e-con-full e-flex e-con e-child\" data-id=\"d66682e\" data-element_type=\"container\" data-e-type=\"container\">\n\t\t\t\t<div class=\"elementor-element elementor-element-8edf8f5 elementor-widget elementor-widget-text-editor\" data-id=\"8edf8f5\" data-element_type=\"widget\" data-e-type=\"widget\" data-widget_type=\"text-editor.default\">\n\t\t\t\t<div class=\"elementor-widget-container\">\n\t\t\t\t\t\t\t\t\t<p>Holz ist aus \u00f6konomischer und \u00f6kologischer Sicht der optimale Brennstoff \u2013 sowohl als St\u00fcckgut, Pellets oder auch Hackschnitzel. Der Brennstoff wird bei Pellets und Hackschnitzel vollautomatisch vom Lagerraum in den Kessel transportiert. Die Verbrennung erfolgt<br \/>je nach W\u00e4rmebedarf und eingestellten Zeiten\/Temperaturen der Regelung. Als Komplettanbieter f\u00fcr den Heizraum produziert Fr\u00f6ling Heizkessel, die mit Pellets, Hackschnitzel und Scheitholz befeuert werden k\u00f6nnen.<\/p>\t\t\t\t\t\t\t\t<\/div>\n\t\t\t\t<\/div>\n\t\t\t\t<div class=\"elementor-element elementor-element-7f42304 elementor-icon-list--layout-traditional elementor-list-item-link-full_width elementor-widget elementor-widget-icon-list\" data-id=\"7f42304\" data-element_type=\"widget\" data-e-type=\"widget\" data-widget_type=\"icon-list.default\">\n\t\t\t\t<div class=\"elementor-widget-container\">\n\t\t\t\t\t\t\t<ul class=\"elementor-icon-list-items\">\n\t\t\t\t\t\t\t<li class=\"elementor-icon-list-item\">\n\t\t\t\t\t\t\t\t\t\t\t<span class=\"elementor-icon-list-icon\">\n\t\t\t\t\t\t\t<i aria-hidden=\"true\" class=\"fas fa-check\"><\/i>\t\t\t\t\t\t<\/span>\n\t\t\t\t\t\t\t\t\t\t<span class=\"elementor-icon-list-text\">CO2-neutral und klimafreundlich<\/span>\n\t\t\t\t\t\t\t\t\t<\/li>\n\t\t\t\t\t\t\t\t<li class=\"elementor-icon-list-item\">\n\t\t\t\t\t\t\t\t\t\t\t<span class=\"elementor-icon-list-icon\">\n\t\t\t\t\t\t\t<i aria-hidden=\"true\" class=\"fas fa-check\"><\/i>\t\t\t\t\t\t<\/span>\n\t\t\t\t\t\t\t\t\t\t<span class=\"elementor-icon-list-text\">Heimische Energie<\/span>\n\t\t\t\t\t\t\t\t\t<\/li>\n\t\t\t\t\t\t\t\t<li class=\"elementor-icon-list-item\">\n\t\t\t\t\t\t\t\t\t\t\t<span class=\"elementor-icon-list-icon\">\n\t\t\t\t\t\t\t<i aria-hidden=\"true\" class=\"fas fa-check\"><\/i>\t\t\t\t\t\t<\/span>\n\t\t\t\t\t\t\t\t\t\t<span class=\"elementor-icon-list-text\">Von den F\u00f6rderungen profitieren<\/span>\n\t\t\t\t\t\t\t\t\t<\/li>\n\t\t\t\t\t\t<\/ul>\n\t\t\t\t\t\t<\/div>\n\t\t\t\t<\/div>\n\t\t\t\t<div class=\"elementor-element elementor-element-3da1379 elementor-absolute elementor-widget elementor-widget-image\" data-id=\"3da1379\" data-element_type=\"widget\" data-e-type=\"widget\" data-settings=\"{&quot;_position&quot;:&quot;absolute&quot;}\" data-widget_type=\"image.default\">\n\t\t\t\t<div class=\"elementor-widget-container\">\n\t\t\t\t\t\t\t\t\t\t\t\t\t\t\t<img fetchpriority=\"high\" decoding=\"async\" width=\"800\" height=\"487\" src=\"https:\/\/www.froeling.com\/de-ch\/wp-content\/uploads\/sites\/8\/2024\/09\/Diagramm-Brennstoffe-CO2-1024x623.png\" class=\"attachment-large size-large wp-image-5783\" alt=\"\" srcset=\"https:\/\/www.froeling.com\/de-ch\/wp-content\/uploads\/sites\/8\/2024\/09\/Diagramm-Brennstoffe-CO2-1024x623.png 1024w, https:\/\/www.froeling.com\/de-ch\/wp-content\/uploads\/sites\/8\/2024\/09\/Diagramm-Brennstoffe-CO2-300x182.png 300w, https:\/\/www.froeling.com\/de-ch\/wp-content\/uploads\/sites\/8\/2024\/09\/Diagramm-Brennstoffe-CO2-768x467.png 768w, https:\/\/www.froeling.com\/de-ch\/wp-content\/uploads\/sites\/8\/2024\/09\/Diagramm-Brennstoffe-CO2.png 1417w\" sizes=\"(max-width: 800px) 100vw, 800px\" \/>\t\t\t\t\t\t\t\t\t\t\t\t\t\t\t<\/div>\n\t\t\t\t<\/div>\n\t\t\t\t<\/div>\n\t\t\t\t\t<\/div>\n\t\t\t\t<\/div>\n\t\t<div class=\"elementor-element elementor-element-1488b17 e-flex e-con-boxed e-con e-parent\" data-id=\"1488b17\" data-element_type=\"container\" data-e-type=\"container\">\n\t\t\t\t\t<div class=\"e-con-inner\">\n\t\t\t\t<div class=\"elementor-element elementor-element-8ad7222 elementor-widget elementor-widget-image\" data-id=\"8ad7222\" data-element_type=\"widget\" data-e-type=\"widget\" data-widget_type=\"image.default\">\n\t\t\t\t<div class=\"elementor-widget-container\">\n\t\t\t\t\t\t\t\t\t\t\t\t\t\t\t<img decoding=\"async\" width=\"800\" height=\"943\" src=\"https:\/\/www.froeling.com\/de-ch\/wp-content\/uploads\/sites\/8\/2024\/09\/CO2-869x1024.png\" class=\"attachment-large size-large wp-image-5784\" alt=\"\" srcset=\"https:\/\/www.froeling.com\/de-ch\/wp-content\/uploads\/sites\/8\/2024\/09\/CO2-869x1024.png 869w, https:\/\/www.froeling.com\/de-ch\/wp-content\/uploads\/sites\/8\/2024\/09\/CO2-255x300.png 255w, https:\/\/www.froeling.com\/de-ch\/wp-content\/uploads\/sites\/8\/2024\/09\/CO2-768x905.png 768w, https:\/\/www.froeling.com\/de-ch\/wp-content\/uploads\/sites\/8\/2024\/09\/CO2-1304x1536.png 1304w, https:\/\/www.froeling.com\/de-ch\/wp-content\/uploads\/sites\/8\/2024\/09\/CO2.png 1654w\" sizes=\"(max-width: 800px) 100vw, 800px\" \/>\t\t\t\t\t\t\t\t\t\t\t\t\t\t\t<\/div>\n\t\t\t\t<\/div>\n\t\t<div class=\"elementor-element elementor-element-c54402b e-con-full e-flex e-con e-child\" data-id=\"c54402b\" data-element_type=\"container\" data-e-type=\"container\">\n\t\t\t\t<div class=\"elementor-element elementor-element-2b2a70c elementor-widget elementor-widget-text-editor\" data-id=\"2b2a70c\" data-element_type=\"widget\" data-e-type=\"widget\" data-widget_type=\"text-editor.default\">\n\t\t\t\t<div class=\"elementor-widget-container\">\n\t\t\t\t\t\t\t\t\t<p>Ist das Heizen mit Holz<\/p>\t\t\t\t\t\t\t\t<\/div>\n\t\t\t\t<\/div>\n\t\t\t\t<div class=\"elementor-element elementor-element-b3ffb2b elementor-widget elementor-widget-heading\" data-id=\"b3ffb2b\" data-element_type=\"widget\" data-e-type=\"widget\" data-widget_type=\"heading.default\">\n\t\t\t\t<div class=\"elementor-widget-container\">\n\t\t\t\t\t<h2 class=\"elementor-heading-title elementor-size-default\">CO2-Neutral?<\/h2>\t\t\t\t<\/div>\n\t\t\t\t<\/div>\n\t\t\t\t<div class=\"elementor-element elementor-element-0bdef52 elementor-widget elementor-widget-text-editor\" data-id=\"0bdef52\" data-element_type=\"widget\" data-e-type=\"widget\" data-widget_type=\"text-editor.default\">\n\t\t\t\t<div class=\"elementor-widget-container\">\n\t\t\t\t\t\t\t\t\t<p>Grundbedingung fu\u0308r klimaneutrales oder klimapositives Wirtschaften mit Holz ist, dass der Saldo positiv oder mindestens ausgeglichen sein muss. Das hei\u00dft es muss mehr oder mindestens so viel nachwachsen, wie entnommen wird.<\/p><p>W\u00e4hrend ihres Wachstums nehmen B\u00e4ume Kohlendioxid (CO2) aus der Luft auf. Bei der Verbrennung von Holz wird genau diese Menge an CO2 wieder an die Umwelt abgegeben. Die Menge des bei der Verbrennung freigesetzten CO2 entspricht jener, die bei der normalen Verrottung im Wald freigesetzt w\u00fcrde. Heizen mit Biomasse-Brennstoffen bedeutet daher Heizen im Gleichgewicht mit der Natur!<\/p>\t\t\t\t\t\t\t\t<\/div>\n\t\t\t\t<\/div>\n\t\t\t\t<\/div>\n\t\t\t\t\t<\/div>\n\t\t\t\t<\/div>\n\t\t<div class=\"elementor-element elementor-element-ba316e0 elementor-hidden-mobile e-flex e-con-boxed e-con e-parent\" data-id=\"ba316e0\" data-element_type=\"container\" data-e-type=\"container\">\n\t\t\t\t\t<div class=\"e-con-inner\">\n\t\t\t\t<div class=\"elementor-element elementor-element-c143090 elementor-widget elementor-widget-image\" data-id=\"c143090\" data-element_type=\"widget\" data-e-type=\"widget\" data-widget_type=\"image.default\">\n\t\t\t\t<div class=\"elementor-widget-container\">\n\t\t\t\t\t\t\t\t\t\t\t\t\t\t\t<img decoding=\"async\" width=\"800\" height=\"560\" src=\"https:\/\/www.froeling.com\/de-ch\/wp-content\/uploads\/sites\/8\/2024\/09\/Diagramm-CO2-Ausstoss-1024x717.png\" class=\"attachment-large size-large wp-image-5785\" alt=\"\" srcset=\"https:\/\/www.froeling.com\/de-ch\/wp-content\/uploads\/sites\/8\/2024\/09\/Diagramm-CO2-Ausstoss-1024x717.png 1024w, https:\/\/www.froeling.com\/de-ch\/wp-content\/uploads\/sites\/8\/2024\/09\/Diagramm-CO2-Ausstoss-300x210.png 300w, https:\/\/www.froeling.com\/de-ch\/wp-content\/uploads\/sites\/8\/2024\/09\/Diagramm-CO2-Ausstoss-768x538.png 768w, https:\/\/www.froeling.com\/de-ch\/wp-content\/uploads\/sites\/8\/2024\/09\/Diagramm-CO2-Ausstoss-1536x1076.png 1536w, https:\/\/www.froeling.com\/de-ch\/wp-content\/uploads\/sites\/8\/2024\/09\/Diagramm-CO2-Ausstoss-2048x1434.png 2048w, https:\/\/www.froeling.com\/de-ch\/wp-content\/uploads\/sites\/8\/2024\/09\/Diagramm-CO2-Ausstoss-1920x1344.png 1920w\" sizes=\"(max-width: 800px) 100vw, 800px\" \/>\t\t\t\t\t\t\t\t\t\t\t\t\t\t\t<\/div>\n\t\t\t\t<\/div>\n\t\t\t\t\t<\/div>\n\t\t\t\t<\/div>\n\t\t<div class=\"elementor-element elementor-element-c6b5442 e-flex e-con-boxed e-con e-parent\" data-id=\"c6b5442\" data-element_type=\"container\" data-e-type=\"container\" data-settings=\"{&quot;background_background&quot;:&quot;classic&quot;}\">\n\t\t\t\t\t<div class=\"e-con-inner\">\n\t\t\t\t<div class=\"elementor-element elementor-element-eb658e7 elementor-widget elementor-widget-heading\" data-id=\"eb658e7\" data-element_type=\"widget\" data-e-type=\"widget\" data-widget_type=\"heading.default\">\n\t\t\t\t<div class=\"elementor-widget-container\">\n\t\t\t\t\t<h2 class=\"elementor-heading-title elementor-size-default\">Holzpellets reduzieren CO2 um \u00fcber 90 %.<\/h2>\t\t\t\t<\/div>\n\t\t\t\t<\/div>\n\t\t\t\t<div class=\"elementor-element elementor-element-0bc7484 elementor-widget__width-initial elementor-widget elementor-widget-text-editor\" data-id=\"0bc7484\" data-element_type=\"widget\" data-e-type=\"widget\" data-widget_type=\"text-editor.default\">\n\t\t\t\t<div class=\"elementor-widget-container\">\n\t\t\t\t\t\t\t\t\t<h5 class=\"hide-mobile\"><b>1 Liter Heiz\u00f6l \u2192 2,9 kg CO2<\/b><\/h5><p>Die Feinstaubemissionen einer modernen Holzheizung betragen <br \/>nur einen Bruchteil der Emissionen eines alten Brennstoffkessels.<\/p>\t\t\t\t\t\t\t\t<\/div>\n\t\t\t\t<\/div>\n\t\t\t\t\t<\/div>\n\t\t\t\t<\/div>\n\t\t<div class=\"elementor-element elementor-element-caafaae e-flex e-con-boxed e-con e-parent\" data-id=\"caafaae\" data-element_type=\"container\" data-e-type=\"container\">\n\t\t\t\t\t<div class=\"e-con-inner\">\n\t\t<div class=\"elementor-element elementor-element-3ac0508 e-con-full e-flex e-con e-child\" data-id=\"3ac0508\" data-element_type=\"container\" data-e-type=\"container\">\n\t\t\t\t<div class=\"elementor-element elementor-element-8febe6f elementor-widget elementor-widget-text-editor\" data-id=\"8febe6f\" data-element_type=\"widget\" data-e-type=\"widget\" data-widget_type=\"text-editor.default\">\n\t\t\t\t<div class=\"elementor-widget-container\">\n\t\t\t\t\t\t\t\t\t<p>Staub- und CO2 -Emissionen von Heizsysteme<\/p>\t\t\t\t\t\t\t\t<\/div>\n\t\t\t\t<\/div>\n\t\t\t\t<div class=\"elementor-element elementor-element-04636b6 elementor-widget elementor-widget-heading\" data-id=\"04636b6\" data-element_type=\"widget\" data-e-type=\"widget\" data-widget_type=\"heading.default\">\n\t\t\t\t<div class=\"elementor-widget-container\">\n\t\t\t\t\t<h2 class=\"elementor-heading-title elementor-size-default\">Die steigende Pelletnutzung f\u00fchrt nicht zu h\u00f6herem Holzeinschlag<\/h2>\t\t\t\t<\/div>\n\t\t\t\t<\/div>\n\t\t\t\t<div class=\"elementor-element elementor-element-8c29d00 elementor-widget elementor-widget-text-editor\" data-id=\"8c29d00\" data-element_type=\"widget\" data-e-type=\"widget\" data-widget_type=\"text-editor.default\">\n\t\t\t\t<div class=\"elementor-widget-container\">\n\t\t\t\t\t\t\t\t\t<p style=\"text-align: left;\">Pellets werden in Deutschland aus S\u00e4gemehl und Hobelsp\u00e4nen hergestellt, die als Nebenprodukte der S\u00e4gewerksindustrie anfallen. Beim Holzeinschnitt entstehen 60 % Schnittholz und 40 % pelletierf\u00e4hige S\u00e4genebenprodukte an. Zu einem geringen Anteil wird nicht-s\u00e4gef\u00e4higes Rundholz aus Holzeinschlag und Durchforstung verwendet. Hochwertiges S\u00e4geholz wird nicht zu Pellets verarbeitet, da das viel zu teuer w\u00e4re.<\/p>\t\t\t\t\t\t\t\t<\/div>\n\t\t\t\t<\/div>\n\t\t\t\t<\/div>\n\t\t<div class=\"elementor-element elementor-element-b106c07 e-con-full elementor-hidden-tablet elementor-hidden-mobile e-flex e-con e-child\" data-id=\"b106c07\" data-element_type=\"container\" data-e-type=\"container\" data-settings=\"{&quot;background_background&quot;:&quot;classic&quot;}\">\n\t\t<div class=\"elementor-element elementor-element-3dd7800 e-con-full e-flex e-con e-child\" data-id=\"3dd7800\" data-element_type=\"container\" data-e-type=\"container\" data-settings=\"{&quot;background_background&quot;:&quot;classic&quot;}\">\n\t\t\t\t<div class=\"elementor-element elementor-element-fa1942e elementor-widget elementor-widget-text-editor\" data-id=\"fa1942e\" data-element_type=\"widget\" data-e-type=\"widget\" data-widget_type=\"text-editor.default\">\n\t\t\t\t<div class=\"elementor-widget-container\">\n\t\t\t\t\t\t\t\t\t<h5 class=\"hide-mobile\"><b>Ca. 6 &#8211; 10 t CO2 pro Jahr<\/b><\/h5><p>Einsparpotential mit einer Holzheizung im Einfamilienhaus<\/p>\t\t\t\t\t\t\t\t<\/div>\n\t\t\t\t<\/div>\n\t\t\t\t<\/div>\n\t\t\t\t<\/div>\n\t\t\t\t\t<\/div>\n\t\t\t\t<\/div>\n\t\t<div class=\"elementor-element elementor-element-a0b7970 e-flex e-con-boxed e-con e-parent\" data-id=\"a0b7970\" data-element_type=\"container\" data-e-type=\"container\">\n\t\t\t\t\t<div class=\"e-con-inner\">\n\t\t\t\t<div class=\"elementor-element elementor-element-10746ad elementor-widget elementor-widget-image\" data-id=\"10746ad\" data-element_type=\"widget\" data-e-type=\"widget\" data-widget_type=\"image.default\">\n\t\t\t\t<div class=\"elementor-widget-container\">\n\t\t\t\t\t\t\t\t\t\t\t\t\t\t\t<img loading=\"lazy\" decoding=\"async\" width=\"800\" height=\"560\" src=\"https:\/\/www.froeling.com\/de-ch\/wp-content\/uploads\/sites\/8\/2024\/09\/Diagramm-Heizkosten-1024x717.png\" class=\"attachment-large size-large wp-image-5787\" alt=\"\" srcset=\"https:\/\/www.froeling.com\/de-ch\/wp-content\/uploads\/sites\/8\/2024\/09\/Diagramm-Heizkosten-1024x717.png 1024w, https:\/\/www.froeling.com\/de-ch\/wp-content\/uploads\/sites\/8\/2024\/09\/Diagramm-Heizkosten-300x210.png 300w, https:\/\/www.froeling.com\/de-ch\/wp-content\/uploads\/sites\/8\/2024\/09\/Diagramm-Heizkosten-768x538.png 768w, https:\/\/www.froeling.com\/de-ch\/wp-content\/uploads\/sites\/8\/2024\/09\/Diagramm-Heizkosten-1536x1076.png 1536w, https:\/\/www.froeling.com\/de-ch\/wp-content\/uploads\/sites\/8\/2024\/09\/Diagramm-Heizkosten-2048x1434.png 2048w, https:\/\/www.froeling.com\/de-ch\/wp-content\/uploads\/sites\/8\/2024\/09\/Diagramm-Heizkosten-1920x1344.png 1920w\" sizes=\"(max-width: 800px) 100vw, 800px\" \/>\t\t\t\t\t\t\t\t\t\t\t\t\t\t\t<\/div>\n\t\t\t\t<\/div>\n\t\t<div class=\"elementor-element elementor-element-5f1dc1d e-con-full e-flex e-con e-child\" data-id=\"5f1dc1d\" data-element_type=\"container\" data-e-type=\"container\">\n\t\t\t\t<div class=\"elementor-element elementor-element-5849b42 elementor-widget elementor-widget-text-editor\" data-id=\"5849b42\" data-element_type=\"widget\" data-e-type=\"widget\" data-widget_type=\"text-editor.default\">\n\t\t\t\t<div class=\"elementor-widget-container\">\n\t\t\t\t\t\t\t\t\t<p>Wenn Sie mit Holz heizen k\u00f6nnen Sie<\/p>\t\t\t\t\t\t\t\t<\/div>\n\t\t\t\t<\/div>\n\t\t\t\t<div class=\"elementor-element elementor-element-ad5bcf5 elementor-widget elementor-widget-heading\" data-id=\"ad5bcf5\" data-element_type=\"widget\" data-e-type=\"widget\" data-widget_type=\"heading.default\">\n\t\t\t\t<div class=\"elementor-widget-container\">\n\t\t\t\t\t<h2 class=\"elementor-heading-title elementor-size-default\">Heizkosten sparen<\/h2>\t\t\t\t<\/div>\n\t\t\t\t<\/div>\n\t\t\t\t<div class=\"elementor-element elementor-element-227a0fa elementor-widget elementor-widget-text-editor\" data-id=\"227a0fa\" data-element_type=\"widget\" data-e-type=\"widget\" data-widget_type=\"text-editor.default\">\n\t\t\t\t<div class=\"elementor-widget-container\">\n\t\t\t\t\t\t\t\t\t<p>Ein weiterer wichtiger Faktor bei der Auswahl des Brennstoffes sind nat\u00fcrlich die Brennstoffkosten. Der Rohstoff Holz gew\u00e4hrleistet die Unabh\u00e4ngigkeit von der globalen Entwicklung der fossilen Energiepreise auf den internationalen M\u00e4rkten. Da sowohl bei Scheitholz als auch Hackschnitzel in der Regel heimisches Holz zum Einsatz kommt, entwickeln sich die Preise seit Jahren stabil, w\u00e4hrend die \u00d6l- und Gaspreise weiter stark ansteigen.<\/p>\t\t\t\t\t\t\t\t<\/div>\n\t\t\t\t<\/div>\n\t\t\t\t<\/div>\n\t\t\t\t\t<\/div>\n\t\t\t\t<\/div>\n\t\t<div class=\"elementor-element elementor-element-973ca32 e-flex e-con-boxed e-con e-parent\" data-id=\"973ca32\" data-element_type=\"container\" data-e-type=\"container\" data-settings=\"{&quot;background_background&quot;:&quot;classic&quot;}\">\n\t\t\t\t\t<div class=\"e-con-inner\">\n\t\t\t\t<div class=\"elementor-element elementor-element-9af7f45 elementor-widget elementor-widget-heading\" data-id=\"9af7f45\" data-element_type=\"widget\" data-e-type=\"widget\" data-widget_type=\"heading.default\">\n\t\t\t\t<div class=\"elementor-widget-container\">\n\t\t\t\t\t<h2 class=\"elementor-heading-title elementor-size-default\">Nicht nur gu\u0308nstiger, auch nachhaltig und sauber<\/h2>\t\t\t\t<\/div>\n\t\t\t\t<\/div>\n\t\t\t\t<div class=\"elementor-element elementor-element-6c0722c elementor-widget__width-initial elementor-widget elementor-widget-text-editor\" data-id=\"6c0722c\" data-element_type=\"widget\" data-e-type=\"widget\" data-widget_type=\"text-editor.default\">\n\t\t\t\t<div class=\"elementor-widget-container\">\n\t\t\t\t\t\t\t\t\t<p>Der Blick auf die Preisentwicklung von Pellets in den letzten Jahren hat deutlich gemacht, dass Pellets ein gu\u0308nstiger und preisstabiler Energietr\u00e4ger sind.\u00a0<\/p>\t\t\t\t\t\t\t\t<\/div>\n\t\t\t\t<\/div>\n\t\t\t\t\t<\/div>\n\t\t\t\t<\/div>\n\t\t\t\t<\/div>\n\t\t","protected":false},"excerpt":{"rendered":"<p>Warum mit Biomasse heizen? Das Heizen mit Biomasse bietet viele Vorteile, unter anderem ist es kosteng\u00fcnstig, umweltfreundlich und CO2 neutral. Dokumente downloaden (PDF) Brosch\u00fcre Holzbrennstoffe (PDF) Darum mit Pellets heizen &#8211; DEPI (PDF) Holz ist aus \u00f6konomischer und \u00f6kologischer Sicht der optimale Brennstoff \u2013 sowohl als St\u00fcckgut, Pellets oder auch Hackschnitzel. Der Brennstoff wird bei [&hellip;]<\/p>\n","protected":false},"author":2,"featured_media":0,"parent":78,"menu_order":0,"comment_status":"closed","ping_status":"closed","template":"","meta":{"_acf_changed":false,"footnotes":""},"class_list":["post-4363","page","type-page","status-publish","hentry"],"acf":[],"_links":{"self":[{"href":"https:\/\/www.froeling.com\/de-ch\/wp-json\/wp\/v2\/pages\/4363","targetHints":{"allow":["GET"]}}],"collection":[{"href":"https:\/\/www.froeling.com\/de-ch\/wp-json\/wp\/v2\/pages"}],"about":[{"href":"https:\/\/www.froeling.com\/de-ch\/wp-json\/wp\/v2\/types\/page"}],"author":[{"embeddable":true,"href":"https:\/\/www.froeling.com\/de-ch\/wp-json\/wp\/v2\/users\/2"}],"replies":[{"embeddable":true,"href":"https:\/\/www.froeling.com\/de-ch\/wp-json\/wp\/v2\/comments?post=4363"}],"version-history":[{"count":7,"href":"https:\/\/www.froeling.com\/de-ch\/wp-json\/wp\/v2\/pages\/4363\/revisions"}],"predecessor-version":[{"id":5797,"href":"https:\/\/www.froeling.com\/de-ch\/wp-json\/wp\/v2\/pages\/4363\/revisions\/5797"}],"up":[{"embeddable":true,"href":"https:\/\/www.froeling.com\/de-ch\/wp-json\/wp\/v2\/pages\/78"}],"wp:attachment":[{"href":"https:\/\/www.froeling.com\/de-ch\/wp-json\/wp\/v2\/media?parent=4363"}],"curies":[{"name":"wp","href":"https:\/\/api.w.org\/{rel}","templated":true}]}}