{"id":5769,"date":"2024-06-10T10:30:37","date_gmt":"2024-06-10T08:30:37","guid":{"rendered":"https:\/\/www.froeling.com\/de-ch\/?page_id=5769"},"modified":"2025-09-15T07:13:07","modified_gmt":"2025-09-15T05:13:07","slug":"karriere","status":"publish","type":"page","link":"https:\/\/www.froeling.com\/de-ch\/unternehmen\/karriere\/","title":{"rendered":"Karriere"},"content":{"rendered":"\t\t<div data-elementor-type=\"wp-page\" data-elementor-id=\"5769\" class=\"elementor elementor-5769\" data-elementor-post-type=\"page\">\n\t\t\t\t<div class=\"elementor-element elementor-element-862b2f4 e-con-full e-flex e-con e-parent\" data-id=\"862b2f4\" data-element_type=\"container\" data-e-type=\"container\" data-settings=\"{&quot;background_background&quot;:&quot;gradient&quot;}\">\n\t\t<div class=\"elementor-element elementor-element-6769ede e-con-full e-flex e-con e-child\" data-id=\"6769ede\" data-element_type=\"container\" data-e-type=\"container\">\n\t\t<div class=\"elementor-element elementor-element-8c2af2d hero-offset-container e-flex e-con-boxed e-con e-child\" data-id=\"8c2af2d\" data-element_type=\"container\" data-e-type=\"container\" data-settings=\"{&quot;background_background&quot;:&quot;classic&quot;}\">\n\t\t\t\t\t<div class=\"e-con-inner\">\n\t\t\t\t<div class=\"elementor-element elementor-element-61be571 elementor-widget elementor-widget-heading\" data-id=\"61be571\" data-element_type=\"widget\" data-e-type=\"widget\" data-widget_type=\"heading.default\">\n\t\t\t\t<div class=\"elementor-widget-container\">\n\t\t\t\t\t<h2 class=\"elementor-heading-title elementor-size-default\">Karriere bei Fr\u00f6ling<\/h2>\t\t\t\t<\/div>\n\t\t\t\t<\/div>\n\t\t\t\t<div class=\"elementor-element elementor-element-001563d elementor-widget elementor-widget-text-editor\" data-id=\"001563d\" data-element_type=\"widget\" data-e-type=\"widget\" data-widget_type=\"text-editor.default\">\n\t\t\t\t<div class=\"elementor-widget-container\">\n\t\t\t\t\t\t\t\t\t<p>Wir sind einer der f\u00fchrenden europ\u00e4ischen Hersteller innovativer und umweltfreundlicher Heizsysteme (Scheitholz, Hackgut, Pellets). Unser stetes Streben nach innovativen L\u00f6sungen f\u00fcr unsere Kunden wird auch durch zahlreiche nationale und internationale Auszeichnungen dokumentiert.<\/p>\t\t\t\t\t\t\t\t<\/div>\n\t\t\t\t<\/div>\n\t\t\t\t\t<\/div>\n\t\t\t\t<\/div>\n\t\t\t\t<\/div>\n\t\t<div class=\"elementor-element elementor-element-8fd5e3d e-con-full e-flex e-con e-child\" data-id=\"8fd5e3d\" data-element_type=\"container\" data-e-type=\"container\" data-settings=\"{&quot;background_background&quot;:&quot;classic&quot;}\">\n\t\t\t\t<\/div>\n\t\t\t\t<\/div>\n\t\t<div class=\"elementor-element elementor-element-788c455 elementor-hidden-mobile e-flex e-con-boxed e-con e-parent\" data-id=\"788c455\" data-element_type=\"container\" data-e-type=\"container\" data-settings=\"{&quot;background_background&quot;:&quot;gradient&quot;}\">\n\t\t\t\t\t<div class=\"e-con-inner\">\n\t\t\t\t\t<\/div>\n\t\t\t\t<\/div>\n\t\t<div class=\"elementor-element elementor-element-2b75736 e-flex e-con-boxed e-con e-parent\" data-id=\"2b75736\" data-element_type=\"container\" data-e-type=\"container\">\n\t\t\t\t\t<div class=\"e-con-inner\">\n\t\t<div class=\"elementor-element elementor-element-132e83b e-con-full e-flex e-con e-child\" data-id=\"132e83b\" data-element_type=\"container\" data-e-type=\"container\">\n\t\t\t\t<div class=\"elementor-element elementor-element-24a26c3 elementor-widget elementor-widget-text-editor\" data-id=\"24a26c3\" data-element_type=\"widget\" data-e-type=\"widget\" data-widget_type=\"text-editor.default\">\n\t\t\t\t<div class=\"elementor-widget-container\">\n\t\t\t\t\t\t\t\t\t<p>Arbeiten bei Fr\u00f6ling<\/p>\t\t\t\t\t\t\t\t<\/div>\n\t\t\t\t<\/div>\n\t\t\t\t<div class=\"elementor-element elementor-element-00e1206 elementor-widget elementor-widget-heading\" data-id=\"00e1206\" data-element_type=\"widget\" data-e-type=\"widget\" data-widget_type=\"heading.default\">\n\t\t\t\t<div class=\"elementor-widget-container\">\n\t\t\t\t\t<h2 class=\"elementor-heading-title elementor-size-default\">Top-Jobs in Ihrer N\u00e4he<\/h2>\t\t\t\t<\/div>\n\t\t\t\t<\/div>\n\t\t\t\t<div class=\"elementor-element elementor-element-bba7333 elementor-widget elementor-widget-text-editor\" data-id=\"bba7333\" data-element_type=\"widget\" data-e-type=\"widget\" data-widget_type=\"text-editor.default\">\n\t\t\t\t<div class=\"elementor-widget-container\">\n\t\t\t\t\t\t\t\t\t<p>Seit u\u0308ber 60 Jahren ist Fr\u00f6ling die Qualit\u00e4tsmarke fu\u0308r Heizen mit Holz und Pellets und hat sich als \u00f6sterreichisches Familienunternehmen zum internationalen Brennpunkt und einem der gr\u00f6\u00dften Arbeitgeber der Region entwickelt.<\/p>\t\t\t\t\t\t\t\t<\/div>\n\t\t\t\t<\/div>\n\t\t\t\t<div class=\"elementor-element elementor-element-cfbd66e elementor-widget elementor-widget-text-editor\" data-id=\"cfbd66e\" data-element_type=\"widget\" data-e-type=\"widget\" data-widget_type=\"text-editor.default\">\n\t\t\t\t<div class=\"elementor-widget-container\">\n\t\t\t\t\t\t\t\t\t<p>Heute steht der Name Fr\u00f6ling u\u0308ber die Grenzen Europas hinaus fu\u0308r hocheffiziente Heiztechnik vom Einfamilienhaus bis hin zur industriellen Anwendung im hohen Anforderungsbereich. Das Produktionswerk in Stritzing z\u00e4hlt zu den modernsten Stahlblechverarbeitungszentren \u00d6sterreichs. Maschinen der neuesten Generation sorgen fu\u0308r einen reibungslosen und effizienten Arbeitsablauf.<\/p>\t\t\t\t\t\t\t\t<\/div>\n\t\t\t\t<\/div>\n\t\t\t\t<\/div>\n\t\t\t\t\t<\/div>\n\t\t\t\t<\/div>\n\t\t<div class=\"elementor-element elementor-element-797761f e-flex e-con-boxed e-con e-parent\" data-id=\"797761f\" data-element_type=\"container\" data-e-type=\"container\" data-settings=\"{&quot;background_background&quot;:&quot;gradient&quot;}\">\n\t\t\t\t\t<div class=\"e-con-inner\">\n\t\t<div class=\"elementor-element elementor-element-e54609a e-con-full e-flex e-con e-child\" data-id=\"e54609a\" data-element_type=\"container\" data-e-type=\"container\">\n\t\t\t\t<div class=\"elementor-element elementor-element-aa584e6 elementor-widget elementor-widget-heading\" data-id=\"aa584e6\" data-element_type=\"widget\" data-e-type=\"widget\" data-widget_type=\"heading.default\">\n\t\t\t\t<div class=\"elementor-widget-container\">\n\t\t\t\t\t<h2 class=\"elementor-heading-title elementor-size-default\">Aktuelle Stellenangebote<\/h2>\t\t\t\t<\/div>\n\t\t\t\t<\/div>\n\t\t\t\t<div class=\"elementor-element elementor-element-f3f8557 elementor-widget elementor-widget-text-editor\" data-id=\"f3f8557\" data-element_type=\"widget\" data-e-type=\"widget\" data-widget_type=\"text-editor.default\">\n\t\t\t\t<div class=\"elementor-widget-container\">\n\t\t\t\t\t\t\t\t\t<p>Aufgrund der starken Nachfrage f\u00fcr unsere Produkte und der exzellenten Zukunftsaussichten f\u00fcr &#8222;Erneuerbare Energien&#8220; verst\u00e4rken wir unser Team mit kommunikationsstarken und teamf\u00e4higen Pers\u00f6nlichkeiten.<\/p><p>F\u00fcr alle Positionen bieten wir Ihnen eine entsprechende Unterst\u00fctzung in der Startphase, attraktive Einkommensm\u00f6glichkeiten sowie die Vorteile und Sicherheit eines traditionsreichen Familienunternehmens.<\/p>\t\t\t\t\t\t\t\t<\/div>\n\t\t\t\t<\/div>\n\t\t<div class=\"elementor-element elementor-element-49a99e2 e-flex e-con-boxed e-con e-child\" data-id=\"49a99e2\" data-element_type=\"container\" data-e-type=\"container\" data-settings=\"{&quot;background_background&quot;:&quot;classic&quot;}\">\n\t\t\t\t\t<div class=\"e-con-inner\">\n\t\t<div class=\"elementor-element elementor-element-62a7e1b e-flex e-con-boxed e-con e-child\" data-id=\"62a7e1b\" data-element_type=\"container\" data-e-type=\"container\">\n\t\t\t\t\t<div class=\"e-con-inner\">\n\t\t\t\t<div class=\"elementor-element elementor-element-fef40ba elementor-widget elementor-widget-heading\" data-id=\"fef40ba\" data-element_type=\"widget\" data-e-type=\"widget\" data-widget_type=\"heading.default\">\n\t\t\t\t<div class=\"elementor-widget-container\">\n\t\t\t\t\t<div class=\"elementor-heading-title elementor-size-default\">Initiativbewerbungen<\/div>\t\t\t\t<\/div>\n\t\t\t\t<\/div>\n\t\t\t\t<div class=\"elementor-element elementor-element-95b0f01 elementor-view-default elementor-widget elementor-widget-icon\" data-id=\"95b0f01\" data-element_type=\"widget\" data-e-type=\"widget\" data-widget_type=\"icon.default\">\n\t\t\t\t<div class=\"elementor-widget-container\">\n\t\t\t\t\t\t\t<div class=\"elementor-icon-wrapper\">\n\t\t\t<div class=\"elementor-icon\">\n\t\t\t<i aria-hidden=\"true\" class=\"fas fa-info-circle\"><\/i>\t\t\t<\/div>\n\t\t<\/div>\n\t\t\t\t\t\t<\/div>\n\t\t\t\t<\/div>\n\t\t\t\t\t<\/div>\n\t\t\t\t<\/div>\n\t\t\t\t<div class=\"elementor-element elementor-element-4fde2a4 elementor-widget elementor-widget-text-editor\" data-id=\"4fde2a4\" data-element_type=\"widget\" data-e-type=\"widget\" data-widget_type=\"text-editor.default\">\n\t\t\t\t<div class=\"elementor-widget-container\">\n\t\t\t\t\t\t\t\t\t<p>Mit einem klaren beruflichen Ziel oder einer speziellen Qualifikation m\u00fcssen Sie nicht auf ein passendes Angebot von uns warten.<\/p><p>Ergreifen Sie selbst die Initiative und bewerben Sie sich f\u00fcr Ihre Wunschposition.<\/p>\t\t\t\t\t\t\t\t<\/div>\n\t\t\t\t<\/div>\n\t\t\t\t\t<\/div>\n\t\t\t\t<\/div>\n\t\t\t\t<\/div>\n\t\t<div class=\"elementor-element elementor-element-3ee65dc e-flex e-con-boxed e-con e-child\" data-id=\"3ee65dc\" data-element_type=\"container\" data-e-type=\"container\" data-settings=\"{&quot;background_background&quot;:&quot;classic&quot;}\">\n\t\t\t\t\t<div class=\"e-con-inner\">\n\t\t<div class=\"elementor-element elementor-element-33950e8 e-con-full hover-img e-flex e-con e-child\" data-id=\"33950e8\" data-element_type=\"container\" data-e-type=\"container\" data-settings=\"{&quot;background_background&quot;:&quot;classic&quot;}\">\n\t\t\t\t<div class=\"elementor-element elementor-element-a9eea14 elementor-widget elementor-widget-heading\" data-id=\"a9eea14\" data-element_type=\"widget\" data-e-type=\"widget\" data-widget_type=\"heading.default\">\n\t\t\t\t<div class=\"elementor-widget-container\">\n\t\t\t\t\t<h3 class=\"elementor-heading-title elementor-size-default\">Ihre Bewerbung\n<\/h3>\t\t\t\t<\/div>\n\t\t\t\t<\/div>\n\t\t\t\t<div class=\"elementor-element elementor-element-0d07b52 elementor-widget elementor-widget-text-editor\" data-id=\"0d07b52\" data-element_type=\"widget\" data-e-type=\"widget\" data-widget_type=\"text-editor.default\">\n\t\t\t\t<div class=\"elementor-widget-container\">\n\t\t\t\t\t\t\t\t\t<p>Wenn Sie an einer Karriere in einem innovativen und erfolgreichen Unternehmen interessiert sind, richten Sie Ihre aussagekr\u00e4ftigen Bewerbungsunterlagen &#8211; bevorzugt per E-Mail &#8211; bitte an:<\/p><p>FR\u00d6LING Heizkessel- u. Beh\u00e4lterbau Ges.m.b.H.<br \/>z.Hd. Personalleitung<br \/>Industriestrasse 12, A-4710 Grieskirchen<br \/>Tel. +43\/7248\/606 &#8211; 0<br \/>E-Mail: bewerbung@froeling.com<\/p><p>Im Sinne des GBG wenden wir uns an Damen und Herren.<\/p>\t\t\t\t\t\t\t\t<\/div>\n\t\t\t\t<\/div>\n\t\t\t\t<\/div>\n\t\t\t\t\t<\/div>\n\t\t\t\t<\/div>\n\t\t\t\t\t<\/div>\n\t\t\t\t<\/div>\n\t\t<div class=\"elementor-element elementor-element-0034608 e-flex e-con-boxed e-con e-parent\" data-id=\"0034608\" data-element_type=\"container\" data-e-type=\"container\">\n\t\t\t\t\t<div class=\"e-con-inner\">\n\t\t\t\t<div class=\"elementor-element elementor-element-31b1945 elementor-widget elementor-widget-toggle\" data-id=\"31b1945\" data-element_type=\"widget\" data-e-type=\"widget\" data-widget_type=\"toggle.default\">\n\t\t\t\t<div class=\"elementor-widget-container\">\n\t\t\t\t\t\t\t<div class=\"elementor-toggle\">\n\t\t\t\t\t\t\t<div class=\"elementor-toggle-item\">\n\t\t\t\t\t<div id=\"elementor-tab-title-5211\" class=\"elementor-tab-title\" data-tab=\"1\" role=\"button\" aria-controls=\"elementor-tab-content-5211\" aria-expanded=\"false\">\n\t\t\t\t\t\t\t\t\t\t\t\t<span class=\"elementor-toggle-icon elementor-toggle-icon-right\" aria-hidden=\"true\">\n\t\t\t\t\t\t\t\t\t\t\t\t\t\t\t<span class=\"elementor-toggle-icon-closed\"><i class=\"fas fa-plus-circle\"><\/i><\/span>\n\t\t\t\t\t\t\t\t<span class=\"elementor-toggle-icon-opened\"><i class=\"elementor-toggle-icon-opened fas fa-minus-circle\"><\/i><\/span>\n\t\t\t\t\t\t\t\t\t\t\t\t\t<\/span>\n\t\t\t\t\t\t\t\t\t\t\t\t<a class=\"elementor-toggle-title\" tabindex=\"0\">Gebietsleiter\/Vertriebsau\u00dfendienst (m\/w) - f\u00fcr die deutschsprachige Schweiz<\/a>\n\t\t\t\t\t<\/div>\n\n\t\t\t\t\t<div id=\"elementor-tab-content-5211\" class=\"elementor-tab-content elementor-clearfix\" data-tab=\"1\" role=\"region\" aria-labelledby=\"elementor-tab-title-5211\"><p><strong>Ihre Aufgaben:<\/strong>\u00a0<\/p><ul><li>Fachlich qualifizierte Betreuung und Beratung bestehender Kunden\/Partner (Installateure)<\/li><li>Akquisition von Neukunden\/Partnern<\/li><li>Messedienste und Informationsveranstaltungen<\/li><\/ul><p><strong>Unsere Erwartungen:<\/strong><\/p><ul><li>Erfahrung und Freude am Verkauf<\/li><li>Ein hohes Ma\u00df an Engagement und Einsatzbereitschaft<\/li><li>Technisches Verst\u00e4ndnis und Erfahrung im Bereich Heizung\/Elektrotechnik sind von Vorteil<\/li><li>Reisebereitschaft<\/li><\/ul><p>F\u00fcr diese Positionen bieten wir Ihnen eine entsprechende Einschulung abgestimmt auf Ihren Erfahrungswert, <strong>attraktive Einkommensm\u00f6glichkeiten, ein neutrales Firmenfahrzeug auch zur Privatnutzung<\/strong> sowie die Vorteile und Sicherheit eines traditionsreichen Familienunternehmens.<\/p><\/div>\n\t\t\t\t<\/div>\n\t\t\t\t\t\t\t<div class=\"elementor-toggle-item\">\n\t\t\t\t\t<div id=\"elementor-tab-title-5212\" class=\"elementor-tab-title\" data-tab=\"2\" role=\"button\" aria-controls=\"elementor-tab-content-5212\" aria-expanded=\"false\">\n\t\t\t\t\t\t\t\t\t\t\t\t<span class=\"elementor-toggle-icon elementor-toggle-icon-right\" aria-hidden=\"true\">\n\t\t\t\t\t\t\t\t\t\t\t\t\t\t\t<span class=\"elementor-toggle-icon-closed\"><i class=\"fas fa-plus-circle\"><\/i><\/span>\n\t\t\t\t\t\t\t\t<span class=\"elementor-toggle-icon-opened\"><i class=\"elementor-toggle-icon-opened fas fa-minus-circle\"><\/i><\/span>\n\t\t\t\t\t\t\t\t\t\t\t\t\t<\/span>\n\t\t\t\t\t\t\t\t\t\t\t\t<a class=\"elementor-toggle-title\" tabindex=\"0\">Gebietsleiter\/Vertriebsau\u00dfendienst (m\/w) - f\u00fcr die franz\u00f6sischsprachige Schweiz<\/a>\n\t\t\t\t\t<\/div>\n\n\t\t\t\t\t<div id=\"elementor-tab-content-5212\" class=\"elementor-tab-content elementor-clearfix\" data-tab=\"2\" role=\"region\" aria-labelledby=\"elementor-tab-title-5212\"><p style=\"color: #db0812\">Im Angestelltenverh\u00e4ltnis oder als Handelsvertreter<\/p>\n<strong>Ihre Aufgaben:<\/strong>\n<ul>\n \t<li>Fachlich qualifizierte Betreuung und Beratung bestehender Kunden\/Partner (Installateure)<\/li>\n \t<li>Akquisition von Neukunden\/Partnern<\/li>\n \t<li>Messedienste und Informationsveranstaltungen<\/li>\n<\/ul><\/br>\n<strong>Unsere Erwartungen:<\/strong>\n<ul>\n \t<li>Erfahrung und Freude am Verkauf<\/li>\n \t<li>Ein hohes Ma\u00df an Engagement und Einsatzbereitschaft<\/li>\n \t<li>Technisches Verst\u00e4ndnis und Erfahrung im Bereich Heizung\/Elektrotechnik sind von Vorteil<\/li>\n \t<li>Reisebereitschaft innerhalb der franz\u00f6sischen Schweiz<\/li>\n \t<li>Muttersprache Franz\u00f6sisch. Deutsch- oder Englischkenntnisse von Vorteil, jedoch keine Bedingung<\/li>\n<\/ul><\/br>\nF\u00fcr diese Position bieten wir Ihnen eine entsprechende <strong>Unterst\u00fctzung in der Startphase, berufliche Weiterentwicklungsm\u00f6glichkeiten, <\/strong><strong>attraktive Einkommensm\u00f6glichkeiten<\/strong> sowie die Vorteile und Sicherheit eines traditionsreichen Familienunternehmens. <strong>Ein Firmenfahrzeug inkl. Privatnutzung<\/strong> sowie Homeofficeausstattung (Handy, Laptop, Drucker, etc..) werden f\u00fcr ein Angestelltenverh\u00e4ltnis zur Verf\u00fcgung gestellt.<\/div>\n\t\t\t\t<\/div>\n\t\t\t\t\t\t\t\t<\/div>\n\t\t\t\t\t\t<\/div>\n\t\t\t\t<\/div>\n\t\t\t\t\t<\/div>\n\t\t\t\t<\/div>\n\t\t\t\t<\/div>\n\t\t","protected":false},"excerpt":{"rendered":"<p>Karriere bei Fr\u00f6ling Wir sind einer der f\u00fchrenden europ\u00e4ischen Hersteller innovativer und umweltfreundlicher Heizsysteme (Scheitholz, Hackgut, Pellets). Unser stetes Streben nach innovativen L\u00f6sungen f\u00fcr unsere Kunden wird auch durch zahlreiche nationale und internationale Auszeichnungen dokumentiert. Arbeiten bei Fr\u00f6ling Top-Jobs in Ihrer N\u00e4he Seit u\u0308ber 60 Jahren ist Fr\u00f6ling die Qualit\u00e4tsmarke fu\u0308r Heizen mit Holz und [&hellip;]<\/p>\n","protected":false},"author":6,"featured_media":0,"parent":82,"menu_order":0,"comment_status":"closed","ping_status":"closed","template":"","meta":{"_acf_changed":false,"footnotes":""},"class_list":["post-5769","page","type-page","status-publish","hentry"],"acf":[],"_links":{"self":[{"href":"https:\/\/www.froeling.com\/de-ch\/wp-json\/wp\/v2\/pages\/5769","targetHints":{"allow":["GET"]}}],"collection":[{"href":"https:\/\/www.froeling.com\/de-ch\/wp-json\/wp\/v2\/pages"}],"about":[{"href":"https:\/\/www.froeling.com\/de-ch\/wp-json\/wp\/v2\/types\/page"}],"author":[{"embeddable":true,"href":"https:\/\/www.froeling.com\/de-ch\/wp-json\/wp\/v2\/users\/6"}],"replies":[{"embeddable":true,"href":"https:\/\/www.froeling.com\/de-ch\/wp-json\/wp\/v2\/comments?post=5769"}],"version-history":[{"count":7,"href":"https:\/\/www.froeling.com\/de-ch\/wp-json\/wp\/v2\/pages\/5769\/revisions"}],"predecessor-version":[{"id":5952,"href":"https:\/\/www.froeling.com\/de-ch\/wp-json\/wp\/v2\/pages\/5769\/revisions\/5952"}],"up":[{"embeddable":true,"href":"https:\/\/www.froeling.com\/de-ch\/wp-json\/wp\/v2\/pages\/82"}],"wp:attachment":[{"href":"https:\/\/www.froeling.com\/de-ch\/wp-json\/wp\/v2\/media?parent=5769"}],"curies":[{"name":"wp","href":"https:\/\/api.w.org\/{rel}","templated":true}]}}