{"id":1400,"date":"2022-07-29T13:51:26","date_gmt":"2022-07-29T11:51:26","guid":{"rendered":"https:\/\/www.froeling.com\/?page_id=1400"},"modified":"2026-03-24T07:50:20","modified_gmt":"2026-03-24T06:50:20","slug":"karriere","status":"publish","type":"page","link":"https:\/\/www.froeling.com\/de-de\/unternehmen\/karriere\/","title":{"rendered":"Karriere"},"content":{"rendered":"\t\t<div data-elementor-type=\"wp-page\" data-elementor-id=\"1400\" class=\"elementor elementor-1400\" data-elementor-post-type=\"page\">\n\t\t\t\t<div class=\"elementor-element elementor-element-22f4695 e-con-full e-flex e-con e-parent\" data-id=\"22f4695\" data-element_type=\"container\" data-e-type=\"container\" data-settings=\"{&quot;background_background&quot;:&quot;gradient&quot;}\">\n\t\t<div class=\"elementor-element elementor-element-37a21bb e-con-full e-flex e-con e-child\" data-id=\"37a21bb\" data-element_type=\"container\" data-e-type=\"container\">\n\t\t<div class=\"elementor-element elementor-element-8c12cf3 hero-offset-container e-flex e-con-boxed e-con e-child\" data-id=\"8c12cf3\" data-element_type=\"container\" data-e-type=\"container\" data-settings=\"{&quot;background_background&quot;:&quot;classic&quot;}\">\n\t\t\t\t\t<div class=\"e-con-inner\">\n\t\t\t\t<div class=\"elementor-element elementor-element-e4f24eb elementor-widget elementor-widget-heading\" data-id=\"e4f24eb\" data-element_type=\"widget\" data-e-type=\"widget\" data-widget_type=\"heading.default\">\n\t\t\t\t<div class=\"elementor-widget-container\">\n\t\t\t\t\t<h2 class=\"elementor-heading-title elementor-size-default\">Karriere bei Fr\u00f6ling<\/h2>\t\t\t\t<\/div>\n\t\t\t\t<\/div>\n\t\t\t\t<div class=\"elementor-element elementor-element-96c67df elementor-widget elementor-widget-text-editor\" data-id=\"96c67df\" data-element_type=\"widget\" data-e-type=\"widget\" data-widget_type=\"text-editor.default\">\n\t\t\t\t<div class=\"elementor-widget-container\">\n\t\t\t\t\t\t\t\t\t<p>Wir sind einer der f\u00fchrenden europ\u00e4ischen Hersteller innovativer und umweltfreundlicher Heizsysteme (Scheitholz, Hackgut, Pellets). Unser stetes Streben nach innovativen L\u00f6sungen f\u00fcr unsere Kunden wird auch durch zahlreiche nationale und internationale Auszeichnungen dokumentiert.<\/p>\t\t\t\t\t\t\t\t<\/div>\n\t\t\t\t<\/div>\n\t\t\t\t\t<\/div>\n\t\t\t\t<\/div>\n\t\t\t\t<\/div>\n\t\t<div class=\"elementor-element elementor-element-c6f9156 e-con-full e-flex e-con e-child\" data-id=\"c6f9156\" data-element_type=\"container\" data-e-type=\"container\" data-settings=\"{&quot;background_background&quot;:&quot;classic&quot;}\">\n\t\t\t\t<\/div>\n\t\t\t\t<\/div>\n\t\t<div class=\"elementor-element elementor-element-4e37de7 elementor-hidden-mobile e-flex e-con-boxed e-con e-parent\" data-id=\"4e37de7\" data-element_type=\"container\" data-e-type=\"container\" data-settings=\"{&quot;background_background&quot;:&quot;gradient&quot;}\">\n\t\t\t\t\t<div class=\"e-con-inner\">\n\t\t\t\t\t<\/div>\n\t\t\t\t<\/div>\n\t\t<div class=\"elementor-element elementor-element-5acf012 e-flex e-con-boxed e-con e-parent\" data-id=\"5acf012\" data-element_type=\"container\" data-e-type=\"container\">\n\t\t\t\t\t<div class=\"e-con-inner\">\n\t\t<div class=\"elementor-element elementor-element-c0f488e e-con-full e-flex e-con e-child\" data-id=\"c0f488e\" data-element_type=\"container\" data-e-type=\"container\">\n\t\t\t\t<div class=\"elementor-element elementor-element-77eaf7d elementor-widget elementor-widget-text-editor\" data-id=\"77eaf7d\" data-element_type=\"widget\" data-e-type=\"widget\" data-widget_type=\"text-editor.default\">\n\t\t\t\t<div class=\"elementor-widget-container\">\n\t\t\t\t\t\t\t\t\t<p>Arbeiten bei Fr\u00f6ling<\/p>\t\t\t\t\t\t\t\t<\/div>\n\t\t\t\t<\/div>\n\t\t\t\t<div class=\"elementor-element elementor-element-f260e88 elementor-widget elementor-widget-heading\" data-id=\"f260e88\" data-element_type=\"widget\" data-e-type=\"widget\" data-widget_type=\"heading.default\">\n\t\t\t\t<div class=\"elementor-widget-container\">\n\t\t\t\t\t<h2 class=\"elementor-heading-title elementor-size-default\">Top-Jobs in Ihrer N\u00e4he<\/h2>\t\t\t\t<\/div>\n\t\t\t\t<\/div>\n\t\t\t\t<div class=\"elementor-element elementor-element-4e03d59 elementor-widget elementor-widget-text-editor\" data-id=\"4e03d59\" data-element_type=\"widget\" data-e-type=\"widget\" data-widget_type=\"text-editor.default\">\n\t\t\t\t<div class=\"elementor-widget-container\">\n\t\t\t\t\t\t\t\t\t<p>Seit u\u0308ber 60 Jahren ist Fr\u00f6ling die Qualit\u00e4tsmarke fu\u0308r Heizen mit Holz und Pellets und hat sich als \u00f6sterreichisches Familienunternehmen zum internationalen Brennpunkt und einem der gr\u00f6\u00dften Arbeitgeber der Region entwickelt.<\/p>\t\t\t\t\t\t\t\t<\/div>\n\t\t\t\t<\/div>\n\t\t\t\t<div class=\"elementor-element elementor-element-43ac718 elementor-widget elementor-widget-text-editor\" data-id=\"43ac718\" data-element_type=\"widget\" data-e-type=\"widget\" data-widget_type=\"text-editor.default\">\n\t\t\t\t<div class=\"elementor-widget-container\">\n\t\t\t\t\t\t\t\t\t<p>Heute steht der Name Fr\u00f6ling u\u0308ber die Grenzen Europas hinaus fu\u0308r hocheffiziente Heiztechnik vom Einfamilienhaus bis hin zur industriellen Anwendung im hohen Anforderungsbereich. Das Produktionswerk in Stritzing z\u00e4hlt zu den modernsten Stahlblechverarbeitungszentren \u00d6sterreichs. Maschinen der neuesten Generation sorgen fu\u0308r einen reibungslosen und effizienten Arbeitsablauf.<\/p>\t\t\t\t\t\t\t\t<\/div>\n\t\t\t\t<\/div>\n\t\t\t\t<\/div>\n\t\t\t\t\t<\/div>\n\t\t\t\t<\/div>\n\t\t<div class=\"elementor-element elementor-element-a3a627d e-flex e-con-boxed e-con e-parent\" data-id=\"a3a627d\" data-element_type=\"container\" data-e-type=\"container\" data-settings=\"{&quot;background_background&quot;:&quot;gradient&quot;}\">\n\t\t\t\t\t<div class=\"e-con-inner\">\n\t\t<div class=\"elementor-element elementor-element-d099d35 e-con-full e-flex e-con e-child\" data-id=\"d099d35\" data-element_type=\"container\" data-e-type=\"container\">\n\t\t\t\t<div class=\"elementor-element elementor-element-cf518d0 elementor-widget elementor-widget-heading\" data-id=\"cf518d0\" data-element_type=\"widget\" data-e-type=\"widget\" data-widget_type=\"heading.default\">\n\t\t\t\t<div class=\"elementor-widget-container\">\n\t\t\t\t\t<h2 class=\"elementor-heading-title elementor-size-default\">Aktuelle Stellenangebote<\/h2>\t\t\t\t<\/div>\n\t\t\t\t<\/div>\n\t\t\t\t<div class=\"elementor-element elementor-element-bdc3fdd elementor-widget elementor-widget-text-editor\" data-id=\"bdc3fdd\" data-element_type=\"widget\" data-e-type=\"widget\" data-widget_type=\"text-editor.default\">\n\t\t\t\t<div class=\"elementor-widget-container\">\n\t\t\t\t\t\t\t\t\t<p>Aufgrund der starken Nachfrage f\u00fcr unsere Produkte und der exzellenten Zukunftsaussichten f\u00fcr &#8222;Erneuerbare Energien&#8220; verst\u00e4rken wir unser Team mit kommunikationsstarken und teamf\u00e4higen Pers\u00f6nlichkeiten.<\/p><p>F\u00fcr alle Positionen bieten wir Ihnen eine entsprechende Unterst\u00fctzung in der Startphase, attraktive Einkommensm\u00f6glichkeiten sowie die Vorteile und Sicherheit eines traditionsreichen Familienunternehmens.<\/p>\t\t\t\t\t\t\t\t<\/div>\n\t\t\t\t<\/div>\n\t\t<div class=\"elementor-element elementor-element-21e2f04 e-flex e-con-boxed e-con e-child\" data-id=\"21e2f04\" data-element_type=\"container\" data-e-type=\"container\" data-settings=\"{&quot;background_background&quot;:&quot;classic&quot;}\">\n\t\t\t\t\t<div class=\"e-con-inner\">\n\t\t<div class=\"elementor-element elementor-element-1897b19 e-flex e-con-boxed e-con e-child\" data-id=\"1897b19\" data-element_type=\"container\" data-e-type=\"container\">\n\t\t\t\t\t<div class=\"e-con-inner\">\n\t\t\t\t<div class=\"elementor-element elementor-element-98d9cb4 elementor-widget elementor-widget-heading\" data-id=\"98d9cb4\" data-element_type=\"widget\" data-e-type=\"widget\" data-widget_type=\"heading.default\">\n\t\t\t\t<div class=\"elementor-widget-container\">\n\t\t\t\t\t<div class=\"elementor-heading-title elementor-size-default\">Initiativbewerbungen<\/div>\t\t\t\t<\/div>\n\t\t\t\t<\/div>\n\t\t\t\t<div class=\"elementor-element elementor-element-71ef05e elementor-view-default elementor-widget elementor-widget-icon\" data-id=\"71ef05e\" data-element_type=\"widget\" data-e-type=\"widget\" data-widget_type=\"icon.default\">\n\t\t\t\t<div class=\"elementor-widget-container\">\n\t\t\t\t\t\t\t<div class=\"elementor-icon-wrapper\">\n\t\t\t<div class=\"elementor-icon\">\n\t\t\t<i aria-hidden=\"true\" class=\"fas fa-info-circle\"><\/i>\t\t\t<\/div>\n\t\t<\/div>\n\t\t\t\t\t\t<\/div>\n\t\t\t\t<\/div>\n\t\t\t\t\t<\/div>\n\t\t\t\t<\/div>\n\t\t\t\t<div class=\"elementor-element elementor-element-cd76fa4 elementor-widget elementor-widget-text-editor\" data-id=\"cd76fa4\" data-element_type=\"widget\" data-e-type=\"widget\" data-widget_type=\"text-editor.default\">\n\t\t\t\t<div class=\"elementor-widget-container\">\n\t\t\t\t\t\t\t\t\t<p>Mit einem klaren beruflichen Ziel oder einer speziellen Qualifikation m\u00fcssen Sie nicht auf ein passendes Angebot von uns warten.<\/p><p>Ergreifen Sie selbst die Initiative und bewerben Sie sich f\u00fcr Ihre Wunschposition.<\/p>\t\t\t\t\t\t\t\t<\/div>\n\t\t\t\t<\/div>\n\t\t\t\t\t<\/div>\n\t\t\t\t<\/div>\n\t\t\t\t<\/div>\n\t\t<div class=\"elementor-element elementor-element-56b9784 e-flex e-con-boxed e-con e-child\" data-id=\"56b9784\" data-element_type=\"container\" data-e-type=\"container\" data-settings=\"{&quot;background_background&quot;:&quot;classic&quot;}\">\n\t\t\t\t\t<div class=\"e-con-inner\">\n\t\t<div class=\"elementor-element elementor-element-7002933 e-con-full hover-img e-flex e-con e-child\" data-id=\"7002933\" data-element_type=\"container\" data-e-type=\"container\" data-settings=\"{&quot;background_background&quot;:&quot;classic&quot;}\">\n\t\t\t\t<div class=\"elementor-element elementor-element-9bffb77 elementor-widget elementor-widget-heading\" data-id=\"9bffb77\" data-element_type=\"widget\" data-e-type=\"widget\" data-widget_type=\"heading.default\">\n\t\t\t\t<div class=\"elementor-widget-container\">\n\t\t\t\t\t<h3 class=\"elementor-heading-title elementor-size-default\">Ihre Bewerbung\n<\/h3>\t\t\t\t<\/div>\n\t\t\t\t<\/div>\n\t\t\t\t<div class=\"elementor-element elementor-element-f1da6e3 elementor-widget elementor-widget-text-editor\" data-id=\"f1da6e3\" data-element_type=\"widget\" data-e-type=\"widget\" data-widget_type=\"text-editor.default\">\n\t\t\t\t<div class=\"elementor-widget-container\">\n\t\t\t\t\t\t\t\t\t<p>Wenn Sie an einer Karriere in einem innovativen und erfolgreichen Unternehmen interessiert sind, richten Sie Ihre aussagekr\u00e4ftigen Bewerbungsunterlagen &#8211; bevorzugt per E-Mail &#8211; bitte an:<\/p><p>FR\u00d6LING Heizkessel- u. Beh\u00e4lterbau Ges.m.b.H.<br \/>z.Hd. Personalleitung<br \/>Industriestrasse 12, A-4710 Grieskirchen<br \/>Tel. +43\/7248\/606 &#8211; 0<br \/>E-Mail: bewerbung@froeling.com<\/p><p>Im Sinne des GBG wenden wir uns an Damen und Herren.<\/p>\t\t\t\t\t\t\t\t<\/div>\n\t\t\t\t<\/div>\n\t\t\t\t<\/div>\n\t\t\t\t\t<\/div>\n\t\t\t\t<\/div>\n\t\t\t\t\t<\/div>\n\t\t\t\t<\/div>\n\t\t<div class=\"elementor-element elementor-element-aacde77 e-flex e-con-boxed e-con e-parent\" data-id=\"aacde77\" data-element_type=\"container\" data-e-type=\"container\">\n\t\t\t\t\t<div class=\"e-con-inner\">\n\t\t\t\t<div class=\"elementor-element elementor-element-9890619 elementor-widget elementor-widget-toggle\" data-id=\"9890619\" data-element_type=\"widget\" data-e-type=\"widget\" data-widget_type=\"toggle.default\">\n\t\t\t\t<div class=\"elementor-widget-container\">\n\t\t\t\t\t\t\t<div class=\"elementor-toggle\">\n\t\t\t\t\t\t\t<div class=\"elementor-toggle-item\">\n\t\t\t\t\t<div id=\"elementor-tab-title-1591\" class=\"elementor-tab-title\" data-tab=\"1\" role=\"button\" aria-controls=\"elementor-tab-content-1591\" aria-expanded=\"false\">\n\t\t\t\t\t\t\t\t\t\t\t\t<span class=\"elementor-toggle-icon elementor-toggle-icon-right\" aria-hidden=\"true\">\n\t\t\t\t\t\t\t\t\t\t\t\t\t\t\t<span class=\"elementor-toggle-icon-closed\"><i class=\"fas fa-plus-circle\"><\/i><\/span>\n\t\t\t\t\t\t\t\t<span class=\"elementor-toggle-icon-opened\"><i class=\"elementor-toggle-icon-opened fas fa-minus-circle\"><\/i><\/span>\n\t\t\t\t\t\t\t\t\t\t\t\t\t<\/span>\n\t\t\t\t\t\t\t\t\t\t\t\t<a class=\"elementor-toggle-title\" tabindex=\"0\">Gebietsleiter Vertrieb (m\/w\/d) Gro\u00dfraum Trier \u2013 Koblenz<\/a>\n\t\t\t\t\t<\/div>\n\n\t\t\t\t\t<div id=\"elementor-tab-content-1591\" class=\"elementor-tab-content elementor-clearfix\" data-tab=\"1\" role=\"region\" aria-labelledby=\"elementor-tab-title-1591\"><p><strong>Ihre Aufgaben:<\/strong><\/p><ul><li>Betreuung und Beratung der bestehenden Kunden (Gro\u00dfhandel, Heizungsbauer)<\/li><li>Neukundenakquisition<\/li><li>Unterst\u00fctzende Beratungst\u00e4tigkeiten f\u00fcr den Fachhandwerker<\/li><\/ul><p>\u00a0<\/p><p><strong>Ihr Profil:<\/strong><\/p><ul><li>Erfahrung und Freude am Verkauf<\/li><li>Eine technische Ausbildung (Heizungsbaumeister oder Techniker, etc.) ist von Vorteil<\/li><li>Ein hohes Ma\u00df an Engagement und Einsatzbereitschaft<\/li><\/ul><p>\u00a0<\/p><p>F\u00fcr diese Position bieten wir Ihnen eine <strong>entsprechende Einschulung abgestimmt auf Ihren Erfahrungswert, attraktive<\/strong><br \/><strong>Einkommensm\u00f6glichkeiten<\/strong> sowie die Vorteile und Sicherheit eines traditionsreichen Familienunternehmens.<\/p><\/div>\n\t\t\t\t<\/div>\n\t\t\t\t\t\t\t<div class=\"elementor-toggle-item\">\n\t\t\t\t\t<div id=\"elementor-tab-title-1592\" class=\"elementor-tab-title\" data-tab=\"2\" role=\"button\" aria-controls=\"elementor-tab-content-1592\" aria-expanded=\"false\">\n\t\t\t\t\t\t\t\t\t\t\t\t<span class=\"elementor-toggle-icon elementor-toggle-icon-right\" aria-hidden=\"true\">\n\t\t\t\t\t\t\t\t\t\t\t\t\t\t\t<span class=\"elementor-toggle-icon-closed\"><i class=\"fas fa-plus-circle\"><\/i><\/span>\n\t\t\t\t\t\t\t\t<span class=\"elementor-toggle-icon-opened\"><i class=\"elementor-toggle-icon-opened fas fa-minus-circle\"><\/i><\/span>\n\t\t\t\t\t\t\t\t\t\t\t\t\t<\/span>\n\t\t\t\t\t\t\t\t\t\t\t\t<a class=\"elementor-toggle-title\" tabindex=\"0\">Kundendienst-TechnikerIn (m\/w)<\/a>\n\t\t\t\t\t<\/div>\n\n\t\t\t\t\t<div id=\"elementor-tab-content-1592\" class=\"elementor-tab-content elementor-clearfix\" data-tab=\"2\" role=\"region\" aria-labelledby=\"elementor-tab-title-1592\"><p><b>jeweils f\u00fcr folgende Regionen:<\/b><\/p><ul><li>Bad T\u00f6lz &#8211; Rosenheim<\/li><li>Baden &#8211; Baden<\/li><li>Donaueschingen (Ba-W\u00fc)<\/li><li>Eberswalde<\/li><li>Erlangen<\/li><li>Fulda &#8211; Suhl<\/li><li>F\u00fcrstenfeldbruck<\/li><li>Heilbronn<\/li><li>Karlsruhe<\/li><li>Ludwigsburg<\/li><li>Osnabr\u00fcck<\/li><li>Ravensburg<\/li><li>Reutlingen (BWB)<\/li><li>Schw\u00e4bisch Hall &#8211; Schw\u00e4bisch Gm\u00fcnd<\/li><li>Wasserburg<\/li><li>Weiden &#8211; Oberpfalz<\/li><\/ul><p>Nicht die passende Region? Wir verst\u00e4rken regelm\u00e4\u00dfig unseren Kundendienst &#8211; gerne freuen wir uns auch \u00fcber Ihre\u00a0<b>Initiativbewerbung f\u00fcr andere Regionen<\/b>.\u00a0<\/p><p><b>Ihre Aufgaben:<\/b><\/p><ul><li>Inbetriebnahmen<\/li><li>Wartung<\/li><li>St\u00f6rungsbehebung<\/li><li>Montage<\/li><\/ul><p><b>Unsere Erwartungen:<\/b><\/p><ul><li><div>Abgeschlossene Ausbildung (Elektriker\/in, Heizungsbauer\/in, Schlosser\/in, Mechaniker\/in, Schornsteinfeger\/in o. \u00c4.), auch Quereinsteiger\/innen<\/div><\/li><li>Hohe Serviceorientierung<\/li><li>Kundenfreundlichkeit und Verantwortungsbewusstsein<\/li><li>Selbstst\u00e4ndiges Arbeiten<\/li><\/ul><\/div>\n\t\t\t\t<\/div>\n\t\t\t\t\t\t\t<div class=\"elementor-toggle-item\">\n\t\t\t\t\t<div id=\"elementor-tab-title-1593\" class=\"elementor-tab-title\" data-tab=\"3\" role=\"button\" aria-controls=\"elementor-tab-content-1593\" aria-expanded=\"false\">\n\t\t\t\t\t\t\t\t\t\t\t\t<span class=\"elementor-toggle-icon elementor-toggle-icon-right\" aria-hidden=\"true\">\n\t\t\t\t\t\t\t\t\t\t\t\t\t\t\t<span class=\"elementor-toggle-icon-closed\"><i class=\"fas fa-plus-circle\"><\/i><\/span>\n\t\t\t\t\t\t\t\t<span class=\"elementor-toggle-icon-opened\"><i class=\"elementor-toggle-icon-opened fas fa-minus-circle\"><\/i><\/span>\n\t\t\t\t\t\t\t\t\t\t\t\t\t<\/span>\n\t\t\t\t\t\t\t\t\t\t\t\t<a class=\"elementor-toggle-title\" tabindex=\"0\">SachbearbeiterIn \/ DisponentIn (m\/w)<\/a>\n\t\t\t\t\t<\/div>\n\n\t\t\t\t\t<div id=\"elementor-tab-content-1593\" class=\"elementor-tab-content elementor-clearfix\" data-tab=\"3\" role=\"region\" aria-labelledby=\"elementor-tab-title-1593\"><div id=\"c7330\" class=\"csc-frame csc-frame-rulerBefore\"><p><b>Ihre Aufgaben:<\/b><\/p><ul><li>Disposition, Terminkoordination von KD-Technikern<\/li><li>Abstimmung mit dem technischen Au\u00dfendienst<\/li><li>Angebotslegung und Auftragserfassung<\/li><li>Hilfestellung \/ Support am Telefon<\/li><li>Allgemeine B\u00fcrot\u00e4tigkeiten<\/li><\/ul><p><b>Unsere Erwartungen:<\/b><\/p><ul><li>Kaufm\u00e4nnische Ausbildung\u00a0<\/li><li>Organisationstalent und Verantwortungsbewusstsein<\/li><li>Kundenfreundlichkeit und Genauigkeit<\/li><\/ul><\/div><\/div>\n\t\t\t\t<\/div>\n\t\t\t\t\t\t\t<div class=\"elementor-toggle-item\">\n\t\t\t\t\t<div id=\"elementor-tab-title-1594\" class=\"elementor-tab-title\" data-tab=\"4\" role=\"button\" aria-controls=\"elementor-tab-content-1594\" aria-expanded=\"false\">\n\t\t\t\t\t\t\t\t\t\t\t\t<span class=\"elementor-toggle-icon elementor-toggle-icon-right\" aria-hidden=\"true\">\n\t\t\t\t\t\t\t\t\t\t\t\t\t\t\t<span class=\"elementor-toggle-icon-closed\"><i class=\"fas fa-plus-circle\"><\/i><\/span>\n\t\t\t\t\t\t\t\t<span class=\"elementor-toggle-icon-opened\"><i class=\"elementor-toggle-icon-opened fas fa-minus-circle\"><\/i><\/span>\n\t\t\t\t\t\t\t\t\t\t\t\t\t<\/span>\n\t\t\t\t\t\t\t\t\t\t\t\t<a class=\"elementor-toggle-title\" tabindex=\"0\">Technischer Innendienst \/ Kundendienst  (m\/w)<\/a>\n\t\t\t\t\t<\/div>\n\n\t\t\t\t\t<div id=\"elementor-tab-content-1594\" class=\"elementor-tab-content elementor-clearfix\" data-tab=\"4\" role=\"region\" aria-labelledby=\"elementor-tab-title-1594\"><p><b>Standort\u00a0Aschheim bei M\u00fcnchen<\/b><\/p><p>\u00a0<b>Ihre Aufgaben:<\/b><\/p><ul><li>Technische Hilfestellungen am Telefon\/Support<\/li><li>Disposition der Kundendienst-TechnikerInnen, Terminkoordination<\/li><li>Abstimmung mit dem technischen Au\u00dfendienst<\/li><li>Angebotslegung und Auftragserfassung<\/li><\/ul><p><b>Unsere Erwartungen:<\/b><\/p><ul><li><div>Technische Ausbildung (abgeschlossene Lehre, Technikerschule, MeisterIn, o. \u00e4.)<\/div><\/li><li>Organisationstalent und Verantwortungsbewusstsein<\/li><li>Kundenfreundlichkeit und Genauigkeit<\/li><\/ul><\/div>\n\t\t\t\t<\/div>\n\t\t\t\t\t\t\t\t<\/div>\n\t\t\t\t\t\t<\/div>\n\t\t\t\t<\/div>\n\t\t\t\t\t<\/div>\n\t\t\t\t<\/div>\n\t\t\t\t<\/div>\n\t\t","protected":false},"excerpt":{"rendered":"<p>Karriere bei Fr\u00f6ling Wir sind einer der f\u00fchrenden europ\u00e4ischen Hersteller innovativer und umweltfreundlicher Heizsysteme (Scheitholz, Hackgut, Pellets). Unser stetes Streben nach innovativen L\u00f6sungen f\u00fcr unsere Kunden wird auch durch zahlreiche nationale und internationale Auszeichnungen dokumentiert. Arbeiten bei Fr\u00f6ling Top-Jobs in Ihrer N\u00e4he Seit u\u0308ber 60 Jahren ist Fr\u00f6ling die Qualit\u00e4tsmarke fu\u0308r Heizen mit Holz und [&hellip;]<\/p>\n","protected":false},"author":8,"featured_media":0,"parent":82,"menu_order":0,"comment_status":"closed","ping_status":"closed","template":"","meta":{"_acf_changed":false,"footnotes":""},"class_list":["post-1400","page","type-page","status-publish","hentry"],"acf":[],"_links":{"self":[{"href":"https:\/\/www.froeling.com\/de-de\/wp-json\/wp\/v2\/pages\/1400","targetHints":{"allow":["GET"]}}],"collection":[{"href":"https:\/\/www.froeling.com\/de-de\/wp-json\/wp\/v2\/pages"}],"about":[{"href":"https:\/\/www.froeling.com\/de-de\/wp-json\/wp\/v2\/types\/page"}],"author":[{"embeddable":true,"href":"https:\/\/www.froeling.com\/de-de\/wp-json\/wp\/v2\/users\/8"}],"replies":[{"embeddable":true,"href":"https:\/\/www.froeling.com\/de-de\/wp-json\/wp\/v2\/comments?post=1400"}],"version-history":[{"count":7,"href":"https:\/\/www.froeling.com\/de-de\/wp-json\/wp\/v2\/pages\/1400\/revisions"}],"predecessor-version":[{"id":7296,"href":"https:\/\/www.froeling.com\/de-de\/wp-json\/wp\/v2\/pages\/1400\/revisions\/7296"}],"up":[{"embeddable":true,"href":"https:\/\/www.froeling.com\/de-de\/wp-json\/wp\/v2\/pages\/82"}],"wp:attachment":[{"href":"https:\/\/www.froeling.com\/de-de\/wp-json\/wp\/v2\/media?parent=1400"}],"curies":[{"name":"wp","href":"https:\/\/api.w.org\/{rel}","templated":true}]}}