{"id":4175,"date":"2022-12-16T14:48:53","date_gmt":"2022-12-16T13:48:53","guid":{"rendered":"https:\/\/www.froeling.com\/de-at\/?page_id=4175"},"modified":"2026-03-26T09:20:38","modified_gmt":"2026-03-26T08:20:38","slug":"foerderungen","status":"publish","type":"page","link":"https:\/\/www.froeling.com\/de-de\/heizen-mit-biomasse\/foerderungen\/","title":{"rendered":"F\u00f6rderungen"},"content":{"rendered":"\t\t<div data-elementor-type=\"wp-page\" data-elementor-id=\"4175\" class=\"elementor elementor-4175\" data-elementor-post-type=\"page\">\n\t\t\t\t<div class=\"elementor-element elementor-element-b0766db e-con-full e-flex e-con e-parent\" data-id=\"b0766db\" data-element_type=\"container\" data-e-type=\"container\" data-settings=\"{&quot;background_background&quot;:&quot;gradient&quot;}\">\n\t\t<div class=\"elementor-element elementor-element-8a1c6df e-con-full e-flex e-con e-child\" data-id=\"8a1c6df\" data-element_type=\"container\" data-e-type=\"container\">\n\t\t<div class=\"elementor-element elementor-element-840f857 hero-offset-container e-flex e-con-boxed e-con e-child\" data-id=\"840f857\" data-element_type=\"container\" data-e-type=\"container\" data-settings=\"{&quot;background_background&quot;:&quot;classic&quot;}\">\n\t\t\t\t\t<div class=\"e-con-inner\">\n\t\t\t\t<div class=\"elementor-element elementor-element-21dac65 elementor-widget elementor-widget-heading\" data-id=\"21dac65\" data-element_type=\"widget\" data-e-type=\"widget\" data-widget_type=\"heading.default\">\n\t\t\t\t<div class=\"elementor-widget-container\">\n\t\t\t\t\t<h2 class=\"elementor-heading-title elementor-size-default\">F\u00f6rderungen in Deutschland<\/h2>\t\t\t\t<\/div>\n\t\t\t\t<\/div>\n\t\t\t\t\t<\/div>\n\t\t\t\t<\/div>\n\t\t\t\t<\/div>\n\t\t<div class=\"elementor-element elementor-element-5a27370 e-con-full e-flex e-con e-child\" data-id=\"5a27370\" data-element_type=\"container\" data-e-type=\"container\" data-settings=\"{&quot;background_background&quot;:&quot;classic&quot;}\">\n\t\t\t\t<\/div>\n\t\t\t\t<\/div>\n\t\t<div class=\"elementor-element elementor-element-bd8955f elementor-hidden-mobile e-flex e-con-boxed e-con e-parent\" data-id=\"bd8955f\" data-element_type=\"container\" data-e-type=\"container\" data-settings=\"{&quot;background_background&quot;:&quot;gradient&quot;}\">\n\t\t\t\t\t<div class=\"e-con-inner\">\n\t\t\t\t\t<\/div>\n\t\t\t\t<\/div>\n\t\t<div class=\"elementor-element elementor-element-f268aac e-flex e-con-boxed e-con e-parent\" data-id=\"f268aac\" data-element_type=\"container\" data-e-type=\"container\">\n\t\t\t\t\t<div class=\"e-con-inner\">\n\t\t<div class=\"elementor-element elementor-element-54b37f1 e-con-full e-flex e-con e-child\" data-id=\"54b37f1\" data-element_type=\"container\" data-e-type=\"container\">\n\t\t\t\t<div class=\"elementor-element elementor-element-d15f207 elementor-widget elementor-widget-heading\" data-id=\"d15f207\" data-element_type=\"widget\" data-e-type=\"widget\" data-widget_type=\"heading.default\">\n\t\t\t\t<div class=\"elementor-widget-container\">\n\t\t\t\t\t<h2 class=\"elementor-heading-title elementor-size-default\">Bis zu 70% F\u00f6rderung beim Heizkesseltausch<\/h2>\t\t\t\t<\/div>\n\t\t\t\t<\/div>\n\t\t\t\t<div class=\"elementor-element elementor-element-c0f48ec elementor-widget elementor-widget-text-editor\" data-id=\"c0f48ec\" data-element_type=\"widget\" data-e-type=\"widget\" data-widget_type=\"text-editor.default\">\n\t\t\t\t<div class=\"elementor-widget-container\">\n\t\t\t\t\t\t\t\t\t<div><p>Seit dem 01.01.2024 gelten in Deutschland neue F\u00f6rderzusch\u00fcsse bei Tausch einer Biomasse-, \u00d6l-, Gas-, Kohle-, und Nachtspeicherheizung durch ein klimafreundliches Heizsystem von Fr\u00f6ling.<\/p><\/div><div><span style=\"font-weight: bolder\">\u00a0 \u00a0 \u00a0 \u00a0 \u00a0 \u00a0 30 %\u00a0 F\u00f6rderzuschuss<\/span><\/div><div><span style=\"font-weight: bolder\">\u00a0 \u00a0 \u00a0 \u00a0 \u00a0 \u00a0 30 %\u00a0 Einkommens-Bonus<\/span><\/div><div><span style=\"font-weight: bolder\">\u00a0max. 20 %\u00a0 Klimageschwindigkeits-Bonus<\/span><\/div><div><p><span style=\"font-weight: bolder\">\u00a0 \u20ac 2.500,-\u00a0 F\u00f6rderzuschuss<\/span><\/p><p><span style=\"font-weight: bolder\">F\u00f6rderf\u00e4hige Kosten<\/span><br \/>Anschaffungskosten (Biomasseheizkessel, Pufferspeicher, Lager- und Transportsysteme, &#8230;), fachgerechte Planung und Bau-begleitung, die Ausgaben f\u00fcr Installation und Inbetriebnahme der gef\u00f6rderten Anlage sowie Ausgaben f\u00fcr notwendige Umbauma\u00dfnahmen (z.B. die Deinstallation und Entsorgung der Altanlagen, Optimierung des Heizungsverteilsystems durch den Einbau von Fl\u00e4chenheizk\u00f6rpern, Verrohrung oder Installation eines Speichers).<\/p><p><span style=\"font-family: var( --e-global-typography-text-font-family ), Sans-serif;font-size: var( --e-global-typography-text-font-size );font-weight: var( --e-global-typography-text-font-weight );text-align: var(--text-align);background-color: inherit\">N\u00e4here Informationen erhalten Sie bei Ihrem\u00a0<\/span><a style=\"font-family: var( --e-global-typography-text-font-family ), Sans-serif;font-size: var( --e-global-typography-text-font-size );font-weight: var( --e-global-typography-text-font-weight );text-align: var(--text-align)\" href=\"https:\/\/www.froeling.com\/de-at\/kontakt\/gebietsvertreter\/\">regionalen Gebietsleiter<\/a><span style=\"font-family: var( --e-global-typography-text-font-family ), Sans-serif;font-size: var( --e-global-typography-text-font-size );font-weight: var( --e-global-typography-text-font-weight );text-align: var(--text-align);background-color: inherit\">.<\/span><\/p><\/div>\t\t\t\t\t\t\t\t<\/div>\n\t\t\t\t<\/div>\n\t\t\t\t<div class=\"elementor-element elementor-element-42f154f elementor-widget elementor-widget-button\" data-id=\"42f154f\" data-element_type=\"widget\" data-e-type=\"widget\" data-widget_type=\"button.default\">\n\t\t\t\t<div class=\"elementor-widget-container\">\n\t\t\t\t\t\t\t\t\t<div class=\"elementor-button-wrapper\">\n\t\t\t\t\t<a class=\"elementor-button elementor-button-link elementor-size-md\" href=\"https:\/\/www.froeling.com\/de-de\/wp-content\/uploads\/sites\/7\/2025\/02\/FL0021325_BAFA_Foerderungen_mail.pdf\">\n\t\t\t\t\t\t<span class=\"elementor-button-content-wrapper\">\n\t\t\t\t\t\t<span class=\"elementor-button-icon\">\n\t\t\t\t<i aria-hidden=\"true\" class=\"far fa-file-pdf\"><\/i>\t\t\t<\/span>\n\t\t\t\t\t\t\t\t\t<span class=\"elementor-button-text\">zum Infoblatt<\/span>\n\t\t\t\t\t<\/span>\n\t\t\t\t\t<\/a>\n\t\t\t\t<\/div>\n\t\t\t\t\t\t\t\t<\/div>\n\t\t\t\t<\/div>\n\t\t\t\t<div class=\"elementor-element elementor-element-4b5d7c2 elementor-widget elementor-widget-heading\" data-id=\"4b5d7c2\" data-element_type=\"widget\" data-e-type=\"widget\" data-widget_type=\"heading.default\">\n\t\t\t\t<div class=\"elementor-widget-container\">\n\t\t\t\t\t<h2 class=\"elementor-heading-title elementor-size-default\">NEU! F\u00f6rderung BioW\u00e4rme Bayern<\/h2>\t\t\t\t<\/div>\n\t\t\t\t<\/div>\n\t\t\t\t<div class=\"elementor-element elementor-element-fd9e540 elementor-widget elementor-widget-text-editor\" data-id=\"fd9e540\" data-element_type=\"widget\" data-e-type=\"widget\" data-widget_type=\"text-editor.default\">\n\t\t\t\t<div class=\"elementor-widget-container\">\n\t\t\t\t\t\t\t\t\t<p>Das neue F\u00f6rderprogramm \u201eBioW\u00e4rme Bayern\u201c ist seit <strong>25.05.2023<\/strong> g\u00fcltig und f\u00f6rdert automatisch beschickte Biomasseheizwerke ab einer Nennw\u00e4rmeleistung von <strong>60 kW<\/strong> und ihre zugeh\u00f6rige W\u00e4rmenetze.<\/p><p>F\u00f6rderantr\u00e4ge k\u00f6nnen <strong>ab sofort<\/strong> beim F\u00f6rderzentrum Biomasse am Technologie- und F\u00f6rderzentrum (TFZ) per Mail <a href=\"mailto:foerderung@tfz.bayern.de\">foerderung@tfz.bayern.de<\/a> eingereicht werden.<\/p><p>N\u00e4here Informationen erhalten Sie bei Ihrem\u00a0<a class=\"internal-link\" href=\"https:\/\/www.froeling.com\/de-at\/kontakt\/gebietsvertreter\/\">regionalen Gebietsleiter<\/a>.<\/p>\t\t\t\t\t\t\t\t<\/div>\n\t\t\t\t<\/div>\n\t\t\t\t<div class=\"elementor-element elementor-element-8909b79 elementor-widget elementor-widget-button\" data-id=\"8909b79\" data-element_type=\"widget\" data-e-type=\"widget\" data-widget_type=\"button.default\">\n\t\t\t\t<div class=\"elementor-widget-container\">\n\t\t\t\t\t\t\t\t\t<div class=\"elementor-button-wrapper\">\n\t\t\t\t\t<a class=\"elementor-button elementor-button-link elementor-size-md\" href=\"https:\/\/www.froeling.com\/de-de\/wp-content\/uploads\/sites\/7\/2023\/07\/FL0690023_BioWareme_Bayern_mail.pdf\">\n\t\t\t\t\t\t<span class=\"elementor-button-content-wrapper\">\n\t\t\t\t\t\t<span class=\"elementor-button-icon\">\n\t\t\t\t<i aria-hidden=\"true\" class=\"far fa-file-pdf\"><\/i>\t\t\t<\/span>\n\t\t\t\t\t\t\t\t\t<span class=\"elementor-button-text\">zum Infoblatt<\/span>\n\t\t\t\t\t<\/span>\n\t\t\t\t\t<\/a>\n\t\t\t\t<\/div>\n\t\t\t\t\t\t\t\t<\/div>\n\t\t\t\t<\/div>\n\t\t<div class=\"elementor-element elementor-element-deef4af e-flex e-con-boxed e-con e-child\" data-id=\"deef4af\" data-element_type=\"container\" data-e-type=\"container\">\n\t\t\t\t\t<div class=\"e-con-inner\">\n\t\t\t\t\t<\/div>\n\t\t\t\t<\/div>\n\t\t\t\t<\/div>\n\t\t<div class=\"elementor-element elementor-element-451ee15 e-con-full e-flex e-con e-child\" data-id=\"451ee15\" data-element_type=\"container\" data-e-type=\"container\">\n\t\t\t\t<div class=\"elementor-element elementor-element-42aa3b5 elementor-widget elementor-widget-template\" data-id=\"42aa3b5\" data-element_type=\"widget\" data-e-type=\"widget\" data-widget_type=\"template.default\">\n\t\t\t\t<div class=\"elementor-widget-container\">\n\t\t\t\t\t\t\t<div class=\"elementor-template\">\n\t\t\t\t\t<div data-elementor-type=\"container\" data-elementor-id=\"913\" class=\"elementor elementor-913\" data-elementor-post-type=\"elementor_library\">\n\t\t\t\t<div class=\"elementor-element elementor-element-d1851d4 e-con-full hover-img e-flex e-con e-parent\" data-id=\"d1851d4\" data-element_type=\"container\" data-e-type=\"container\" data-settings=\"{&quot;background_background&quot;:&quot;classic&quot;}\">\n\t\t\t\t<div class=\"elementor-element elementor-element-8538615 elementor-widget elementor-widget-image\" data-id=\"8538615\" data-element_type=\"widget\" data-e-type=\"widget\" data-widget_type=\"image.default\">\n\t\t\t\t<div class=\"elementor-widget-container\">\n\t\t\t\t\t\t\t\t\t\t\t\t\t\t\t<img fetchpriority=\"high\" decoding=\"async\" width=\"283\" height=\"283\" src=\"https:\/\/www.froeling.com\/de-de\/wp-content\/uploads\/sites\/7\/2022\/07\/Ansprechpartner-1.png\" class=\"attachment-large size-large wp-image-5294\" alt=\"\" srcset=\"https:\/\/www.froeling.com\/de-de\/wp-content\/uploads\/sites\/7\/2022\/07\/Ansprechpartner-1.png 283w, https:\/\/www.froeling.com\/de-de\/wp-content\/uploads\/sites\/7\/2022\/07\/Ansprechpartner-1-150x150.png 150w\" sizes=\"(max-width: 283px) 100vw, 283px\" \/>\t\t\t\t\t\t\t\t\t\t\t\t\t\t\t<\/div>\n\t\t\t\t<\/div>\n\t\t\t\t<div class=\"elementor-element elementor-element-b07e1bc elementor-widget elementor-widget-heading\" data-id=\"b07e1bc\" data-element_type=\"widget\" data-e-type=\"widget\" data-widget_type=\"heading.default\">\n\t\t\t\t<div class=\"elementor-widget-container\">\n\t\t\t\t\t<h3 class=\"elementor-heading-title elementor-size-default\">Ihr regionaler Ansprechpartner<\/h3>\t\t\t\t<\/div>\n\t\t\t\t<\/div>\n\t\t\t\t<div class=\"elementor-element elementor-element-eef0b7b elementor-align-center elementor-icon-list--layout-traditional elementor-list-item-link-full_width elementor-widget elementor-widget-icon-list\" data-id=\"eef0b7b\" data-element_type=\"widget\" data-e-type=\"widget\" data-widget_type=\"icon-list.default\">\n\t\t\t\t<div class=\"elementor-widget-container\">\n\t\t\t\t\t\t\t<ul class=\"elementor-icon-list-items\">\n\t\t\t\t\t\t\t<li class=\"elementor-icon-list-item\">\n\t\t\t\t\t\t\t\t\t\t\t<span class=\"elementor-icon-list-icon\">\n\t\t\t\t\t\t\t<i aria-hidden=\"true\" class=\"fas fa-check\"><\/i>\t\t\t\t\t\t<\/span>\n\t\t\t\t\t\t\t\t\t\t<span class=\"elementor-icon-list-text\">kompetent &amp; schnell<\/span>\n\t\t\t\t\t\t\t\t\t<\/li>\n\t\t\t\t\t\t\t\t<li class=\"elementor-icon-list-item\">\n\t\t\t\t\t\t\t\t\t\t\t<span class=\"elementor-icon-list-icon\">\n\t\t\t\t\t\t\t<i aria-hidden=\"true\" class=\"fas fa-check\"><\/i>\t\t\t\t\t\t<\/span>\n\t\t\t\t\t\t\t\t\t\t<span class=\"elementor-icon-list-text\">bestens geschult<\/span>\n\t\t\t\t\t\t\t\t\t<\/li>\n\t\t\t\t\t\t\t\t<li class=\"elementor-icon-list-item\">\n\t\t\t\t\t\t\t\t\t\t\t<span class=\"elementor-icon-list-icon\">\n\t\t\t\t\t\t\t<i aria-hidden=\"true\" class=\"fas fa-check\"><\/i>\t\t\t\t\t\t<\/span>\n\t\t\t\t\t\t\t\t\t\t<span class=\"elementor-icon-list-text\">100% up to date<\/span>\n\t\t\t\t\t\t\t\t\t<\/li>\n\t\t\t\t\t\t\t\t<li class=\"elementor-icon-list-item\">\n\t\t\t\t\t\t\t\t\t\t\t<span class=\"elementor-icon-list-icon\">\n\t\t\t\t\t\t\t<i aria-hidden=\"true\" class=\"fas fa-check\"><\/i>\t\t\t\t\t\t<\/span>\n\t\t\t\t\t\t\t\t\t\t<span class=\"elementor-icon-list-text\">individuell f\u00fcr Sie<\/span>\n\t\t\t\t\t\t\t\t\t<\/li>\n\t\t\t\t\t\t<\/ul>\n\t\t\t\t\t\t<\/div>\n\t\t\t\t<\/div>\n\t\t\t\t<div class=\"elementor-element elementor-element-e3da0f7 elementor-align-center elementor-widget elementor-widget-button\" data-id=\"e3da0f7\" data-element_type=\"widget\" data-e-type=\"widget\" data-widget_type=\"button.default\">\n\t\t\t\t<div class=\"elementor-widget-container\">\n\t\t\t\t\t\t\t\t\t<div class=\"elementor-button-wrapper\">\n\t\t\t\t\t<a class=\"elementor-button elementor-button-link elementor-size-xs\" href=\"https:\/\/www.froeling.com\/de-de\/kontakt\/gebietsvertreter\/\">\n\t\t\t\t\t\t<span class=\"elementor-button-content-wrapper\">\n\t\t\t\t\t\t\t\t\t<span class=\"elementor-button-text\">Gebietsvertreter kontaktieren<\/span>\n\t\t\t\t\t<\/span>\n\t\t\t\t\t<\/a>\n\t\t\t\t<\/div>\n\t\t\t\t\t\t\t\t<\/div>\n\t\t\t\t<\/div>\n\t\t\t\t<\/div>\n\t\t\t\t<\/div>\n\t\t\t\t<\/div>\n\t\t\t\t\t\t<\/div>\n\t\t\t\t<\/div>\n\t\t\t\t<\/div>\n\t\t\t\t\t<\/div>\n\t\t\t\t<\/div>\n\t\t<div class=\"elementor-element elementor-element-d4d1e62 e-con-full e-flex e-con e-parent\" data-id=\"d4d1e62\" data-element_type=\"container\" data-e-type=\"container\">\n\t\t\t\t<div class=\"elementor-element elementor-element-a33fb5e elementor-widget-tablet__width-inherit elementor-widget elementor-widget-template\" data-id=\"a33fb5e\" data-element_type=\"widget\" data-e-type=\"widget\" data-widget_type=\"template.default\">\n\t\t\t\t<div class=\"elementor-widget-container\">\n\t\t\t\t\t\t\t<div class=\"elementor-template\">\n\t\t\t\t\t<div data-elementor-type=\"container\" data-elementor-id=\"903\" class=\"elementor elementor-903\" data-elementor-post-type=\"elementor_library\">\n\t\t\t\t<div class=\"elementor-element elementor-element-e735ffe e-flex e-con-boxed e-con e-parent\" data-id=\"e735ffe\" data-element_type=\"container\" data-e-type=\"container\" data-settings=\"{&quot;background_background&quot;:&quot;gradient&quot;}\">\n\t\t\t\t\t<div class=\"e-con-inner\">\n\t\t<div class=\"elementor-element elementor-element-13f14a4 e-con-full e-flex e-con e-child\" data-id=\"13f14a4\" data-element_type=\"container\" data-e-type=\"container\">\n\t\t\t\t<div class=\"elementor-element elementor-element-d16df2f elementor-widget elementor-widget-text-editor\" data-id=\"d16df2f\" data-element_type=\"widget\" data-e-type=\"widget\" data-widget_type=\"text-editor.default\">\n\t\t\t\t<div class=\"elementor-widget-container\">\n\t\t\t\t\t\t\t\t\t<p>F\u00fcr Sie pers\u00f6nlich<\/p>\t\t\t\t\t\t\t\t<\/div>\n\t\t\t\t<\/div>\n\t\t\t\t<div class=\"elementor-element elementor-element-f5c7849 elementor-widget elementor-widget-heading\" data-id=\"f5c7849\" data-element_type=\"widget\" data-e-type=\"widget\" data-widget_type=\"heading.default\">\n\t\t\t\t<div class=\"elementor-widget-container\">\n\t\t\t\t\t<h2 class=\"elementor-heading-title elementor-size-default\">Information &amp; Beratung<\/h2>\t\t\t\t<\/div>\n\t\t\t\t<\/div>\n\t\t\t\t<div class=\"elementor-element elementor-element-1ab3562 elementor-widget elementor-widget-text-editor\" data-id=\"1ab3562\" data-element_type=\"widget\" data-e-type=\"widget\" data-widget_type=\"text-editor.default\">\n\t\t\t\t<div class=\"elementor-widget-container\">\n\t\t\t\t\t\t\t\t\t<p>Sie w\u00fcnschen Infos zu einem Produkt, oder haben eine allgemeine Frage zum Unternehmen? Jetzt mittels unserem Online-Kontaktformular Information\/Beratung anfordern.<\/p>\t\t\t\t\t\t\t\t<\/div>\n\t\t\t\t<\/div>\n\t\t\t\t<div class=\"elementor-element elementor-element-44cf963 elementor-widget elementor-widget-button\" data-id=\"44cf963\" data-element_type=\"widget\" data-e-type=\"widget\" data-widget_type=\"button.default\">\n\t\t\t\t<div class=\"elementor-widget-container\">\n\t\t\t\t\t\t\t\t\t<div class=\"elementor-button-wrapper\">\n\t\t\t\t\t<a class=\"elementor-button elementor-button-link elementor-size-md\" href=\"https:\/\/www.froeling.com\/de-at\/kontakt\/information-beratung-anfordern\/\">\n\t\t\t\t\t\t<span class=\"elementor-button-content-wrapper\">\n\t\t\t\t\t\t\t\t\t<span class=\"elementor-button-text\">Pers\u00f6nliche Beratung anfordern<\/span>\n\t\t\t\t\t<\/span>\n\t\t\t\t\t<\/a>\n\t\t\t\t<\/div>\n\t\t\t\t\t\t\t\t<\/div>\n\t\t\t\t<\/div>\n\t\t\t\t<\/div>\n\t\t<div class=\"elementor-element elementor-element-c41885b e-con-full e-flex e-con e-child\" data-id=\"c41885b\" data-element_type=\"container\" data-e-type=\"container\">\n\t\t\t\t<div class=\"elementor-element elementor-element-114e36e elementor-widget elementor-widget-image\" data-id=\"114e36e\" data-element_type=\"widget\" data-e-type=\"widget\" data-widget_type=\"image.default\">\n\t\t\t\t<div class=\"elementor-widget-container\">\n\t\t\t\t\t\t\t\t\t\t\t\t\t\t\t<img decoding=\"async\" width=\"509\" height=\"511\" src=\"https:\/\/www.froeling.com\/de-de\/wp-content\/uploads\/sites\/7\/2026\/03\/Kesselgruppe_0326_700x525-1-e1774516302661.png\" class=\"attachment-medium_large size-medium_large wp-image-7301\" alt=\"\" srcset=\"https:\/\/www.froeling.com\/de-de\/wp-content\/uploads\/sites\/7\/2026\/03\/Kesselgruppe_0326_700x525-1-e1774516302661.png 509w, https:\/\/www.froeling.com\/de-de\/wp-content\/uploads\/sites\/7\/2026\/03\/Kesselgruppe_0326_700x525-1-e1774516302661-300x300.png 300w, https:\/\/www.froeling.com\/de-de\/wp-content\/uploads\/sites\/7\/2026\/03\/Kesselgruppe_0326_700x525-1-e1774516302661-150x150.png 150w\" sizes=\"(max-width: 509px) 100vw, 509px\" \/>\t\t\t\t\t\t\t\t\t\t\t\t\t\t\t<\/div>\n\t\t\t\t<\/div>\n\t\t\t\t<\/div>\n\t\t\t\t\t<\/div>\n\t\t\t\t<\/div>\n\t\t\t\t<\/div>\n\t\t\t\t<\/div>\n\t\t\t\t\t\t<\/div>\n\t\t\t\t<\/div>\n\t\t\t\t<\/div>\n\t\t\t\t<\/div>\n\t\t","protected":false},"excerpt":{"rendered":"<p>F\u00f6rderungen in Deutschland Bis zu 70% F\u00f6rderung beim Heizkesseltausch Seit dem 01.01.2024 gelten in Deutschland neue F\u00f6rderzusch\u00fcsse bei Tausch einer Biomasse-, \u00d6l-, Gas-, Kohle-, und Nachtspeicherheizung durch ein klimafreundliches Heizsystem von Fr\u00f6ling. \u00a0 \u00a0 \u00a0 \u00a0 \u00a0 \u00a0 30 %\u00a0 F\u00f6rderzuschuss\u00a0 \u00a0 \u00a0 \u00a0 \u00a0 \u00a0 30 %\u00a0 Einkommens-Bonus\u00a0max. 20 %\u00a0 Klimageschwindigkeits-Bonus \u00a0 \u20ac 2.500,-\u00a0 [&hellip;]<\/p>\n","protected":false},"author":2,"featured_media":0,"parent":78,"menu_order":0,"comment_status":"closed","ping_status":"closed","template":"","meta":{"_acf_changed":false,"footnotes":""},"class_list":["post-4175","page","type-page","status-publish","hentry"],"acf":[],"_links":{"self":[{"href":"https:\/\/www.froeling.com\/de-de\/wp-json\/wp\/v2\/pages\/4175","targetHints":{"allow":["GET"]}}],"collection":[{"href":"https:\/\/www.froeling.com\/de-de\/wp-json\/wp\/v2\/pages"}],"about":[{"href":"https:\/\/www.froeling.com\/de-de\/wp-json\/wp\/v2\/types\/page"}],"author":[{"embeddable":true,"href":"https:\/\/www.froeling.com\/de-de\/wp-json\/wp\/v2\/users\/2"}],"replies":[{"embeddable":true,"href":"https:\/\/www.froeling.com\/de-de\/wp-json\/wp\/v2\/comments?post=4175"}],"version-history":[{"count":7,"href":"https:\/\/www.froeling.com\/de-de\/wp-json\/wp\/v2\/pages\/4175\/revisions"}],"predecessor-version":[{"id":7299,"href":"https:\/\/www.froeling.com\/de-de\/wp-json\/wp\/v2\/pages\/4175\/revisions\/7299"}],"up":[{"embeddable":true,"href":"https:\/\/www.froeling.com\/de-de\/wp-json\/wp\/v2\/pages\/78"}],"wp:attachment":[{"href":"https:\/\/www.froeling.com\/de-de\/wp-json\/wp\/v2\/media?parent=4175"}],"curies":[{"name":"wp","href":"https:\/\/api.w.org\/{rel}","templated":true}]}}