{"id":4363,"date":"2022-12-20T12:33:03","date_gmt":"2022-12-20T11:33:03","guid":{"rendered":"https:\/\/www.froeling.com\/de-at\/?page_id=4363"},"modified":"2024-09-19T13:13:43","modified_gmt":"2024-09-19T11:13:43","slug":"warum-biomasse","status":"publish","type":"page","link":"https:\/\/www.froeling.com\/de-de\/heizen-mit-biomasse\/warum-biomasse\/","title":{"rendered":"Warum Biomasse?"},"content":{"rendered":"\t\t<div data-elementor-type=\"wp-page\" data-elementor-id=\"4363\" class=\"elementor elementor-4363\" data-elementor-post-type=\"page\">\n\t\t\t\t<div class=\"elementor-element elementor-element-7a5e70f e-con-full e-flex e-con e-parent\" data-id=\"7a5e70f\" data-element_type=\"container\" data-e-type=\"container\" data-settings=\"{&quot;background_background&quot;:&quot;gradient&quot;}\">\n\t\t<div class=\"elementor-element elementor-element-df2f8ce e-con-full e-flex e-con e-child\" data-id=\"df2f8ce\" data-element_type=\"container\" data-e-type=\"container\">\n\t\t<div class=\"elementor-element elementor-element-edfc409 hero-offset-container e-flex e-con-boxed e-con e-child\" data-id=\"edfc409\" data-element_type=\"container\" data-e-type=\"container\" data-settings=\"{&quot;background_background&quot;:&quot;classic&quot;}\">\n\t\t\t\t\t<div class=\"e-con-inner\">\n\t\t\t\t<div class=\"elementor-element elementor-element-58d63ad elementor-widget elementor-widget-heading\" data-id=\"58d63ad\" data-element_type=\"widget\" data-e-type=\"widget\" data-widget_type=\"heading.default\">\n\t\t\t\t<div class=\"elementor-widget-container\">\n\t\t\t\t\t<h2 class=\"elementor-heading-title elementor-size-default\">Warum mit Biomasse heizen?<\/h2>\t\t\t\t<\/div>\n\t\t\t\t<\/div>\n\t\t\t\t<div class=\"elementor-element elementor-element-413a57e elementor-widget elementor-widget-text-editor\" data-id=\"413a57e\" data-element_type=\"widget\" data-e-type=\"widget\" data-widget_type=\"text-editor.default\">\n\t\t\t\t<div class=\"elementor-widget-container\">\n\t\t\t\t\t\t\t\t\t<p>Das Heizen mit Biomasse bietet viele Vorteile, unter anderem ist es kosteng\u00fcnstig, umweltfreundlich und CO2 neutral.<\/p>\t\t\t\t\t\t\t\t<\/div>\n\t\t\t\t<\/div>\n\t\t\t\t\t<\/div>\n\t\t\t\t<\/div>\n\t\t\t\t<\/div>\n\t\t<div class=\"elementor-element elementor-element-a8a2056 e-con-full e-flex e-con e-child\" data-id=\"a8a2056\" data-element_type=\"container\" data-e-type=\"container\" data-settings=\"{&quot;background_background&quot;:&quot;classic&quot;}\">\n\t\t\t\t<\/div>\n\t\t\t\t<\/div>\n\t\t<div class=\"elementor-element elementor-element-179fa6d elementor-hidden-mobile e-flex e-con-boxed e-con e-parent\" data-id=\"179fa6d\" data-element_type=\"container\" data-e-type=\"container\" data-settings=\"{&quot;background_background&quot;:&quot;gradient&quot;}\">\n\t\t\t\t\t<div class=\"e-con-inner\">\n\t\t\t\t\t<\/div>\n\t\t\t\t<\/div>\n\t\t<div class=\"elementor-element elementor-element-cae6702 e-flex e-con-boxed e-con e-parent\" data-id=\"cae6702\" data-element_type=\"container\" data-e-type=\"container\">\n\t\t\t\t\t<div class=\"e-con-inner\">\n\t\t\t\t<div class=\"elementor-element elementor-element-77c748e elementor-widget elementor-widget-heading\" data-id=\"77c748e\" data-element_type=\"widget\" data-e-type=\"widget\" data-widget_type=\"heading.default\">\n\t\t\t\t<div class=\"elementor-widget-container\">\n\t\t\t\t\t<h4 class=\"elementor-heading-title elementor-size-default\">Dokumente downloaden (PDF)<\/h4>\t\t\t\t<\/div>\n\t\t\t\t<\/div>\n\t\t\t\t\t<\/div>\n\t\t\t\t<\/div>\n\t\t<div class=\"elementor-element elementor-element-4f080da e-flex e-con-boxed e-con e-parent\" data-id=\"4f080da\" data-element_type=\"container\" data-e-type=\"container\">\n\t\t\t\t\t<div class=\"e-con-inner\">\n\t\t\t\t<div class=\"elementor-element elementor-element-8f726a5 elementor-align-justify elementor-widget__width-inherit elementor-widget-tablet__width-initial elementor-widget elementor-widget-button\" data-id=\"8f726a5\" data-element_type=\"widget\" data-e-type=\"widget\" data-widget_type=\"button.default\">\n\t\t\t\t<div class=\"elementor-widget-container\">\n\t\t\t\t\t\t\t\t\t<div class=\"elementor-button-wrapper\">\n\t\t\t\t\t<a class=\"elementor-button elementor-button-link elementor-size-sm\" href=\"https:\/\/www.froeling.com\/de-at\/wp-content\/uploads\/sites\/2\/2024\/05\/P1240023_Brennstoffe_DE_mail.pdf\">\n\t\t\t\t\t\t<span class=\"elementor-button-content-wrapper\">\n\t\t\t\t\t\t<span class=\"elementor-button-icon\">\n\t\t\t\t<i aria-hidden=\"true\" class=\"far fa-file-pdf\"><\/i>\t\t\t<\/span>\n\t\t\t\t\t\t\t\t\t<span class=\"elementor-button-text\">Brosch\u00fcre Holzbrennstoffe (PDF)<\/span>\n\t\t\t\t\t<\/span>\n\t\t\t\t\t<\/a>\n\t\t\t\t<\/div>\n\t\t\t\t\t\t\t\t<\/div>\n\t\t\t\t<\/div>\n\t\t\t\t<div class=\"elementor-element elementor-element-1b238fb elementor-align-justify elementor-widget__width-inherit elementor-widget-tablet__width-initial elementor-widget elementor-widget-button\" data-id=\"1b238fb\" data-element_type=\"widget\" data-e-type=\"widget\" data-widget_type=\"button.default\">\n\t\t\t\t<div class=\"elementor-widget-container\">\n\t\t\t\t\t\t\t\t\t<div class=\"elementor-button-wrapper\">\n\t\t\t\t\t<a class=\"elementor-button elementor-button-link elementor-size-sm\" href=\"https:\/\/www.froeling.com\/de-at\/wp-content\/uploads\/sites\/2\/2024\/05\/DEPI_Flyer_5Gruende_2024_web-1.pdf\">\n\t\t\t\t\t\t<span class=\"elementor-button-content-wrapper\">\n\t\t\t\t\t\t\t\t\t<span class=\"elementor-button-text\">Darum mit Pellets heizen - DEPI (PDF)<\/span>\n\t\t\t\t\t<\/span>\n\t\t\t\t\t<\/a>\n\t\t\t\t<\/div>\n\t\t\t\t\t\t\t\t<\/div>\n\t\t\t\t<\/div>\n\t\t\t\t\t<\/div>\n\t\t\t\t<\/div>\n\t\t<div class=\"elementor-element elementor-element-e1d70da e-flex e-con-boxed e-con e-parent\" data-id=\"e1d70da\" data-element_type=\"container\" data-e-type=\"container\">\n\t\t\t\t\t<div class=\"e-con-inner\">\n\t\t<div class=\"elementor-element elementor-element-ebad79e e-con-full e-flex e-con e-child\" data-id=\"ebad79e\" data-element_type=\"container\" data-e-type=\"container\">\n\t\t\t\t<div class=\"elementor-element elementor-element-ffb9efe elementor-widget elementor-widget-text-editor\" data-id=\"ffb9efe\" data-element_type=\"widget\" data-e-type=\"widget\" data-widget_type=\"text-editor.default\">\n\t\t\t\t<div class=\"elementor-widget-container\">\n\t\t\t\t\t\t\t\t\t<p>Holz ist aus \u00f6konomischer und \u00f6kologischer Sicht der optimale Brennstoff \u2013 sowohl als St\u00fcckgut, Pellets oder auch Hackschnitzel. Der Brennstoff wird bei Pellets und Hackschnitzel vollautomatisch vom Lagerraum in den Kessel transportiert. Die Verbrennung erfolgt<br \/>je nach W\u00e4rmebedarf und eingestellten Zeiten\/Temperaturen der Regelung. Als Komplettanbieter f\u00fcr den Heizraum produziert Fr\u00f6ling Heizkessel, die mit Pellets, Hackschnitzel und Scheitholz befeuert werden k\u00f6nnen.<\/p>\t\t\t\t\t\t\t\t<\/div>\n\t\t\t\t<\/div>\n\t\t\t\t<div class=\"elementor-element elementor-element-9bbbad1 elementor-icon-list--layout-traditional elementor-list-item-link-full_width elementor-widget elementor-widget-icon-list\" data-id=\"9bbbad1\" data-element_type=\"widget\" data-e-type=\"widget\" data-widget_type=\"icon-list.default\">\n\t\t\t\t<div class=\"elementor-widget-container\">\n\t\t\t\t\t\t\t<ul class=\"elementor-icon-list-items\">\n\t\t\t\t\t\t\t<li class=\"elementor-icon-list-item\">\n\t\t\t\t\t\t\t\t\t\t\t<span class=\"elementor-icon-list-icon\">\n\t\t\t\t\t\t\t<i aria-hidden=\"true\" class=\"fas fa-check\"><\/i>\t\t\t\t\t\t<\/span>\n\t\t\t\t\t\t\t\t\t\t<span class=\"elementor-icon-list-text\">CO2-neutral und klimafreundlich<\/span>\n\t\t\t\t\t\t\t\t\t<\/li>\n\t\t\t\t\t\t\t\t<li class=\"elementor-icon-list-item\">\n\t\t\t\t\t\t\t\t\t\t\t<span class=\"elementor-icon-list-icon\">\n\t\t\t\t\t\t\t<i aria-hidden=\"true\" class=\"fas fa-check\"><\/i>\t\t\t\t\t\t<\/span>\n\t\t\t\t\t\t\t\t\t\t<span class=\"elementor-icon-list-text\">Heimische Energie<\/span>\n\t\t\t\t\t\t\t\t\t<\/li>\n\t\t\t\t\t\t\t\t<li class=\"elementor-icon-list-item\">\n\t\t\t\t\t\t\t\t\t\t\t<span class=\"elementor-icon-list-icon\">\n\t\t\t\t\t\t\t<i aria-hidden=\"true\" class=\"fas fa-check\"><\/i>\t\t\t\t\t\t<\/span>\n\t\t\t\t\t\t\t\t\t\t<span class=\"elementor-icon-list-text\">Von den hohen F\u00f6rderungen profitieren<\/span>\n\t\t\t\t\t\t\t\t\t<\/li>\n\t\t\t\t\t\t<\/ul>\n\t\t\t\t\t\t<\/div>\n\t\t\t\t<\/div>\n\t\t\t\t<div class=\"elementor-element elementor-element-7a095e3 elementor-absolute elementor-widget elementor-widget-image\" data-id=\"7a095e3\" data-element_type=\"widget\" data-e-type=\"widget\" data-settings=\"{&quot;_position&quot;:&quot;absolute&quot;}\" data-widget_type=\"image.default\">\n\t\t\t\t<div class=\"elementor-widget-container\">\n\t\t\t\t\t\t\t\t\t\t\t\t\t\t\t<img fetchpriority=\"high\" decoding=\"async\" width=\"800\" height=\"487\" src=\"https:\/\/www.froeling.com\/de-de\/wp-content\/uploads\/sites\/7\/2024\/09\/Diagramm-Brennstoffe-CO2-1024x623.png\" class=\"attachment-large size-large wp-image-6508\" alt=\"\" srcset=\"https:\/\/www.froeling.com\/de-de\/wp-content\/uploads\/sites\/7\/2024\/09\/Diagramm-Brennstoffe-CO2-1024x623.png 1024w, https:\/\/www.froeling.com\/de-de\/wp-content\/uploads\/sites\/7\/2024\/09\/Diagramm-Brennstoffe-CO2-300x182.png 300w, https:\/\/www.froeling.com\/de-de\/wp-content\/uploads\/sites\/7\/2024\/09\/Diagramm-Brennstoffe-CO2-768x467.png 768w, https:\/\/www.froeling.com\/de-de\/wp-content\/uploads\/sites\/7\/2024\/09\/Diagramm-Brennstoffe-CO2.png 1417w\" sizes=\"(max-width: 800px) 100vw, 800px\" \/>\t\t\t\t\t\t\t\t\t\t\t\t\t\t\t<\/div>\n\t\t\t\t<\/div>\n\t\t\t\t<\/div>\n\t\t\t\t\t<\/div>\n\t\t\t\t<\/div>\n\t\t<div class=\"elementor-element elementor-element-aab4aef e-flex e-con-boxed e-con e-parent\" data-id=\"aab4aef\" data-element_type=\"container\" data-e-type=\"container\">\n\t\t\t\t\t<div class=\"e-con-inner\">\n\t\t\t\t<div class=\"elementor-element elementor-element-98d0b3f elementor-widget elementor-widget-image\" data-id=\"98d0b3f\" data-element_type=\"widget\" data-e-type=\"widget\" data-widget_type=\"image.default\">\n\t\t\t\t<div class=\"elementor-widget-container\">\n\t\t\t\t\t\t\t\t\t\t\t\t\t\t\t<img decoding=\"async\" width=\"800\" height=\"943\" src=\"https:\/\/www.froeling.com\/de-de\/wp-content\/uploads\/sites\/7\/2024\/09\/CO2-869x1024.png\" class=\"attachment-large size-large wp-image-6509\" alt=\"\" srcset=\"https:\/\/www.froeling.com\/de-de\/wp-content\/uploads\/sites\/7\/2024\/09\/CO2-869x1024.png 869w, https:\/\/www.froeling.com\/de-de\/wp-content\/uploads\/sites\/7\/2024\/09\/CO2-255x300.png 255w, https:\/\/www.froeling.com\/de-de\/wp-content\/uploads\/sites\/7\/2024\/09\/CO2-768x905.png 768w, https:\/\/www.froeling.com\/de-de\/wp-content\/uploads\/sites\/7\/2024\/09\/CO2-1304x1536.png 1304w, https:\/\/www.froeling.com\/de-de\/wp-content\/uploads\/sites\/7\/2024\/09\/CO2.png 1654w\" sizes=\"(max-width: 800px) 100vw, 800px\" \/>\t\t\t\t\t\t\t\t\t\t\t\t\t\t\t<\/div>\n\t\t\t\t<\/div>\n\t\t<div class=\"elementor-element elementor-element-698608b e-con-full e-flex e-con e-child\" data-id=\"698608b\" data-element_type=\"container\" data-e-type=\"container\">\n\t\t\t\t<div class=\"elementor-element elementor-element-66f8eb2 elementor-widget elementor-widget-text-editor\" data-id=\"66f8eb2\" data-element_type=\"widget\" data-e-type=\"widget\" data-widget_type=\"text-editor.default\">\n\t\t\t\t<div class=\"elementor-widget-container\">\n\t\t\t\t\t\t\t\t\t<p>Ist das Heizen mit Holz<\/p>\t\t\t\t\t\t\t\t<\/div>\n\t\t\t\t<\/div>\n\t\t\t\t<div class=\"elementor-element elementor-element-53d612b elementor-widget elementor-widget-heading\" data-id=\"53d612b\" data-element_type=\"widget\" data-e-type=\"widget\" data-widget_type=\"heading.default\">\n\t\t\t\t<div class=\"elementor-widget-container\">\n\t\t\t\t\t<h2 class=\"elementor-heading-title elementor-size-default\">CO2-Neutral?<\/h2>\t\t\t\t<\/div>\n\t\t\t\t<\/div>\n\t\t\t\t<div class=\"elementor-element elementor-element-0d613a7 elementor-widget elementor-widget-text-editor\" data-id=\"0d613a7\" data-element_type=\"widget\" data-e-type=\"widget\" data-widget_type=\"text-editor.default\">\n\t\t\t\t<div class=\"elementor-widget-container\">\n\t\t\t\t\t\t\t\t\t<p>Grundbedingung fu\u0308r klimaneutrales oder klimapositives Wirtschaften mit Holz ist, dass der Saldo positiv oder mindestens ausgeglichen sein muss. Das hei\u00dft es muss mehr oder mindestens so viel nachwachsen, wie entnommen wird.<\/p><p>W\u00e4hrend ihres Wachstums nehmen B\u00e4ume Kohlendioxid (CO2) aus der Luft auf. Bei der Verbrennung von Holz wird genau diese Menge an CO2 wieder an die Umwelt abgegeben. Die Menge des bei der Verbrennung freigesetzten CO2 entspricht jener, die bei der normalen Verrottung im Wald freigesetzt w\u00fcrde. Heizen mit Biomasse-Brennstoffen bedeutet daher Heizen im Gleichgewicht mit der Natur!<\/p>\t\t\t\t\t\t\t\t<\/div>\n\t\t\t\t<\/div>\n\t\t\t\t<\/div>\n\t\t\t\t\t<\/div>\n\t\t\t\t<\/div>\n\t\t<div class=\"elementor-element elementor-element-8e40fec elementor-hidden-mobile e-flex e-con-boxed e-con e-parent\" data-id=\"8e40fec\" data-element_type=\"container\" data-e-type=\"container\">\n\t\t\t\t\t<div class=\"e-con-inner\">\n\t\t\t\t<div class=\"elementor-element elementor-element-7c6af62 elementor-widget elementor-widget-image\" data-id=\"7c6af62\" data-element_type=\"widget\" data-e-type=\"widget\" data-widget_type=\"image.default\">\n\t\t\t\t<div class=\"elementor-widget-container\">\n\t\t\t\t\t\t\t\t\t\t\t\t\t\t\t<img decoding=\"async\" width=\"800\" height=\"560\" src=\"https:\/\/www.froeling.com\/de-de\/wp-content\/uploads\/sites\/7\/2024\/09\/Diagramm-CO2-Ausstoss-1024x717.png\" class=\"attachment-large size-large wp-image-6510\" alt=\"\" srcset=\"https:\/\/www.froeling.com\/de-de\/wp-content\/uploads\/sites\/7\/2024\/09\/Diagramm-CO2-Ausstoss-1024x717.png 1024w, https:\/\/www.froeling.com\/de-de\/wp-content\/uploads\/sites\/7\/2024\/09\/Diagramm-CO2-Ausstoss-300x210.png 300w, https:\/\/www.froeling.com\/de-de\/wp-content\/uploads\/sites\/7\/2024\/09\/Diagramm-CO2-Ausstoss-768x538.png 768w, https:\/\/www.froeling.com\/de-de\/wp-content\/uploads\/sites\/7\/2024\/09\/Diagramm-CO2-Ausstoss-1536x1076.png 1536w, https:\/\/www.froeling.com\/de-de\/wp-content\/uploads\/sites\/7\/2024\/09\/Diagramm-CO2-Ausstoss-2048x1434.png 2048w, https:\/\/www.froeling.com\/de-de\/wp-content\/uploads\/sites\/7\/2024\/09\/Diagramm-CO2-Ausstoss-1920x1344.png 1920w\" sizes=\"(max-width: 800px) 100vw, 800px\" \/>\t\t\t\t\t\t\t\t\t\t\t\t\t\t\t<\/div>\n\t\t\t\t<\/div>\n\t\t\t\t\t<\/div>\n\t\t\t\t<\/div>\n\t\t<div class=\"elementor-element elementor-element-8e9ed28 e-flex e-con-boxed e-con e-parent\" data-id=\"8e9ed28\" data-element_type=\"container\" data-e-type=\"container\" data-settings=\"{&quot;background_background&quot;:&quot;classic&quot;}\">\n\t\t\t\t\t<div class=\"e-con-inner\">\n\t\t\t\t<div class=\"elementor-element elementor-element-8db6a18 elementor-widget elementor-widget-heading\" data-id=\"8db6a18\" data-element_type=\"widget\" data-e-type=\"widget\" data-widget_type=\"heading.default\">\n\t\t\t\t<div class=\"elementor-widget-container\">\n\t\t\t\t\t<h2 class=\"elementor-heading-title elementor-size-default\">Holzpellets reduzieren CO2 um \u00fcber 90 %.<\/h2>\t\t\t\t<\/div>\n\t\t\t\t<\/div>\n\t\t\t\t<div class=\"elementor-element elementor-element-5ffbfab elementor-widget__width-initial elementor-widget elementor-widget-text-editor\" data-id=\"5ffbfab\" data-element_type=\"widget\" data-e-type=\"widget\" data-widget_type=\"text-editor.default\">\n\t\t\t\t<div class=\"elementor-widget-container\">\n\t\t\t\t\t\t\t\t\t<h5 class=\"hide-mobile\"><b>1 Liter Heiz\u00f6l \u2192 2,9 kg CO2<\/b><\/h5><p>Die Feinstaubemissionen einer modernen Holzheizung betragen <br \/>nur einen Bruchteil der Emissionen eines alten Brennstoffkessels.<\/p>\t\t\t\t\t\t\t\t<\/div>\n\t\t\t\t<\/div>\n\t\t\t\t\t<\/div>\n\t\t\t\t<\/div>\n\t\t<div class=\"elementor-element elementor-element-ec1fc8e e-flex e-con-boxed e-con e-parent\" data-id=\"ec1fc8e\" data-element_type=\"container\" data-e-type=\"container\">\n\t\t\t\t\t<div class=\"e-con-inner\">\n\t\t<div class=\"elementor-element elementor-element-8728955 e-con-full e-flex e-con e-child\" data-id=\"8728955\" data-element_type=\"container\" data-e-type=\"container\">\n\t\t\t\t<div class=\"elementor-element elementor-element-4d0f8e4 elementor-widget elementor-widget-text-editor\" data-id=\"4d0f8e4\" data-element_type=\"widget\" data-e-type=\"widget\" data-widget_type=\"text-editor.default\">\n\t\t\t\t<div class=\"elementor-widget-container\">\n\t\t\t\t\t\t\t\t\t<p>Staub- und CO2 -Emissionen von Heizsysteme<\/p>\t\t\t\t\t\t\t\t<\/div>\n\t\t\t\t<\/div>\n\t\t\t\t<div class=\"elementor-element elementor-element-8cd97c8 elementor-widget elementor-widget-heading\" data-id=\"8cd97c8\" data-element_type=\"widget\" data-e-type=\"widget\" data-widget_type=\"heading.default\">\n\t\t\t\t<div class=\"elementor-widget-container\">\n\t\t\t\t\t<h2 class=\"elementor-heading-title elementor-size-default\">Die steigende Pelletnutzung f\u00fchrt nicht zu h\u00f6herem Holzeinschlag<\/h2>\t\t\t\t<\/div>\n\t\t\t\t<\/div>\n\t\t\t\t<div class=\"elementor-element elementor-element-5d3f1b3 elementor-widget elementor-widget-text-editor\" data-id=\"5d3f1b3\" data-element_type=\"widget\" data-e-type=\"widget\" data-widget_type=\"text-editor.default\">\n\t\t\t\t<div class=\"elementor-widget-container\">\n\t\t\t\t\t\t\t\t\t<p style=\"text-align: left;\">Pellets werden in Deutschland aus S\u00e4gemehl und Hobelsp\u00e4nen hergestellt, die als Nebenprodukte der S\u00e4gewerksindustrie anfallen. Beim Holzeinschnitt entstehen 60 % Schnittholz und 40 % pelletierf\u00e4hige S\u00e4genebenprodukte an. Zu einem geringen Anteil wird nicht-s\u00e4gef\u00e4higes Rundholz aus Holzeinschlag und Durchforstung verwendet. Hochwertiges S\u00e4geholz wird nicht zu Pellets verarbeitet, da das viel zu teuer w\u00e4re.<\/p>\t\t\t\t\t\t\t\t<\/div>\n\t\t\t\t<\/div>\n\t\t\t\t<\/div>\n\t\t<div class=\"elementor-element elementor-element-13fef38 e-con-full elementor-hidden-tablet elementor-hidden-mobile e-flex e-con e-child\" data-id=\"13fef38\" data-element_type=\"container\" data-e-type=\"container\" data-settings=\"{&quot;background_background&quot;:&quot;classic&quot;}\">\n\t\t<div class=\"elementor-element elementor-element-5713523 e-con-full e-flex e-con e-child\" data-id=\"5713523\" data-element_type=\"container\" data-e-type=\"container\" data-settings=\"{&quot;background_background&quot;:&quot;classic&quot;}\">\n\t\t\t\t<div class=\"elementor-element elementor-element-80a43d8 elementor-widget elementor-widget-text-editor\" data-id=\"80a43d8\" data-element_type=\"widget\" data-e-type=\"widget\" data-widget_type=\"text-editor.default\">\n\t\t\t\t<div class=\"elementor-widget-container\">\n\t\t\t\t\t\t\t\t\t<h5 class=\"hide-mobile\"><b>Ca. 6 &#8211; 10 t CO2 pro Jahr<\/b><\/h5><p>Einsparpotential mit einer Holzheizung im Einfamilienhaus<\/p>\t\t\t\t\t\t\t\t<\/div>\n\t\t\t\t<\/div>\n\t\t\t\t<\/div>\n\t\t\t\t<\/div>\n\t\t\t\t\t<\/div>\n\t\t\t\t<\/div>\n\t\t<div class=\"elementor-element elementor-element-2d748c9 e-flex e-con-boxed e-con e-parent\" data-id=\"2d748c9\" data-element_type=\"container\" data-e-type=\"container\">\n\t\t\t\t\t<div class=\"e-con-inner\">\n\t\t\t\t<div class=\"elementor-element elementor-element-3537a1f elementor-widget elementor-widget-image\" data-id=\"3537a1f\" data-element_type=\"widget\" data-e-type=\"widget\" data-widget_type=\"image.default\">\n\t\t\t\t<div class=\"elementor-widget-container\">\n\t\t\t\t\t\t\t\t\t\t\t\t\t\t\t<img loading=\"lazy\" decoding=\"async\" width=\"800\" height=\"560\" src=\"https:\/\/www.froeling.com\/de-de\/wp-content\/uploads\/sites\/7\/2024\/09\/Diagramm-Heizkosten-1024x717.png\" class=\"attachment-large size-large wp-image-6512\" alt=\"\" srcset=\"https:\/\/www.froeling.com\/de-de\/wp-content\/uploads\/sites\/7\/2024\/09\/Diagramm-Heizkosten-1024x717.png 1024w, https:\/\/www.froeling.com\/de-de\/wp-content\/uploads\/sites\/7\/2024\/09\/Diagramm-Heizkosten-300x210.png 300w, https:\/\/www.froeling.com\/de-de\/wp-content\/uploads\/sites\/7\/2024\/09\/Diagramm-Heizkosten-768x538.png 768w, https:\/\/www.froeling.com\/de-de\/wp-content\/uploads\/sites\/7\/2024\/09\/Diagramm-Heizkosten-1536x1076.png 1536w, https:\/\/www.froeling.com\/de-de\/wp-content\/uploads\/sites\/7\/2024\/09\/Diagramm-Heizkosten-2048x1434.png 2048w, https:\/\/www.froeling.com\/de-de\/wp-content\/uploads\/sites\/7\/2024\/09\/Diagramm-Heizkosten-1920x1344.png 1920w\" sizes=\"(max-width: 800px) 100vw, 800px\" \/>\t\t\t\t\t\t\t\t\t\t\t\t\t\t\t<\/div>\n\t\t\t\t<\/div>\n\t\t<div class=\"elementor-element elementor-element-0d834e2 e-con-full e-flex e-con e-child\" data-id=\"0d834e2\" data-element_type=\"container\" data-e-type=\"container\">\n\t\t\t\t<div class=\"elementor-element elementor-element-34652e1 elementor-widget elementor-widget-text-editor\" data-id=\"34652e1\" data-element_type=\"widget\" data-e-type=\"widget\" data-widget_type=\"text-editor.default\">\n\t\t\t\t<div class=\"elementor-widget-container\">\n\t\t\t\t\t\t\t\t\t<p>Wenn Sie mit Holz heizen k\u00f6nnen Sie<\/p>\t\t\t\t\t\t\t\t<\/div>\n\t\t\t\t<\/div>\n\t\t\t\t<div class=\"elementor-element elementor-element-42e718f elementor-widget elementor-widget-heading\" data-id=\"42e718f\" data-element_type=\"widget\" data-e-type=\"widget\" data-widget_type=\"heading.default\">\n\t\t\t\t<div class=\"elementor-widget-container\">\n\t\t\t\t\t<h2 class=\"elementor-heading-title elementor-size-default\">Heizkosten sparen<\/h2>\t\t\t\t<\/div>\n\t\t\t\t<\/div>\n\t\t\t\t<div class=\"elementor-element elementor-element-320e788 elementor-widget elementor-widget-text-editor\" data-id=\"320e788\" data-element_type=\"widget\" data-e-type=\"widget\" data-widget_type=\"text-editor.default\">\n\t\t\t\t<div class=\"elementor-widget-container\">\n\t\t\t\t\t\t\t\t\t<p>Ein weiterer wichtiger Faktor bei der Auswahl des Brennstoffes sind nat\u00fcrlich die Brennstoffkosten. Der Rohstoff Holz gew\u00e4hrleistet die Unabh\u00e4ngigkeit von der globalen Entwicklung der fossilen Energiepreise auf den internationalen M\u00e4rkten. Da sowohl bei Scheitholz als auch Hackschnitzel in der Regel heimisches Holz zum Einsatz kommt, entwickeln sich die Preise seit Jahren stabil, w\u00e4hrend die \u00d6l- und Gaspreise weiter stark ansteigen.<\/p>\t\t\t\t\t\t\t\t<\/div>\n\t\t\t\t<\/div>\n\t\t\t\t<\/div>\n\t\t\t\t\t<\/div>\n\t\t\t\t<\/div>\n\t\t<div class=\"elementor-element elementor-element-e1841c9 e-flex e-con-boxed e-con e-parent\" data-id=\"e1841c9\" data-element_type=\"container\" data-e-type=\"container\" data-settings=\"{&quot;background_background&quot;:&quot;classic&quot;}\">\n\t\t\t\t\t<div class=\"e-con-inner\">\n\t\t\t\t<div class=\"elementor-element elementor-element-3826d88 elementor-widget elementor-widget-heading\" data-id=\"3826d88\" data-element_type=\"widget\" data-e-type=\"widget\" data-widget_type=\"heading.default\">\n\t\t\t\t<div class=\"elementor-widget-container\">\n\t\t\t\t\t<h2 class=\"elementor-heading-title elementor-size-default\">Nicht nur gu\u0308nstiger, auch nachhaltig und sauber<\/h2>\t\t\t\t<\/div>\n\t\t\t\t<\/div>\n\t\t\t\t<div class=\"elementor-element elementor-element-bed048c elementor-widget__width-initial elementor-widget elementor-widget-text-editor\" data-id=\"bed048c\" data-element_type=\"widget\" data-e-type=\"widget\" data-widget_type=\"text-editor.default\">\n\t\t\t\t<div class=\"elementor-widget-container\">\n\t\t\t\t\t\t\t\t\t<p>Der Blick auf die Preisentwicklung von Pellets in den letzten Jahren hat deutlich gemacht, dass Pellets ein gu\u0308nstiger und preisstabiler Energietr\u00e4ger sind.\u00a0<\/p>\t\t\t\t\t\t\t\t<\/div>\n\t\t\t\t<\/div>\n\t\t\t\t\t<\/div>\n\t\t\t\t<\/div>\n\t\t\t\t<\/div>\n\t\t","protected":false},"excerpt":{"rendered":"<p>Warum mit Biomasse heizen? Das Heizen mit Biomasse bietet viele Vorteile, unter anderem ist es kosteng\u00fcnstig, umweltfreundlich und CO2 neutral. Dokumente downloaden (PDF) Brosch\u00fcre Holzbrennstoffe (PDF) Darum mit Pellets heizen &#8211; DEPI (PDF) Holz ist aus \u00f6konomischer und \u00f6kologischer Sicht der optimale Brennstoff \u2013 sowohl als St\u00fcckgut, Pellets oder auch Hackschnitzel. Der Brennstoff wird bei [&hellip;]<\/p>\n","protected":false},"author":2,"featured_media":0,"parent":78,"menu_order":0,"comment_status":"closed","ping_status":"closed","template":"","meta":{"_acf_changed":false,"footnotes":""},"class_list":["post-4363","page","type-page","status-publish","hentry"],"acf":[],"_links":{"self":[{"href":"https:\/\/www.froeling.com\/de-de\/wp-json\/wp\/v2\/pages\/4363","targetHints":{"allow":["GET"]}}],"collection":[{"href":"https:\/\/www.froeling.com\/de-de\/wp-json\/wp\/v2\/pages"}],"about":[{"href":"https:\/\/www.froeling.com\/de-de\/wp-json\/wp\/v2\/types\/page"}],"author":[{"embeddable":true,"href":"https:\/\/www.froeling.com\/de-de\/wp-json\/wp\/v2\/users\/2"}],"replies":[{"embeddable":true,"href":"https:\/\/www.froeling.com\/de-de\/wp-json\/wp\/v2\/comments?post=4363"}],"version-history":[{"count":7,"href":"https:\/\/www.froeling.com\/de-de\/wp-json\/wp\/v2\/pages\/4363\/revisions"}],"predecessor-version":[{"id":6522,"href":"https:\/\/www.froeling.com\/de-de\/wp-json\/wp\/v2\/pages\/4363\/revisions\/6522"}],"up":[{"embeddable":true,"href":"https:\/\/www.froeling.com\/de-de\/wp-json\/wp\/v2\/pages\/78"}],"wp:attachment":[{"href":"https:\/\/www.froeling.com\/de-de\/wp-json\/wp\/v2\/media?parent=4363"}],"curies":[{"name":"wp","href":"https:\/\/api.w.org\/{rel}","templated":true}]}}