{"id":3064,"date":"2022-12-06T13:21:14","date_gmt":"2022-12-06T12:21:14","guid":{"rendered":"https:\/\/www.froeling.com\/de-at\/?page_id=3064"},"modified":"2025-01-16T13:34:30","modified_gmt":"2025-01-16T12:34:30","slug":"request-information-advice","status":"publish","type":"page","link":"https:\/\/www.froeling.com\/en-gb\/contact\/request-information-advice\/","title":{"rendered":"Request information\/advice"},"content":{"rendered":"\t\t<div data-elementor-type=\"wp-page\" data-elementor-id=\"3064\" class=\"elementor elementor-3064\" data-elementor-post-type=\"page\">\n\t\t\t\t<div class=\"elementor-element elementor-element-140ce7c e-con-full e-flex e-con e-parent\" data-id=\"140ce7c\" data-element_type=\"container\" data-e-type=\"container\" data-settings=\"{&quot;background_background&quot;:&quot;gradient&quot;}\">\n\t\t<div class=\"elementor-element elementor-element-66fea74 e-con-full e-flex e-con e-child\" data-id=\"66fea74\" data-element_type=\"container\" data-e-type=\"container\">\n\t\t<div class=\"elementor-element elementor-element-6f2e5e3 hero-offset-container e-flex e-con-boxed e-con e-child\" data-id=\"6f2e5e3\" data-element_type=\"container\" data-e-type=\"container\" data-settings=\"{&quot;background_background&quot;:&quot;classic&quot;}\">\n\t\t\t\t\t<div class=\"e-con-inner\">\n\t\t\t\t<div class=\"elementor-element elementor-element-6e75d2c elementor-widget elementor-widget-heading\" data-id=\"6e75d2c\" data-element_type=\"widget\" data-e-type=\"widget\" data-widget_type=\"heading.default\">\n\t\t\t\t<div class=\"elementor-widget-container\">\n\t\t\t\t\t<h2 class=\"elementor-heading-title elementor-size-default\">Request<\/h2>\t\t\t\t<\/div>\n\t\t\t\t<\/div>\n\t\t\t\t<div class=\"elementor-element elementor-element-15e66e2 elementor-widget elementor-widget-text-editor\" data-id=\"15e66e2\" data-element_type=\"widget\" data-e-type=\"widget\" data-widget_type=\"text-editor.default\">\n\t\t\t\t<div class=\"elementor-widget-container\">\n\t\t\t\t\t\t\t\t\t<h4>Information\/consultation<\/h4>\t\t\t\t\t\t\t\t<\/div>\n\t\t\t\t<\/div>\n\t\t\t\t\t<\/div>\n\t\t\t\t<\/div>\n\t\t\t\t<\/div>\n\t\t<div class=\"elementor-element elementor-element-c85b4b6 e-con-full e-flex e-con e-child\" data-id=\"c85b4b6\" data-element_type=\"container\" data-e-type=\"container\" data-settings=\"{&quot;background_background&quot;:&quot;classic&quot;}\">\n\t\t\t\t<\/div>\n\t\t\t\t<\/div>\n\t\t<div class=\"elementor-element elementor-element-1a9f805 e-flex e-con-boxed e-con e-parent\" data-id=\"1a9f805\" data-element_type=\"container\" data-e-type=\"container\">\n\t\t\t\t\t<div class=\"e-con-inner\">\n\t\t\t\t<div class=\"elementor-element elementor-element-fb3d562 elementor-widget-laptop__width-initial elementor-widget elementor-widget-heading\" data-id=\"fb3d562\" data-element_type=\"widget\" data-e-type=\"widget\" data-settings=\"{&quot;motion_fx_motion_fx_scrolling&quot;:&quot;yes&quot;,&quot;motion_fx_translateY_effect&quot;:&quot;yes&quot;,&quot;motion_fx_translateY_speed&quot;:{&quot;unit&quot;:&quot;px&quot;,&quot;size&quot;:1.7,&quot;sizes&quot;:[]},&quot;motion_fx_translateY_affectedRange&quot;:{&quot;unit&quot;:&quot;%&quot;,&quot;size&quot;:&quot;&quot;,&quot;sizes&quot;:{&quot;start&quot;:57,&quot;end&quot;:100}},&quot;motion_fx_devices&quot;:[&quot;desktop&quot;,&quot;laptop&quot;,&quot;tablet&quot;,&quot;mobile&quot;]}\" data-widget_type=\"heading.default\">\n\t\t\t\t<div class=\"elementor-widget-container\">\n\t\t\t\t\t<div class=\"elementor-heading-title elementor-size-small\">You would like to have further product information or you have general questions regarding our company?<\/div>\t\t\t\t<\/div>\n\t\t\t\t<\/div>\n\t\t\t\t<div class=\"elementor-element elementor-element-baefdb5 elementor-button-align-end elementor-widget elementor-widget-form\" data-id=\"baefdb5\" data-element_type=\"widget\" data-e-type=\"widget\" data-settings=\"{&quot;step_next_label&quot;:&quot;next&quot;,&quot;step_previous_label&quot;:&quot;previous&quot;,&quot;button_width&quot;:&quot;100&quot;,&quot;step_type&quot;:&quot;number_text&quot;,&quot;step_icon_shape&quot;:&quot;circle&quot;}\" data-widget_type=\"form.default\">\n\t\t\t\t<div class=\"elementor-widget-container\">\n\t\t\t\t\t\t\t<form class=\"elementor-form\" method=\"post\" name=\"Information\/Beratung anfordern\" aria-label=\"Information\/Beratung anfordern\">\n\t\t\t<input type=\"hidden\" name=\"post_id\" value=\"3064\"\/>\n\t\t\t<input type=\"hidden\" name=\"form_id\" value=\"baefdb5\"\/>\n\t\t\t<input type=\"hidden\" name=\"referer_title\" value=\"Request information\/advice - Fr\u00f6ling\" \/>\n\n\t\t\t\t\t\t\t<input type=\"hidden\" name=\"queried_id\" value=\"3064\"\/>\n\t\t\t\n\t\t\t<div class=\"elementor-form-fields-wrapper elementor-labels-above\">\n\t\t\t\t\t\t\t\t<div class=\"elementor-field-type-step elementor-field-group elementor-column elementor-field-group-field_8bd9d26 elementor-col-100\">\n\t\t\t\t\t\t\t<div class=\"e-field-step elementor-hidden\" data-label=\"\" data-previousButton=\"\" data-nextButton=\"\" data-iconUrl=\"\" data-iconLibrary=\"fas fa-star\" data-icon=\"\" ><\/div>\n\n\t\t\t\t\t\t<\/div>\n\t\t\t\t\t\t\t\t<div class=\"elementor-field-type-checkbox elementor-field-group elementor-column elementor-field-group-interesse elementor-col-50\">\n\t\t\t\t\t\t\t\t\t\t\t\t<label for=\"form-field-interesse\" class=\"elementor-field-label\">\n\t\t\t\t\t\t\t\tI am interested in...\t\t\t\t\t\t\t<\/label>\n\t\t\t\t\t\t<div class=\"elementor-field-subgroup  elementor-subgroup-inline\"><span class=\"elementor-field-option\"><input type=\"checkbox\" value=\"Firewood boilers\" id=\"form-field-interesse-0\" name=\"form_fields[interesse][]\"> <label for=\"form-field-interesse-0\">Firewood boilers<\/label><\/span><span class=\"elementor-field-option\"><input type=\"checkbox\" value=\"Pellet boilers\" id=\"form-field-interesse-1\" name=\"form_fields[interesse][]\"> <label for=\"form-field-interesse-1\">Pellet boilers<\/label><\/span><span class=\"elementor-field-option\"><input type=\"checkbox\" value=\"Wood chip boilers\" id=\"form-field-interesse-2\" name=\"form_fields[interesse][]\"> <label for=\"form-field-interesse-2\">Wood chip boilers<\/label><\/span><span class=\"elementor-field-option\"><input type=\"checkbox\" value=\"SP Dual\" id=\"form-field-interesse-3\" name=\"form_fields[interesse][]\"> <label for=\"form-field-interesse-3\">SP Dual<\/label><\/span><span class=\"elementor-field-option\"><input type=\"checkbox\" value=\"Commercial boilers\" id=\"form-field-interesse-4\" name=\"form_fields[interesse][]\"> <label for=\"form-field-interesse-4\">Commercial boilers<\/label><\/span><span class=\"elementor-field-option\"><input type=\"checkbox\" value=\"Tank systems\" id=\"form-field-interesse-5\" name=\"form_fields[interesse][]\"> <label for=\"form-field-interesse-5\">Tank systems<\/label><\/span><\/div>\t\t\t\t<\/div>\n\t\t\t\t\t\t\t\t<div class=\"elementor-field-type-checkbox elementor-field-group elementor-column elementor-field-group-info_art elementor-col-50\">\n\t\t\t\t\t\t\t\t\t\t\t\t<label for=\"form-field-info_art\" class=\"elementor-field-label\">\n\t\t\t\t\t\t\t\tI require...\t\t\t\t\t\t\t<\/label>\n\t\t\t\t\t\t<div class=\"elementor-field-subgroup  elementor-subgroup-inline\"><span class=\"elementor-field-option\"><input type=\"checkbox\" value=\"Brochure\" id=\"form-field-info_art-0\" name=\"form_fields[info_art][]\"> <label for=\"form-field-info_art-0\">Brochure<\/label><\/span><span class=\"elementor-field-option\"><input type=\"checkbox\" value=\"Offer\" id=\"form-field-info_art-1\" name=\"form_fields[info_art][]\"> <label for=\"form-field-info_art-1\">Offer<\/label><\/span><span class=\"elementor-field-option\"><input type=\"checkbox\" value=\"Call-back\" id=\"form-field-info_art-2\" name=\"form_fields[info_art][]\"> <label for=\"form-field-info_art-2\">Call-back<\/label><\/span><span class=\"elementor-field-option\"><input type=\"checkbox\" value=\"Counselling interview\" id=\"form-field-info_art-3\" name=\"form_fields[info_art][]\"> <label for=\"form-field-info_art-3\">Counselling interview<\/label><\/span><\/div>\t\t\t\t<\/div>\n\t\t\t\t\t\t\t\t<div class=\"elementor-field-type-select elementor-field-group elementor-column elementor-field-group-bauvorhaben elementor-col-50 elementor-field-required elementor-mark-required\">\n\t\t\t\t\t\t\t\t\t\t\t\t<label for=\"form-field-bauvorhaben\" class=\"elementor-field-label\">\n\t\t\t\t\t\t\t\tBuilding project\t\t\t\t\t\t\t<\/label>\n\t\t\t\t\t\t\t\t<div class=\"elementor-field elementor-select-wrapper remove-before \">\n\t\t\t<div class=\"select-caret-down-wrapper\">\n\t\t\t\t<i aria-hidden=\"true\" class=\"eicon-caret-down\"><\/i>\t\t\t<\/div>\n\t\t\t<select name=\"form_fields[bauvorhaben]\" id=\"form-field-bauvorhaben\" class=\"elementor-field-textual elementor-size-sm\" required=\"required\">\n\t\t\t\t\t\t\t\t\t<option value=\"Yes, 2023\">Yes, 2023<\/option>\n\t\t\t\t\t\t\t\t\t<option value=\"Yes, 2024\">Yes, 2024<\/option>\n\t\t\t\t\t\t\t\t\t<option value=\"Yes, 2025\">Yes, 2025<\/option>\n\t\t\t\t\t\t\t\t\t<option value=\"Yes, 2026\">Yes, 2026<\/option>\n\t\t\t\t\t\t\t\t\t<option value=\"No\">No<\/option>\n\t\t\t\t\t\t\t<\/select>\n\t\t<\/div>\n\t\t\t\t\t\t<\/div>\n\t\t\t\t\t\t\t\t<div class=\"elementor-field-type-text elementor-field-group elementor-column elementor-field-group-uhrzeit_telefonat elementor-col-50\">\n\t\t\t\t\t\t\t\t\t\t\t\t<label for=\"form-field-uhrzeit_telefonat\" class=\"elementor-field-label\">\n\t\t\t\t\t\t\t\tFavored time for phone call\t\t\t\t\t\t\t<\/label>\n\t\t\t\t\t\t\t\t\t\t\t\t\t\t<input size=\"1\" type=\"text\" name=\"form_fields[uhrzeit_telefonat]\" id=\"form-field-uhrzeit_telefonat\" class=\"elementor-field elementor-size-sm  elementor-field-textual\" placeholder=\"eg. 09:00  - 10:00 Uhr\">\n\t\t\t\t\t\t\t\t\t\t\t<\/div>\n\t\t\t\t\t\t\t\t<div class=\"elementor-field-type-textarea elementor-field-group elementor-column elementor-field-group-bemerkung elementor-col-100\">\n\t\t\t\t\t\t\t\t\t\t\t\t<label for=\"form-field-bemerkung\" class=\"elementor-field-label\">\n\t\t\t\t\t\t\t\tRemark\t\t\t\t\t\t\t<\/label>\n\t\t\t\t\t\t<textarea class=\"elementor-field-textual elementor-field  elementor-size-sm\" name=\"form_fields[bemerkung]\" id=\"form-field-bemerkung\" rows=\"4\"><\/textarea>\t\t\t\t<\/div>\n\t\t\t\t\t\t\t\t<div class=\"elementor-field-type-html elementor-field-group elementor-column elementor-field-group-field_302dc25 elementor-col-100\">\n\t\t\t\t\t<strong style=\"display: block; margin-bottom: -15px;\">Presently heating system<\/strong>\t\t\t\t<\/div>\n\t\t\t\t\t\t\t\t<div class=\"elementor-field-type-checkbox elementor-field-group elementor-column elementor-field-group-brennstoff elementor-col-50\">\n\t\t\t\t\t\t\t\t\t\t\t\t<label for=\"form-field-brennstoff\" class=\"elementor-field-label\">\n\t\t\t\t\t\t\t\tWood \/ Fuel\t\t\t\t\t\t\t<\/label>\n\t\t\t\t\t\t<div class=\"elementor-field-subgroup  elementor-subgroup-inline\"><span class=\"elementor-field-option\"><input type=\"checkbox\" value=\"Fuel oil\" id=\"form-field-brennstoff-0\" name=\"form_fields[brennstoff][]\"> <label for=\"form-field-brennstoff-0\">Fuel oil<\/label><\/span><span class=\"elementor-field-option\"><input type=\"checkbox\" value=\"Fuel gas\" id=\"form-field-brennstoff-1\" name=\"form_fields[brennstoff][]\"> <label for=\"form-field-brennstoff-1\">Fuel gas<\/label><\/span><span class=\"elementor-field-option\"><input type=\"checkbox\" value=\"Log wood\" id=\"form-field-brennstoff-2\" name=\"form_fields[brennstoff][]\"> <label for=\"form-field-brennstoff-2\">Log wood<\/label><\/span><span class=\"elementor-field-option\"><input type=\"checkbox\" value=\"Pellet\" id=\"form-field-brennstoff-3\" name=\"form_fields[brennstoff][]\"> <label for=\"form-field-brennstoff-3\">Pellet<\/label><\/span><span class=\"elementor-field-option\"><input type=\"checkbox\" value=\"Wood chip\" id=\"form-field-brennstoff-4\" name=\"form_fields[brennstoff][]\"> <label for=\"form-field-brennstoff-4\">Wood chip<\/label><\/span><\/div>\t\t\t\t<\/div>\n\t\t\t\t\t\t\t\t<div class=\"elementor-field-type-text elementor-field-group elementor-column elementor-field-group-brennstoffverbrauch elementor-col-50\">\n\t\t\t\t\t\t\t\t\t\t\t\t<label for=\"form-field-brennstoffverbrauch\" class=\"elementor-field-label\">\n\t\t\t\t\t\t\t\tFuel Cosumption\t\t\t\t\t\t\t<\/label>\n\t\t\t\t\t\t\t\t\t\t\t\t\t\t<input size=\"1\" type=\"text\" name=\"form_fields[brennstoffverbrauch]\" id=\"form-field-brennstoffverbrauch\" class=\"elementor-field elementor-size-sm  elementor-field-textual\">\n\t\t\t\t\t\t\t\t\t\t\t<\/div>\n\t\t\t\t\t\t\t\t<div class=\"elementor-field-type-step elementor-field-group elementor-column elementor-field-group-field_933367c elementor-col-100\">\n\t\t\t\t\t\t\t<div class=\"e-field-step elementor-hidden\" data-label=\"Contact Data\" data-previousButton=\"\" data-nextButton=\"\" data-iconUrl=\"\" data-iconLibrary=\"fas fa-star\" data-icon=\"\" ><\/div>\n\n\t\t\t\t\t\t<\/div>\n\t\t\t\t\t\t\t\t<div class=\"elementor-field-type-select elementor-field-group elementor-column elementor-field-group-anrede elementor-col-20 elementor-field-required elementor-mark-required\">\n\t\t\t\t\t\t\t\t\t\t\t\t<label for=\"form-field-anrede\" class=\"elementor-field-label\">\n\t\t\t\t\t\t\t\tTitle\t\t\t\t\t\t\t<\/label>\n\t\t\t\t\t\t\t\t<div class=\"elementor-field elementor-select-wrapper remove-before \">\n\t\t\t<div class=\"select-caret-down-wrapper\">\n\t\t\t\t<i aria-hidden=\"true\" class=\"eicon-caret-down\"><\/i>\t\t\t<\/div>\n\t\t\t<select name=\"form_fields[anrede]\" id=\"form-field-anrede\" class=\"elementor-field-textual elementor-size-sm\" required=\"required\">\n\t\t\t\t\t\t\t\t\t<option value=\"Mr.\">Mr.<\/option>\n\t\t\t\t\t\t\t\t\t<option value=\"Mrs.\">Mrs.<\/option>\n\t\t\t\t\t\t\t<\/select>\n\t\t<\/div>\n\t\t\t\t\t\t<\/div>\n\t\t\t\t\t\t\t\t<div class=\"elementor-field-type-text elementor-field-group elementor-column elementor-field-group-vorname elementor-col-40 elementor-field-required elementor-mark-required\">\n\t\t\t\t\t\t\t\t\t\t\t\t<label for=\"form-field-vorname\" class=\"elementor-field-label\">\n\t\t\t\t\t\t\t\tName\t\t\t\t\t\t\t<\/label>\n\t\t\t\t\t\t\t\t\t\t\t\t\t\t<input size=\"1\" type=\"text\" name=\"form_fields[vorname]\" id=\"form-field-vorname\" class=\"elementor-field elementor-size-sm  elementor-field-textual\" placeholder=\"Name\" required=\"required\">\n\t\t\t\t\t\t\t\t\t\t\t<\/div>\n\t\t\t\t\t\t\t\t<div class=\"elementor-field-type-text elementor-field-group elementor-column elementor-field-group-nachname elementor-col-40 elementor-field-required elementor-mark-required\">\n\t\t\t\t\t\t\t\t\t\t\t\t<label for=\"form-field-nachname\" class=\"elementor-field-label\">\n\t\t\t\t\t\t\t\tSurname\t\t\t\t\t\t\t<\/label>\n\t\t\t\t\t\t\t\t\t\t\t\t\t\t<input size=\"1\" type=\"text\" name=\"form_fields[nachname]\" id=\"form-field-nachname\" class=\"elementor-field elementor-size-sm  elementor-field-textual\" placeholder=\"Surname\" required=\"required\">\n\t\t\t\t\t\t\t\t\t\t\t<\/div>\n\t\t\t\t\t\t\t\t<div class=\"elementor-field-type-text elementor-field-group elementor-column elementor-field-group-firma_organisation elementor-col-75\">\n\t\t\t\t\t\t\t\t\t\t\t\t<label for=\"form-field-firma_organisation\" class=\"elementor-field-label\">\n\t\t\t\t\t\t\t\tCompany\/Organisation\t\t\t\t\t\t\t<\/label>\n\t\t\t\t\t\t\t\t\t\t\t\t\t\t<input size=\"1\" type=\"text\" name=\"form_fields[firma_organisation]\" id=\"form-field-firma_organisation\" class=\"elementor-field elementor-size-sm  elementor-field-textual\" placeholder=\"Company\/Organisation\">\n\t\t\t\t\t\t\t\t\t\t\t<\/div>\n\t\t\t\t\t\t\t\t<div class=\"elementor-field-type-select elementor-field-group elementor-column elementor-field-group-land elementor-col-25 elementor-field-required elementor-mark-required\">\n\t\t\t\t\t\t\t\t\t\t\t\t<label for=\"form-field-land\" class=\"elementor-field-label\">\n\t\t\t\t\t\t\t\tCountry\t\t\t\t\t\t\t<\/label>\n\t\t\t\t\t\t\t\t<div class=\"elementor-field elementor-select-wrapper remove-before \">\n\t\t\t<div class=\"select-caret-down-wrapper\">\n\t\t\t\t<i aria-hidden=\"true\" class=\"eicon-caret-down\"><\/i>\t\t\t<\/div>\n\t\t\t<select name=\"form_fields[land]\" id=\"form-field-land\" class=\"elementor-field-textual elementor-size-sm\" required=\"required\">\n\t\t\t\t\t\t\t\t\t<option value=\"Belgium\">Belgium<\/option>\n\t\t\t\t\t\t\t\t\t<option value=\"Bulgaria\">Bulgaria<\/option>\n\t\t\t\t\t\t\t\t\t<option value=\"Canada\">Canada<\/option>\n\t\t\t\t\t\t\t\t\t<option value=\"Chile\">Chile<\/option>\n\t\t\t\t\t\t\t\t\t<option value=\"Czech Republic\">Czech Republic<\/option>\n\t\t\t\t\t\t\t\t\t<option value=\"Denmark\">Denmark<\/option>\n\t\t\t\t\t\t\t\t\t<option value=\"Finland\">Finland<\/option>\n\t\t\t\t\t\t\t\t\t<option value=\"Great Britain\">Great Britain<\/option>\n\t\t\t\t\t\t\t\t\t<option value=\"Greece\">Greece<\/option>\n\t\t\t\t\t\t\t\t\t<option value=\"Ireland\/Northern Ireland\">Ireland\/Northern Ireland<\/option>\n\t\t\t\t\t\t\t\t\t<option value=\"Luxembourg\">Luxembourg<\/option>\n\t\t\t\t\t\t\t\t\t<option value=\"Hungary\">Hungary<\/option>\n\t\t\t\t\t\t\t\t\t<option value=\"New Zealand\">New Zealand<\/option>\n\t\t\t\t\t\t\t\t\t<option value=\"Netherlands\">Netherlands<\/option>\n\t\t\t\t\t\t\t\t\t<option value=\"Norway\">Norway<\/option>\n\t\t\t\t\t\t\t\t\t<option value=\"Poland\">Poland<\/option>\n\t\t\t\t\t\t\t\t\t<option value=\"Russia\">Russia<\/option>\n\t\t\t\t\t\t\t\t\t<option value=\"Slovenia\">Slovenia<\/option>\n\t\t\t\t\t\t\t\t\t<option value=\"Slovakia\">Slovakia<\/option>\n\t\t\t\t\t\t\t\t\t<option value=\"Spain\">Spain<\/option>\n\t\t\t\t\t\t\t\t\t<option value=\"Sweden\">Sweden<\/option>\n\t\t\t\t\t\t\t\t\t<option value=\"Ukraine\">Ukraine<\/option>\n\t\t\t\t\t\t\t\t\t<option value=\"USA\">USA<\/option>\n\t\t\t\t\t\t\t<\/select>\n\t\t<\/div>\n\t\t\t\t\t\t<\/div>\n\t\t\t\t\t\t\t\t<div class=\"elementor-field-type-text elementor-field-group elementor-column elementor-field-group-strasse elementor-col-40 elementor-field-required elementor-mark-required\">\n\t\t\t\t\t\t\t\t\t\t\t\t<label for=\"form-field-strasse\" class=\"elementor-field-label\">\n\t\t\t\t\t\t\t\tStreet\t\t\t\t\t\t\t<\/label>\n\t\t\t\t\t\t\t\t\t\t\t\t\t\t<input size=\"1\" type=\"text\" name=\"form_fields[strasse]\" id=\"form-field-strasse\" class=\"elementor-field elementor-size-sm  elementor-field-textual\" placeholder=\"Street\" required=\"required\">\n\t\t\t\t\t\t\t\t\t\t\t<\/div>\n\t\t\t\t\t\t\t\t<div class=\"elementor-field-type-text elementor-field-group elementor-column elementor-field-group-plz elementor-col-20 elementor-field-required elementor-mark-required\">\n\t\t\t\t\t\t\t\t\t\t\t\t<label for=\"form-field-plz\" class=\"elementor-field-label\">\n\t\t\t\t\t\t\t\tZip\t\t\t\t\t\t\t<\/label>\n\t\t\t\t\t\t\t\t\t\t\t\t\t\t<input size=\"1\" type=\"text\" name=\"form_fields[plz]\" id=\"form-field-plz\" class=\"elementor-field elementor-size-sm  elementor-field-textual\" placeholder=\"Zip\" required=\"required\">\n\t\t\t\t\t\t\t\t\t\t\t<\/div>\n\t\t\t\t\t\t\t\t<div class=\"elementor-field-type-text elementor-field-group elementor-column elementor-field-group-ort elementor-col-40 elementor-field-required elementor-mark-required\">\n\t\t\t\t\t\t\t\t\t\t\t\t<label for=\"form-field-ort\" class=\"elementor-field-label\">\n\t\t\t\t\t\t\t\tCity\t\t\t\t\t\t\t<\/label>\n\t\t\t\t\t\t\t\t\t\t\t\t\t\t<input size=\"1\" type=\"text\" name=\"form_fields[ort]\" id=\"form-field-ort\" class=\"elementor-field elementor-size-sm  elementor-field-textual\" placeholder=\"City\" required=\"required\">\n\t\t\t\t\t\t\t\t\t\t\t<\/div>\n\t\t\t\t\t\t\t\t<div class=\"elementor-field-type-email elementor-field-group elementor-column elementor-field-group-email elementor-col-50 elementor-field-required elementor-mark-required\">\n\t\t\t\t\t\t\t\t\t\t\t\t<label for=\"form-field-email\" class=\"elementor-field-label\">\n\t\t\t\t\t\t\t\tE-Mail\t\t\t\t\t\t\t<\/label>\n\t\t\t\t\t\t\t\t\t\t\t\t\t\t<input size=\"1\" type=\"email\" name=\"form_fields[email]\" id=\"form-field-email\" class=\"elementor-field elementor-size-sm  elementor-field-textual\" placeholder=\"E-Mail\" required=\"required\" pattern=\"[a-zA-Z0-9._%+\\-]+@[a-zA-Z0-9.\\-]+\\.[a-zA-Z]{2,}\" title=\"Bitte geben Sie eine g\u00fcltige E-Mail-Adresse ein (z.B. name@domain.de).\">\n\t\t\t\t\t\t\t\t\t\t\t<\/div>\n\t\t\t\t\t\t\t\t<div class=\"elementor-field-type-tel elementor-field-group elementor-column elementor-field-group-telefon elementor-col-50 elementor-field-required elementor-mark-required\">\n\t\t\t\t\t\t\t\t\t\t\t\t<label for=\"form-field-telefon\" class=\"elementor-field-label\">\n\t\t\t\t\t\t\t\tTelephone\t\t\t\t\t\t\t<\/label>\n\t\t\t\t\t\t\t\t<input size=\"1\" type=\"tel\" name=\"form_fields[telefon]\" id=\"form-field-telefon\" class=\"elementor-field elementor-size-sm  elementor-field-textual\" placeholder=\"Telephone\" required=\"required\" pattern=\"[0-9()#&amp;+*-=.]+\" title=\"Only numbers and phone characters (#, -, *, etc) are accepted.\">\n\n\t\t\t\t\t\t<\/div>\n\t\t\t\t\t\t\t\t<div class=\"elementor-field-type-acceptance elementor-field-group elementor-column elementor-field-group-newsletter elementor-col-100\">\n\t\t\t\t\t\t\t\t\t\t\t\t<label for=\"form-field-newsletter\" class=\"elementor-field-label\">\n\t\t\t\t\t\t\t\tNewsletter\t\t\t\t\t\t\t<\/label>\n\t\t\t\t\t\t\t\t<div class=\"elementor-field-subgroup\">\n\t\t\t<span class=\"elementor-field-option\">\n\t\t\t\t<input type=\"checkbox\" name=\"form_fields[newsletter]\" id=\"form-field-newsletter\" class=\"elementor-field elementor-size-sm  elementor-acceptance-field\">\n\t\t\t\t<label for=\"form-field-newsletter\">Yes, I would like to receive the Newsletter and give my permission to store and process my personal data.<\/label>\t\t\t<\/span>\n\t\t<\/div>\n\t\t\t\t\t\t<\/div>\n\t\t\t\t\t\t\t\t<div class=\"elementor-field-type-altcha elementor-field-group elementor-column elementor-col-100\"><div class=\"altcha-widget-wrap\"><altcha-widget challengeurl=\"https:\/\/www.froeling.com\/en-gb\/wp-json\/altcha\/v1\/challenge\" strings=\"{&quot;error&quot;:&quot;Verification failed. Try again later.&quot;,&quot;footer&quot;:&quot;Protected by &lt;a href=\\&quot;https:\\\/\\\/altcha.org\\\/\\&quot; target=\\&quot;_blank\\&quot;&gt;ALTCHA&lt;\\\/a&gt;&quot;,&quot;label&quot;:&quot;I&#039;m not a robot&quot;,&quot;verified&quot;:&quot;Verified&quot;,&quot;verifying&quot;:&quot;Verifying...&quot;,&quot;waitAlert&quot;:&quot;Verifying... please wait.&quot;}\" delay=\"1500\" hidelogo=\"1\" hidefooter=\"1\"><\/altcha-widget><noscript><div class=\"altcha-no-javascript\">This form requires JavaScript!<\/div><\/noscript><\/div><\/div><div class=\"elementor-field-group elementor-column elementor-field-type-submit elementor-col-100 e-form__buttons\">\n\t\t\t\t\t<button class=\"elementor-button elementor-size-sm\" type=\"submit\">\n\t\t\t\t\t\t<span class=\"elementor-button-content-wrapper\">\n\t\t\t\t\t\t\t\t\t\t\t\t\t\t\t\t\t\t\t\t\t\t<span class=\"elementor-button-text\">send inquiry<\/span>\n\t\t\t\t\t\t\t\t\t\t\t\t\t<\/span>\n\t\t\t\t\t<\/button>\n\t\t\t\t<\/div>\n\t\t\t<\/div>\n\t\t<\/form>\n\t\t\t\t\t\t<\/div>\n\t\t\t\t<\/div>\n\t\t\t\t\t<\/div>\n\t\t\t\t<\/div>\n\t\t<div class=\"elementor-element elementor-element-c1d342c e-flex e-con-boxed e-con e-parent\" data-id=\"c1d342c\" data-element_type=\"container\" data-e-type=\"container\">\n\t\t\t\t\t<div class=\"e-con-inner\">\n\t\t\t\t<div class=\"elementor-element elementor-element-2e9c04f elementor-widget elementor-widget-spacer\" data-id=\"2e9c04f\" data-element_type=\"widget\" data-e-type=\"widget\" data-widget_type=\"spacer.default\">\n\t\t\t\t<div class=\"elementor-widget-container\">\n\t\t\t\t\t\t\t<div class=\"elementor-spacer\">\n\t\t\t<div class=\"elementor-spacer-inner\"><\/div>\n\t\t<\/div>\n\t\t\t\t\t\t<\/div>\n\t\t\t\t<\/div>\n\t\t\t\t<div class=\"elementor-element elementor-element-7172597 elementor-widget elementor-widget-text-editor\" data-id=\"7172597\" data-element_type=\"widget\" data-e-type=\"widget\" data-widget_type=\"text-editor.default\">\n\t\t\t\t<div class=\"elementor-widget-container\">\n\t\t\t\t\t\t\t\t\t<h4>Data protection<\/h4><p>We want to expressly advise you that your personal data is saved and processed according to Data Protection Act, as otherwise the processing of your request would not be possible. (p.e. contract processing, send information, newsletter, lottery handling, communication). You have the right to request disclosure, correction, deletion, restriction, data portability or opposition, and revocation of consents granted. You also have the right of appeal at the data protection authority. You will find more information at\u00a0<a class=\"internal-link\" href=\"https:\/\/www.froeling.com\/en\/data-protection.html\">www.froeling.com\/privacy<\/a>. Person in charge for the publication: Fr\u00f6ling Heizkessel- und Beh\u00e4lterbau Ges.m.b.H., Industriestra\u00dfe 12, 4710 Grieskirchen.<\/p>\t\t\t\t\t\t\t\t<\/div>\n\t\t\t\t<\/div>\n\t\t\t\t\t<\/div>\n\t\t\t\t<\/div>\n\t\t<div class=\"elementor-element elementor-element-72bb9f7 e-flex e-con-boxed e-con e-parent\" data-id=\"72bb9f7\" data-element_type=\"container\" data-e-type=\"container\">\n\t\t\t\t\t<div class=\"e-con-inner\">\n\t\t\t\t<div class=\"elementor-element elementor-element-3151242 elementor-widget elementor-widget-spacer\" data-id=\"3151242\" data-element_type=\"widget\" data-e-type=\"widget\" data-widget_type=\"spacer.default\">\n\t\t\t\t<div class=\"elementor-widget-container\">\n\t\t\t\t\t\t\t<div class=\"elementor-spacer\">\n\t\t\t<div class=\"elementor-spacer-inner\"><\/div>\n\t\t<\/div>\n\t\t\t\t\t\t<\/div>\n\t\t\t\t<\/div>\n\t\t\t\t\t<\/div>\n\t\t\t\t<\/div>\n\t\t\t\t<\/div>\n\t\t","protected":false},"excerpt":{"rendered":"<p>Request Information\/consultation You would like to have further product information or you have general questions regarding our company? Data protection We want to expressly advise you that your personal data is saved and processed according to Data Protection Act, as otherwise the processing of your request would not be possible. (p.e. contract processing, send information, [&hellip;]<\/p>\n","protected":false},"author":6,"featured_media":0,"parent":84,"menu_order":0,"comment_status":"closed","ping_status":"closed","template":"","meta":{"_acf_changed":false,"footnotes":""},"class_list":["post-3064","page","type-page","status-publish","hentry"],"acf":[],"_links":{"self":[{"href":"https:\/\/www.froeling.com\/en-gb\/wp-json\/wp\/v2\/pages\/3064","targetHints":{"allow":["GET"]}}],"collection":[{"href":"https:\/\/www.froeling.com\/en-gb\/wp-json\/wp\/v2\/pages"}],"about":[{"href":"https:\/\/www.froeling.com\/en-gb\/wp-json\/wp\/v2\/types\/page"}],"author":[{"embeddable":true,"href":"https:\/\/www.froeling.com\/en-gb\/wp-json\/wp\/v2\/users\/6"}],"replies":[{"embeddable":true,"href":"https:\/\/www.froeling.com\/en-gb\/wp-json\/wp\/v2\/comments?post=3064"}],"version-history":[{"count":7,"href":"https:\/\/www.froeling.com\/en-gb\/wp-json\/wp\/v2\/pages\/3064\/revisions"}],"predecessor-version":[{"id":5730,"href":"https:\/\/www.froeling.com\/en-gb\/wp-json\/wp\/v2\/pages\/3064\/revisions\/5730"}],"up":[{"embeddable":true,"href":"https:\/\/www.froeling.com\/en-gb\/wp-json\/wp\/v2\/pages\/84"}],"wp:attachment":[{"href":"https:\/\/www.froeling.com\/en-gb\/wp-json\/wp\/v2\/media?parent=3064"}],"curies":[{"name":"wp","href":"https:\/\/api.w.org\/{rel}","templated":true}]}}