{"id":2961,"date":"2022-11-25T12:43:18","date_gmt":"2022-11-25T11:43:18","guid":{"rendered":"https:\/\/www.froeling.com\/de-at\/?page_id=2961"},"modified":"2026-01-19T16:32:42","modified_gmt":"2026-01-19T15:32:42","slug":"ideal","status":"publish","type":"page","link":"https:\/\/www.froeling.com\/es-es\/empresa\/ideal\/","title":{"rendered":"Ideal"},"content":{"rendered":"\t\t<div data-elementor-type=\"wp-page\" data-elementor-id=\"2961\" class=\"elementor elementor-2961\" data-elementor-post-type=\"page\">\n\t\t\t\t<div class=\"elementor-element elementor-element-2835dba e-con-full e-flex e-con e-parent\" data-id=\"2835dba\" data-element_type=\"container\" data-e-type=\"container\" data-settings=\"{&quot;background_background&quot;:&quot;gradient&quot;}\">\n\t\t<div class=\"elementor-element elementor-element-4bcebd1 e-con-full e-flex e-con e-child\" data-id=\"4bcebd1\" data-element_type=\"container\" data-e-type=\"container\">\n\t\t<div class=\"elementor-element elementor-element-d497f96 hero-offset-container e-flex e-con-boxed e-con e-child\" data-id=\"d497f96\" data-element_type=\"container\" data-e-type=\"container\" data-settings=\"{&quot;background_background&quot;:&quot;classic&quot;}\">\n\t\t\t\t\t<div class=\"e-con-inner\">\n\t\t\t\t<div class=\"elementor-element elementor-element-a41e5c7 elementor-widget elementor-widget-heading\" data-id=\"a41e5c7\" data-element_type=\"widget\" data-e-type=\"widget\" data-widget_type=\"heading.default\">\n\t\t\t\t<div class=\"elementor-widget-container\">\n\t\t\t\t\t<h2 class=\"elementor-heading-title elementor-size-default\">Ideal<\/h2>\t\t\t\t<\/div>\n\t\t\t\t<\/div>\n\t\t\t\t<div class=\"elementor-element elementor-element-6997323 elementor-widget elementor-widget-text-editor\" data-id=\"6997323\" data-element_type=\"widget\" data-e-type=\"widget\" data-widget_type=\"text-editor.default\">\n\t\t\t\t<div class=\"elementor-widget-container\">\n\t\t\t\t\t\t\t\t\t<h4>Pionera en el sector de las calderas de biomasa<\/h4>\t\t\t\t\t\t\t\t<\/div>\n\t\t\t\t<\/div>\n\t\t\t\t\t<\/div>\n\t\t\t\t<\/div>\n\t\t\t\t<\/div>\n\t\t<div class=\"elementor-element elementor-element-87e6309 e-con-full e-flex e-con e-child\" data-id=\"87e6309\" data-element_type=\"container\" data-e-type=\"container\" data-settings=\"{&quot;background_background&quot;:&quot;classic&quot;}\">\n\t\t\t\t<\/div>\n\t\t\t\t<\/div>\n\t\t<div class=\"elementor-element elementor-element-106d478 e-flex e-con-boxed e-con e-parent\" data-id=\"106d478\" data-element_type=\"container\" data-e-type=\"container\">\n\t\t\t\t\t<div class=\"e-con-inner\">\n\t\t\t\t<div class=\"elementor-element elementor-element-6e7082e elementor-widget elementor-widget-text-editor\" data-id=\"6e7082e\" data-element_type=\"widget\" data-e-type=\"widget\" data-widget_type=\"text-editor.default\">\n\t\t\t\t<div class=\"elementor-widget-container\">\n\t\t\t\t\t\t\t\t\t<p>Desde hace 60 a\u00f1os:<\/p>\t\t\t\t\t\t\t\t<\/div>\n\t\t\t\t<\/div>\n\t\t\t\t<div class=\"elementor-element elementor-element-c562a16 elementor-widget elementor-widget-heading\" data-id=\"c562a16\" data-element_type=\"widget\" data-e-type=\"widget\" data-widget_type=\"heading.default\">\n\t\t\t\t<div class=\"elementor-widget-container\">\n\t\t\t\t\t<h2 class=\"elementor-heading-title elementor-size-default\">La gran marca de calefacci\u00f3n con madera\n\n<\/h2>\t\t\t\t<\/div>\n\t\t\t\t<\/div>\n\t\t\t\t<div class=\"elementor-element elementor-element-3b38cb4 elementor-widget elementor-widget-text-editor\" data-id=\"3b38cb4\" data-element_type=\"widget\" data-e-type=\"widget\" data-widget_type=\"text-editor.default\">\n\t\t\t\t<div class=\"elementor-widget-container\">\n\t\t\t\t\t\t\t\t\t<p>Froling es pionera en sistemas modernos de calefacci\u00f3n con madera. La revolucionaria invenci\u00f3n de la moderna caldera de le\u00f1a con combusti\u00f3n a alta temperatura, la c\u00e1mara de combusti\u00f3n de astillas con tecnolog\u00eda Lambda, el desarrollo de calderas de pellets premiadas internacionalmente: Todo ello lleva el sello de Froling. Numerosos premios a la calidad de renombre internacional destacan nuestro esfuerzo constante por crear soluciones eficientes.<\/p>\t\t\t\t\t\t\t\t<\/div>\n\t\t\t\t<\/div>\n\t\t\t\t\t<\/div>\n\t\t\t\t<\/div>\n\t\t<div class=\"elementor-element elementor-element-baea105 e-flex e-con-boxed e-con e-parent\" data-id=\"baea105\" data-element_type=\"container\" data-e-type=\"container\">\n\t\t\t\t\t<div class=\"e-con-inner\">\n\t\t<div class=\"elementor-element elementor-element-4ae52bd e-con-full e-flex e-con e-child\" data-id=\"4ae52bd\" data-element_type=\"container\" data-e-type=\"container\">\n\t\t\t\t<div class=\"elementor-element elementor-element-c994ae9 elementor-widget elementor-widget-text-editor\" data-id=\"c994ae9\" data-element_type=\"widget\" data-e-type=\"widget\" data-widget_type=\"text-editor.default\">\n\t\t\t\t<div class=\"elementor-widget-container\">\n\t\t\t\t\t\t\t\t\t<p>Todo de un mismo proveedor<\/p>\t\t\t\t\t\t\t\t<\/div>\n\t\t\t\t<\/div>\n\t\t\t\t<div class=\"elementor-element elementor-element-c77aa68 elementor-widget-laptop__width-initial elementor-widget elementor-widget-heading\" data-id=\"c77aa68\" data-element_type=\"widget\" data-e-type=\"widget\" data-widget_type=\"heading.default\">\n\t\t\t\t<div class=\"elementor-widget-container\">\n\t\t\t\t\t<h3 class=\"elementor-heading-title elementor-size-default\">El proveedor integral para la sala de calderas\n\n<\/h3>\t\t\t\t<\/div>\n\t\t\t\t<\/div>\n\t\t\t\t<div class=\"elementor-element elementor-element-44ea149 elementor-widget__width-initial elementor-widget elementor-widget-text-editor\" data-id=\"44ea149\" data-element_type=\"widget\" data-e-type=\"widget\" data-widget_type=\"text-editor.default\">\n\t\t\t\t<div class=\"elementor-widget-container\">\n\t\t\t\t\t\t\t\t\t<p>Froling es un proveedor integral para la sala de calderas. Producimos calefacciones de le\u00f1a, astillas y pellets: desde la caldera peque\u00f1a hasta la instalaci\u00f3n industrial. Nuestros innovadores sistemas de almacenamiento abarcan desde dep\u00f3sitos de inercia hasta la producci\u00f3n higi\u00e9nica de agua caliente y la integraci\u00f3n solar.<\/p><p>Nuestro amplio surtido incluye, asimismo, sistemas de extracci\u00f3n para silos en las m\u00e1s diversas variantes. Nuestra variada oferta de servicios est\u00e1 muy valorada: Asesoramiento, planificaci\u00f3n, realizaci\u00f3n servicio t\u00e9cnico: Froling ofrece asistencia en todas las \u00e1reas.<\/p>\t\t\t\t\t\t\t\t<\/div>\n\t\t\t\t<\/div>\n\t\t\t\t<\/div>\n\t\t<div class=\"elementor-element elementor-element-d506ac9 e-con-full e-flex e-con e-child\" data-id=\"d506ac9\" data-element_type=\"container\" data-e-type=\"container\">\n\t\t\t\t<div class=\"elementor-element elementor-element-d9a1adc elementor-widget elementor-widget-image\" data-id=\"d9a1adc\" data-element_type=\"widget\" data-e-type=\"widget\" data-widget_type=\"image.default\">\n\t\t\t\t<div class=\"elementor-widget-container\">\n\t\t\t\t\t\t\t\t\t\t\t\t\t\t\t<img fetchpriority=\"high\" decoding=\"async\" width=\"800\" height=\"551\" src=\"https:\/\/www.froeling.com\/es-es\/wp-content\/uploads\/sites\/11\/2022\/12\/Tausch-Heizung_0522-1-1024x705.jpg\" class=\"attachment-large size-large wp-image-3740\" alt=\"\" srcset=\"https:\/\/www.froeling.com\/es-es\/wp-content\/uploads\/sites\/11\/2022\/12\/Tausch-Heizung_0522-1-1024x705.jpg 1024w, https:\/\/www.froeling.com\/es-es\/wp-content\/uploads\/sites\/11\/2022\/12\/Tausch-Heizung_0522-1-300x207.jpg 300w, https:\/\/www.froeling.com\/es-es\/wp-content\/uploads\/sites\/11\/2022\/12\/Tausch-Heizung_0522-1-768x529.jpg 768w, https:\/\/www.froeling.com\/es-es\/wp-content\/uploads\/sites\/11\/2022\/12\/Tausch-Heizung_0522-1-1536x1058.jpg 1536w, https:\/\/www.froeling.com\/es-es\/wp-content\/uploads\/sites\/11\/2022\/12\/Tausch-Heizung_0522-1-2048x1410.jpg 2048w, https:\/\/www.froeling.com\/es-es\/wp-content\/uploads\/sites\/11\/2022\/12\/Tausch-Heizung_0522-1-1920x1322.jpg 1920w\" sizes=\"(max-width: 800px) 100vw, 800px\" \/>\t\t\t\t\t\t\t\t\t\t\t\t\t\t\t<\/div>\n\t\t\t\t<\/div>\n\t\t\t\t<\/div>\n\t\t\t\t\t<\/div>\n\t\t\t\t<\/div>\n\t\t<div class=\"elementor-element elementor-element-5ab0538 e-flex e-con-boxed e-con e-parent\" data-id=\"5ab0538\" data-element_type=\"container\" data-e-type=\"container\">\n\t\t\t\t\t<div class=\"e-con-inner\">\n\t\t<div class=\"elementor-element elementor-element-eaa17a7 e-con-full e-flex e-con e-child\" data-id=\"eaa17a7\" data-element_type=\"container\" data-e-type=\"container\">\n\t\t\t\t<div class=\"elementor-element elementor-element-9d78cd6 elementor-widget elementor-widget-image\" data-id=\"9d78cd6\" data-element_type=\"widget\" data-e-type=\"widget\" data-widget_type=\"image.default\">\n\t\t\t\t<div class=\"elementor-widget-container\">\n\t\t\t\t\t\t\t\t\t\t\t\t\t\t\t<img decoding=\"async\" width=\"800\" height=\"600\" src=\"https:\/\/www.froeling.com\/es-es\/wp-content\/uploads\/sites\/11\/2022\/12\/schweissbild-1024x768.jpg\" class=\"attachment-large size-large wp-image-3746\" alt=\"\" srcset=\"https:\/\/www.froeling.com\/es-es\/wp-content\/uploads\/sites\/11\/2022\/12\/schweissbild-1024x768.jpg 1024w, https:\/\/www.froeling.com\/es-es\/wp-content\/uploads\/sites\/11\/2022\/12\/schweissbild-300x225.jpg 300w, https:\/\/www.froeling.com\/es-es\/wp-content\/uploads\/sites\/11\/2022\/12\/schweissbild-768x576.jpg 768w, https:\/\/www.froeling.com\/es-es\/wp-content\/uploads\/sites\/11\/2022\/12\/schweissbild-1536x1152.jpg 1536w, https:\/\/www.froeling.com\/es-es\/wp-content\/uploads\/sites\/11\/2022\/12\/schweissbild.jpg 1772w\" sizes=\"(max-width: 800px) 100vw, 800px\" \/>\t\t\t\t\t\t\t\t\t\t\t\t\t\t\t<\/div>\n\t\t\t\t<\/div>\n\t\t\t\t<\/div>\n\t\t<div class=\"elementor-element elementor-element-e75bcaa e-con-full e-flex e-con e-child\" data-id=\"e75bcaa\" data-element_type=\"container\" data-e-type=\"container\">\n\t\t\t\t<div class=\"elementor-element elementor-element-31ac976 elementor-widget elementor-widget-text-editor\" data-id=\"31ac976\" data-element_type=\"widget\" data-e-type=\"widget\" data-widget_type=\"text-editor.default\">\n\t\t\t\t<div class=\"elementor-widget-container\">\n\t\t\t\t\t\t\t\t\t<p>Planta de Stritzing<\/p>\t\t\t\t\t\t\t\t<\/div>\n\t\t\t\t<\/div>\n\t\t\t\t<div class=\"elementor-element elementor-element-8e10a34 elementor-widget elementor-widget-heading\" data-id=\"8e10a34\" data-element_type=\"widget\" data-e-type=\"widget\" data-widget_type=\"heading.default\">\n\t\t\t\t<div class=\"elementor-widget-container\">\n\t\t\t\t\t<h3 class=\"elementor-heading-title elementor-size-default\">Producci\u00f3n en nuestra propia planta\n\n<\/h3>\t\t\t\t<\/div>\n\t\t\t\t<\/div>\n\t\t\t\t<div class=\"elementor-element elementor-element-bf4f675 elementor-widget elementor-widget-text-editor\" data-id=\"bf4f675\" data-element_type=\"widget\" data-e-type=\"widget\" data-widget_type=\"text-editor.default\">\n\t\t\t\t<div class=\"elementor-widget-container\">\n\t\t\t\t\t\t\t\t\t<p>Para poder entregar la m\u00e1xima calidad, confiamos solo en nosotros mismos. Fabricamos nuestros productos en plantas propias de Austria y Alemania, aplicando conocimientos propios y la m\u00e1xima precisi\u00f3n. Nos dejamos el alma en cada detalle.<\/p><p>La planta de producci\u00f3n de Froling en Stritzing es uno de los centros de mecanizado de chapa de acero m\u00e1s modernos de Austria.<\/p>\t\t\t\t\t\t\t\t<\/div>\n\t\t\t\t<\/div>\n\t\t\t\t<\/div>\n\t\t\t\t\t<\/div>\n\t\t\t\t<\/div>\n\t\t<div class=\"elementor-element elementor-element-b3fa8ab e-flex e-con-boxed e-con e-parent\" data-id=\"b3fa8ab\" data-element_type=\"container\" data-e-type=\"container\" data-settings=\"{&quot;background_background&quot;:&quot;gradient&quot;}\">\n\t\t\t\t\t<div class=\"e-con-inner\">\n\t\t<div class=\"elementor-element elementor-element-6491926 e-con-full e-flex e-con e-child\" data-id=\"6491926\" data-element_type=\"container\" data-e-type=\"container\">\n\t\t\t\t<div class=\"elementor-element elementor-element-8f0654b elementor-widget elementor-widget-text-editor\" data-id=\"8f0654b\" data-element_type=\"widget\" data-e-type=\"widget\" data-widget_type=\"text-editor.default\">\n\t\t\t\t<div class=\"elementor-widget-container\">\n\t\t\t\t\t\t\t\t\t<p>Sucursales<\/p>\t\t\t\t\t\t\t\t<\/div>\n\t\t\t\t<\/div>\n\t\t\t\t<div class=\"elementor-element elementor-element-9a8868e elementor-widget elementor-widget-heading\" data-id=\"9a8868e\" data-element_type=\"widget\" data-e-type=\"widget\" data-widget_type=\"heading.default\">\n\t\t\t\t<div class=\"elementor-widget-container\">\n\t\t\t\t\t<h3 class=\"elementor-heading-title elementor-size-default\">\u00c1mbito internacional\n\n<\/h3>\t\t\t\t<\/div>\n\t\t\t\t<\/div>\n\t\t\t\t<div class=\"elementor-element elementor-element-a4602b6 elementor-widget elementor-widget-text-editor\" data-id=\"a4602b6\" data-element_type=\"widget\" data-e-type=\"widget\" data-widget_type=\"text-editor.default\">\n\t\t\t\t<div class=\"elementor-widget-container\">\n\t\t\t\t\t\t\t\t\t<p>Desde sus or\u00edgenes como negocio familiar fundado en Austria, Froling ha crecido hasta convertirse en una empresa de \u00e1mbito internacional.<\/p><p>Nuestras calefacciones de le\u00f1a funcionan con \u00e9xito en muchos pa\u00edses del mundo. Instaladores, proyectistas, arquitectos, asesores energ\u00e9ticos y deshollinadores de todo el mundo participan en cursos especializados impartidos en las distintas sucursales de nuestra academia y se convencen de la calidad de los productos y servicios de la marca Froling.<\/p>\t\t\t\t\t\t\t\t<\/div>\n\t\t\t\t<\/div>\n\t\t\t\t<\/div>\n\t\t<div class=\"elementor-element elementor-element-9a7e648 e-flex e-con-boxed e-con e-child\" data-id=\"9a7e648\" data-element_type=\"container\" data-e-type=\"container\" data-settings=\"{&quot;background_background&quot;:&quot;classic&quot;}\">\n\t\t\t\t\t<div class=\"e-con-inner\">\n\t\t<div class=\"elementor-element elementor-element-4db60f5 e-con-full hover-img e-flex e-con e-child\" data-id=\"4db60f5\" data-element_type=\"container\" data-e-type=\"container\" data-settings=\"{&quot;background_background&quot;:&quot;classic&quot;}\">\n\t\t\t\t<div class=\"elementor-element elementor-element-2dbe73f hover-img elementor-widget elementor-widget-image\" data-id=\"2dbe73f\" data-element_type=\"widget\" data-e-type=\"widget\" data-widget_type=\"image.default\">\n\t\t\t\t<div class=\"elementor-widget-container\">\n\t\t\t\t\t\t\t\t\t\t\t\t\t\t\t<img decoding=\"async\" width=\"768\" height=\"512\" src=\"https:\/\/www.froeling.com\/es-es\/wp-content\/uploads\/sites\/11\/2022\/11\/MG_0553-768x512.jpg\" class=\"attachment-medium_large size-medium_large wp-image-2974\" alt=\"\" srcset=\"https:\/\/www.froeling.com\/es-es\/wp-content\/uploads\/sites\/11\/2022\/11\/MG_0553-768x512.jpg 768w, https:\/\/www.froeling.com\/es-es\/wp-content\/uploads\/sites\/11\/2022\/11\/MG_0553-300x200.jpg 300w, https:\/\/www.froeling.com\/es-es\/wp-content\/uploads\/sites\/11\/2022\/11\/MG_0553-1024x683.jpg 1024w, https:\/\/www.froeling.com\/es-es\/wp-content\/uploads\/sites\/11\/2022\/11\/MG_0553-1536x1024.jpg 1536w, https:\/\/www.froeling.com\/es-es\/wp-content\/uploads\/sites\/11\/2022\/11\/MG_0553-2048x1365.jpg 2048w, https:\/\/www.froeling.com\/es-es\/wp-content\/uploads\/sites\/11\/2022\/11\/MG_0553-1920x1280.jpg 1920w\" sizes=\"(max-width: 768px) 100vw, 768px\" \/>\t\t\t\t\t\t\t\t\t\t\t\t\t\t\t<\/div>\n\t\t\t\t<\/div>\n\t\t\t\t<div class=\"elementor-element elementor-element-4bf0da4 elementor-widget elementor-widget-text-editor\" data-id=\"4bf0da4\" data-element_type=\"widget\" data-e-type=\"widget\" data-widget_type=\"text-editor.default\">\n\t\t\t\t<div class=\"elementor-widget-container\">\n\t\t\t\t\t\t\t\t\t<p>El centro de formaci\u00f3n y competencia de Bozen, Italia<\/p>\t\t\t\t\t\t\t\t<\/div>\n\t\t\t\t<\/div>\n\t\t\t\t<\/div>\n\t\t<div class=\"elementor-element elementor-element-63fd650 e-con-full hover-img e-flex e-con e-child\" data-id=\"63fd650\" data-element_type=\"container\" data-e-type=\"container\" data-settings=\"{&quot;background_background&quot;:&quot;classic&quot;}\">\n\t\t\t\t<div class=\"elementor-element elementor-element-b78be0f elementor-widget elementor-widget-image\" data-id=\"b78be0f\" data-element_type=\"widget\" data-e-type=\"widget\" data-widget_type=\"image.default\">\n\t\t\t\t<div class=\"elementor-widget-container\">\n\t\t\t\t\t\t\t\t\t\t\t\t\t\t\t<img loading=\"lazy\" decoding=\"async\" width=\"768\" height=\"432\" src=\"https:\/\/www.froeling.com\/es-es\/wp-content\/uploads\/sites\/11\/2026\/01\/20251014_084417-768x432.jpg\" class=\"attachment-medium_large size-medium_large wp-image-6820\" alt=\"\" srcset=\"https:\/\/www.froeling.com\/es-es\/wp-content\/uploads\/sites\/11\/2026\/01\/20251014_084417-768x432.jpg 768w, https:\/\/www.froeling.com\/es-es\/wp-content\/uploads\/sites\/11\/2026\/01\/20251014_084417-300x169.jpg 300w, https:\/\/www.froeling.com\/es-es\/wp-content\/uploads\/sites\/11\/2026\/01\/20251014_084417-1024x577.jpg 1024w, https:\/\/www.froeling.com\/es-es\/wp-content\/uploads\/sites\/11\/2026\/01\/20251014_084417-1536x865.jpg 1536w, https:\/\/www.froeling.com\/es-es\/wp-content\/uploads\/sites\/11\/2026\/01\/20251014_084417-2048x1153.jpg 2048w, https:\/\/www.froeling.com\/es-es\/wp-content\/uploads\/sites\/11\/2026\/01\/20251014_084417-1920x1081.jpg 1920w\" sizes=\"(max-width: 768px) 100vw, 768px\" \/>\t\t\t\t\t\t\t\t\t\t\t\t\t\t\t<\/div>\n\t\t\t\t<\/div>\n\t\t\t\t<div class=\"elementor-element elementor-element-543b968 elementor-widget elementor-widget-text-editor\" data-id=\"543b968\" data-element_type=\"widget\" data-e-type=\"widget\" data-widget_type=\"text-editor.default\">\n\t\t\t\t<div class=\"elementor-widget-container\">\n\t\t\t\t\t\t\t\t\t<p>El centro de formaci\u00f3n y competencia de Mundolsheim, Francia<\/p>\t\t\t\t\t\t\t\t<\/div>\n\t\t\t\t<\/div>\n\t\t\t\t<\/div>\n\t\t<div class=\"elementor-element elementor-element-8025add e-con-full hover-img e-flex e-con e-child\" data-id=\"8025add\" data-element_type=\"container\" data-e-type=\"container\" data-settings=\"{&quot;background_background&quot;:&quot;classic&quot;}\">\n\t\t\t\t<div class=\"elementor-element elementor-element-8fea5a6 elementor-widget elementor-widget-image\" data-id=\"8fea5a6\" data-element_type=\"widget\" data-e-type=\"widget\" data-widget_type=\"image.default\">\n\t\t\t\t<div class=\"elementor-widget-container\">\n\t\t\t\t\t\t\t\t\t\t\t\t\t\t\t<img loading=\"lazy\" decoding=\"async\" width=\"200\" height=\"153\" src=\"https:\/\/www.froeling.com\/es-es\/wp-content\/uploads\/sites\/11\/2022\/11\/csm_muenchen_1b19e66994.jpg\" class=\"attachment-medium_large size-medium_large wp-image-2972\" alt=\"\" \/>\t\t\t\t\t\t\t\t\t\t\t\t\t\t\t<\/div>\n\t\t\t\t<\/div>\n\t\t\t\t<div class=\"elementor-element elementor-element-6239d6d elementor-widget elementor-widget-text-editor\" data-id=\"6239d6d\" data-element_type=\"widget\" data-e-type=\"widget\" data-widget_type=\"text-editor.default\">\n\t\t\t\t<div class=\"elementor-widget-container\">\n\t\t\t\t\t\t\t\t\t<p>El centro de formaci\u00f3n y competencia de Aschheim, cerca de M\u00fanich<\/p>\t\t\t\t\t\t\t\t<\/div>\n\t\t\t\t<\/div>\n\t\t\t\t<\/div>\n\t\t<div class=\"elementor-element elementor-element-3ab5907 e-con-full hover-img e-flex e-con e-child\" data-id=\"3ab5907\" data-element_type=\"container\" data-e-type=\"container\" data-settings=\"{&quot;background_background&quot;:&quot;classic&quot;}\">\n\t\t\t\t<div class=\"elementor-element elementor-element-6f6a306 elementor-widget elementor-widget-image\" data-id=\"6f6a306\" data-element_type=\"widget\" data-e-type=\"widget\" data-widget_type=\"image.default\">\n\t\t\t\t<div class=\"elementor-widget-container\">\n\t\t\t\t\t\t\t\t\t\t\t\t\t\t\t<img loading=\"lazy\" decoding=\"async\" width=\"768\" height=\"426\" src=\"https:\/\/www.froeling.com\/es-es\/wp-content\/uploads\/sites\/11\/2022\/11\/Eingang_Grieskirchen_RZ_ohne_Asphalt-768x426.jpg\" class=\"attachment-medium_large size-medium_large wp-image-2963\" alt=\"\" srcset=\"https:\/\/www.froeling.com\/es-es\/wp-content\/uploads\/sites\/11\/2022\/11\/Eingang_Grieskirchen_RZ_ohne_Asphalt-768x426.jpg 768w, https:\/\/www.froeling.com\/es-es\/wp-content\/uploads\/sites\/11\/2022\/11\/Eingang_Grieskirchen_RZ_ohne_Asphalt-300x166.jpg 300w, https:\/\/www.froeling.com\/es-es\/wp-content\/uploads\/sites\/11\/2022\/11\/Eingang_Grieskirchen_RZ_ohne_Asphalt-1024x568.jpg 1024w, https:\/\/www.froeling.com\/es-es\/wp-content\/uploads\/sites\/11\/2022\/11\/Eingang_Grieskirchen_RZ_ohne_Asphalt-1536x852.jpg 1536w, https:\/\/www.froeling.com\/es-es\/wp-content\/uploads\/sites\/11\/2022\/11\/Eingang_Grieskirchen_RZ_ohne_Asphalt-2048x1137.jpg 2048w, https:\/\/www.froeling.com\/es-es\/wp-content\/uploads\/sites\/11\/2022\/11\/Eingang_Grieskirchen_RZ_ohne_Asphalt-1920x1066.jpg 1920w\" sizes=\"(max-width: 768px) 100vw, 768px\" \/>\t\t\t\t\t\t\t\t\t\t\t\t\t\t\t<\/div>\n\t\t\t\t<\/div>\n\t\t\t\t<div class=\"elementor-element elementor-element-817e7da elementor-widget elementor-widget-heading\" data-id=\"817e7da\" data-element_type=\"widget\" data-e-type=\"widget\" data-widget_type=\"heading.default\">\n\t\t\t\t<div class=\"elementor-widget-container\">\n\t\t\t\t\t<h3 class=\"elementor-heading-title elementor-size-default\">Sede principal\n\n<\/h3>\t\t\t\t<\/div>\n\t\t\t\t<\/div>\n\t\t\t\t<div class=\"elementor-element elementor-element-d632927 elementor-widget elementor-widget-text-editor\" data-id=\"d632927\" data-element_type=\"widget\" data-e-type=\"widget\" data-widget_type=\"text-editor.default\">\n\t\t\t\t<div class=\"elementor-widget-container\">\n\t\t\t\t\t\t\t\t\t<p>La sede principal en Grieskirchen, Austria<\/p>\t\t\t\t\t\t\t\t<\/div>\n\t\t\t\t<\/div>\n\t\t\t\t<\/div>\n\t\t\t\t\t<\/div>\n\t\t\t\t<\/div>\n\t\t\t\t\t<\/div>\n\t\t\t\t<\/div>\n\t\t<div class=\"elementor-element elementor-element-7e82a65 e-flex e-con-boxed e-con e-parent\" data-id=\"7e82a65\" data-element_type=\"container\" data-e-type=\"container\">\n\t\t\t\t\t<div class=\"e-con-inner\">\n\t\t<div class=\"elementor-element elementor-element-c392e5e e-con-full e-flex e-con e-child\" data-id=\"c392e5e\" data-element_type=\"container\" data-e-type=\"container\">\n\t\t\t\t<div class=\"elementor-element elementor-element-f065519 elementor-widget-laptop__width-initial elementor-widget elementor-widget-image\" data-id=\"f065519\" data-element_type=\"widget\" data-e-type=\"widget\" data-widget_type=\"image.default\">\n\t\t\t\t<div class=\"elementor-widget-container\">\n\t\t\t\t\t\t\t\t\t\t\t\t\t\t\t<img decoding=\"async\" src=\"https:\/\/www.froeling.com\/es-es\/wp-content\/uploads\/sites\/11\/2022\/12\/Froeling-Karte_Laender_NEU_RGB-1.jpg\" title=\"Fr\u00f6ling-Karte_L\u00e4nder_NEU_RGB\" alt=\"Fr\u00f6ling-Karte_L\u00e4nder_NEU_RGB\" loading=\"lazy\" \/>\t\t\t\t\t\t\t\t\t\t\t\t\t\t\t<\/div>\n\t\t\t\t<\/div>\n\t\t\t\t<\/div>\n\t\t<div class=\"elementor-element elementor-element-4e3b3a4 e-con-full e-flex e-con e-child\" data-id=\"4e3b3a4\" data-element_type=\"container\" data-e-type=\"container\">\n\t\t\t\t<div class=\"elementor-element elementor-element-c927d41 elementor-widget elementor-widget-text-editor\" data-id=\"c927d41\" data-element_type=\"widget\" data-e-type=\"widget\" data-widget_type=\"text-editor.default\">\n\t\t\t\t<div class=\"elementor-widget-container\">\n\t\t\t\t\t\t\t\t\t<p>Informaci\u00f3n de inter\u00e9s<\/p>\t\t\t\t\t\t\t\t<\/div>\n\t\t\t\t<\/div>\n\t\t\t\t<div class=\"elementor-element elementor-element-67892dc elementor-widget elementor-widget-heading\" data-id=\"67892dc\" data-element_type=\"widget\" data-e-type=\"widget\" data-widget_type=\"heading.default\">\n\t\t\t\t<div class=\"elementor-widget-container\">\n\t\t\t\t\t<h2 class=\"elementor-heading-title elementor-size-default\">Cifras, datos, hechos\n\n<\/h2>\t\t\t\t<\/div>\n\t\t\t\t<\/div>\n\t\t\t\t<div class=\"elementor-element elementor-element-b9e4862 elementor-icon-list--layout-traditional elementor-list-item-link-full_width elementor-widget elementor-widget-icon-list\" data-id=\"b9e4862\" data-element_type=\"widget\" data-e-type=\"widget\" data-widget_type=\"icon-list.default\">\n\t\t\t\t<div class=\"elementor-widget-container\">\n\t\t\t\t\t\t\t<ul class=\"elementor-icon-list-items\">\n\t\t\t\t\t\t\t<li class=\"elementor-icon-list-item\">\n\t\t\t\t\t\t\t\t\t\t\t<span class=\"elementor-icon-list-icon\">\n\t\t\t\t\t\t\t<i aria-hidden=\"true\" class=\"fas fa-check\"><\/i>\t\t\t\t\t\t<\/span>\n\t\t\t\t\t\t\t\t\t\t<span class=\"elementor-icon-list-text\">Trabajadores: alrededor de 1000<\/span>\n\t\t\t\t\t\t\t\t\t<\/li>\n\t\t\t\t\t\t\t\t<li class=\"elementor-icon-list-item\">\n\t\t\t\t\t\t\t\t\t\t\t<span class=\"elementor-icon-list-icon\">\n\t\t\t\t\t\t\t<i aria-hidden=\"true\" class=\"fas fa-check\"><\/i>\t\t\t\t\t\t<\/span>\n\t\t\t\t\t\t\t\t\t\t<span class=\"elementor-icon-list-text\">Cuota de exportaci\u00f3n: m\u00e1s del 80%<\/span>\n\t\t\t\t\t\t\t\t\t<\/li>\n\t\t\t\t\t\t\t\t<li class=\"elementor-icon-list-item\">\n\t\t\t\t\t\t\t\t\t\t\t<span class=\"elementor-icon-list-icon\">\n\t\t\t\t\t\t\t<i aria-hidden=\"true\" class=\"fas fa-check\"><\/i>\t\t\t\t\t\t<\/span>\n\t\t\t\t\t\t\t\t\t\t<span class=\"elementor-icon-list-text\">Marcas principales: Austria, Alemania, Italia, Suiza, Francia, Irlanda, Inglaterra, Eslovenia, Noruega, Polonia, Suecia, B\u00e9lgica, Pa\u00edses Bajos, Luxemburgo, Espa\u00f1a, Am\u00e9rica, etc.<\/span>\n\t\t\t\t\t\t\t\t\t<\/li>\n\t\t\t\t\t\t\t\t<li class=\"elementor-icon-list-item\">\n\t\t\t\t\t\t\t\t\t\t\t<span class=\"elementor-icon-list-icon\">\n\t\t\t\t\t\t\t<i aria-hidden=\"true\" class=\"fas fa-check\"><\/i>\t\t\t\t\t\t<\/span>\n\t\t\t\t\t\t\t\t\t\t<span class=\"elementor-icon-list-text\">Centros de ventas, formaci\u00f3n y competencia de Froling: Grieskirchen (Austria), Aschheim-M\u00fanich (Alemania), Mundolsheim (Francia), Bozen (Italia)<\/span>\n\t\t\t\t\t\t\t\t\t<\/li>\n\t\t\t\t\t\t<\/ul>\n\t\t\t\t\t\t<\/div>\n\t\t\t\t<\/div>\n\t\t\t\t<\/div>\n\t\t\t\t\t<\/div>\n\t\t\t\t<\/div>\n\t\t\t\t<\/div>\n\t\t","protected":false},"excerpt":{"rendered":"<p>Ideal Pionera en el sector de las calderas de biomasa Desde hace 60 a\u00f1os: La gran marca de calefacci\u00f3n con madera Froling es pionera en sistemas modernos de calefacci\u00f3n con madera. La revolucionaria invenci\u00f3n de la moderna caldera de le\u00f1a con combusti\u00f3n a alta temperatura, la c\u00e1mara de combusti\u00f3n de astillas con tecnolog\u00eda Lambda, el [&hellip;]<\/p>\n","protected":false},"author":6,"featured_media":0,"parent":82,"menu_order":0,"comment_status":"closed","ping_status":"closed","template":"","meta":{"_acf_changed":false,"footnotes":""},"class_list":["post-2961","page","type-page","status-publish","hentry"],"acf":[],"_links":{"self":[{"href":"https:\/\/www.froeling.com\/es-es\/wp-json\/wp\/v2\/pages\/2961","targetHints":{"allow":["GET"]}}],"collection":[{"href":"https:\/\/www.froeling.com\/es-es\/wp-json\/wp\/v2\/pages"}],"about":[{"href":"https:\/\/www.froeling.com\/es-es\/wp-json\/wp\/v2\/types\/page"}],"author":[{"embeddable":true,"href":"https:\/\/www.froeling.com\/es-es\/wp-json\/wp\/v2\/users\/6"}],"replies":[{"embeddable":true,"href":"https:\/\/www.froeling.com\/es-es\/wp-json\/wp\/v2\/comments?post=2961"}],"version-history":[{"count":7,"href":"https:\/\/www.froeling.com\/es-es\/wp-json\/wp\/v2\/pages\/2961\/revisions"}],"predecessor-version":[{"id":6823,"href":"https:\/\/www.froeling.com\/es-es\/wp-json\/wp\/v2\/pages\/2961\/revisions\/6823"}],"up":[{"embeddable":true,"href":"https:\/\/www.froeling.com\/es-es\/wp-json\/wp\/v2\/pages\/82"}],"wp:attachment":[{"href":"https:\/\/www.froeling.com\/es-es\/wp-json\/wp\/v2\/media?parent=2961"}],"curies":[{"name":"wp","href":"https:\/\/api.w.org\/{rel}","templated":true}]}}