{"id":4334,"date":"2022-12-19T13:33:25","date_gmt":"2022-12-19T12:33:25","guid":{"rendered":"https:\/\/www.froeling.com\/de-at\/?page_id=4334"},"modified":"2023-04-28T10:12:58","modified_gmt":"2023-04-28T08:12:58","slug":"trouver-un-interlocuteur","status":"publish","type":"page","link":"https:\/\/www.froeling.com\/fr-fr\/contact\/trouver-un-interlocuteur\/","title":{"rendered":"Trouver un interlocuteur"},"content":{"rendered":"\t\t<div data-elementor-type=\"wp-page\" data-elementor-id=\"4334\" class=\"elementor elementor-4334\" data-elementor-post-type=\"page\">\n\t\t\t\t<div class=\"elementor-element elementor-element-fb79ddc e-con-full e-flex e-con e-parent\" data-id=\"fb79ddc\" data-element_type=\"container\" data-e-type=\"container\" data-settings=\"{&quot;background_background&quot;:&quot;gradient&quot;}\">\n\t\t<div class=\"elementor-element elementor-element-bffc662 e-con-full e-flex e-con e-parent\" data-id=\"bffc662\" data-element_type=\"container\" data-e-type=\"container\">\n\t\t<div class=\"elementor-element elementor-element-7e2e4c7 hero-offset-container e-flex e-con-boxed e-con e-parent\" data-id=\"7e2e4c7\" data-element_type=\"container\" data-e-type=\"container\" data-settings=\"{&quot;background_background&quot;:&quot;classic&quot;}\">\n\t\t\t\t\t<div class=\"e-con-inner\">\n\t\t\t\t<div class=\"elementor-element elementor-element-1dd86ac elementor-widget elementor-widget-text-editor\" data-id=\"1dd86ac\" data-element_type=\"widget\" data-e-type=\"widget\" data-widget_type=\"text-editor.default\">\n\t\t\t\t<div class=\"elementor-widget-container\">\n\t\t\t\t\t\t\t\t\t<p>Vous trouverez ici :<\/p>\t\t\t\t\t\t\t\t<\/div>\n\t\t\t\t<\/div>\n\t\t\t\t<div class=\"elementor-element elementor-element-e104164 elementor-widget elementor-widget-heading\" data-id=\"e104164\" data-element_type=\"widget\" data-e-type=\"widget\" data-widget_type=\"heading.default\">\n\t\t\t\t<div class=\"elementor-widget-container\">\n\t\t\t\t\t<h1 class=\"elementor-heading-title elementor-size-default\">Votre commercial r\u00e9gional<\/h1>\t\t\t\t<\/div>\n\t\t\t\t<\/div>\n\t\t\t\t\t<\/div>\n\t\t\t\t<\/div>\n\t\t\t\t<\/div>\n\t\t<div class=\"elementor-element elementor-element-f9a7b32 e-con-full e-flex e-con e-parent\" data-id=\"f9a7b32\" data-element_type=\"container\" data-e-type=\"container\" data-settings=\"{&quot;background_background&quot;:&quot;classic&quot;}\">\n\t\t\t\t<\/div>\n\t\t\t\t<\/div>\n\t\t<div class=\"elementor-element elementor-element-fc1759b elementor-hidden-mobile e-flex e-con-boxed e-con e-parent\" data-id=\"fc1759b\" data-element_type=\"container\" data-e-type=\"container\" data-settings=\"{&quot;background_background&quot;:&quot;gradient&quot;}\">\n\t\t\t\t\t<div class=\"e-con-inner\">\n\t\t\t\t\t<\/div>\n\t\t\t\t<\/div>\n\t\t<div class=\"elementor-element elementor-element-b6e3f68 e-flex e-con-boxed e-con e-parent\" data-id=\"b6e3f68\" data-element_type=\"container\" data-e-type=\"container\">\n\t\t\t\t\t<div class=\"e-con-inner\">\n\t\t<div class=\"elementor-element elementor-element-420c0ff e-con-full e-flex e-con e-parent\" data-id=\"420c0ff\" data-element_type=\"container\" data-e-type=\"container\">\n\t\t\t\t<div class=\"elementor-element elementor-element-b20fd6b elementor-widget elementor-widget-text-editor\" data-id=\"b20fd6b\" data-element_type=\"widget\" data-e-type=\"widget\" data-widget_type=\"text-editor.default\">\n\t\t\t\t<div class=\"elementor-widget-container\">\n\t\t\t\t\t\t\t\t\t<p>Vous avez ici la possibilit\u00e9 de trouver le repr\u00e9sentant r\u00e9gional Fr\u00f6ling qui pourra r\u00e9pondre \u00e0 vos demandes. S\u00e9lectionnez votre pays, tapez votre code postal et lancez la recherche.<\/p>\t\t\t\t\t\t\t\t<\/div>\n\t\t\t\t<\/div>\n\t\t\t\t<div class=\"elementor-element elementor-element-48e9e2f elementor-widget elementor-widget-li-widgets--sales-rep-search\" data-id=\"48e9e2f\" data-element_type=\"widget\" data-e-type=\"widget\" data-widget_type=\"li-widgets--sales-rep-search.default\">\n\t\t\t\t<div class=\"elementor-widget-container\">\n\t\t\t\t\t<div class=\"li-widgets--sales-rep-search\">\n    <form class=\"li-widgets--sales-rep-search__form\">\n        <select name=\"country\">\n                            <option value=\"AT\" >Autriche<\/option>\n                            <option value=\"DE\" >Allemagne<\/option>\n                            <option value=\"CH\" >Suisse<\/option>\n                            <option value=\"FR\" selected>France<\/option>\n                    <\/select>\n        <input type=\"text\" name=\"zip\" placeholder=\"ZIP Code\"\/>\n        <button type=\"submit\">Rechercher<\/button>\n    <\/form>\n    <div class=\"li-widgets--sales-rep-search__results\">\n        <div class=\"li-widgets--sales-rep-search__results__item vt10\">\n            <h3>Notre responsable r\u00e9gional des ventes pour les installations domestiques:<\/h3>\n            <div class=\"result_data\">\n                <div class=\"image\">\n                    <div class=\"image__wrapper\">\n                        <img decoding=\"async\" src=\"\" alt=\"\" class=\"sales-rep__image\">\n                    <\/div>\n                <\/div>\n                <div class=\"contact\">\n                    <div class=\"name\"><\/div>\n                    <div>\n                        <span class=\"label\">\n                            Lieu:\n                        <\/span>\n                        <span class=\"location\"><\/span>\n                    <\/div>\n                    <div>\n                        <span class=\"label\">\n                            T\u00e9l\u00e9phone:\n                        <\/span>\n                        <a href=\"\" class=\"phone\"><\/a>\n                    <\/div>\n                    <div>\n                        <span class=\"label\">\n                            Adresse \u00e9lectronique:\n                        <\/span>\n                        <a href=\"\" class=\"mail\"><\/a>\n                    <\/div>\n                    <div class=\"li-widgets--sales-rep-search__results__item customerService item-simple\" style=\"display: none;\">\n                        <h3>Service client <small style=\"font-weight: 400;\">(Mise en service, maintenance, dysfonctionnements):<\/small><\/h3>\n                        <div class=\"result_data\">\n                            <div class=\"contact\">\n                                <div>\n                        <span class=\"label\">\n                            T\u00e9l\u00e9phone:\n                        <\/span>\n                                    <a href=\"\" class=\"phone\"><\/a>\n                                <\/div>\n                                <div>\n                        <span class=\"label\">\n                            Fax:\n                        <\/span>\n                                    <span class=\"fax\"><\/span>\n                                <\/div>\n                                <div>\n                        <span class=\"label\">\n                            Adresse \u00e9lectronique:\n                        <\/span>\n                                    <a href=\"\" class=\"mail\"><\/a>\n                                <\/div>\n                            <\/div>\n                        <\/div>\n                    <\/div>\n                <\/div>\n            <\/div>\n        <\/div>\n        <div class=\"li-widgets--sales-rep-search__results__item vt30\">\n            <h3>Notre responsable r\u00e9gional des ventes pour les installations industrielles:<\/h3>\n            <div class=\"result_data\">\n                <div class=\"image\">\n                    <div class=\"image__wrapper\">\n                        <img decoding=\"async\" src=\"\" alt=\"\" class=\"sales-rep__image\">\n                    <\/div>\n                <\/div>\n                <div class=\"contact\">\n                    <div class=\"name\"><\/div>\n                    <div>\n                        <span class=\"label\">\n                            Lieu:\n                        <\/span>\n                        <span class=\"location\"><\/span>\n                    <\/div>\n                    <div>\n                        <span class=\"label\">\n                            T\u00e9l\u00e9phone:\n                        <\/span>\n                        <a href=\"\" class=\"phone\"><\/a>\n                    <\/div>\n                    <div>\n                        <span class=\"label\">\n                            Adresse \u00e9lectronique:\n                        <\/span>\n                        <a href=\"\" class=\"mail\"><\/a>\n                    <\/div>\n                    <div class=\"li-widgets--sales-rep-search__results__item customerService item-simple\" style=\"display: none;\">\n                        <h3>Service client <small style=\"font-weight: 400;\">(Mise en service, maintenance, dysfonctionnements):<\/small><\/h3>\n                        <div class=\"result_data\">\n                            <div class=\"contact\">\n                                <div>\n                        <span class=\"label\">\n                            T\u00e9l\u00e9phone:\n                        <\/span>\n                                    <a href=\"\" class=\"phone\"><\/a>\n                                <\/div>\n                                <div>\n                        <span class=\"label\">\n                            Fax:\n                        <\/span>\n                                    <span class=\"fax\"><\/span>\n                                <\/div>\n                                <div>\n                        <span class=\"label\">\n                            Adresse \u00e9lectronique:\n                        <\/span>\n                                    <a href=\"\" class=\"mail\"><\/a>\n                                <\/div>\n                            <\/div>\n                        <\/div>\n                    <\/div>\n                <\/div>\n            <\/div>\n        <\/div>\n        <div class=\"li-widgets--sales-rep-search__results__item vt30Fallback item-simple\">\n            <h3>Notre responsable r\u00e9gional des ventes pour les installations domestiques:<\/h3>\n            <div class=\"result_data\">\n                <div class=\"contact\">\n                    <div>\n                        <span class=\"label\">\n                            T\u00e9l\u00e9phone:\n                        <\/span>\n                        <a href=\"\" class=\"phone\"><\/a>\n                    <\/div>\n                    <div>\n                        <span class=\"label\">\n                            Fax:\n                        <\/span>\n                        <span class=\"fax\"><\/span>\n                    <\/div>\n                    <div>\n                        <span class=\"label\">\n                            Adresse \u00e9lectronique:\n                        <\/span>\n                        <a href=\"\" class=\"mail\"><\/a>\n                    <\/div>\n                    <div class=\"li-widgets--sales-rep-search__results__item customerService item-simple\" style=\"display: none;\">\n                        <h3>Service client <small style=\"font-weight: 400;\">(Mise en service, maintenance, dysfonctionnements):<\/small><\/h3>\n                        <div class=\"result_data\">\n                            <div class=\"contact\">\n                                <div>\n                        <span class=\"label\">\n                            T\u00e9l\u00e9phone:\n                        <\/span>\n                                    <a href=\"\" class=\"phone\"><\/a>\n                                <\/div>\n                                <div>\n                        <span class=\"label\">\n                            Fax:\n                        <\/span>\n                                    <span class=\"fax\"><\/span>\n                                <\/div>\n                                <div>\n                        <span class=\"label\">\n                            Adresse \u00e9lectronique:\n                        <\/span>\n                                    <a href=\"\" class=\"mail\"><\/a>\n                                <\/div>\n                            <\/div>\n                        <\/div>\n                    <\/div>\n                <\/div>\n            <\/div>\n        <\/div>\n        <div class=\"li-widgets--sales-rep-search__results__404\">\n            <p>Le code postal saisi n\u2019existe pas ou est invalide - veuillez rectifier votre saisie et relancer la recherche.<\/p>\n        <\/div>\n    <\/div>\n<\/div>\n\t\t\t\t<\/div>\n\t\t\t\t<\/div>\n\t\t\t\t<\/div>\n\t\t<div class=\"elementor-element elementor-element-284611a e-con-full elementor-hidden-tablet elementor-hidden-mobile e-flex e-con e-parent\" data-id=\"284611a\" data-element_type=\"container\" data-e-type=\"container\">\n\t\t\t\t<\/div>\n\t\t\t\t\t<\/div>\n\t\t\t\t<\/div>\n\t\t\t\t<\/div>\n\t\t","protected":false},"excerpt":{"rendered":"<p>Vous trouverez ici : Votre commercial r\u00e9gional Vous avez ici la possibilit\u00e9 de trouver le repr\u00e9sentant r\u00e9gional Fr\u00f6ling qui pourra r\u00e9pondre \u00e0 vos demandes. S\u00e9lectionnez votre pays, tapez votre code postal et lancez la recherche. Autriche Allemagne Suisse France Rechercher Our regional representative for household facilities: Lieu: Phone: Mail: Our regional representative for industry facilities: [&hellip;]<\/p>\n","protected":false},"author":2,"featured_media":0,"parent":84,"menu_order":0,"comment_status":"closed","ping_status":"closed","template":"","meta":{"_acf_changed":false,"footnotes":""},"class_list":["post-4334","page","type-page","status-publish","hentry"],"acf":[],"_links":{"self":[{"href":"https:\/\/www.froeling.com\/fr-fr\/wp-json\/wp\/v2\/pages\/4334","targetHints":{"allow":["GET"]}}],"collection":[{"href":"https:\/\/www.froeling.com\/fr-fr\/wp-json\/wp\/v2\/pages"}],"about":[{"href":"https:\/\/www.froeling.com\/fr-fr\/wp-json\/wp\/v2\/types\/page"}],"author":[{"embeddable":true,"href":"https:\/\/www.froeling.com\/fr-fr\/wp-json\/wp\/v2\/users\/2"}],"replies":[{"embeddable":true,"href":"https:\/\/www.froeling.com\/fr-fr\/wp-json\/wp\/v2\/comments?post=4334"}],"version-history":[{"count":7,"href":"https:\/\/www.froeling.com\/fr-fr\/wp-json\/wp\/v2\/pages\/4334\/revisions"}],"predecessor-version":[{"id":6466,"href":"https:\/\/www.froeling.com\/fr-fr\/wp-json\/wp\/v2\/pages\/4334\/revisions\/6466"}],"up":[{"embeddable":true,"href":"https:\/\/www.froeling.com\/fr-fr\/wp-json\/wp\/v2\/pages\/84"}],"wp:attachment":[{"href":"https:\/\/www.froeling.com\/fr-fr\/wp-json\/wp\/v2\/media?parent=4334"}],"curies":[{"name":"wp","href":"https:\/\/api.w.org\/{rel}","templated":true}]}}