{"id":7038,"date":"2025-05-07T14:31:46","date_gmt":"2025-05-07T12:31:46","guid":{"rendered":"https:\/\/www.froeling.com\/fr-fr\/?page_id=7038"},"modified":"2025-05-07T14:32:41","modified_gmt":"2025-05-07T12:32:41","slug":"forderungen","status":"publish","type":"page","link":"https:\/\/www.froeling.com\/fr-fr\/forderungen\/","title":{"rendered":"F\u00f6rderungen"},"content":{"rendered":"\t\t<div data-elementor-type=\"wp-page\" data-elementor-id=\"7038\" class=\"elementor elementor-7038\" data-elementor-post-type=\"page\">\n\t\t\t\t<div class=\"elementor-element elementor-element-14aea7e e-con-full e-flex e-con e-parent\" data-id=\"14aea7e\" data-element_type=\"container\" data-e-type=\"container\" data-settings=\"{&quot;background_background&quot;:&quot;gradient&quot;}\">\n\t\t<div class=\"elementor-element elementor-element-327ffac e-con-full e-flex e-con e-child\" data-id=\"327ffac\" data-element_type=\"container\" data-e-type=\"container\">\n\t\t<div class=\"elementor-element elementor-element-059eb64 hero-offset-container e-flex e-con-boxed e-con e-child\" data-id=\"059eb64\" data-element_type=\"container\" data-e-type=\"container\" data-settings=\"{&quot;background_background&quot;:&quot;classic&quot;}\">\n\t\t\t\t\t<div class=\"e-con-inner\">\n\t\t\t\t<div class=\"elementor-element elementor-element-66a642a elementor-widget elementor-widget-heading\" data-id=\"66a642a\" data-element_type=\"widget\" data-e-type=\"widget\" data-widget_type=\"heading.default\">\n\t\t\t\t<div class=\"elementor-widget-container\">\n\t\t\t\t\t<h2 class=\"elementor-heading-title elementor-size-default\">Les aides financieres<\/h2>\t\t\t\t<\/div>\n\t\t\t\t<\/div>\n\t\t\t\t<div class=\"elementor-element elementor-element-e67a1e1 elementor-widget elementor-widget-text-editor\" data-id=\"e67a1e1\" data-element_type=\"widget\" data-e-type=\"widget\" data-widget_type=\"text-editor.default\">\n\t\t\t\t<div class=\"elementor-widget-container\">\n\t\t\t\t\t\t\t\t\t<h4>pour l&rsquo;achat d une chaudiere biomasse<\/h4>\t\t\t\t\t\t\t\t<\/div>\n\t\t\t\t<\/div>\n\t\t\t\t\t<\/div>\n\t\t\t\t<\/div>\n\t\t\t\t<\/div>\n\t\t<div class=\"elementor-element elementor-element-2d77f89 e-con-full e-flex e-con e-child\" data-id=\"2d77f89\" data-element_type=\"container\" data-e-type=\"container\" data-settings=\"{&quot;background_background&quot;:&quot;classic&quot;}\">\n\t\t\t\t<\/div>\n\t\t\t\t<\/div>\n\t\t<div class=\"elementor-element elementor-element-e710f28 elementor-hidden-mobile e-flex e-con-boxed e-con e-parent\" data-id=\"e710f28\" data-element_type=\"container\" data-e-type=\"container\" data-settings=\"{&quot;background_background&quot;:&quot;gradient&quot;}\">\n\t\t\t\t\t<div class=\"e-con-inner\">\n\t\t\t\t\t<\/div>\n\t\t\t\t<\/div>\n\t\t<div class=\"elementor-element elementor-element-af0be6f e-flex e-con-boxed e-con e-parent\" data-id=\"af0be6f\" data-element_type=\"container\" data-e-type=\"container\">\n\t\t\t\t\t<div class=\"e-con-inner\">\n\t\t<div class=\"elementor-element elementor-element-6f2c9be e-con-full e-flex e-con e-child\" data-id=\"6f2c9be\" data-element_type=\"container\" data-e-type=\"container\">\n\t\t\t\t<div class=\"elementor-element elementor-element-5517052 elementor-widget elementor-widget-heading\" data-id=\"5517052\" data-element_type=\"widget\" data-e-type=\"widget\" data-widget_type=\"heading.default\">\n\t\t\t\t<div class=\"elementor-widget-container\">\n\t\t\t\t\t<h1 class=\"elementor-heading-title elementor-size-default\">Les 3 principales aides financi\u00e8res :<\/h1>\t\t\t\t<\/div>\n\t\t\t\t<\/div>\n\t\t\t\t<div class=\"elementor-element elementor-element-83379b3 elementor-widget elementor-widget-heading\" data-id=\"83379b3\" data-element_type=\"widget\" data-e-type=\"widget\" data-widget_type=\"heading.default\">\n\t\t\t\t<div class=\"elementor-widget-container\">\n\t\t\t\t\t<h2 class=\"elementor-heading-title elementor-size-default\">1. Dispositif Maprimrenov<\/h2>\t\t\t\t<\/div>\n\t\t\t\t<\/div>\n\t\t\t\t<div class=\"elementor-element elementor-element-ae443d9 elementor-widget elementor-widget-heading\" data-id=\"ae443d9\" data-element_type=\"widget\" data-e-type=\"widget\" data-widget_type=\"heading.default\">\n\t\t\t\t<div class=\"elementor-widget-container\">\n\t\t\t\t\t<h2 class=\"elementor-heading-title elementor-size-default\">2. Aide des fournisseurs d\u2019\u00e9nergiesou Aide \u201ccoup de pouce\u201d<\/h2>\t\t\t\t<\/div>\n\t\t\t\t<\/div>\n\t\t\t\t<div class=\"elementor-element elementor-element-1008941 elementor-widget elementor-widget-heading\" data-id=\"1008941\" data-element_type=\"widget\" data-e-type=\"widget\" data-widget_type=\"heading.default\">\n\t\t\t\t<div class=\"elementor-widget-container\">\n\t\t\t\t\t<h2 class=\"elementor-heading-title elementor-size-default\">3. Subvention accord\u00e9e par lescollectivit\u00e9s locales (subventionslocales)<\/h2>\t\t\t\t<\/div>\n\t\t\t\t<\/div>\n\t\t\t\t<\/div>\n\t\t\t\t\t<\/div>\n\t\t\t\t<\/div>\n\t\t<div class=\"elementor-element elementor-element-41dc607 e-flex e-con-boxed e-con e-parent\" data-id=\"41dc607\" data-element_type=\"container\" data-e-type=\"container\">\n\t\t\t\t\t<div class=\"e-con-inner\">\n\t\t\t\t<div class=\"elementor-element elementor-element-f5da56d elementor-widget elementor-widget-image\" data-id=\"f5da56d\" data-element_type=\"widget\" data-e-type=\"widget\" data-widget_type=\"image.default\">\n\t\t\t\t<div class=\"elementor-widget-container\">\n\t\t\t\t\t\t\t\t\t\t\t\t\t\t\t<img fetchpriority=\"high\" decoding=\"async\" width=\"396\" height=\"257\" src=\"https:\/\/www.froeling.com\/fr-fr\/wp-content\/uploads\/sites\/4\/2025\/04\/Ma-Prime-Renov.jpg\" class=\"attachment-large size-large wp-image-7044\" alt=\"\" srcset=\"https:\/\/www.froeling.com\/fr-fr\/wp-content\/uploads\/sites\/4\/2025\/04\/Ma-Prime-Renov.jpg 396w, https:\/\/www.froeling.com\/fr-fr\/wp-content\/uploads\/sites\/4\/2025\/04\/Ma-Prime-Renov-300x195.jpg 300w\" sizes=\"(max-width: 396px) 100vw, 396px\" \/>\t\t\t\t\t\t\t\t\t\t\t\t\t\t\t<\/div>\n\t\t\t\t<\/div>\n\t\t<div class=\"elementor-element elementor-element-7f83fd9 e-con-full e-flex e-con e-child\" data-id=\"7f83fd9\" data-element_type=\"container\" data-e-type=\"container\">\n\t\t\t\t<div class=\"elementor-element elementor-element-4b5a9d8 elementor-widget elementor-widget-text-editor\" data-id=\"4b5a9d8\" data-element_type=\"widget\" data-e-type=\"widget\" data-widget_type=\"text-editor.default\">\n\t\t\t\t<div class=\"elementor-widget-container\">\n\t\t\t\t\t\t\t\t\t<p>Aide 1 :<\/p>\t\t\t\t\t\t\t\t<\/div>\n\t\t\t\t<\/div>\n\t\t\t\t<div class=\"elementor-element elementor-element-c8e7d1f elementor-widget elementor-widget-heading\" data-id=\"c8e7d1f\" data-element_type=\"widget\" data-e-type=\"widget\" data-widget_type=\"heading.default\">\n\t\t\t\t<div class=\"elementor-widget-container\">\n\t\t\t\t\t<h2 class=\"elementor-heading-title elementor-size-default\">Le dispositif Maprimrenvo<\/h2>\t\t\t\t<\/div>\n\t\t\t\t<\/div>\n\t\t\t\t<div class=\"elementor-element elementor-element-bc514a7 elementor-widget elementor-widget-text-editor\" data-id=\"bc514a7\" data-element_type=\"widget\" data-e-type=\"widget\" data-widget_type=\"text-editor.default\">\n\t\t\t\t<div class=\"elementor-widget-container\">\n\t\t\t\t\t\t\t\t\t<p>MaPrimeRenov&rsquo; est une aide de l\u2019\u00e9tat d\u00e9di\u00e9e au financement de la r\u00e9novation \u00e9nerg\u00e9tique de votre logement, qui d\u00e9pend de vos ressources et des travaux pr\u00e9vus.<\/p>\t\t\t\t\t\t\t\t<\/div>\n\t\t\t\t<\/div>\n\t\t\t\t<\/div>\n\t\t\t\t\t<\/div>\n\t\t\t\t<\/div>\n\t\t<div class=\"elementor-element elementor-element-4c7577e e-flex e-con-boxed e-con e-parent\" data-id=\"4c7577e\" data-element_type=\"container\" data-e-type=\"container\">\n\t\t\t\t\t<div class=\"e-con-inner\">\n\t\t\t\t<div class=\"elementor-element elementor-element-a60d58b elementor-widget elementor-widget-text-editor\" data-id=\"a60d58b\" data-element_type=\"widget\" data-e-type=\"widget\" data-widget_type=\"text-editor.default\">\n\t\t\t\t<div class=\"elementor-widget-container\">\n\t\t\t\t\t\t\t\t\t<p>Montant des aides :<\/p>\t\t\t\t\t\t\t\t<\/div>\n\t\t\t\t<\/div>\n\t\t\t\t<div class=\"elementor-element elementor-element-03baebe elementor-widget__width-initial elementor-widget elementor-widget-image\" data-id=\"03baebe\" data-element_type=\"widget\" data-e-type=\"widget\" data-widget_type=\"image.default\">\n\t\t\t\t<div class=\"elementor-widget-container\">\n\t\t\t\t\t\t\t\t\t\t\t\t\t\t\t<img decoding=\"async\" width=\"800\" height=\"257\" src=\"https:\/\/www.froeling.com\/fr-fr\/wp-content\/uploads\/sites\/4\/2025\/05\/Tabelle-1-1024x329.jpg\" class=\"attachment-large size-large wp-image-7144\" alt=\"\" srcset=\"https:\/\/www.froeling.com\/fr-fr\/wp-content\/uploads\/sites\/4\/2025\/05\/Tabelle-1-1024x329.jpg 1024w, https:\/\/www.froeling.com\/fr-fr\/wp-content\/uploads\/sites\/4\/2025\/05\/Tabelle-1-300x96.jpg 300w, https:\/\/www.froeling.com\/fr-fr\/wp-content\/uploads\/sites\/4\/2025\/05\/Tabelle-1-768x247.jpg 768w, https:\/\/www.froeling.com\/fr-fr\/wp-content\/uploads\/sites\/4\/2025\/05\/Tabelle-1.jpg 1110w\" sizes=\"(max-width: 800px) 100vw, 800px\" \/>\t\t\t\t\t\t\t\t\t\t\t\t\t\t\t<\/div>\n\t\t\t\t<\/div>\n\t\t\t\t\t<\/div>\n\t\t\t\t<\/div>\n\t\t<div class=\"elementor-element elementor-element-25fca09 e-flex e-con-boxed e-con e-parent\" data-id=\"25fca09\" data-element_type=\"container\" data-e-type=\"container\">\n\t\t\t\t\t<div class=\"e-con-inner\">\n\t\t\t\t<div class=\"elementor-element elementor-element-89517dd elementor-widget elementor-widget-image\" data-id=\"89517dd\" data-element_type=\"widget\" data-e-type=\"widget\" data-widget_type=\"image.default\">\n\t\t\t\t<div class=\"elementor-widget-container\">\n\t\t\t\t\t\t\t\t\t\t\t\t\t\t\t<img decoding=\"async\" width=\"477\" height=\"225\" src=\"https:\/\/www.froeling.com\/fr-fr\/wp-content\/uploads\/sites\/4\/2025\/04\/Logo.jpg\" class=\"attachment-large size-large wp-image-7049\" alt=\"\" srcset=\"https:\/\/www.froeling.com\/fr-fr\/wp-content\/uploads\/sites\/4\/2025\/04\/Logo.jpg 477w, https:\/\/www.froeling.com\/fr-fr\/wp-content\/uploads\/sites\/4\/2025\/04\/Logo-300x142.jpg 300w\" sizes=\"(max-width: 477px) 100vw, 477px\" \/>\t\t\t\t\t\t\t\t\t\t\t\t\t\t\t<\/div>\n\t\t\t\t<\/div>\n\t\t<div class=\"elementor-element elementor-element-9dc0106 e-con-full e-flex e-con e-child\" data-id=\"9dc0106\" data-element_type=\"container\" data-e-type=\"container\">\n\t\t\t\t<div class=\"elementor-element elementor-element-e90fd7f elementor-widget elementor-widget-text-editor\" data-id=\"e90fd7f\" data-element_type=\"widget\" data-e-type=\"widget\" data-widget_type=\"text-editor.default\">\n\t\t\t\t<div class=\"elementor-widget-container\">\n\t\t\t\t\t\t\t\t\t<p>Aide 2 :<\/p>\t\t\t\t\t\t\t\t<\/div>\n\t\t\t\t<\/div>\n\t\t\t\t<div class=\"elementor-element elementor-element-df16dd5 elementor-widget elementor-widget-heading\" data-id=\"df16dd5\" data-element_type=\"widget\" data-e-type=\"widget\" data-widget_type=\"heading.default\">\n\t\t\t\t<div class=\"elementor-widget-container\">\n\t\t\t\t\t<h2 class=\"elementor-heading-title elementor-size-default\">Aides des fournisseurs d\u2019\u00e9nergies \u201ccoup de pouce\u201d<\/h2>\t\t\t\t<\/div>\n\t\t\t\t<\/div>\n\t\t\t\t<div class=\"elementor-element elementor-element-89e4ff7 elementor-widget elementor-widget-text-editor\" data-id=\"89e4ff7\" data-element_type=\"widget\" data-e-type=\"widget\" data-widget_type=\"text-editor.default\">\n\t\t\t\t<div class=\"elementor-widget-container\">\n\t\t\t\t\t\t\t\t\t<p>Le dispositif des Certificats d\u2019\u00e9conomies d\u2019\u00e9nergie (CEE) est un m\u00e9canisme quioblige les fournisseurs d\u2019\u00e9nergie (\u00e9lectricit\u00e9, gaz, fioul, carburants, GPL,&#8230;), autravers d\u2019objectifs triennaux fix\u00e9s par les pouvoirs publics, \u00e0 financer desactions et des travaux en faveur des \u00e9conomies d\u2019\u00e9nergie. Les pouvoirs publicsimposent \u00e0 chaque fournisseur d\u2019\u00e9nergie de d\u00e9tenir, \u00e0 l\u2019issue de chaquep\u00e9riode de trois ans, une certaine quantit\u00e9 de CEE.Cela concerne le remplacement d\u2019un syst\u00e8me de chauffage \u00e0 gaz ou fioul.<\/p>\t\t\t\t\t\t\t\t<\/div>\n\t\t\t\t<\/div>\n\t\t\t\t<\/div>\n\t\t\t\t\t<\/div>\n\t\t\t\t<\/div>\n\t\t<div class=\"elementor-element elementor-element-c817d5d e-flex e-con-boxed e-con e-parent\" data-id=\"c817d5d\" data-element_type=\"container\" data-e-type=\"container\">\n\t\t\t\t\t<div class=\"e-con-inner\">\n\t\t\t\t<div class=\"elementor-element elementor-element-dabf339 elementor-widget elementor-widget-text-editor\" data-id=\"dabf339\" data-element_type=\"widget\" data-e-type=\"widget\" data-widget_type=\"text-editor.default\">\n\t\t\t\t<div class=\"elementor-widget-container\">\n\t\t\t\t\t\t\t\t\t<p>Montant des aides par les fournisseurs d\u2019\u00e9nergie:<\/p>\t\t\t\t\t\t\t\t<\/div>\n\t\t\t\t<\/div>\n\t\t\t\t<div class=\"elementor-element elementor-element-9ab3951 elementor-widget__width-initial elementor-widget elementor-widget-image\" data-id=\"9ab3951\" data-element_type=\"widget\" data-e-type=\"widget\" data-widget_type=\"image.default\">\n\t\t\t\t<div class=\"elementor-widget-container\">\n\t\t\t\t\t\t\t\t\t\t\t\t\t\t\t<img loading=\"lazy\" decoding=\"async\" width=\"800\" height=\"192\" src=\"https:\/\/www.froeling.com\/fr-fr\/wp-content\/uploads\/sites\/4\/2025\/04\/Tabelle2-1024x246.jpg\" class=\"attachment-large size-large wp-image-7050\" alt=\"\" srcset=\"https:\/\/www.froeling.com\/fr-fr\/wp-content\/uploads\/sites\/4\/2025\/04\/Tabelle2-1024x246.jpg 1024w, https:\/\/www.froeling.com\/fr-fr\/wp-content\/uploads\/sites\/4\/2025\/04\/Tabelle2-300x72.jpg 300w, https:\/\/www.froeling.com\/fr-fr\/wp-content\/uploads\/sites\/4\/2025\/04\/Tabelle2-768x185.jpg 768w, https:\/\/www.froeling.com\/fr-fr\/wp-content\/uploads\/sites\/4\/2025\/04\/Tabelle2.jpg 1411w\" sizes=\"(max-width: 800px) 100vw, 800px\" \/>\t\t\t\t\t\t\t\t\t\t\t\t\t\t\t<\/div>\n\t\t\t\t<\/div>\n\t\t\t\t\t<\/div>\n\t\t\t\t<\/div>\n\t\t<div class=\"elementor-element elementor-element-ffdffea e-flex e-con-boxed e-con e-parent\" data-id=\"ffdffea\" data-element_type=\"container\" data-e-type=\"container\">\n\t\t\t\t\t<div class=\"e-con-inner\">\n\t\t\t\t<div class=\"elementor-element elementor-element-4765e65 elementor-widget elementor-widget-text-editor\" data-id=\"4765e65\" data-element_type=\"widget\" data-e-type=\"widget\" data-widget_type=\"text-editor.default\">\n\t\t\t\t<div class=\"elementor-widget-container\">\n\t\t\t\t\t\t\t\t\t<p>Prime Coup de Pouce<\/p>\t\t\t\t\t\t\t\t<\/div>\n\t\t\t\t<\/div>\n\t\t\t\t<div class=\"elementor-element elementor-element-0e8c15a elementor-widget elementor-widget-text-editor\" data-id=\"0e8c15a\" data-element_type=\"widget\" data-e-type=\"widget\" data-widget_type=\"text-editor.default\">\n\t\t\t\t<div class=\"elementor-widget-container\">\n\t\t\t\t\t\t\t\t\t<p>Il s\u2019agit d\u2019une alternative \u00e0 l\u2019aide des fournisseurs d\u2019\u00e9nergie. Il s\u2019agit du m\u00eamemontant de base qui est bonifi\u00e9 par une soci\u00e9t\u00e9 interm\u00e9diaire telle queAbokine Adeena.Cette aide bonifi\u00e9e par notre partenaire Abokine Adeena peut passer de2500 \u00e0 2700 et de 4000 \u00e0 4300 selon les cas.<\/p>\t\t\t\t\t\t\t\t<\/div>\n\t\t\t\t<\/div>\n\t\t\t\t<div class=\"elementor-element elementor-element-b3564fc elementor-widget elementor-widget-text-editor\" data-id=\"b3564fc\" data-element_type=\"widget\" data-e-type=\"widget\" data-widget_type=\"text-editor.default\">\n\t\t\t\t<div class=\"elementor-widget-container\">\n\t\t\t\t\t\t\t\t\t<p>Aide CCE bonifi\u00e9e par Abokine<\/p>\t\t\t\t\t\t\t\t<\/div>\n\t\t\t\t<\/div>\n\t\t\t\t<div class=\"elementor-element elementor-element-bc43ac0 elementor-widget__width-initial elementor-widget elementor-widget-image\" data-id=\"bc43ac0\" data-element_type=\"widget\" data-e-type=\"widget\" data-widget_type=\"image.default\">\n\t\t\t\t<div class=\"elementor-widget-container\">\n\t\t\t\t\t\t\t\t\t\t\t\t\t\t\t<img loading=\"lazy\" decoding=\"async\" width=\"800\" height=\"190\" src=\"https:\/\/www.froeling.com\/fr-fr\/wp-content\/uploads\/sites\/4\/2025\/04\/Tabelle3-1024x243.jpg\" class=\"attachment-large size-large wp-image-7051\" alt=\"\" srcset=\"https:\/\/www.froeling.com\/fr-fr\/wp-content\/uploads\/sites\/4\/2025\/04\/Tabelle3-1024x243.jpg 1024w, https:\/\/www.froeling.com\/fr-fr\/wp-content\/uploads\/sites\/4\/2025\/04\/Tabelle3-300x71.jpg 300w, https:\/\/www.froeling.com\/fr-fr\/wp-content\/uploads\/sites\/4\/2025\/04\/Tabelle3-768x182.jpg 768w, https:\/\/www.froeling.com\/fr-fr\/wp-content\/uploads\/sites\/4\/2025\/04\/Tabelle3.jpg 1389w\" sizes=\"(max-width: 800px) 100vw, 800px\" \/>\t\t\t\t\t\t\t\t\t\t\t\t\t\t\t<\/div>\n\t\t\t\t<\/div>\n\t\t\t\t\t<\/div>\n\t\t\t\t<\/div>\n\t\t<div class=\"elementor-element elementor-element-41a83a9 e-flex e-con-boxed e-con e-parent\" data-id=\"41a83a9\" data-element_type=\"container\" data-e-type=\"container\">\n\t\t\t\t\t<div class=\"e-con-inner\">\n\t\t\t\t<div class=\"elementor-element elementor-element-ba48014 elementor-widget elementor-widget-image\" data-id=\"ba48014\" data-element_type=\"widget\" data-e-type=\"widget\" data-widget_type=\"image.default\">\n\t\t\t\t<div class=\"elementor-widget-container\">\n\t\t\t\t\t\t\t\t\t\t\t\t\t\t\t<img loading=\"lazy\" decoding=\"async\" width=\"495\" height=\"309\" src=\"https:\/\/www.froeling.com\/fr-fr\/wp-content\/uploads\/sites\/4\/2025\/04\/Haus.jpg\" class=\"attachment-large size-large wp-image-7052\" alt=\"\" srcset=\"https:\/\/www.froeling.com\/fr-fr\/wp-content\/uploads\/sites\/4\/2025\/04\/Haus.jpg 495w, https:\/\/www.froeling.com\/fr-fr\/wp-content\/uploads\/sites\/4\/2025\/04\/Haus-300x187.jpg 300w\" sizes=\"(max-width: 495px) 100vw, 495px\" \/>\t\t\t\t\t\t\t\t\t\t\t\t\t\t\t<\/div>\n\t\t\t\t<\/div>\n\t\t<div class=\"elementor-element elementor-element-4624e37 e-con-full e-flex e-con e-child\" data-id=\"4624e37\" data-element_type=\"container\" data-e-type=\"container\">\n\t\t\t\t<div class=\"elementor-element elementor-element-235871b elementor-widget elementor-widget-text-editor\" data-id=\"235871b\" data-element_type=\"widget\" data-e-type=\"widget\" data-widget_type=\"text-editor.default\">\n\t\t\t\t<div class=\"elementor-widget-container\">\n\t\t\t\t\t\t\t\t\t<p>Aide 3 :<\/p>\t\t\t\t\t\t\t\t<\/div>\n\t\t\t\t<\/div>\n\t\t\t\t<div class=\"elementor-element elementor-element-4441fa4 elementor-widget elementor-widget-heading\" data-id=\"4441fa4\" data-element_type=\"widget\" data-e-type=\"widget\" data-widget_type=\"heading.default\">\n\t\t\t\t<div class=\"elementor-widget-container\">\n\t\t\t\t\t<h2 class=\"elementor-heading-title elementor-size-default\">Aides provenant des collectivit\u00e9s territoriales(subventions locales)<\/h2>\t\t\t\t<\/div>\n\t\t\t\t<\/div>\n\t\t\t\t<div class=\"elementor-element elementor-element-00e6e8c elementor-widget elementor-widget-text-editor\" data-id=\"00e6e8c\" data-element_type=\"widget\" data-e-type=\"widget\" data-widget_type=\"text-editor.default\">\n\t\t\t\t<div class=\"elementor-widget-container\">\n\t\t\t\t\t\t\t\t\t<p>Certaines collectivit\u00e9s telles que les communes, les d\u00e9partements, les intercommunalit\u00e9s, les r\u00e9gions &#8230; peuvent \u00e9galement accorder des aides dans le cadre de la r\u00e9alisation de travaux d\u2019am\u00e9lioration de la performance \u00e9nerg\u00e9tique.<br \/>Pour conna\u00eetre le montant des aides accord\u00e9e, vous pouvez vousrendre sur le site suivant: https:\/\/agirpourlatransition.ademe.fr\/particuliers\/finances\/aides-a-renovation\/aide-fonds-air-bois<\/p>\t\t\t\t\t\t\t\t<\/div>\n\t\t\t\t<\/div>\n\t\t\t\t<div class=\"elementor-element elementor-element-9c8b30c elementor-widget elementor-widget-button\" data-id=\"9c8b30c\" data-element_type=\"widget\" data-e-type=\"widget\" data-widget_type=\"button.default\">\n\t\t\t\t<div class=\"elementor-widget-container\">\n\t\t\t\t\t\t\t\t\t<div class=\"elementor-button-wrapper\">\n\t\t\t\t\t<a class=\"elementor-button elementor-button-link elementor-size-md\" href=\"https:\/\/www.froeling.com\/fr-fr\/wp-content\/uploads\/sites\/4\/2025\/04\/Aides-financieres-2025-chaudieres-biomasse.pdf\">\n\t\t\t\t\t\t<span class=\"elementor-button-content-wrapper\">\n\t\t\t\t\t\t<span class=\"elementor-button-icon\">\n\t\t\t\t<i aria-hidden=\"true\" class=\"far fa-file-pdf\"><\/i>\t\t\t<\/span>\n\t\t\t\t\t\t\t\t\t<span class=\"elementor-button-text\">Les aides financi\u00e8res en France<\/span>\n\t\t\t\t\t<\/span>\n\t\t\t\t\t<\/a>\n\t\t\t\t<\/div>\n\t\t\t\t\t\t\t\t<\/div>\n\t\t\t\t<\/div>\n\t\t\t\t<\/div>\n\t\t\t\t\t<\/div>\n\t\t\t\t<\/div>\n\t\t<div class=\"elementor-element elementor-element-da87f70 e-con-full e-flex e-con e-parent\" data-id=\"da87f70\" data-element_type=\"container\" data-e-type=\"container\">\n\t\t\t\t<div class=\"elementor-element elementor-element-95bb6c6 elementor-widget-tablet__width-inherit elementor-widget elementor-widget-template\" data-id=\"95bb6c6\" data-element_type=\"widget\" data-e-type=\"widget\" data-widget_type=\"template.default\">\n\t\t\t\t<div class=\"elementor-widget-container\">\n\t\t\t\t\t\t\t<div class=\"elementor-template\">\n\t\t\t\t\t<div data-elementor-type=\"container\" data-elementor-id=\"903\" class=\"elementor elementor-903\" data-elementor-post-type=\"elementor_library\">\n\t\t\t\t<div class=\"elementor-element elementor-element-f4a9d9a e-flex e-con-boxed e-con e-parent\" data-id=\"f4a9d9a\" data-element_type=\"container\" data-e-type=\"container\" data-settings=\"{&quot;background_background&quot;:&quot;gradient&quot;}\">\n\t\t\t\t\t<div class=\"e-con-inner\">\n\t\t<div class=\"elementor-element elementor-element-530d5e3 e-con-full e-flex e-con e-child\" data-id=\"530d5e3\" data-element_type=\"container\" data-e-type=\"container\">\n\t\t\t\t<div class=\"elementor-element elementor-element-ce08c4d elementor-widget elementor-widget-text-editor\" data-id=\"ce08c4d\" data-element_type=\"widget\" data-e-type=\"widget\" data-widget_type=\"text-editor.default\">\n\t\t\t\t<div class=\"elementor-widget-container\">\n\t\t\t\t\t\t\t\t\t<p>Pour plus d&rsquo;informations<\/p>\t\t\t\t\t\t\t\t<\/div>\n\t\t\t\t<\/div>\n\t\t\t\t<div class=\"elementor-element elementor-element-1de40b0 elementor-widget elementor-widget-heading\" data-id=\"1de40b0\" data-element_type=\"widget\" data-e-type=\"widget\" data-widget_type=\"heading.default\">\n\t\t\t\t<div class=\"elementor-widget-container\">\n\t\t\t\t\t<h2 class=\"elementor-heading-title elementor-size-default\">Posez-nous vos questions<\/h2>\t\t\t\t<\/div>\n\t\t\t\t<\/div>\n\t\t\t\t<div class=\"elementor-element elementor-element-e911e07 elementor-widget elementor-widget-text-editor\" data-id=\"e911e07\" data-element_type=\"widget\" data-e-type=\"widget\" data-widget_type=\"text-editor.default\">\n\t\t\t\t<div class=\"elementor-widget-container\">\n\t\t\t\t\t\t\t\t\t<p>Vous souhaitez recevoir plus d&rsquo;informations sur un produit, ou vous avez simplement une question sur notre entreprise ?<\/p><p>Remplissez le formulaire de contact en ligne \u2193\u00a0<\/p>\t\t\t\t\t\t\t\t<\/div>\n\t\t\t\t<\/div>\n\t\t\t\t<div class=\"elementor-element elementor-element-7c0ef91 elementor-align-left elementor-widget elementor-widget-button\" data-id=\"7c0ef91\" data-element_type=\"widget\" data-e-type=\"widget\" data-widget_type=\"button.default\">\n\t\t\t\t<div class=\"elementor-widget-container\">\n\t\t\t\t\t\t\t\t\t<div class=\"elementor-button-wrapper\">\n\t\t\t\t\t<a class=\"elementor-button elementor-button-link elementor-size-md\" href=\"https:\/\/www.froeling.com\/fr-fr\/contact\/demande-dinformation\/\">\n\t\t\t\t\t\t<span class=\"elementor-button-content-wrapper\">\n\t\t\t\t\t\t<span class=\"elementor-button-icon\">\n\t\t\t\t<i aria-hidden=\"true\" class=\"far fa-file\"><\/i>\t\t\t<\/span>\n\t\t\t\t\t\t\t\t\t<span class=\"elementor-button-text\">Formulaire de contact<\/span>\n\t\t\t\t\t<\/span>\n\t\t\t\t\t<\/a>\n\t\t\t\t<\/div>\n\t\t\t\t\t\t\t\t<\/div>\n\t\t\t\t<\/div>\n\t\t\t\t<\/div>\n\t\t<div class=\"elementor-element elementor-element-53141f8 e-con-full e-flex e-con e-child\" data-id=\"53141f8\" data-element_type=\"container\" data-e-type=\"container\">\n\t\t\t\t<div class=\"elementor-element elementor-element-f0b517b elementor-widget elementor-widget-image\" data-id=\"f0b517b\" data-element_type=\"widget\" data-e-type=\"widget\" data-widget_type=\"image.default\">\n\t\t\t\t<div class=\"elementor-widget-container\">\n\t\t\t\t\t\t\t\t\t\t\t\t\t\t\t<img loading=\"lazy\" decoding=\"async\" width=\"699\" height=\"786\" src=\"https:\/\/www.froeling.com\/fr-fr\/wp-content\/uploads\/sites\/4\/2022\/05\/products_together_1.png\" class=\"attachment-medium_large size-medium_large wp-image-473\" alt=\"\" srcset=\"https:\/\/www.froeling.com\/fr-fr\/wp-content\/uploads\/sites\/4\/2022\/05\/products_together_1.png 699w, https:\/\/www.froeling.com\/fr-fr\/wp-content\/uploads\/sites\/4\/2022\/05\/products_together_1-267x300.png 267w\" sizes=\"(max-width: 699px) 100vw, 699px\" \/>\t\t\t\t\t\t\t\t\t\t\t\t\t\t\t<\/div>\n\t\t\t\t<\/div>\n\t\t\t\t<\/div>\n\t\t\t\t\t<\/div>\n\t\t\t\t<\/div>\n\t\t\t\t<\/div>\n\t\t\t\t<\/div>\n\t\t\t\t\t\t<\/div>\n\t\t\t\t<\/div>\n\t\t\t\t<\/div>\n\t\t\t\t<\/div>\n\t\t","protected":false},"excerpt":{"rendered":"<p>Les aides financieres pour l&rsquo;achat d une chaudiere biomasse Les 3 principales aides financi\u00e8res : 1. Dispositif Maprimrenov 2. Aide des fournisseurs d\u2019\u00e9nergiesou Aide \u201ccoup de pouce\u201d 3. Subvention accord\u00e9e par lescollectivit\u00e9s locales (subventionslocales) Aide 1 : Le dispositif Maprimrenvo MaPrimeRenov&rsquo; est une aide de l\u2019\u00e9tat d\u00e9di\u00e9e au financement de la r\u00e9novation \u00e9nerg\u00e9tique de votre [&hellip;]<\/p>\n","protected":false},"author":6,"featured_media":0,"parent":0,"menu_order":0,"comment_status":"closed","ping_status":"closed","template":"","meta":{"_acf_changed":false,"footnotes":""},"class_list":["post-7038","page","type-page","status-publish","hentry"],"acf":[],"_links":{"self":[{"href":"https:\/\/www.froeling.com\/fr-fr\/wp-json\/wp\/v2\/pages\/7038","targetHints":{"allow":["GET"]}}],"collection":[{"href":"https:\/\/www.froeling.com\/fr-fr\/wp-json\/wp\/v2\/pages"}],"about":[{"href":"https:\/\/www.froeling.com\/fr-fr\/wp-json\/wp\/v2\/types\/page"}],"author":[{"embeddable":true,"href":"https:\/\/www.froeling.com\/fr-fr\/wp-json\/wp\/v2\/users\/6"}],"replies":[{"embeddable":true,"href":"https:\/\/www.froeling.com\/fr-fr\/wp-json\/wp\/v2\/comments?post=7038"}],"version-history":[{"count":7,"href":"https:\/\/www.froeling.com\/fr-fr\/wp-json\/wp\/v2\/pages\/7038\/revisions"}],"predecessor-version":[{"id":7150,"href":"https:\/\/www.froeling.com\/fr-fr\/wp-json\/wp\/v2\/pages\/7038\/revisions\/7150"}],"wp:attachment":[{"href":"https:\/\/www.froeling.com\/fr-fr\/wp-json\/wp\/v2\/media?parent=7038"}],"curies":[{"name":"wp","href":"https:\/\/api.w.org\/{rel}","templated":true}]}}