{"id":1400,"date":"2022-07-29T13:51:26","date_gmt":"2022-07-29T11:51:26","guid":{"rendered":"https:\/\/www.froeling.com\/?page_id=1400"},"modified":"2025-04-09T13:44:09","modified_gmt":"2025-04-09T11:44:09","slug":"carriera","status":"publish","type":"page","link":"https:\/\/www.froeling.com\/it-it\/azienda\/carriera\/","title":{"rendered":"Carriera"},"content":{"rendered":"\t\t<div data-elementor-type=\"wp-page\" data-elementor-id=\"1400\" class=\"elementor elementor-1400\" data-elementor-post-type=\"page\">\n\t\t\t\t<div class=\"elementor-element elementor-element-22f4695 e-con-full e-flex e-con e-parent\" data-id=\"22f4695\" data-element_type=\"container\" data-e-type=\"container\" data-settings=\"{&quot;background_background&quot;:&quot;gradient&quot;}\">\n\t\t<div class=\"elementor-element elementor-element-37a21bb e-con-full e-flex e-con e-child\" data-id=\"37a21bb\" data-element_type=\"container\" data-e-type=\"container\">\n\t\t<div class=\"elementor-element elementor-element-8c12cf3 hero-offset-container e-flex e-con-boxed e-con e-child\" data-id=\"8c12cf3\" data-element_type=\"container\" data-e-type=\"container\" data-settings=\"{&quot;background_background&quot;:&quot;classic&quot;}\">\n\t\t\t\t\t<div class=\"e-con-inner\">\n\t\t\t\t<div class=\"elementor-element elementor-element-e4f24eb elementor-widget elementor-widget-heading\" data-id=\"e4f24eb\" data-element_type=\"widget\" data-e-type=\"widget\" data-widget_type=\"heading.default\">\n\t\t\t\t<div class=\"elementor-widget-container\">\n\t\t\t\t\t<h2 class=\"elementor-heading-title elementor-size-default\">Carriera<\/h2>\t\t\t\t<\/div>\n\t\t\t\t<\/div>\n\t\t\t\t<div class=\"elementor-element elementor-element-96c67df elementor-widget elementor-widget-text-editor\" data-id=\"96c67df\" data-element_type=\"widget\" data-e-type=\"widget\" data-widget_type=\"text-editor.default\">\n\t\t\t\t<div class=\"elementor-widget-container\">\n\t\t\t\t\t\t\t\t\t<p>Siamo uno dei principali produttori europei di sistemi di riscaldamento innovativi ed ecologici. (Legna da ardere, Cippato, Pellet). Grazie alla forte domanda dei nostri prodotti e alle eccellenti prospettive future di prospettive future per \u201eEnergie Rinnovabili\u201c, stiamo rafforzando il nostro team e stiamo cercando i seguenti collaboratori per la nostra sede a Bolzano.<\/p>\t\t\t\t\t\t\t\t<\/div>\n\t\t\t\t<\/div>\n\t\t\t\t\t<\/div>\n\t\t\t\t<\/div>\n\t\t\t\t<\/div>\n\t\t<div class=\"elementor-element elementor-element-c6f9156 e-con-full e-flex e-con e-child\" data-id=\"c6f9156\" data-element_type=\"container\" data-e-type=\"container\" data-settings=\"{&quot;background_background&quot;:&quot;classic&quot;}\">\n\t\t\t\t<\/div>\n\t\t\t\t<\/div>\n\t\t<div class=\"elementor-element elementor-element-4e37de7 elementor-hidden-mobile e-flex e-con-boxed e-con e-parent\" data-id=\"4e37de7\" data-element_type=\"container\" data-e-type=\"container\" data-settings=\"{&quot;background_background&quot;:&quot;gradient&quot;}\">\n\t\t\t\t\t<div class=\"e-con-inner\">\n\t\t\t\t\t<\/div>\n\t\t\t\t<\/div>\n\t\t<div class=\"elementor-element elementor-element-27358fe e-flex e-con-boxed e-con e-parent\" data-id=\"27358fe\" data-element_type=\"container\" data-e-type=\"container\">\n\t\t\t\t\t<div class=\"e-con-inner\">\n\t\t<div class=\"elementor-element elementor-element-b74cbc7 e-con-full e-flex e-con e-child\" data-id=\"b74cbc7\" data-element_type=\"container\" data-e-type=\"container\">\n\t\t\t\t<div class=\"elementor-element elementor-element-53314b4 elementor-widget elementor-widget-image\" data-id=\"53314b4\" data-element_type=\"widget\" data-e-type=\"widget\" data-widget_type=\"image.default\">\n\t\t\t\t<div class=\"elementor-widget-container\">\n\t\t\t\t\t\t\t\t\t\t\t\t\t\t\t<img fetchpriority=\"high\" decoding=\"async\" width=\"768\" height=\"494\" src=\"https:\/\/www.froeling.com\/it-it\/wp-content\/uploads\/sites\/5\/2022\/12\/DSC_6008_1-Andreas-Maringers-in-Konflikt-stehende-Kopie-2014-11-10-768x494.jpg\" class=\"attachment-medium_large size-medium_large wp-image-3739\" alt=\"\" srcset=\"https:\/\/www.froeling.com\/it-it\/wp-content\/uploads\/sites\/5\/2022\/12\/DSC_6008_1-Andreas-Maringers-in-Konflikt-stehende-Kopie-2014-11-10-768x494.jpg 768w, https:\/\/www.froeling.com\/it-it\/wp-content\/uploads\/sites\/5\/2022\/12\/DSC_6008_1-Andreas-Maringers-in-Konflikt-stehende-Kopie-2014-11-10-300x193.jpg 300w, https:\/\/www.froeling.com\/it-it\/wp-content\/uploads\/sites\/5\/2022\/12\/DSC_6008_1-Andreas-Maringers-in-Konflikt-stehende-Kopie-2014-11-10-1024x659.jpg 1024w, https:\/\/www.froeling.com\/it-it\/wp-content\/uploads\/sites\/5\/2022\/12\/DSC_6008_1-Andreas-Maringers-in-Konflikt-stehende-Kopie-2014-11-10-1536x988.jpg 1536w, https:\/\/www.froeling.com\/it-it\/wp-content\/uploads\/sites\/5\/2022\/12\/DSC_6008_1-Andreas-Maringers-in-Konflikt-stehende-Kopie-2014-11-10-2048x1317.jpg 2048w, https:\/\/www.froeling.com\/it-it\/wp-content\/uploads\/sites\/5\/2022\/12\/DSC_6008_1-Andreas-Maringers-in-Konflikt-stehende-Kopie-2014-11-10-1920x1235.jpg 1920w\" sizes=\"(max-width: 768px) 100vw, 768px\" \/>\t\t\t\t\t\t\t\t\t\t\t\t\t\t\t<\/div>\n\t\t\t\t<\/div>\n\t\t\t\t<\/div>\n\t\t<div class=\"elementor-element elementor-element-846e702 e-con-full e-flex e-con e-child\" data-id=\"846e702\" data-element_type=\"container\" data-e-type=\"container\">\n\t\t<div class=\"elementor-element elementor-element-c71323e e-con-full e-flex e-con e-child\" data-id=\"c71323e\" data-element_type=\"container\" data-e-type=\"container\">\n\t\t\t\t<div class=\"elementor-element elementor-element-3f0ca09 elementor-widget elementor-widget-text-editor\" data-id=\"3f0ca09\" data-element_type=\"widget\" data-e-type=\"widget\" data-widget_type=\"text-editor.default\">\n\t\t\t\t<div class=\"elementor-widget-container\">\n\t\t\t\t\t\t\t\t\t<p>Lavorare a Fr\u00f6ling<\/p>\t\t\t\t\t\t\t\t<\/div>\n\t\t\t\t<\/div>\n\t\t\t\t<div class=\"elementor-element elementor-element-199547c elementor-widget elementor-widget-heading\" data-id=\"199547c\" data-element_type=\"widget\" data-e-type=\"widget\" data-widget_type=\"heading.default\">\n\t\t\t\t<div class=\"elementor-widget-container\">\n\t\t\t\t\t<h2 class=\"elementor-heading-title elementor-size-default\">Migliori lavori nella tua zona<\/h2>\t\t\t\t<\/div>\n\t\t\t\t<\/div>\n\t\t\t\t<div class=\"elementor-element elementor-element-de4be1f elementor-widget elementor-widget-text-editor\" data-id=\"de4be1f\" data-element_type=\"widget\" data-e-type=\"widget\" data-widget_type=\"text-editor.default\">\n\t\t\t\t<div class=\"elementor-widget-container\">\n\t\t\t\t\t\t\t\t\t<p>&#8220;Il nome Fr\u00f6ling da oltre 50 anni sta per tecnologia di riscaldamento a biomassa modernissima ed efficiente&#8221;<\/p>\t\t\t\t\t\t\t\t<\/div>\n\t\t\t\t<\/div>\n\t\t\t\t<div class=\"elementor-element elementor-element-ca5dee1 elementor-widget elementor-widget-text-editor\" data-id=\"ca5dee1\" data-element_type=\"widget\" data-e-type=\"widget\" data-widget_type=\"text-editor.default\">\n\t\t\t\t<div class=\"elementor-widget-container\">\n\t\t\t\t\t\t\t\t\t<p>Fr\u00f6ling sin dall\u00b4inizio si \u00e8 specializzata nel utilizzo efficiente della legna come fonte energetica ed \u00e8 pioniere dei sistemi di riscaldamento a legna moderni. Oggi il nome Fr\u00f6ling sta per tecnologia di riscaldamento a biomassa moderna.<\/p><p>Le caldaie Fr\u00f6ling per legna da ardere, cippato e pellet vengono utilizzate con successo in tutta l\u00b4Europa. Tutti i prodotti vengono realizzati esclusivamente nelle sede produttive interne in Austria e Germania. La fitta rete d\u00b4assistenza garantisce interventi rapidi.<\/p>\t\t\t\t\t\t\t\t<\/div>\n\t\t\t\t<\/div>\n\t\t\t\t<\/div>\n\t\t\t\t<\/div>\n\t\t\t\t\t<\/div>\n\t\t\t\t<\/div>\n\t\t<div class=\"elementor-element elementor-element-a3a627d e-flex e-con-boxed e-con e-parent\" data-id=\"a3a627d\" data-element_type=\"container\" data-e-type=\"container\" data-settings=\"{&quot;background_background&quot;:&quot;gradient&quot;}\">\n\t\t\t\t\t<div class=\"e-con-inner\">\n\t\t<div class=\"elementor-element elementor-element-d099d35 e-con-full e-flex e-con e-child\" data-id=\"d099d35\" data-element_type=\"container\" data-e-type=\"container\">\n\t\t\t\t<div class=\"elementor-element elementor-element-cf518d0 elementor-widget elementor-widget-heading\" data-id=\"cf518d0\" data-element_type=\"widget\" data-e-type=\"widget\" data-widget_type=\"heading.default\">\n\t\t\t\t<div class=\"elementor-widget-container\">\n\t\t\t\t\t<h2 class=\"elementor-heading-title elementor-size-default\">\u00c8 gradita la Vostra Candidatura!<\/h2>\t\t\t\t<\/div>\n\t\t\t\t<\/div>\n\t\t\t\t<div class=\"elementor-element elementor-element-bdc3fdd elementor-widget elementor-widget-text-editor\" data-id=\"bdc3fdd\" data-element_type=\"widget\" data-e-type=\"widget\" data-widget_type=\"text-editor.default\">\n\t\t\t\t<div class=\"elementor-widget-container\">\n\t\t\t\t\t\t\t\t\t<p>A causa della forte domanda dei nostri prodotti e delle eccellenti prospettive future per le &#8220;Energie Rinnovabili&#8221;,stiamo rafforzando il nostro team con forti Comunicatori, Esperti tecnici, Personale d\u2019 ufficio, e Giocatori di squadra.<\/p><p>Per tutte le posizioni offriamo un adeguato supporto nella fase di avviamento, interessanti opportunit\u00e0 di reddito molto superiori agli standard ed i vantaggi accompagnati alla sicurezza di un&#8217;azienda familiare tradizionale.<\/p>\t\t\t\t\t\t\t\t<\/div>\n\t\t\t\t<\/div>\n\t\t<div class=\"elementor-element elementor-element-21e2f04 e-flex e-con-boxed e-con e-child\" data-id=\"21e2f04\" data-element_type=\"container\" data-e-type=\"container\" data-settings=\"{&quot;background_background&quot;:&quot;classic&quot;}\">\n\t\t\t\t\t<div class=\"e-con-inner\">\n\t\t<div class=\"elementor-element elementor-element-1897b19 e-flex e-con-boxed e-con e-child\" data-id=\"1897b19\" data-element_type=\"container\" data-e-type=\"container\">\n\t\t\t\t\t<div class=\"e-con-inner\">\n\t\t\t\t<div class=\"elementor-element elementor-element-98d9cb4 elementor-widget elementor-widget-heading\" data-id=\"98d9cb4\" data-element_type=\"widget\" data-e-type=\"widget\" data-widget_type=\"heading.default\">\n\t\t\t\t<div class=\"elementor-widget-container\">\n\t\t\t\t\t<div class=\"elementor-heading-title elementor-size-default\">Initiativbewerbungen<\/div>\t\t\t\t<\/div>\n\t\t\t\t<\/div>\n\t\t\t\t<div class=\"elementor-element elementor-element-71ef05e elementor-view-default elementor-widget elementor-widget-icon\" data-id=\"71ef05e\" data-element_type=\"widget\" data-e-type=\"widget\" data-widget_type=\"icon.default\">\n\t\t\t\t<div class=\"elementor-widget-container\">\n\t\t\t\t\t\t\t<div class=\"elementor-icon-wrapper\">\n\t\t\t<div class=\"elementor-icon\">\n\t\t\t<i aria-hidden=\"true\" class=\"fas fa-info-circle\"><\/i>\t\t\t<\/div>\n\t\t<\/div>\n\t\t\t\t\t\t<\/div>\n\t\t\t\t<\/div>\n\t\t\t\t\t<\/div>\n\t\t\t\t<\/div>\n\t\t\t\t<div class=\"elementor-element elementor-element-cd76fa4 elementor-widget elementor-widget-text-editor\" data-id=\"cd76fa4\" data-element_type=\"widget\" data-e-type=\"widget\" data-widget_type=\"text-editor.default\">\n\t\t\t\t<div class=\"elementor-widget-container\">\n\t\t\t\t\t\t\t\t\t<p>Mit einem klaren beruflichen Ziel oder einer speziellen Qualifikation m\u00fcssen Sie nicht auf ein passendes Angebot von uns warten.<\/p><p>Ergreifen Sie selbst die Initiative und bewerben Sie sich f\u00fcr Ihre Wunschposition.<\/p>\t\t\t\t\t\t\t\t<\/div>\n\t\t\t\t<\/div>\n\t\t\t\t\t<\/div>\n\t\t\t\t<\/div>\n\t\t\t\t<\/div>\n\t\t<div class=\"elementor-element elementor-element-56b9784 e-flex e-con-boxed e-con e-child\" data-id=\"56b9784\" data-element_type=\"container\" data-e-type=\"container\" data-settings=\"{&quot;background_background&quot;:&quot;classic&quot;}\">\n\t\t\t\t\t<div class=\"e-con-inner\">\n\t\t<div class=\"elementor-element elementor-element-7002933 e-con-full hover-img e-flex e-con e-child\" data-id=\"7002933\" data-element_type=\"container\" data-e-type=\"container\" data-settings=\"{&quot;background_background&quot;:&quot;classic&quot;}\">\n\t\t\t\t<div class=\"elementor-element elementor-element-9bffb77 elementor-widget elementor-widget-heading\" data-id=\"9bffb77\" data-element_type=\"widget\" data-e-type=\"widget\" data-widget_type=\"heading.default\">\n\t\t\t\t<div class=\"elementor-widget-container\">\n\t\t\t\t\t<h3 class=\"elementor-heading-title elementor-size-default\">La Vostra Candidatura<\/h3>\t\t\t\t<\/div>\n\t\t\t\t<\/div>\n\t\t\t\t<div class=\"elementor-element elementor-element-f1da6e3 elementor-widget elementor-widget-text-editor\" data-id=\"f1da6e3\" data-element_type=\"widget\" data-e-type=\"widget\" data-widget_type=\"text-editor.default\">\n\t\t\t\t<div class=\"elementor-widget-container\">\n\t\t\t\t\t\t\t\t\t<p>Se siete interessati ad una carriera in un&#8217;azienda innovativa e di successo, inviate i vostri documenti di candidatura &#8211; preferibilmente via e-mail \u2013 per cortesia a:<\/p><p>Froling srl<br \/>Via J. Ressel 2H, I-39100 Bolzano (BZ)<br \/>Tel.: +39 0471 060460<br \/>E-mail: bewerbung@froeling.it<\/p><p>Le nostre offerte di lavoro sono dirette a signore e signori<\/p>\t\t\t\t\t\t\t\t<\/div>\n\t\t\t\t<\/div>\n\t\t\t\t<\/div>\n\t\t\t\t\t<\/div>\n\t\t\t\t<\/div>\n\t\t\t\t\t<\/div>\n\t\t\t\t<\/div>\n\t\t<div class=\"elementor-element elementor-element-aacde77 e-flex e-con-boxed e-con e-parent\" data-id=\"aacde77\" data-element_type=\"container\" data-e-type=\"container\">\n\t\t\t\t\t<div class=\"e-con-inner\">\n\t\t\t\t<div class=\"elementor-element elementor-element-9890619 elementor-widget elementor-widget-toggle\" data-id=\"9890619\" data-element_type=\"widget\" data-e-type=\"widget\" data-widget_type=\"toggle.default\">\n\t\t\t\t<div class=\"elementor-widget-container\">\n\t\t\t\t\t\t\t<div class=\"elementor-toggle\">\n\t\t\t\t\t\t\t<div class=\"elementor-toggle-item\">\n\t\t\t\t\t<div id=\"elementor-tab-title-1591\" class=\"elementor-tab-title\" data-tab=\"1\" role=\"button\" aria-controls=\"elementor-tab-content-1591\" aria-expanded=\"false\">\n\t\t\t\t\t\t\t\t\t\t\t\t<span class=\"elementor-toggle-icon elementor-toggle-icon-right\" aria-hidden=\"true\">\n\t\t\t\t\t\t\t\t\t\t\t\t\t\t\t<span class=\"elementor-toggle-icon-closed\"><i class=\"fas fa-plus-circle\"><\/i><\/span>\n\t\t\t\t\t\t\t\t<span class=\"elementor-toggle-icon-opened\"><i class=\"elementor-toggle-icon-opened fas fa-minus-circle\"><\/i><\/span>\n\t\t\t\t\t\t\t\t\t\t\t\t\t<\/span>\n\t\t\t\t\t\t\t\t\t\t\t\t<a class=\"elementor-toggle-title\" tabindex=\"0\">MitarbeiterIn im Backoffice Sales (m\/w)<\/a>\n\t\t\t\t\t<\/div>\n\n\t\t\t\t\t<div id=\"elementor-tab-content-1591\" class=\"elementor-tab-content elementor-clearfix\" data-tab=\"1\" role=\"region\" aria-labelledby=\"elementor-tab-title-1591\"><p><strong>Ihre Aufgaben:\u00a0<\/strong><\/p><ul><li>Auftragsbearbeitung: Sie sind verantwortlich f\u00fcr die vollst\u00e4ndige Bearbeitung von Kundenauftr\u00e4gen, vom Eingang bis zur Lieferung.<\/li><li>Fakturierung: Erstellung und Pr\u00fcfung von Rechnungen, Gutschriften und weiteren abrechnungsrelevanten Dokumenten.<\/li><li>Kundenbetreuung: Sie fungieren als Ansprechpartner f\u00fcr unsere Kunden und unterst\u00fctzen bei Fragen zur Auftragsabwicklung und Fakturierung.<\/li><li>Datenpflege: Sie \u00fcbernehmen die Pflege und Aktualisierung von Kundendaten sowie Auftrags- und Rechnungsinformationen im System.<\/li><li>Zusammenarbeit mit anderen Abteilungen: Enge Zusammenarbeit mit dem Vertrieb, Lager und der Buchhaltung, um eine reibungslose Auftragsabwicklung zu gew\u00e4hrleisten.<\/li><li>Administrative T\u00e4tigkeiten: Allgemeine administrative Aufgaben im Backoffice.<\/li><\/ul><p><strong>Ihr Profil:\u00a0<\/strong><\/p><ul><li>Abgeschlossene kaufm\u00e4nnische Ausbildung oder vergleichbare Qualifikation<\/li><li>Deutsch- und Italienischkenntnisse in Wort und Schrift, weitere Sprachkenntnisse sind von Vorteil<\/li><li>Erfahrung in der Auftragsbearbeitung, Fakturierung oder im kaufm\u00e4nnischen Bereich ist von Vorteil<\/li><li>Sicherer Umgang mit MS Office, insbesondere Excel; Erfahrung mit ERP-Systemen ist w\u00fcnschenswert<\/li><li>Selbstst\u00e4ndige, strukturierte und l\u00f6sungsorientierte Arbeitsweise<\/li><li>Teamf\u00e4higkeit und Flexibilit\u00e4t<\/li><\/ul><p><strong>Wir bieten:\u00a0<\/strong><\/p><ul><li>Ein abwechslungsreiches und verantwortungsvolles Aufgabengebiet<\/li><li>Eine angenehme Arbeitsatmosph\u00e4re in einem dynamischen Team<\/li><li>M\u00f6glichkeiten zur fachlichen und pers\u00f6nlichen Weiterentwicklung<\/li><li>Leistungsgerechte, attraktive Verg\u00fctung und attraktive Sozialleistungen<\/li><li>Einen sicheren Arbeitsplatz in einem zukunftsorientierten Unternehmen<\/li><\/ul><p>\u00a0<\/p><\/div>\n\t\t\t\t<\/div>\n\t\t\t\t\t\t\t\t<\/div>\n\t\t\t\t\t\t<\/div>\n\t\t\t\t<\/div>\n\t\t\t\t\t<\/div>\n\t\t\t\t<\/div>\n\t\t\t\t<\/div>\n\t\t","protected":false},"excerpt":{"rendered":"<p>Carriera Siamo uno dei principali produttori europei di sistemi di riscaldamento innovativi ed ecologici. (Legna da ardere, Cippato, Pellet). Grazie alla forte domanda dei nostri prodotti e alle eccellenti prospettive future di prospettive future per \u201eEnergie Rinnovabili\u201c, stiamo rafforzando il nostro team e stiamo cercando i seguenti collaboratori per la nostra sede a Bolzano. Lavorare [&hellip;]<\/p>\n","protected":false},"author":8,"featured_media":0,"parent":82,"menu_order":0,"comment_status":"closed","ping_status":"closed","template":"","meta":{"_acf_changed":false,"footnotes":""},"class_list":["post-1400","page","type-page","status-publish","hentry"],"acf":[],"_links":{"self":[{"href":"https:\/\/www.froeling.com\/it-it\/wp-json\/wp\/v2\/pages\/1400","targetHints":{"allow":["GET"]}}],"collection":[{"href":"https:\/\/www.froeling.com\/it-it\/wp-json\/wp\/v2\/pages"}],"about":[{"href":"https:\/\/www.froeling.com\/it-it\/wp-json\/wp\/v2\/types\/page"}],"author":[{"embeddable":true,"href":"https:\/\/www.froeling.com\/it-it\/wp-json\/wp\/v2\/users\/8"}],"replies":[{"embeddable":true,"href":"https:\/\/www.froeling.com\/it-it\/wp-json\/wp\/v2\/comments?post=1400"}],"version-history":[{"count":7,"href":"https:\/\/www.froeling.com\/it-it\/wp-json\/wp\/v2\/pages\/1400\/revisions"}],"predecessor-version":[{"id":6990,"href":"https:\/\/www.froeling.com\/it-it\/wp-json\/wp\/v2\/pages\/1400\/revisions\/6990"}],"up":[{"embeddable":true,"href":"https:\/\/www.froeling.com\/it-it\/wp-json\/wp\/v2\/pages\/82"}],"wp:attachment":[{"href":"https:\/\/www.froeling.com\/it-it\/wp-json\/wp\/v2\/media?parent=1400"}],"curies":[{"name":"wp","href":"https:\/\/api.w.org\/{rel}","templated":true}]}}