{"id":2961,"date":"2022-11-25T12:43:18","date_gmt":"2022-11-25T11:43:18","guid":{"rendered":"https:\/\/www.froeling.com\/de-at\/?page_id=2961"},"modified":"2026-01-19T16:27:31","modified_gmt":"2026-01-19T15:27:31","slug":"qualche-informazione-su-di-noi","status":"publish","type":"page","link":"https:\/\/www.froeling.com\/it-it\/azienda\/qualche-informazione-su-di-noi\/","title":{"rendered":"Qualche informazione su di noi"},"content":{"rendered":"\t\t<div data-elementor-type=\"wp-page\" data-elementor-id=\"2961\" class=\"elementor elementor-2961\" data-elementor-post-type=\"page\">\n\t\t\t\t<div class=\"elementor-element elementor-element-2835dba e-con-full e-flex e-con e-parent\" data-id=\"2835dba\" data-element_type=\"container\" data-e-type=\"container\" data-settings=\"{&quot;background_background&quot;:&quot;gradient&quot;}\">\n\t\t<div class=\"elementor-element elementor-element-4bcebd1 e-con-full e-flex e-con e-child\" data-id=\"4bcebd1\" data-element_type=\"container\" data-e-type=\"container\">\n\t\t<div class=\"elementor-element elementor-element-d497f96 hero-offset-container e-flex e-con-boxed e-con e-child\" data-id=\"d497f96\" data-element_type=\"container\" data-e-type=\"container\" data-settings=\"{&quot;background_background&quot;:&quot;classic&quot;}\">\n\t\t\t\t\t<div class=\"e-con-inner\">\n\t\t\t\t<div class=\"elementor-element elementor-element-a41e5c7 elementor-widget elementor-widget-heading\" data-id=\"a41e5c7\" data-element_type=\"widget\" data-e-type=\"widget\" data-widget_type=\"heading.default\">\n\t\t\t\t<div class=\"elementor-widget-container\">\n\t\t\t\t\t<h2 class=\"elementor-heading-title elementor-size-default\">Immagine<\/h2>\t\t\t\t<\/div>\n\t\t\t\t<\/div>\n\t\t\t\t<div class=\"elementor-element elementor-element-6997323 elementor-widget elementor-widget-text-editor\" data-id=\"6997323\" data-element_type=\"widget\" data-e-type=\"widget\" data-widget_type=\"text-editor.default\">\n\t\t\t\t<div class=\"elementor-widget-container\">\n\t\t\t\t\t\t\t\t\t<h4>Pioniere dell\u00b4 industria delle caldaie a biomassa<\/h4>\t\t\t\t\t\t\t\t<\/div>\n\t\t\t\t<\/div>\n\t\t\t\t\t<\/div>\n\t\t\t\t<\/div>\n\t\t\t\t<\/div>\n\t\t<div class=\"elementor-element elementor-element-87e6309 e-con-full e-flex e-con e-child\" data-id=\"87e6309\" data-element_type=\"container\" data-e-type=\"container\" data-settings=\"{&quot;background_background&quot;:&quot;classic&quot;}\">\n\t\t\t\t<\/div>\n\t\t\t\t<\/div>\n\t\t<div class=\"elementor-element elementor-element-106d478 e-flex e-con-boxed e-con e-parent\" data-id=\"106d478\" data-element_type=\"container\" data-e-type=\"container\">\n\t\t\t\t\t<div class=\"e-con-inner\">\n\t\t\t\t<div class=\"elementor-element elementor-element-6e7082e elementor-widget elementor-widget-text-editor\" data-id=\"6e7082e\" data-element_type=\"widget\" data-e-type=\"widget\" data-widget_type=\"text-editor.default\">\n\t\t\t\t<div class=\"elementor-widget-container\">\n\t\t\t\t\t\t\t\t\t<p>Da 60 anni:<\/p>\t\t\t\t\t\t\t\t<\/div>\n\t\t\t\t<\/div>\n\t\t\t\t<div class=\"elementor-element elementor-element-c562a16 elementor-widget elementor-widget-heading\" data-id=\"c562a16\" data-element_type=\"widget\" data-e-type=\"widget\" data-widget_type=\"heading.default\">\n\t\t\t\t<div class=\"elementor-widget-container\">\n\t\t\t\t\t<h2 class=\"elementor-heading-title elementor-size-default\">Il grande Nome per il riscaldamento a Legna<\/h2>\t\t\t\t<\/div>\n\t\t\t\t<\/div>\n\t\t\t\t<div class=\"elementor-element elementor-element-3b38cb4 elementor-widget elementor-widget-text-editor\" data-id=\"3b38cb4\" data-element_type=\"widget\" data-e-type=\"widget\" data-widget_type=\"text-editor.default\">\n\t\t\t\t<div class=\"elementor-widget-container\">\n\t\t\t\t\t\t\t\t\t<p>Froling \u00e8 un pioniere dei moderni sistemi di riscaldamento a legna. Dall\u2019invenzione pionieristica della moderna caldaia a legna con combustione ad alta temperatura all&#8217;impianto di riscaldamento a cippato con tecnologia lambda passando per lo sviluppo di caldaie a pellet con caratura internazionale: tutto firmato Froling.<\/p>\t\t\t\t\t\t\t\t<\/div>\n\t\t\t\t<\/div>\n\t\t\t\t<div class=\"elementor-element elementor-element-8659495 elementor-widget elementor-widget-button\" data-id=\"8659495\" data-element_type=\"widget\" data-e-type=\"widget\" data-widget_type=\"button.default\">\n\t\t\t\t<div class=\"elementor-widget-container\">\n\t\t\t\t\t\t\t\t\t<div class=\"elementor-button-wrapper\">\n\t\t\t\t\t<a class=\"elementor-button elementor-button-link elementor-size-md\" href=\"https:\/\/www.froeling.com\/it-it\/wp-content\/uploads\/sites\/5\/2024\/04\/Imagefilm_Froeling_IT_1080p30.mp4\" target=\"_blank\">\n\t\t\t\t\t\t<span class=\"elementor-button-content-wrapper\">\n\t\t\t\t\t\t\t\t\t<span class=\"elementor-button-text\">Video<\/span>\n\t\t\t\t\t<\/span>\n\t\t\t\t\t<\/a>\n\t\t\t\t<\/div>\n\t\t\t\t\t\t\t\t<\/div>\n\t\t\t\t<\/div>\n\t\t\t\t\t<\/div>\n\t\t\t\t<\/div>\n\t\t<div class=\"elementor-element elementor-element-baea105 e-flex e-con-boxed e-con e-parent\" data-id=\"baea105\" data-element_type=\"container\" data-e-type=\"container\">\n\t\t\t\t\t<div class=\"e-con-inner\">\n\t\t<div class=\"elementor-element elementor-element-4ae52bd e-con-full e-flex e-con e-child\" data-id=\"4ae52bd\" data-element_type=\"container\" data-e-type=\"container\">\n\t\t\t\t<div class=\"elementor-element elementor-element-c994ae9 elementor-widget elementor-widget-text-editor\" data-id=\"c994ae9\" data-element_type=\"widget\" data-e-type=\"widget\" data-widget_type=\"text-editor.default\">\n\t\t\t\t<div class=\"elementor-widget-container\">\n\t\t\t\t\t\t\t\t\t<p>Tutto da una mano<\/p>\t\t\t\t\t\t\t\t<\/div>\n\t\t\t\t<\/div>\n\t\t\t\t<div class=\"elementor-element elementor-element-c77aa68 elementor-widget-laptop__width-initial elementor-widget elementor-widget-heading\" data-id=\"c77aa68\" data-element_type=\"widget\" data-e-type=\"widget\" data-widget_type=\"heading.default\">\n\t\t\t\t<div class=\"elementor-widget-container\">\n\t\t\t\t\t<h3 class=\"elementor-heading-title elementor-size-default\">Sistemi completi in un'unica soluzione<\/h3>\t\t\t\t<\/div>\n\t\t\t\t<\/div>\n\t\t\t\t<div class=\"elementor-element elementor-element-44ea149 elementor-widget__width-initial elementor-widget elementor-widget-text-editor\" data-id=\"44ea149\" data-element_type=\"widget\" data-e-type=\"widget\" data-widget_type=\"text-editor.default\">\n\t\t\t\t<div class=\"elementor-widget-container\">\n\t\t\t\t\t\t\t\t\t<p>Fr\u00f6ling vi offre sistemi di riscaldamento completi: dalla soluzione efficiente per l&#8217;immagazzinamento e il caricamento di combustile per passare alle caldaie, comprensive di accumulatori e scambiatori di calore, ed arrivare quindi alla regolazione. Tutto in un&#8217;unica soluzione, tutto in perfetta sintonia. Ci\u00f2 consente di risparmiare energia e denaro: in fase di pianificazione, di installazione e di utilizzo<\/p>\t\t\t\t\t\t\t\t<\/div>\n\t\t\t\t<\/div>\n\t\t\t\t<\/div>\n\t\t<div class=\"elementor-element elementor-element-d506ac9 e-con-full e-flex e-con e-child\" data-id=\"d506ac9\" data-element_type=\"container\" data-e-type=\"container\">\n\t\t\t\t<div class=\"elementor-element elementor-element-d9a1adc elementor-widget elementor-widget-image\" data-id=\"d9a1adc\" data-element_type=\"widget\" data-e-type=\"widget\" data-widget_type=\"image.default\">\n\t\t\t\t<div class=\"elementor-widget-container\">\n\t\t\t\t\t\t\t\t\t\t\t\t\t\t\t<img fetchpriority=\"high\" decoding=\"async\" width=\"800\" height=\"551\" src=\"https:\/\/www.froeling.com\/it-it\/wp-content\/uploads\/sites\/5\/2022\/12\/Tausch-Heizung_0522-1-1024x705.jpg\" class=\"attachment-large size-large wp-image-3740\" alt=\"\" srcset=\"https:\/\/www.froeling.com\/it-it\/wp-content\/uploads\/sites\/5\/2022\/12\/Tausch-Heizung_0522-1-1024x705.jpg 1024w, https:\/\/www.froeling.com\/it-it\/wp-content\/uploads\/sites\/5\/2022\/12\/Tausch-Heizung_0522-1-300x207.jpg 300w, https:\/\/www.froeling.com\/it-it\/wp-content\/uploads\/sites\/5\/2022\/12\/Tausch-Heizung_0522-1-768x529.jpg 768w, https:\/\/www.froeling.com\/it-it\/wp-content\/uploads\/sites\/5\/2022\/12\/Tausch-Heizung_0522-1-1536x1058.jpg 1536w, https:\/\/www.froeling.com\/it-it\/wp-content\/uploads\/sites\/5\/2022\/12\/Tausch-Heizung_0522-1-2048x1410.jpg 2048w, https:\/\/www.froeling.com\/it-it\/wp-content\/uploads\/sites\/5\/2022\/12\/Tausch-Heizung_0522-1-1920x1322.jpg 1920w\" sizes=\"(max-width: 800px) 100vw, 800px\" \/>\t\t\t\t\t\t\t\t\t\t\t\t\t\t\t<\/div>\n\t\t\t\t<\/div>\n\t\t\t\t<\/div>\n\t\t\t\t\t<\/div>\n\t\t\t\t<\/div>\n\t\t<div class=\"elementor-element elementor-element-5ab0538 e-flex e-con-boxed e-con e-parent\" data-id=\"5ab0538\" data-element_type=\"container\" data-e-type=\"container\">\n\t\t\t\t\t<div class=\"e-con-inner\">\n\t\t<div class=\"elementor-element elementor-element-eaa17a7 e-con-full e-flex e-con e-child\" data-id=\"eaa17a7\" data-element_type=\"container\" data-e-type=\"container\">\n\t\t\t\t<div class=\"elementor-element elementor-element-9d78cd6 elementor-widget elementor-widget-image\" data-id=\"9d78cd6\" data-element_type=\"widget\" data-e-type=\"widget\" data-widget_type=\"image.default\">\n\t\t\t\t<div class=\"elementor-widget-container\">\n\t\t\t\t\t\t\t\t\t\t\t\t\t\t\t<img decoding=\"async\" width=\"800\" height=\"600\" src=\"https:\/\/www.froeling.com\/it-it\/wp-content\/uploads\/sites\/5\/2022\/12\/schweissbild-1024x768.jpg\" class=\"attachment-large size-large wp-image-3746\" alt=\"\" srcset=\"https:\/\/www.froeling.com\/it-it\/wp-content\/uploads\/sites\/5\/2022\/12\/schweissbild-1024x768.jpg 1024w, https:\/\/www.froeling.com\/it-it\/wp-content\/uploads\/sites\/5\/2022\/12\/schweissbild-300x225.jpg 300w, https:\/\/www.froeling.com\/it-it\/wp-content\/uploads\/sites\/5\/2022\/12\/schweissbild-768x576.jpg 768w, https:\/\/www.froeling.com\/it-it\/wp-content\/uploads\/sites\/5\/2022\/12\/schweissbild-1536x1152.jpg 1536w, https:\/\/www.froeling.com\/it-it\/wp-content\/uploads\/sites\/5\/2022\/12\/schweissbild.jpg 1772w\" sizes=\"(max-width: 800px) 100vw, 800px\" \/>\t\t\t\t\t\t\t\t\t\t\t\t\t\t\t<\/div>\n\t\t\t\t<\/div>\n\t\t\t\t<\/div>\n\t\t<div class=\"elementor-element elementor-element-e75bcaa e-con-full e-flex e-con e-child\" data-id=\"e75bcaa\" data-element_type=\"container\" data-e-type=\"container\">\n\t\t\t\t<div class=\"elementor-element elementor-element-31ac976 elementor-widget elementor-widget-text-editor\" data-id=\"31ac976\" data-element_type=\"widget\" data-e-type=\"widget\" data-widget_type=\"text-editor.default\">\n\t\t\t\t<div class=\"elementor-widget-container\">\n\t\t\t\t\t\t\t\t\t<p>Fabbrica di Stritzing<\/p>\t\t\t\t\t\t\t\t<\/div>\n\t\t\t\t<\/div>\n\t\t\t\t<div class=\"elementor-element elementor-element-8e10a34 elementor-widget elementor-widget-heading\" data-id=\"8e10a34\" data-element_type=\"widget\" data-e-type=\"widget\" data-widget_type=\"heading.default\">\n\t\t\t\t<div class=\"elementor-widget-container\">\n\t\t\t\t\t<h3 class=\"elementor-heading-title elementor-size-default\">Tecnica di riscaldamento a legna made in Austria<\/h3>\t\t\t\t<\/div>\n\t\t\t\t<\/div>\n\t\t\t\t<div class=\"elementor-element elementor-element-bf4f675 elementor-widget elementor-widget-text-editor\" data-id=\"bf4f675\" data-element_type=\"widget\" data-e-type=\"widget\" data-widget_type=\"text-editor.default\">\n\t\t\t\t<div class=\"elementor-widget-container\">\n\t\t\t\t\t\t\t\t\t<p>Per offrire la massima qualit\u00e0, non ci affidiamo ad altri. Produciamo i nostri prodotti con il nostro know-how e la massima precisione nei nostri stabilimenti in Austria e Germania. Mettiamo cuore e anima in ogni dettaglio.<\/p><p>L&#8217;impianto di produzione Fr\u00f6ling di Stritzing \u00e8 uno dei pi\u00f9 moderni centri di lavorazione della lamiera in Austria.<\/p>\t\t\t\t\t\t\t\t<\/div>\n\t\t\t\t<\/div>\n\t\t\t\t<\/div>\n\t\t\t\t\t<\/div>\n\t\t\t\t<\/div>\n\t\t<div class=\"elementor-element elementor-element-b3fa8ab e-flex e-con-boxed e-con e-parent\" data-id=\"b3fa8ab\" data-element_type=\"container\" data-e-type=\"container\" data-settings=\"{&quot;background_background&quot;:&quot;gradient&quot;}\">\n\t\t\t\t\t<div class=\"e-con-inner\">\n\t\t<div class=\"elementor-element elementor-element-6491926 e-con-full e-flex e-con e-child\" data-id=\"6491926\" data-element_type=\"container\" data-e-type=\"container\">\n\t\t\t\t<div class=\"elementor-element elementor-element-8f0654b elementor-widget elementor-widget-text-editor\" data-id=\"8f0654b\" data-element_type=\"widget\" data-e-type=\"widget\" data-widget_type=\"text-editor.default\">\n\t\t\t\t<div class=\"elementor-widget-container\">\n\t\t\t\t\t\t\t\t\t<p>Sedi Aziendali<\/p>\t\t\t\t\t\t\t\t<\/div>\n\t\t\t\t<\/div>\n\t\t\t\t<div class=\"elementor-element elementor-element-9a8868e elementor-widget elementor-widget-heading\" data-id=\"9a8868e\" data-element_type=\"widget\" data-e-type=\"widget\" data-widget_type=\"heading.default\">\n\t\t\t\t<div class=\"elementor-widget-container\">\n\t\t\t\t\t<h3 class=\"elementor-heading-title elementor-size-default\">Punto focale Internazionale<\/h3>\t\t\t\t<\/div>\n\t\t\t\t<\/div>\n\t\t\t\t<div class=\"elementor-element elementor-element-a4602b6 elementor-widget elementor-widget-text-editor\" data-id=\"a4602b6\" data-element_type=\"widget\" data-e-type=\"widget\" data-widget_type=\"text-editor.default\">\n\t\t\t\t<div class=\"elementor-widget-container\">\n\t\t\t\t\t\t\t\t\t<p>Da azienda familiare austriaca, Fr\u00f6ling \u00e8 cresciuta fino a diventare un punto focale internazionale.<\/p><p>I nostri sistemi di riscaldamento a legna sono utilizzati con successo in molti paesi del mondo. Installatori, progettisti, architetti, consulenti energetici e spazzacamini di tutto il mondo partecipano a corsi di formazione per esperti presso le nostre sedi di Accademie e si convincono dei prodotti e dei servizi del marchio di qualit\u00e0 Fr\u00f6ling.<\/p>\t\t\t\t\t\t\t\t<\/div>\n\t\t\t\t<\/div>\n\t\t\t\t<\/div>\n\t\t<div class=\"elementor-element elementor-element-9a7e648 e-flex e-con-boxed e-con e-child\" data-id=\"9a7e648\" data-element_type=\"container\" data-e-type=\"container\" data-settings=\"{&quot;background_background&quot;:&quot;classic&quot;}\">\n\t\t\t\t\t<div class=\"e-con-inner\">\n\t\t<div class=\"elementor-element elementor-element-4db60f5 e-con-full hover-img e-flex e-con e-child\" data-id=\"4db60f5\" data-element_type=\"container\" data-e-type=\"container\" data-settings=\"{&quot;background_background&quot;:&quot;classic&quot;}\">\n\t\t\t\t<div class=\"elementor-element elementor-element-2dbe73f hover-img elementor-widget elementor-widget-image\" data-id=\"2dbe73f\" data-element_type=\"widget\" data-e-type=\"widget\" data-widget_type=\"image.default\">\n\t\t\t\t<div class=\"elementor-widget-container\">\n\t\t\t\t\t\t\t\t\t\t\t\t\t\t\t<img decoding=\"async\" width=\"768\" height=\"512\" src=\"https:\/\/www.froeling.com\/it-it\/wp-content\/uploads\/sites\/5\/2022\/11\/MG_0553-768x512.jpg\" class=\"attachment-medium_large size-medium_large wp-image-2974\" alt=\"\" srcset=\"https:\/\/www.froeling.com\/it-it\/wp-content\/uploads\/sites\/5\/2022\/11\/MG_0553-768x512.jpg 768w, https:\/\/www.froeling.com\/it-it\/wp-content\/uploads\/sites\/5\/2022\/11\/MG_0553-300x200.jpg 300w, https:\/\/www.froeling.com\/it-it\/wp-content\/uploads\/sites\/5\/2022\/11\/MG_0553-1024x683.jpg 1024w, https:\/\/www.froeling.com\/it-it\/wp-content\/uploads\/sites\/5\/2022\/11\/MG_0553-1536x1024.jpg 1536w, https:\/\/www.froeling.com\/it-it\/wp-content\/uploads\/sites\/5\/2022\/11\/MG_0553-2048x1365.jpg 2048w, https:\/\/www.froeling.com\/it-it\/wp-content\/uploads\/sites\/5\/2022\/11\/MG_0553-1920x1280.jpg 1920w\" sizes=\"(max-width: 768px) 100vw, 768px\" \/>\t\t\t\t\t\t\t\t\t\t\t\t\t\t\t<\/div>\n\t\t\t\t<\/div>\n\t\t\t\t<div class=\"elementor-element elementor-element-4bf0da4 elementor-widget elementor-widget-text-editor\" data-id=\"4bf0da4\" data-element_type=\"widget\" data-e-type=\"widget\" data-widget_type=\"text-editor.default\">\n\t\t\t\t<div class=\"elementor-widget-container\">\n\t\t\t\t\t\t\t\t\t<p>l centro di competenza e istruzione a Bolzano, Italia<\/p>\t\t\t\t\t\t\t\t<\/div>\n\t\t\t\t<\/div>\n\t\t\t\t<\/div>\n\t\t<div class=\"elementor-element elementor-element-63fd650 e-con-full hover-img e-flex e-con e-child\" data-id=\"63fd650\" data-element_type=\"container\" data-e-type=\"container\" data-settings=\"{&quot;background_background&quot;:&quot;classic&quot;}\">\n\t\t\t\t<div class=\"elementor-element elementor-element-b78be0f elementor-widget elementor-widget-image\" data-id=\"b78be0f\" data-element_type=\"widget\" data-e-type=\"widget\" data-widget_type=\"image.default\">\n\t\t\t\t<div class=\"elementor-widget-container\">\n\t\t\t\t\t\t\t\t\t\t\t\t\t\t\t<img loading=\"lazy\" decoding=\"async\" width=\"768\" height=\"432\" src=\"https:\/\/www.froeling.com\/it-it\/wp-content\/uploads\/sites\/5\/2026\/01\/20251014_084417-768x432.jpg\" class=\"attachment-medium_large size-medium_large wp-image-7324\" alt=\"\" srcset=\"https:\/\/www.froeling.com\/it-it\/wp-content\/uploads\/sites\/5\/2026\/01\/20251014_084417-768x432.jpg 768w, https:\/\/www.froeling.com\/it-it\/wp-content\/uploads\/sites\/5\/2026\/01\/20251014_084417-300x169.jpg 300w, https:\/\/www.froeling.com\/it-it\/wp-content\/uploads\/sites\/5\/2026\/01\/20251014_084417-1024x577.jpg 1024w, https:\/\/www.froeling.com\/it-it\/wp-content\/uploads\/sites\/5\/2026\/01\/20251014_084417-1536x865.jpg 1536w, https:\/\/www.froeling.com\/it-it\/wp-content\/uploads\/sites\/5\/2026\/01\/20251014_084417-2048x1153.jpg 2048w, https:\/\/www.froeling.com\/it-it\/wp-content\/uploads\/sites\/5\/2026\/01\/20251014_084417-1920x1081.jpg 1920w\" sizes=\"(max-width: 768px) 100vw, 768px\" \/>\t\t\t\t\t\t\t\t\t\t\t\t\t\t\t<\/div>\n\t\t\t\t<\/div>\n\t\t\t\t<div class=\"elementor-element elementor-element-543b968 elementor-widget elementor-widget-text-editor\" data-id=\"543b968\" data-element_type=\"widget\" data-e-type=\"widget\" data-widget_type=\"text-editor.default\">\n\t\t\t\t<div class=\"elementor-widget-container\">\n\t\t\t\t\t\t\t\t\t<p>Il centro di competenza e istruzione a Strasburgo, Francia<\/p>\t\t\t\t\t\t\t\t<\/div>\n\t\t\t\t<\/div>\n\t\t\t\t<\/div>\n\t\t<div class=\"elementor-element elementor-element-8025add e-con-full hover-img e-flex e-con e-child\" data-id=\"8025add\" data-element_type=\"container\" data-e-type=\"container\" data-settings=\"{&quot;background_background&quot;:&quot;classic&quot;}\">\n\t\t\t\t<div class=\"elementor-element elementor-element-8fea5a6 elementor-widget elementor-widget-image\" data-id=\"8fea5a6\" data-element_type=\"widget\" data-e-type=\"widget\" data-widget_type=\"image.default\">\n\t\t\t\t<div class=\"elementor-widget-container\">\n\t\t\t\t\t\t\t\t\t\t\t\t\t\t\t<img loading=\"lazy\" decoding=\"async\" width=\"200\" height=\"153\" src=\"https:\/\/www.froeling.com\/it-it\/wp-content\/uploads\/sites\/5\/2022\/11\/csm_muenchen_1b19e66994.jpg\" class=\"attachment-medium_large size-medium_large wp-image-2972\" alt=\"\" \/>\t\t\t\t\t\t\t\t\t\t\t\t\t\t\t<\/div>\n\t\t\t\t<\/div>\n\t\t\t\t<div class=\"elementor-element elementor-element-6239d6d elementor-widget elementor-widget-text-editor\" data-id=\"6239d6d\" data-element_type=\"widget\" data-e-type=\"widget\" data-widget_type=\"text-editor.default\">\n\t\t\t\t<div class=\"elementor-widget-container\">\n\t\t\t\t\t\t\t\t\t<p>Il centro di competenza e istruzione a Aschheim vicino a Monaco di Baviera<\/p>\t\t\t\t\t\t\t\t<\/div>\n\t\t\t\t<\/div>\n\t\t\t\t<\/div>\n\t\t<div class=\"elementor-element elementor-element-3ab5907 e-con-full hover-img e-flex e-con e-child\" data-id=\"3ab5907\" data-element_type=\"container\" data-e-type=\"container\" data-settings=\"{&quot;background_background&quot;:&quot;classic&quot;}\">\n\t\t\t\t<div class=\"elementor-element elementor-element-6f6a306 elementor-widget elementor-widget-image\" data-id=\"6f6a306\" data-element_type=\"widget\" data-e-type=\"widget\" data-widget_type=\"image.default\">\n\t\t\t\t<div class=\"elementor-widget-container\">\n\t\t\t\t\t\t\t\t\t\t\t\t\t\t\t<img loading=\"lazy\" decoding=\"async\" width=\"768\" height=\"426\" src=\"https:\/\/www.froeling.com\/it-it\/wp-content\/uploads\/sites\/5\/2022\/11\/Eingang_Grieskirchen_RZ_ohne_Asphalt-768x426.jpg\" class=\"attachment-medium_large size-medium_large wp-image-2963\" alt=\"\" srcset=\"https:\/\/www.froeling.com\/it-it\/wp-content\/uploads\/sites\/5\/2022\/11\/Eingang_Grieskirchen_RZ_ohne_Asphalt-768x426.jpg 768w, https:\/\/www.froeling.com\/it-it\/wp-content\/uploads\/sites\/5\/2022\/11\/Eingang_Grieskirchen_RZ_ohne_Asphalt-300x166.jpg 300w, https:\/\/www.froeling.com\/it-it\/wp-content\/uploads\/sites\/5\/2022\/11\/Eingang_Grieskirchen_RZ_ohne_Asphalt-1024x568.jpg 1024w, https:\/\/www.froeling.com\/it-it\/wp-content\/uploads\/sites\/5\/2022\/11\/Eingang_Grieskirchen_RZ_ohne_Asphalt-1536x852.jpg 1536w, https:\/\/www.froeling.com\/it-it\/wp-content\/uploads\/sites\/5\/2022\/11\/Eingang_Grieskirchen_RZ_ohne_Asphalt-2048x1137.jpg 2048w, https:\/\/www.froeling.com\/it-it\/wp-content\/uploads\/sites\/5\/2022\/11\/Eingang_Grieskirchen_RZ_ohne_Asphalt-1920x1066.jpg 1920w\" sizes=\"(max-width: 768px) 100vw, 768px\" \/>\t\t\t\t\t\t\t\t\t\t\t\t\t\t\t<\/div>\n\t\t\t\t<\/div>\n\t\t\t\t<div class=\"elementor-element elementor-element-817e7da elementor-widget elementor-widget-heading\" data-id=\"817e7da\" data-element_type=\"widget\" data-e-type=\"widget\" data-widget_type=\"heading.default\">\n\t\t\t\t<div class=\"elementor-widget-container\">\n\t\t\t\t\t<h3 class=\"elementor-heading-title elementor-size-default\">Sede Principale<\/h3>\t\t\t\t<\/div>\n\t\t\t\t<\/div>\n\t\t\t\t<div class=\"elementor-element elementor-element-d632927 elementor-widget elementor-widget-text-editor\" data-id=\"d632927\" data-element_type=\"widget\" data-e-type=\"widget\" data-widget_type=\"text-editor.default\">\n\t\t\t\t<div class=\"elementor-widget-container\">\n\t\t\t\t\t\t\t\t\t<p>La sede principale a Grieskirchen, Austria.<\/p>\t\t\t\t\t\t\t\t<\/div>\n\t\t\t\t<\/div>\n\t\t\t\t<\/div>\n\t\t\t\t\t<\/div>\n\t\t\t\t<\/div>\n\t\t\t\t\t<\/div>\n\t\t\t\t<\/div>\n\t\t<div class=\"elementor-element elementor-element-7e82a65 e-flex e-con-boxed e-con e-parent\" data-id=\"7e82a65\" data-element_type=\"container\" data-e-type=\"container\">\n\t\t\t\t\t<div class=\"e-con-inner\">\n\t\t<div class=\"elementor-element elementor-element-c392e5e e-con-full e-flex e-con e-child\" data-id=\"c392e5e\" data-element_type=\"container\" data-e-type=\"container\">\n\t\t\t\t<div class=\"elementor-element elementor-element-f065519 elementor-widget-laptop__width-initial elementor-widget elementor-widget-image\" data-id=\"f065519\" data-element_type=\"widget\" data-e-type=\"widget\" data-widget_type=\"image.default\">\n\t\t\t\t<div class=\"elementor-widget-container\">\n\t\t\t\t\t\t\t\t\t\t\t\t\t\t\t<img decoding=\"async\" src=\"https:\/\/www.froeling.com\/it-it\/wp-content\/uploads\/sites\/5\/2022\/12\/Froeling-Karte_Laender_NEU_RGB-1.jpg\" title=\"Fr\u00f6ling-Karte_L\u00e4nder_NEU_RGB\" alt=\"Fr\u00f6ling-Karte_L\u00e4nder_NEU_RGB\" loading=\"lazy\" \/>\t\t\t\t\t\t\t\t\t\t\t\t\t\t\t<\/div>\n\t\t\t\t<\/div>\n\t\t\t\t<\/div>\n\t\t<div class=\"elementor-element elementor-element-4e3b3a4 e-con-full e-flex e-con e-child\" data-id=\"4e3b3a4\" data-element_type=\"container\" data-e-type=\"container\">\n\t\t\t\t<div class=\"elementor-element elementor-element-c927d41 elementor-widget elementor-widget-text-editor\" data-id=\"c927d41\" data-element_type=\"widget\" data-e-type=\"widget\" data-widget_type=\"text-editor.default\">\n\t\t\t\t<div class=\"elementor-widget-container\">\n\t\t\t\t\t\t\t\t\t<p>Cose da sapere<\/p>\t\t\t\t\t\t\t\t<\/div>\n\t\t\t\t<\/div>\n\t\t\t\t<div class=\"elementor-element elementor-element-67892dc elementor-widget elementor-widget-heading\" data-id=\"67892dc\" data-element_type=\"widget\" data-e-type=\"widget\" data-widget_type=\"heading.default\">\n\t\t\t\t<div class=\"elementor-widget-container\">\n\t\t\t\t\t<h2 class=\"elementor-heading-title elementor-size-default\">Cifre, dati, fatti:<\/h2>\t\t\t\t<\/div>\n\t\t\t\t<\/div>\n\t\t\t\t<div class=\"elementor-element elementor-element-b9e4862 elementor-icon-list--layout-traditional elementor-list-item-link-full_width elementor-widget elementor-widget-icon-list\" data-id=\"b9e4862\" data-element_type=\"widget\" data-e-type=\"widget\" data-widget_type=\"icon-list.default\">\n\t\t\t\t<div class=\"elementor-widget-container\">\n\t\t\t\t\t\t\t<ul class=\"elementor-icon-list-items\">\n\t\t\t\t\t\t\t<li class=\"elementor-icon-list-item\">\n\t\t\t\t\t\t\t\t\t\t\t<span class=\"elementor-icon-list-icon\">\n\t\t\t\t\t\t\t<i aria-hidden=\"true\" class=\"fas fa-check\"><\/i>\t\t\t\t\t\t<\/span>\n\t\t\t\t\t\t\t\t\t\t<span class=\"elementor-icon-list-text\">Dipendenti: ca. 1.000<\/span>\n\t\t\t\t\t\t\t\t\t<\/li>\n\t\t\t\t\t\t\t\t<li class=\"elementor-icon-list-item\">\n\t\t\t\t\t\t\t\t\t\t\t<span class=\"elementor-icon-list-icon\">\n\t\t\t\t\t\t\t<i aria-hidden=\"true\" class=\"fas fa-check\"><\/i>\t\t\t\t\t\t<\/span>\n\t\t\t\t\t\t\t\t\t\t<span class=\"elementor-icon-list-text\">Quota esportazioni: &gt; 80 percento<\/span>\n\t\t\t\t\t\t\t\t\t<\/li>\n\t\t\t\t\t\t\t\t<li class=\"elementor-icon-list-item\">\n\t\t\t\t\t\t\t\t\t\t\t<span class=\"elementor-icon-list-icon\">\n\t\t\t\t\t\t\t<i aria-hidden=\"true\" class=\"fas fa-check\"><\/i>\t\t\t\t\t\t<\/span>\n\t\t\t\t\t\t\t\t\t\t<span class=\"elementor-icon-list-text\">Mercati: mercato principale Europa (Germania, Austria, Italia, Svizzera, Francia, Gran Bretagna, Irlanda, Slovenia, Slovacchia, Polonia, Belgio, Paesi Bassi, Lussemburgo, Spagna, Norvegia, Danimarca, Svezia, Repubblica Ceca, Ungheria, Russia, Romania, Croazia, Serbia, Bosnia-Erzegovina), USA, altri partner di distribuzione in tutto il mondo.<\/span>\n\t\t\t\t\t\t\t\t\t<\/li>\n\t\t\t\t\t\t<\/ul>\n\t\t\t\t\t\t<\/div>\n\t\t\t\t<\/div>\n\t\t\t\t<\/div>\n\t\t\t\t\t<\/div>\n\t\t\t\t<\/div>\n\t\t\t\t<\/div>\n\t\t","protected":false},"excerpt":{"rendered":"<p>Immagine Pioniere dell\u00b4 industria delle caldaie a biomassa Da 60 anni: Il grande Nome per il riscaldamento a Legna Froling \u00e8 un pioniere dei moderni sistemi di riscaldamento a legna. Dall\u2019invenzione pionieristica della moderna caldaia a legna con combustione ad alta temperatura all&#8217;impianto di riscaldamento a cippato con tecnologia lambda passando per lo sviluppo di [&hellip;]<\/p>\n","protected":false},"author":6,"featured_media":0,"parent":82,"menu_order":0,"comment_status":"closed","ping_status":"closed","template":"","meta":{"_acf_changed":false,"footnotes":""},"class_list":["post-2961","page","type-page","status-publish","hentry"],"acf":[],"_links":{"self":[{"href":"https:\/\/www.froeling.com\/it-it\/wp-json\/wp\/v2\/pages\/2961","targetHints":{"allow":["GET"]}}],"collection":[{"href":"https:\/\/www.froeling.com\/it-it\/wp-json\/wp\/v2\/pages"}],"about":[{"href":"https:\/\/www.froeling.com\/it-it\/wp-json\/wp\/v2\/types\/page"}],"author":[{"embeddable":true,"href":"https:\/\/www.froeling.com\/it-it\/wp-json\/wp\/v2\/users\/6"}],"replies":[{"embeddable":true,"href":"https:\/\/www.froeling.com\/it-it\/wp-json\/wp\/v2\/comments?post=2961"}],"version-history":[{"count":7,"href":"https:\/\/www.froeling.com\/it-it\/wp-json\/wp\/v2\/pages\/2961\/revisions"}],"predecessor-version":[{"id":7327,"href":"https:\/\/www.froeling.com\/it-it\/wp-json\/wp\/v2\/pages\/2961\/revisions\/7327"}],"up":[{"embeddable":true,"href":"https:\/\/www.froeling.com\/it-it\/wp-json\/wp\/v2\/pages\/82"}],"wp:attachment":[{"href":"https:\/\/www.froeling.com\/it-it\/wp-json\/wp\/v2\/media?parent=2961"}],"curies":[{"name":"wp","href":"https:\/\/api.w.org\/{rel}","templated":true}]}}