{"id":3064,"date":"2022-12-06T13:21:14","date_gmt":"2022-12-06T12:21:14","guid":{"rendered":"https:\/\/www.froeling.com\/de-at\/?page_id=3064"},"modified":"2025-05-06T16:00:44","modified_gmt":"2025-05-06T14:00:44","slug":"richiedere-informazioni-consigli","status":"publish","type":"page","link":"https:\/\/www.froeling.com\/it-it\/contatti\/richiedere-informazioni-consigli\/","title":{"rendered":"Richiedere informazioni \/ consigli"},"content":{"rendered":"\t\t<div data-elementor-type=\"wp-page\" data-elementor-id=\"3064\" class=\"elementor elementor-3064\" data-elementor-post-type=\"page\">\n\t\t\t\t<div class=\"elementor-element elementor-element-140ce7c e-con-full e-flex e-con e-parent\" data-id=\"140ce7c\" data-element_type=\"container\" data-e-type=\"container\" data-settings=\"{&quot;background_background&quot;:&quot;gradient&quot;}\">\n\t\t<div class=\"elementor-element elementor-element-66fea74 e-con-full e-flex e-con e-child\" data-id=\"66fea74\" data-element_type=\"container\" data-e-type=\"container\">\n\t\t<div class=\"elementor-element elementor-element-6f2e5e3 hero-offset-container e-flex e-con-boxed e-con e-child\" data-id=\"6f2e5e3\" data-element_type=\"container\" data-e-type=\"container\" data-settings=\"{&quot;background_background&quot;:&quot;classic&quot;}\">\n\t\t\t\t\t<div class=\"e-con-inner\">\n\t\t\t\t<div class=\"elementor-element elementor-element-6e75d2c elementor-widget elementor-widget-heading\" data-id=\"6e75d2c\" data-element_type=\"widget\" data-e-type=\"widget\" data-widget_type=\"heading.default\">\n\t\t\t\t<div class=\"elementor-widget-container\">\n\t\t\t\t\t<h2 class=\"elementor-heading-title elementor-size-default\">Modulo di contatto<\/h2>\t\t\t\t<\/div>\n\t\t\t\t<\/div>\n\t\t\t\t<div class=\"elementor-element elementor-element-15e66e2 elementor-widget elementor-widget-text-editor\" data-id=\"15e66e2\" data-element_type=\"widget\" data-e-type=\"widget\" data-widget_type=\"text-editor.default\">\n\t\t\t\t<div class=\"elementor-widget-container\">\n\t\t\t\t\t\t\t\t\t<h4>Richiedere informazioni \/ consigli<\/h4>\t\t\t\t\t\t\t\t<\/div>\n\t\t\t\t<\/div>\n\t\t\t\t\t<\/div>\n\t\t\t\t<\/div>\n\t\t\t\t<\/div>\n\t\t<div class=\"elementor-element elementor-element-c85b4b6 e-con-full e-flex e-con e-child\" data-id=\"c85b4b6\" data-element_type=\"container\" data-e-type=\"container\" data-settings=\"{&quot;background_background&quot;:&quot;classic&quot;}\">\n\t\t\t\t<\/div>\n\t\t\t\t<\/div>\n\t\t<div class=\"elementor-element elementor-element-1a9f805 e-flex e-con-boxed e-con e-parent\" data-id=\"1a9f805\" data-element_type=\"container\" data-e-type=\"container\">\n\t\t\t\t\t<div class=\"e-con-inner\">\n\t\t\t\t<div class=\"elementor-element elementor-element-fb3d562 elementor-widget-laptop__width-initial elementor-widget elementor-widget-heading\" data-id=\"fb3d562\" data-element_type=\"widget\" data-e-type=\"widget\" data-widget_type=\"heading.default\">\n\t\t\t\t<div class=\"elementor-widget-container\">\n\t\t\t\t\t<div class=\"elementor-heading-title elementor-size-small\">Richiedere informazioni \/ consigli<\/div>\t\t\t\t<\/div>\n\t\t\t\t<\/div>\n\t\t\t\t<div class=\"elementor-element elementor-element-43a8c0c elementor-button-align-end elementor-widget elementor-widget-form\" data-id=\"43a8c0c\" data-element_type=\"widget\" data-e-type=\"widget\" data-settings=\"{&quot;step_next_label&quot;:&quot;ulteriore&quot;,&quot;step_previous_label&quot;:&quot;ritorno&quot;,&quot;button_width&quot;:&quot;100&quot;,&quot;step_type&quot;:&quot;number_text&quot;,&quot;step_icon_shape&quot;:&quot;circle&quot;}\" data-widget_type=\"form.default\">\n\t\t\t\t<div class=\"elementor-widget-container\">\n\t\t\t\t\t\t\t<form class=\"elementor-form\" method=\"post\" name=\"Information\/Beratung anfordern\" aria-label=\"Information\/Beratung anfordern\">\n\t\t\t<input type=\"hidden\" name=\"post_id\" value=\"3064\"\/>\n\t\t\t<input type=\"hidden\" name=\"form_id\" value=\"43a8c0c\"\/>\n\t\t\t<input type=\"hidden\" name=\"referer_title\" value=\"\" \/>\n\n\t\t\t\n\t\t\t<div class=\"elementor-form-fields-wrapper elementor-labels-above\">\n\t\t\t\t\t\t\t\t<div class=\"elementor-field-type-step elementor-field-group elementor-column elementor-field-group-field_8bd9d26 elementor-col-100\">\n\t\t\t\t\t\t\t<div class=\"e-field-step elementor-hidden\" data-label=\"\" data-previousButton=\"\" data-nextButton=\"\" data-iconUrl=\"\" data-iconLibrary=\"fas fa-star\" data-icon=\"\" ><\/div>\n\n\t\t\t\t\t\t<\/div>\n\t\t\t\t\t\t\t\t<div class=\"elementor-field-type-checkbox elementor-field-group elementor-column elementor-field-group-interesse elementor-col-50\">\n\t\t\t\t\t\t\t\t\t\t\t\t<label for=\"form-field-interesse\" class=\"elementor-field-label\">\n\t\t\t\t\t\t\t\tSono interressato a\u2026.\t\t\t\t\t\t\t<\/label>\n\t\t\t\t\t\t<div class=\"elementor-field-subgroup  elementor-subgroup-inline\"><span class=\"elementor-field-option\"><input type=\"checkbox\" value=\"Legna da ardere\" id=\"form-field-interesse-0\" name=\"form_fields[interesse][]\"> <label for=\"form-field-interesse-0\">Legna da ardere<\/label><\/span><span class=\"elementor-field-option\"><input type=\"checkbox\" value=\"Pellet\" id=\"form-field-interesse-1\" name=\"form_fields[interesse][]\"> <label for=\"form-field-interesse-1\">Pellet<\/label><\/span><span class=\"elementor-field-option\"><input type=\"checkbox\" value=\"Cippato\" id=\"form-field-interesse-2\" name=\"form_fields[interesse][]\"> <label for=\"form-field-interesse-2\">Cippato<\/label><\/span><span class=\"elementor-field-option\"><input type=\"checkbox\" value=\"Caldaia combinata\" id=\"form-field-interesse-3\" name=\"form_fields[interesse][]\"> <label for=\"form-field-interesse-3\">Caldaia combinata<\/label><\/span><span class=\"elementor-field-option\"><input type=\"checkbox\" value=\"Sistemi d&#039;accumulo\" id=\"form-field-interesse-4\" name=\"form_fields[interesse][]\"> <label for=\"form-field-interesse-4\">Sistemi d'accumulo<\/label><\/span><span class=\"elementor-field-option\"><input type=\"checkbox\" value=\"Alimentazione sistematica\" id=\"form-field-interesse-5\" name=\"form_fields[interesse][]\"> <label for=\"form-field-interesse-5\">Alimentazione sistematica<\/label><\/span><\/div>\t\t\t\t<\/div>\n\t\t\t\t\t\t\t\t<div class=\"elementor-field-type-checkbox elementor-field-group elementor-column elementor-field-group-info_art elementor-col-50\">\n\t\t\t\t\t\t\t\t\t\t\t\t<label for=\"form-field-info_art\" class=\"elementor-field-label\">\n\t\t\t\t\t\t\t\tChiedo di\u2026\t\t\t\t\t\t\t<\/label>\n\t\t\t\t\t\t<div class=\"elementor-field-subgroup  elementor-subgroup-inline\"><span class=\"elementor-field-option\"><input type=\"checkbox\" value=\"Prospetti\" id=\"form-field-info_art-0\" name=\"form_fields[info_art][]\"> <label for=\"form-field-info_art-0\">Prospetti<\/label><\/span><span class=\"elementor-field-option\"><input type=\"checkbox\" value=\"Contatto telefonico\" id=\"form-field-info_art-1\" name=\"form_fields[info_art][]\"> <label for=\"form-field-info_art-1\">Contatto telefonico<\/label><\/span><span class=\"elementor-field-option\"><input type=\"checkbox\" value=\"consulenza personale\" id=\"form-field-info_art-2\" name=\"form_fields[info_art][]\"> <label for=\"form-field-info_art-2\">consulenza personale<\/label><\/span><\/div>\t\t\t\t<\/div>\n\t\t\t\t\t\t\t\t<div class=\"elementor-field-type-select elementor-field-group elementor-column elementor-field-group-bauvorhaben elementor-col-50 elementor-field-required elementor-mark-required\">\n\t\t\t\t\t\t\t\t\t\t\t\t<label for=\"form-field-bauvorhaben\" class=\"elementor-field-label\">\n\t\t\t\t\t\t\t\tProgetto di costruzione concreto\t\t\t\t\t\t\t<\/label>\n\t\t\t\t\t\t\t\t<div class=\"elementor-field elementor-select-wrapper remove-before \">\n\t\t\t<div class=\"select-caret-down-wrapper\">\n\t\t\t\t<i aria-hidden=\"true\" class=\"eicon-caret-down\"><\/i>\t\t\t<\/div>\n\t\t\t<select name=\"form_fields[bauvorhaben]\" id=\"form-field-bauvorhaben\" class=\"elementor-field-textual elementor-size-sm\" required=\"required\">\n\t\t\t\t\t\t\t\t\t<option value=\"Si, 2023\">Si, 2023<\/option>\n\t\t\t\t\t\t\t\t\t<option value=\"Si, 2024\">Si, 2024<\/option>\n\t\t\t\t\t\t\t\t\t<option value=\"Si, 2025\">Si, 2025<\/option>\n\t\t\t\t\t\t\t\t\t<option value=\"Si, 2026\">Si, 2026<\/option>\n\t\t\t\t\t\t\t\t\t<option value=\"No\">No<\/option>\n\t\t\t\t\t\t\t<\/select>\n\t\t<\/div>\n\t\t\t\t\t\t<\/div>\n\t\t\t\t\t\t\t\t<div class=\"elementor-field-type-text elementor-field-group elementor-column elementor-field-group-uhrzeit_telefonat elementor-col-50\">\n\t\t\t\t\t\t\t\t\t\t\t\t<label for=\"form-field-uhrzeit_telefonat\" class=\"elementor-field-label\">\n\t\t\t\t\t\t\t\torario desiderato per la chiamata\t\t\t\t\t\t\t<\/label>\n\t\t\t\t\t\t\t\t\t\t\t\t\t\t<input size=\"1\" type=\"text\" name=\"form_fields[uhrzeit_telefonat]\" id=\"form-field-uhrzeit_telefonat\" class=\"elementor-field elementor-size-sm  elementor-field-textual\" placeholder=\"p.e. 09:00  - 10:00\">\n\t\t\t\t\t\t\t\t\t\t\t<\/div>\n\t\t\t\t\t\t\t\t<div class=\"elementor-field-type-textarea elementor-field-group elementor-column elementor-field-group-bemerkung elementor-col-100\">\n\t\t\t\t\t\t\t\t\t\t\t\t<label for=\"form-field-bemerkung\" class=\"elementor-field-label\">\n\t\t\t\t\t\t\t\tAnnotazioni\t\t\t\t\t\t\t<\/label>\n\t\t\t\t\t\t<textarea class=\"elementor-field-textual elementor-field  elementor-size-sm\" name=\"form_fields[bemerkung]\" id=\"form-field-bemerkung\" rows=\"4\"><\/textarea>\t\t\t\t<\/div>\n\t\t\t\t\t\t\t\t<div class=\"elementor-field-type-html elementor-field-group elementor-column elementor-field-group-field_302dc25 elementor-col-100\">\n\t\t\t\t\t<strong style=\"display: block; margin-bottom: -15px;\">Sistema di riscaldamento attuale<\/strong>\t\t\t\t<\/div>\n\t\t\t\t\t\t\t\t<div class=\"elementor-field-type-checkbox elementor-field-group elementor-column elementor-field-group-brennstoff elementor-col-50\">\n\t\t\t\t\t\t\t\t\t\t\t\t<label for=\"form-field-brennstoff\" class=\"elementor-field-label\">\n\t\t\t\t\t\t\t\tCombustibile\t\t\t\t\t\t\t<\/label>\n\t\t\t\t\t\t<div class=\"elementor-field-subgroup  elementor-subgroup-inline\"><span class=\"elementor-field-option\"><input type=\"checkbox\" value=\"Olio combustibile\" id=\"form-field-brennstoff-0\" name=\"form_fields[brennstoff][]\"> <label for=\"form-field-brennstoff-0\">Olio combustibile<\/label><\/span><span class=\"elementor-field-option\"><input type=\"checkbox\" value=\"Gas di riscaldamento\" id=\"form-field-brennstoff-1\" name=\"form_fields[brennstoff][]\"> <label for=\"form-field-brennstoff-1\">Gas di riscaldamento<\/label><\/span><span class=\"elementor-field-option\"><input type=\"checkbox\" value=\"Legna da ardere\" id=\"form-field-brennstoff-2\" name=\"form_fields[brennstoff][]\"> <label for=\"form-field-brennstoff-2\">Legna da ardere<\/label><\/span><span class=\"elementor-field-option\"><input type=\"checkbox\" value=\"Pellet\" id=\"form-field-brennstoff-3\" name=\"form_fields[brennstoff][]\"> <label for=\"form-field-brennstoff-3\">Pellet<\/label><\/span><span class=\"elementor-field-option\"><input type=\"checkbox\" value=\"Cippato\" id=\"form-field-brennstoff-4\" name=\"form_fields[brennstoff][]\"> <label for=\"form-field-brennstoff-4\">Cippato<\/label><\/span><\/div>\t\t\t\t<\/div>\n\t\t\t\t\t\t\t\t<div class=\"elementor-field-type-text elementor-field-group elementor-column elementor-field-group-brennstoffverbrauch elementor-col-50\">\n\t\t\t\t\t\t\t\t\t\t\t\t<label for=\"form-field-brennstoffverbrauch\" class=\"elementor-field-label\">\n\t\t\t\t\t\t\t\tConsumo combustibile\t\t\t\t\t\t\t<\/label>\n\t\t\t\t\t\t\t\t\t\t\t\t\t\t<input size=\"1\" type=\"text\" name=\"form_fields[brennstoffverbrauch]\" id=\"form-field-brennstoffverbrauch\" class=\"elementor-field elementor-size-sm  elementor-field-textual\">\n\t\t\t\t\t\t\t\t\t\t\t<\/div>\n\t\t\t\t\t\t\t\t<div class=\"elementor-field-type-step elementor-field-group elementor-column elementor-field-group-field_933367c elementor-col-100\">\n\t\t\t\t\t\t\t<div class=\"e-field-step elementor-hidden\" data-label=\"Contatti\" data-previousButton=\"\" data-nextButton=\"\" data-iconUrl=\"\" data-iconLibrary=\"fas fa-star\" data-icon=\"\" ><\/div>\n\n\t\t\t\t\t\t<\/div>\n\t\t\t\t\t\t\t\t<div class=\"elementor-field-type-select elementor-field-group elementor-column elementor-field-group-anrede elementor-col-20 elementor-field-required elementor-mark-required\">\n\t\t\t\t\t\t\t\t\t\t\t\t<label for=\"form-field-anrede\" class=\"elementor-field-label\">\n\t\t\t\t\t\t\t\tTitolo\t\t\t\t\t\t\t<\/label>\n\t\t\t\t\t\t\t\t<div class=\"elementor-field elementor-select-wrapper remove-before \">\n\t\t\t<div class=\"select-caret-down-wrapper\">\n\t\t\t\t<i aria-hidden=\"true\" class=\"eicon-caret-down\"><\/i>\t\t\t<\/div>\n\t\t\t<select name=\"form_fields[anrede]\" id=\"form-field-anrede\" class=\"elementor-field-textual elementor-size-sm\" required=\"required\">\n\t\t\t\t\t\t\t\t\t<option value=\"Signor\">Signor<\/option>\n\t\t\t\t\t\t\t\t\t<option value=\"Signora\">Signora<\/option>\n\t\t\t\t\t\t\t<\/select>\n\t\t<\/div>\n\t\t\t\t\t\t<\/div>\n\t\t\t\t\t\t\t\t<div class=\"elementor-field-type-text elementor-field-group elementor-column elementor-field-group-vorname elementor-col-40 elementor-field-required elementor-mark-required\">\n\t\t\t\t\t\t\t\t\t\t\t\t<label for=\"form-field-vorname\" class=\"elementor-field-label\">\n\t\t\t\t\t\t\t\tNome\t\t\t\t\t\t\t<\/label>\n\t\t\t\t\t\t\t\t\t\t\t\t\t\t<input size=\"1\" type=\"text\" name=\"form_fields[vorname]\" id=\"form-field-vorname\" class=\"elementor-field elementor-size-sm  elementor-field-textual\" placeholder=\"Nome\" required=\"required\">\n\t\t\t\t\t\t\t\t\t\t\t<\/div>\n\t\t\t\t\t\t\t\t<div class=\"elementor-field-type-text elementor-field-group elementor-column elementor-field-group-nachname elementor-col-40 elementor-field-required elementor-mark-required\">\n\t\t\t\t\t\t\t\t\t\t\t\t<label for=\"form-field-nachname\" class=\"elementor-field-label\">\n\t\t\t\t\t\t\t\tCongnome\t\t\t\t\t\t\t<\/label>\n\t\t\t\t\t\t\t\t\t\t\t\t\t\t<input size=\"1\" type=\"text\" name=\"form_fields[nachname]\" id=\"form-field-nachname\" class=\"elementor-field elementor-size-sm  elementor-field-textual\" placeholder=\"Congnome\" required=\"required\">\n\t\t\t\t\t\t\t\t\t\t\t<\/div>\n\t\t\t\t\t\t\t\t<div class=\"elementor-field-type-text elementor-field-group elementor-column elementor-field-group-firma_organisation elementor-col-75\">\n\t\t\t\t\t\t\t\t\t\t\t\t<label for=\"form-field-firma_organisation\" class=\"elementor-field-label\">\n\t\t\t\t\t\t\t\tDitta \/ Organizazione\t\t\t\t\t\t\t<\/label>\n\t\t\t\t\t\t\t\t\t\t\t\t\t\t<input size=\"1\" type=\"text\" name=\"form_fields[firma_organisation]\" id=\"form-field-firma_organisation\" class=\"elementor-field elementor-size-sm  elementor-field-textual\" placeholder=\"Ditta \/ Organizazione\">\n\t\t\t\t\t\t\t\t\t\t\t<\/div>\n\t\t\t\t\t\t\t\t<div class=\"elementor-field-type-select elementor-field-group elementor-column elementor-field-group-land elementor-col-25 elementor-field-required elementor-mark-required\">\n\t\t\t\t\t\t\t\t\t\t\t\t<label for=\"form-field-land\" class=\"elementor-field-label\">\n\t\t\t\t\t\t\t\tPaese\t\t\t\t\t\t\t<\/label>\n\t\t\t\t\t\t\t\t<div class=\"elementor-field elementor-select-wrapper remove-before \">\n\t\t\t<div class=\"select-caret-down-wrapper\">\n\t\t\t\t<i aria-hidden=\"true\" class=\"eicon-caret-down\"><\/i>\t\t\t<\/div>\n\t\t\t<select name=\"form_fields[land]\" id=\"form-field-land\" class=\"elementor-field-textual elementor-size-sm\" required=\"required\">\n\t\t\t\t\t\t\t\t\t<option value=\"Italia\">Italia<\/option>\n\t\t\t\t\t\t\t\t\t<option value=\"Austria\">Austria<\/option>\n\t\t\t\t\t\t\t\t\t<option value=\"Germania\">Germania<\/option>\n\t\t\t\t\t\t\t\t\t<option value=\"Svizzera\">Svizzera<\/option>\n\t\t\t\t\t\t\t\t\t<option value=\"Francia\">Francia<\/option>\n\t\t\t\t\t\t\t<\/select>\n\t\t<\/div>\n\t\t\t\t\t\t<\/div>\n\t\t\t\t\t\t\t\t<div class=\"elementor-field-type-text elementor-field-group elementor-column elementor-field-group-strasse elementor-col-40 elementor-field-required elementor-mark-required\">\n\t\t\t\t\t\t\t\t\t\t\t\t<label for=\"form-field-strasse\" class=\"elementor-field-label\">\n\t\t\t\t\t\t\t\tVia\t\t\t\t\t\t\t<\/label>\n\t\t\t\t\t\t\t\t\t\t\t\t\t\t<input size=\"1\" type=\"text\" name=\"form_fields[strasse]\" id=\"form-field-strasse\" class=\"elementor-field elementor-size-sm  elementor-field-textual\" placeholder=\"Via\" required=\"required\">\n\t\t\t\t\t\t\t\t\t\t\t<\/div>\n\t\t\t\t\t\t\t\t<div class=\"elementor-field-type-text elementor-field-group elementor-column elementor-field-group-plz elementor-col-20 elementor-field-required elementor-mark-required\">\n\t\t\t\t\t\t\t\t\t\t\t\t<label for=\"form-field-plz\" class=\"elementor-field-label\">\n\t\t\t\t\t\t\t\tCAP\t\t\t\t\t\t\t<\/label>\n\t\t\t\t\t\t\t\t\t\t\t\t\t\t<input size=\"1\" type=\"text\" name=\"form_fields[plz]\" id=\"form-field-plz\" class=\"elementor-field elementor-size-sm  elementor-field-textual\" placeholder=\"CAP\" required=\"required\">\n\t\t\t\t\t\t\t\t\t\t\t<\/div>\n\t\t\t\t\t\t\t\t<div class=\"elementor-field-type-text elementor-field-group elementor-column elementor-field-group-ort elementor-col-20 elementor-field-required elementor-mark-required\">\n\t\t\t\t\t\t\t\t\t\t\t\t<label for=\"form-field-ort\" class=\"elementor-field-label\">\n\t\t\t\t\t\t\t\tCitt\u00e0\t\t\t\t\t\t\t<\/label>\n\t\t\t\t\t\t\t\t\t\t\t\t\t\t<input size=\"1\" type=\"text\" name=\"form_fields[ort]\" id=\"form-field-ort\" class=\"elementor-field elementor-size-sm  elementor-field-textual\" placeholder=\"Citt\u00e0\" required=\"required\">\n\t\t\t\t\t\t\t\t\t\t\t<\/div>\n\t\t\t\t\t\t\t\t<div class=\"elementor-field-type-text elementor-field-group elementor-column elementor-field-group-field_81d04c1 elementor-col-20 elementor-field-required elementor-mark-required\">\n\t\t\t\t\t\t\t\t\t\t\t\t<label for=\"form-field-field_81d04c1\" class=\"elementor-field-label\">\n\t\t\t\t\t\t\t\tProvincia\t\t\t\t\t\t\t<\/label>\n\t\t\t\t\t\t\t\t\t\t\t\t\t\t<input size=\"1\" type=\"text\" name=\"form_fields[field_81d04c1]\" id=\"form-field-field_81d04c1\" class=\"elementor-field elementor-size-sm  elementor-field-textual\" placeholder=\"Provincia\" required=\"required\">\n\t\t\t\t\t\t\t\t\t\t\t<\/div>\n\t\t\t\t\t\t\t\t<div class=\"elementor-field-type-email elementor-field-group elementor-column elementor-field-group-email elementor-col-50 elementor-field-required elementor-mark-required\">\n\t\t\t\t\t\t\t\t\t\t\t\t<label for=\"form-field-email\" class=\"elementor-field-label\">\n\t\t\t\t\t\t\t\tMail\t\t\t\t\t\t\t<\/label>\n\t\t\t\t\t\t\t\t\t\t\t\t\t\t<input size=\"1\" type=\"email\" name=\"form_fields[email]\" id=\"form-field-email\" class=\"elementor-field elementor-size-sm  elementor-field-textual\" placeholder=\"Mail\" required=\"required\" pattern=\"[a-zA-Z0-9._%+\\-]+@[a-zA-Z0-9.\\-]+\\.[a-zA-Z]{2,}\" title=\"Bitte geben Sie eine g\u00fcltige E-Mail-Adresse ein (z.B. name@domain.de).\">\n\t\t\t\t\t\t\t\t\t\t\t<\/div>\n\t\t\t\t\t\t\t\t<div class=\"elementor-field-type-tel elementor-field-group elementor-column elementor-field-group-telefon elementor-col-50 elementor-field-required elementor-mark-required\">\n\t\t\t\t\t\t\t\t\t\t\t\t<label for=\"form-field-telefon\" class=\"elementor-field-label\">\n\t\t\t\t\t\t\t\tTelefono\t\t\t\t\t\t\t<\/label>\n\t\t\t\t\t\t\t\t<input size=\"1\" type=\"tel\" name=\"form_fields[telefon]\" id=\"form-field-telefon\" class=\"elementor-field elementor-size-sm  elementor-field-textual\" placeholder=\"Telefono\" required=\"required\" pattern=\"[0-9()#&amp;+*-=.]+\" title=\"Sono accettati solo numeri e caratteri telefonici (#, -, *, ecc.).\">\n\n\t\t\t\t\t\t<\/div>\n\t\t\t\t\t\t\t\t<div class=\"elementor-field-type-acceptance elementor-field-group elementor-column elementor-field-group-newsletter elementor-col-100\">\n\t\t\t\t\t\t\t\t\t\t\t\t<label for=\"form-field-newsletter\" class=\"elementor-field-label\">\n\t\t\t\t\t\t\t\tNewsletter\t\t\t\t\t\t\t<\/label>\n\t\t\t\t\t\t\t\t<div class=\"elementor-field-subgroup\">\n\t\t\t<span class=\"elementor-field-option\">\n\t\t\t\t<input type=\"checkbox\" name=\"form_fields[newsletter]\" id=\"form-field-newsletter\" class=\"elementor-field elementor-size-sm  elementor-acceptance-field\">\n\t\t\t\t<label for=\"form-field-newsletter\">Si, vorrei abbonare il Newsletter Fr\u00f6ling e sono d\u00b4accordo con il trattamento dei miei dati.<\/label>\t\t\t<\/span>\n\t\t<\/div>\n\t\t\t\t\t\t<\/div>\n\t\t\t\t\t\t\t\t<div class=\"elementor-field-type-altcha elementor-field-group elementor-column elementor-col-100\"><div class=\"altcha-widget-wrap\"><altcha-widget challengeurl=\"https:\/\/www.froeling.com\/it-it\/wp-json\/altcha\/v1\/challenge\" strings=\"{&quot;error&quot;:&quot;Verifica fallita. Riprova pi\\u00f9 tardi.&quot;,&quot;footer&quot;:&quot;Protetto da &lt;a href=\\&quot;https:\\\/\\\/altcha.org\\\/\\&quot; target=\\&quot;_blank\\&quot;&gt;ALTCHA&lt;\\\/a&gt;&quot;,&quot;label&quot;:&quot;Non sono un robot&quot;,&quot;verified&quot;:&quot;Verificato&quot;,&quot;verifying&quot;:&quot;Verifica...&quot;,&quot;waitAlert&quot;:&quot;Verifica... attendere prego.&quot;}\" delay=\"1500\" hidelogo=\"1\" hidefooter=\"1\"><\/altcha-widget><noscript><div class=\"altcha-no-javascript\">This form requires JavaScript!<\/div><\/noscript><\/div><\/div><div class=\"elementor-field-group elementor-column elementor-field-type-submit elementor-col-100 e-form__buttons\">\n\t\t\t\t\t<button class=\"elementor-button elementor-size-sm\" type=\"submit\">\n\t\t\t\t\t\t<span class=\"elementor-button-content-wrapper\">\n\t\t\t\t\t\t\t\t\t\t\t\t\t\t\t\t\t\t\t\t\t\t<span class=\"elementor-button-text\">Richiedere<\/span>\n\t\t\t\t\t\t\t\t\t\t\t\t\t<\/span>\n\t\t\t\t\t<\/button>\n\t\t\t\t<\/div>\n\t\t\t<\/div>\n\t\t<\/form>\n\t\t\t\t\t\t<\/div>\n\t\t\t\t<\/div>\n\t\t\t\t\t<\/div>\n\t\t\t\t<\/div>\n\t\t<div class=\"elementor-element elementor-element-c1d342c e-flex e-con-boxed e-con e-parent\" data-id=\"c1d342c\" data-element_type=\"container\" data-e-type=\"container\">\n\t\t\t\t\t<div class=\"e-con-inner\">\n\t\t\t\t<div class=\"elementor-element elementor-element-2e9c04f elementor-widget elementor-widget-spacer\" data-id=\"2e9c04f\" data-element_type=\"widget\" data-e-type=\"widget\" data-widget_type=\"spacer.default\">\n\t\t\t\t<div class=\"elementor-widget-container\">\n\t\t\t\t\t\t\t<div class=\"elementor-spacer\">\n\t\t\t<div class=\"elementor-spacer-inner\"><\/div>\n\t\t<\/div>\n\t\t\t\t\t\t<\/div>\n\t\t\t\t<\/div>\n\t\t\t\t<div class=\"elementor-element elementor-element-7172597 elementor-widget elementor-widget-text-editor\" data-id=\"7172597\" data-element_type=\"widget\" data-e-type=\"widget\" data-widget_type=\"text-editor.default\">\n\t\t\t\t<div class=\"elementor-widget-container\">\n\t\t\t\t\t\t\t\t\t<h4>Privacy Dati<\/h4><p>I Suoi dati vengono trattati secondo le Sue indicazioni per le finalit\u00e0 da Lei indicate o da Lei richieste (ad es. elaborazione di contratti, invio di informazioni, Newsletter, elaborazione di lotterie, contatti). In linea di principio, avete diritto all&#8217;informazione, alla correzione, alla cancellazione, alla limitazione, alla trasferibilit\u00e0 dei dati o all&#8217;opposizione e, se avete dato il vostro consenso, avete anche il diritto di revoca. Inoltre, esiste un diritto di ricorso presso l&#8217;autorit\u00e0 per la protezione dei dati. Per ulteriori informazioni, vedere\u00a0<a class=\"internal-link\" href=\"https:\/\/www.froeling.com\/it\/protezione-dati.html\">www.froeling.com\/privacy<\/a>. Responsabile: Fr\u00f6ling Heizkessel- und Beh\u00e4lterbau Ges.m.b.H., Industriestra\u00dfe 12, 4710 Grieskirchen.<\/p>\t\t\t\t\t\t\t\t<\/div>\n\t\t\t\t<\/div>\n\t\t\t\t\t<\/div>\n\t\t\t\t<\/div>\n\t\t<div class=\"elementor-element elementor-element-72bb9f7 e-flex e-con-boxed e-con e-parent\" data-id=\"72bb9f7\" data-element_type=\"container\" data-e-type=\"container\">\n\t\t\t\t\t<div class=\"e-con-inner\">\n\t\t\t\t<div class=\"elementor-element elementor-element-3151242 elementor-widget elementor-widget-spacer\" data-id=\"3151242\" data-element_type=\"widget\" data-e-type=\"widget\" data-widget_type=\"spacer.default\">\n\t\t\t\t<div class=\"elementor-widget-container\">\n\t\t\t\t\t\t\t<div class=\"elementor-spacer\">\n\t\t\t<div class=\"elementor-spacer-inner\"><\/div>\n\t\t<\/div>\n\t\t\t\t\t\t<\/div>\n\t\t\t\t<\/div>\n\t\t\t\t\t<\/div>\n\t\t\t\t<\/div>\n\t\t\t\t<\/div>\n\t\t","protected":false},"excerpt":{"rendered":"<p>Modulo di contatto Richiedere informazioni \/ consigli Richiedere informazioni \/ consigli Privacy Dati I Suoi dati vengono trattati secondo le Sue indicazioni per le finalit\u00e0 da Lei indicate o da Lei richieste (ad es. elaborazione di contratti, invio di informazioni, Newsletter, elaborazione di lotterie, contatti). In linea di principio, avete diritto all&#8217;informazione, alla correzione, alla [&hellip;]<\/p>\n","protected":false},"author":6,"featured_media":0,"parent":84,"menu_order":0,"comment_status":"closed","ping_status":"closed","template":"","meta":{"_acf_changed":false,"footnotes":""},"class_list":["post-3064","page","type-page","status-publish","hentry"],"acf":[],"_links":{"self":[{"href":"https:\/\/www.froeling.com\/it-it\/wp-json\/wp\/v2\/pages\/3064","targetHints":{"allow":["GET"]}}],"collection":[{"href":"https:\/\/www.froeling.com\/it-it\/wp-json\/wp\/v2\/pages"}],"about":[{"href":"https:\/\/www.froeling.com\/it-it\/wp-json\/wp\/v2\/types\/page"}],"author":[{"embeddable":true,"href":"https:\/\/www.froeling.com\/it-it\/wp-json\/wp\/v2\/users\/6"}],"replies":[{"embeddable":true,"href":"https:\/\/www.froeling.com\/it-it\/wp-json\/wp\/v2\/comments?post=3064"}],"version-history":[{"count":8,"href":"https:\/\/www.froeling.com\/it-it\/wp-json\/wp\/v2\/pages\/3064\/revisions"}],"predecessor-version":[{"id":7247,"href":"https:\/\/www.froeling.com\/it-it\/wp-json\/wp\/v2\/pages\/3064\/revisions\/7247"}],"up":[{"embeddable":true,"href":"https:\/\/www.froeling.com\/it-it\/wp-json\/wp\/v2\/pages\/84"}],"wp:attachment":[{"href":"https:\/\/www.froeling.com\/it-it\/wp-json\/wp\/v2\/media?parent=3064"}],"curies":[{"name":"wp","href":"https:\/\/api.w.org\/{rel}","templated":true}]}}