{"id":3708,"date":"2022-12-12T16:31:53","date_gmt":"2022-12-12T15:31:53","guid":{"rendered":"https:\/\/www.froeling.com\/de-at\/?page_id=3708"},"modified":"2022-12-12T16:50:52","modified_gmt":"2022-12-12T15:50:52","slug":"datanorm","status":"publish","type":"page","link":"https:\/\/www.froeling.com\/it-it\/datanorm\/","title":{"rendered":"Datanorm"},"content":{"rendered":"\t\t<div data-elementor-type=\"wp-page\" data-elementor-id=\"3708\" class=\"elementor elementor-3708\" data-elementor-post-type=\"page\">\n\t\t\t\t<div class=\"elementor-element elementor-element-135ae9e e-con-full e-flex e-con e-parent\" data-id=\"135ae9e\" data-element_type=\"container\" data-settings=\"{&quot;background_background&quot;:&quot;gradient&quot;}\">\n\t\t<div class=\"elementor-element elementor-element-84b3153 e-con-full e-flex e-con e-parent\" data-id=\"84b3153\" data-element_type=\"container\">\n\t\t<div class=\"elementor-element elementor-element-a8ef707 hero-offset-container e-flex e-con-boxed e-con e-parent\" data-id=\"a8ef707\" data-element_type=\"container\" data-settings=\"{&quot;background_background&quot;:&quot;classic&quot;}\">\n\t\t\t\t\t<div class=\"e-con-inner\">\n\t\t\t\t<div class=\"elementor-element elementor-element-d7180bf elementor-widget elementor-widget-heading\" data-id=\"d7180bf\" data-element_type=\"widget\" data-widget_type=\"heading.default\">\n\t\t\t\t<div class=\"elementor-widget-container\">\n\t\t\t<h2 class=\"elementor-heading-title elementor-size-default\">Datanorm AT<\/h2>\t\t<\/div>\n\t\t\t\t<\/div>\n\t\t\t\t<div class=\"elementor-element elementor-element-d8e4eb4 elementor-widget elementor-widget-text-editor\" data-id=\"d8e4eb4\" data-element_type=\"widget\" data-widget_type=\"text-editor.default\">\n\t\t\t\t<div class=\"elementor-widget-container\">\n\t\t\t\t\t\t\t<h4>Download<\/h4>\t\t\t\t\t\t<\/div>\n\t\t\t\t<\/div>\n\t\t\t\t\t<\/div>\n\t\t\t\t<\/div>\n\t\t\t\t<\/div>\n\t\t\t\t<\/div>\n\t\t<div class=\"elementor-element elementor-element-031059b e-flex e-con-boxed e-con e-parent\" data-id=\"031059b\" data-element_type=\"container\">\n\t\t\t\t\t<div class=\"e-con-inner\">\n\t\t\t\t<div class=\"elementor-element elementor-element-faeb7e6 elementor-widget elementor-widget-spacer\" data-id=\"faeb7e6\" data-element_type=\"widget\" data-widget_type=\"spacer.default\">\n\t\t\t\t<div class=\"elementor-widget-container\">\n\t\t\t\t\t<div class=\"elementor-spacer\">\n\t\t\t<div class=\"elementor-spacer-inner\"><\/div>\n\t\t<\/div>\n\t\t\t\t<\/div>\n\t\t\t\t<\/div>\n\t\t\t\t\t<\/div>\n\t\t\t\t<\/div>\n\t\t<div class=\"elementor-element elementor-element-5199b98 e-flex e-con-boxed e-con e-parent\" data-id=\"5199b98\" data-element_type=\"container\">\n\t\t\t\t\t<div class=\"e-con-inner\">\n\t\t\t\t<div class=\"elementor-element elementor-element-15b939d elementor-widget elementor-widget-heading\" data-id=\"15b939d\" data-element_type=\"widget\" data-widget_type=\"heading.default\">\n\t\t\t\t<div class=\"elementor-widget-container\">\n\t\t\t<h2 class=\"elementor-heading-title elementor-size-default\">1. Allgemeine Hinweise<\/h2>\t\t<\/div>\n\t\t\t\t<\/div>\n\t\t\t\t\t<\/div>\n\t\t\t\t<\/div>\n\t\t<div class=\"elementor-element elementor-element-5891e2c e-flex e-con-boxed e-con e-parent\" data-id=\"5891e2c\" data-element_type=\"container\">\n\t\t\t\t\t<div class=\"e-con-inner\">\n\t\t\t\t<div class=\"elementor-element elementor-element-3cc281f elementor-widget elementor-widget-text-editor\" data-id=\"3cc281f\" data-element_type=\"widget\" data-widget_type=\"text-editor.default\">\n\t\t\t\t<div class=\"elementor-widget-container\">\n\t\t\t\t\t\t\t<p>Die FR\u00d6LING-Datanorm ist nach dem Standard-Satzaufbau Datanorm organisiert und enth\u00e4lt alle Artikel der FR\u00d6LING Preisliste (Stand 2022). Sie haben dadurch Zugriff auf Ausschreibungstexte und technische Daten sowie die derzeit g\u00fcltigen Preise &#8211; \u00c4nderungen und Irrt\u00fcmer vorbehalten. Zus\u00e4tzlich gelten unsere allgemeinen Verkaufs- und Lieferbedingungen (siehe Preisliste).<br \/>Um die Daten verarbeiten zu k\u00f6nnen, ben\u00f6tigen Sie ein Programm mit einer Datanorm-Schnittstelle. Die FR\u00d6LING-Datanorm ist durch die vorgeschriebenen Datensatz-Strukturen nicht zur unmittelbaren Ansicht oder Weiterverarbeitung z. B. in einem Textverarbeitungsprogramm geeignet.<br \/>Wenn Sie mit einer f\u00fcr Datanorm geeigneten Software arbeiten, folgen Sie bitte beim Einlesen der Datanorm Ihrer Programmbeschreibung. Sollte bereits eine \u00e4ltere Version der FR\u00d6LING-Datanorm in Verwendung sein, empfehlen wir Ihnen, diese Datens\u00e4tze vor dem Einlesen komplett zu l\u00f6schen.<br \/>Die angegebenen Bruttopreise verstehen sich als unverbindliche Preisempfehlung ohne MwSt.<\/p>\t\t\t\t\t\t<\/div>\n\t\t\t\t<\/div>\n\t\t\t\t\t<\/div>\n\t\t\t\t<\/div>\n\t\t<div class=\"elementor-element elementor-element-854fb63 e-flex e-con-boxed e-con e-parent\" data-id=\"854fb63\" data-element_type=\"container\">\n\t\t\t\t\t<div class=\"e-con-inner\">\n\t\t\t\t<div class=\"elementor-element elementor-element-9998de7 elementor-widget elementor-widget-heading\" data-id=\"9998de7\" data-element_type=\"widget\" data-widget_type=\"heading.default\">\n\t\t\t\t<div class=\"elementor-widget-container\">\n\t\t\t<h2 class=\"elementor-heading-title elementor-size-default\">2. Datei\u00fcbersicht<\/h2>\t\t<\/div>\n\t\t\t\t<\/div>\n\t\t\t\t\t<\/div>\n\t\t\t\t<\/div>\n\t\t<div class=\"elementor-element elementor-element-29a65e7 e-flex e-con-boxed e-con e-parent\" data-id=\"29a65e7\" data-element_type=\"container\">\n\t\t\t\t\t<div class=\"e-con-inner\">\n\t\t\t\t<div class=\"elementor-element elementor-element-513ee21 elementor-widget elementor-widget-text-editor\" data-id=\"513ee21\" data-element_type=\"widget\" data-widget_type=\"text-editor.default\">\n\t\t\t\t<div class=\"elementor-widget-container\">\n\t\t\t\t\t\t\t<p>Folgende Dateien werden von FR\u00d6LING ausgeliefert:<br \/>DNORM_AT.zip\u00a0Fr\u00f6ling Datanorm Version 4.0<br \/>RabGrp_PrdGrp_XX.xlsx Excel Datei mit den in der Datanorm enthaltenen Rabatt- und Warengruppen<\/p>\t\t\t\t\t\t<\/div>\n\t\t\t\t<\/div>\n\t\t\t\t\t<\/div>\n\t\t\t\t<\/div>\n\t\t<div class=\"elementor-element elementor-element-5e38ba5 e-flex e-con-boxed e-con e-parent\" data-id=\"5e38ba5\" data-element_type=\"container\">\n\t\t\t\t\t<div class=\"e-con-inner\">\n\t\t\t\t<div class=\"elementor-element elementor-element-3e2421a elementor-widget elementor-widget-heading\" data-id=\"3e2421a\" data-element_type=\"widget\" data-widget_type=\"heading.default\">\n\t\t\t\t<div class=\"elementor-widget-container\">\n\t\t\t<h2 class=\"elementor-heading-title elementor-size-default\">3. Rabattgruppe<\/h2>\t\t<\/div>\n\t\t\t\t<\/div>\n\t\t\t\t<div class=\"elementor-element elementor-element-ffaf15c elementor-widget elementor-widget-text-editor\" data-id=\"ffaf15c\" data-element_type=\"widget\" data-widget_type=\"text-editor.default\">\n\t\t\t\t<div class=\"elementor-widget-container\">\n\t\t\t\t\t\t\t<p>Die Artikel der FR\u00d6LING-Datanorm sind Rabattgruppen zugeteilt. Der jeweilige Rabatt f\u00fcr Rabattgruppen ist kundenspezifisch. Sollte Ihnen dieser nicht bekannt sein so k\u00f6nnen Sie diesen bei Ihrem zust\u00e4ndigen Au\u00dfendienstmitarbeiter erfahren. Die Erstellung einer Rabattdiskette ist nicht m\u00f6glich.<br \/>Folgende Rabattgruppen sind in der Datanorm 2022 angef\u00fchrt:<\/p><ul><li>S1 Scheitholz (S4, S3, S1,\u00a0SP Dual, F\u00fchler, Module, Pumpengruppen usw.)<\/li><li>P1 Pellets (P4, PE1,\u00a0Saugsystemen, Pelletszubeh\u00f6r)<\/li><li>H1 Hackgut (T4e)<\/li><li>B1 Beh\u00e4lter(Schichtspeicher)<\/li><li>D1 Dienstleistung (Montage, IB)<\/li><li>E1 Ersatzteile<\/li><\/ul>\t\t\t\t\t\t<\/div>\n\t\t\t\t<\/div>\n\t\t\t\t\t<\/div>\n\t\t\t\t<\/div>\n\t\t<div class=\"elementor-element elementor-element-96e4704 e-flex e-con-boxed e-con e-parent\" data-id=\"96e4704\" data-element_type=\"container\">\n\t\t\t\t\t<div class=\"e-con-inner\">\n\t\t\t\t<div class=\"elementor-element elementor-element-70f4e2f elementor-widget elementor-widget-heading\" data-id=\"70f4e2f\" data-element_type=\"widget\" data-widget_type=\"heading.default\">\n\t\t\t\t<div class=\"elementor-widget-container\">\n\t\t\t<h2 class=\"elementor-heading-title elementor-size-default\">4. Kontaktm\u00f6glichkeiten<\/h2>\t\t<\/div>\n\t\t\t\t<\/div>\n\t\t\t\t\t<\/div>\n\t\t\t\t<\/div>\n\t\t<div class=\"elementor-element elementor-element-af46ded e-flex e-con-boxed e-con e-parent\" data-id=\"af46ded\" data-element_type=\"container\">\n\t\t\t\t\t<div class=\"e-con-inner\">\n\t\t\t\t<div class=\"elementor-element elementor-element-891eb97 elementor-widget elementor-widget-text-editor\" data-id=\"891eb97\" data-element_type=\"widget\" data-widget_type=\"text-editor.default\">\n\t\t\t\t<div class=\"elementor-widget-container\">\n\t\t\t\t\t\t\t<p>Es wurde versucht mit diesem Dokument m\u00f6glichst auf alle h\u00e4ufigen Fragen und Probleme mit der FR\u00d6LING-Datanorm einzugehen. Da alle m\u00f6glichen Fragen und Probleme jedoch den Umfang dieses Dokuments sprengen w\u00fcrden, k\u00f6nnen Sie uns bei weiteren Fragen \u00fcber folgende M\u00f6glichkeiten kontaktieren:<br \/>Telefon: 0043-7248\/606-0<br \/>Fax:\u00a0 0043-7248\/606-6000<br \/>Email:\u00a0<a class=\"mail\" href=\"mailto:datanorm@froeling.com\">datanorm@froeling.com<\/a><\/p>\t\t\t\t\t\t<\/div>\n\t\t\t\t<\/div>\n\t\t\t\t\t<\/div>\n\t\t\t\t<\/div>\n\t\t<div class=\"elementor-element elementor-element-f6aaedb e-flex e-con-boxed e-con e-parent\" data-id=\"f6aaedb\" data-element_type=\"container\">\n\t\t\t\t\t<div class=\"e-con-inner\">\n\t\t\t\t<div class=\"elementor-element elementor-element-35f951f elementor-widget elementor-widget-heading\" data-id=\"35f951f\" data-element_type=\"widget\" data-widget_type=\"heading.default\">\n\t\t\t\t<div class=\"elementor-widget-container\">\n\t\t\t<h2 class=\"elementor-heading-title elementor-size-default\">5. Copyright<\/h2>\t\t<\/div>\n\t\t\t\t<\/div>\n\t\t\t\t\t<\/div>\n\t\t\t\t<\/div>\n\t\t<div class=\"elementor-element elementor-element-5841fb7 e-flex e-con-boxed e-con e-parent\" data-id=\"5841fb7\" data-element_type=\"container\">\n\t\t\t\t\t<div class=\"e-con-inner\">\n\t\t\t\t<div class=\"elementor-element elementor-element-0416515 elementor-widget elementor-widget-text-editor\" data-id=\"0416515\" data-element_type=\"widget\" data-widget_type=\"text-editor.default\">\n\t\t\t\t<div class=\"elementor-widget-container\">\n\t\t\t\t\t\t\t<p>Indem Sie auf die Fr\u00f6ling-Datanorm benutzen, stimmen Sie den folgenden Bedingungen zu. Wenn Sie diesen Bedingungen nicht zustimmen, sind Sie nicht befugt, die FR\u00d6LING-Datanorm zu nutzen. Ohne die vorherige Zustimmung der Fr\u00f6ling Ges.m.b.H. sind Vervielf\u00e4ltigungen, die \u00dcbertragung, die Weiterleitung oder das Abspeichern der Inhalte ganz oder teilweise jedweder Form au\u00dfer unter den folgenden Bedingungen verboten. Fr\u00f6ling gestattet die Verwendung der Fr\u00f6ling-Datanorm in Ihrem eigenem Warenwirtschafts- bzw. Kalkulationsprogramm. Eine \u00c4nderung der Artikeldaten (Artikeltexte, technische Werte, usw.) ist verboten, au\u00dfer wenn Fr\u00f6ling dem schriftlich zugestimmt hat.<br \/>Alle Informationen erfolgen nach bestem Wissen sowie aktuellem Kenntnisstand. F\u00fcr Fehler kann aber keine Haftung \u00fcbernommen werden.<\/p><p>\u00a9 2022<br \/>FR\u00d6LING Heizkessel- und Beh\u00e4lterbau Ges.m.b.H.<br \/>Industriestra\u00dfe 12<br \/>A-4710 Grieskirchen<\/p>\t\t\t\t\t\t<\/div>\n\t\t\t\t<\/div>\n\t\t\t\t\t<\/div>\n\t\t\t\t<\/div>\n\t\t<div class=\"elementor-element elementor-element-df862b0 e-flex e-con-boxed e-con e-parent\" data-id=\"df862b0\" data-element_type=\"container\">\n\t\t\t\t\t<div class=\"e-con-inner\">\n\t\t\t\t<div class=\"elementor-element elementor-element-dfdc306 elementor-widget elementor-widget-heading\" data-id=\"dfdc306\" data-element_type=\"widget\" data-widget_type=\"heading.default\">\n\t\t\t\t<div class=\"elementor-widget-container\">\n\t\t\t<h2 class=\"elementor-heading-title elementor-size-default\">6. Download<\/h2>\t\t<\/div>\n\t\t\t\t<\/div>\n\t\t\t\t\t<\/div>\n\t\t\t\t<\/div>\n\t\t<div class=\"elementor-element elementor-element-c65350a e-flex e-con-boxed e-con e-parent\" data-id=\"c65350a\" data-element_type=\"container\">\n\t\t\t\t\t<div class=\"e-con-inner\">\n\t\t\t\t<div class=\"elementor-element elementor-element-76cd6da elementor-widget elementor-widget-button\" data-id=\"76cd6da\" data-element_type=\"widget\" data-widget_type=\"button.default\">\n\t\t\t\t<div class=\"elementor-widget-container\">\n\t\t\t\t\t<div class=\"elementor-button-wrapper\">\n\t\t\t<a class=\"elementor-button elementor-button-link elementor-size-md\" href=\"https:\/\/www.froeling.com\/de-at\/wp-content\/uploads\/sites\/2\/2022\/12\/Seminarbroschuere-Oesterreich-2023_mail-1.pdf\" target=\"_blank\">\n\t\t\t\t\t\t<span class=\"elementor-button-content-wrapper\">\n\t\t\t\t\t\t\t\t\t<span class=\"elementor-button-text\">Download Datanorm 2022_11  AT<\/span>\n\t\t\t\t\t<\/span>\n\t\t\t\t\t<\/a>\n\t\t<\/div>\n\t\t\t\t<\/div>\n\t\t\t\t<\/div>\n\t\t\t\t\t<\/div>\n\t\t\t\t<\/div>\n\t\t\t\t<\/div>\n\t\t","protected":false},"excerpt":{"rendered":"<p>Datanorm AT Download 1. Allgemeine Hinweise Die FR\u00d6LING-Datanorm ist nach dem Standard-Satzaufbau Datanorm organisiert und enth\u00e4lt alle Artikel der FR\u00d6LING Preisliste (Stand 2022). Sie haben dadurch Zugriff auf Ausschreibungstexte und technische Daten sowie die derzeit g\u00fcltigen Preise &#8211; \u00c4nderungen und Irrt\u00fcmer vorbehalten. Zus\u00e4tzlich gelten unsere allgemeinen Verkaufs- und Lieferbedingungen (siehe Preisliste).Um die Daten verarbeiten zu [&hellip;]<\/p>\n","protected":false},"author":6,"featured_media":0,"parent":0,"menu_order":0,"comment_status":"closed","ping_status":"closed","template":"","meta":{"_acf_changed":false,"rank_math_lock_modified_date":false,"footnotes":""},"class_list":["post-3708","page","type-page","status-publish","hentry"],"acf":[],"_links":{"self":[{"href":"https:\/\/www.froeling.com\/it-it\/wp-json\/wp\/v2\/pages\/3708"}],"collection":[{"href":"https:\/\/www.froeling.com\/it-it\/wp-json\/wp\/v2\/pages"}],"about":[{"href":"https:\/\/www.froeling.com\/it-it\/wp-json\/wp\/v2\/types\/page"}],"author":[{"embeddable":true,"href":"https:\/\/www.froeling.com\/it-it\/wp-json\/wp\/v2\/users\/6"}],"replies":[{"embeddable":true,"href":"https:\/\/www.froeling.com\/it-it\/wp-json\/wp\/v2\/comments?post=3708"}],"version-history":[{"count":7,"href":"https:\/\/www.froeling.com\/it-it\/wp-json\/wp\/v2\/pages\/3708\/revisions"}],"predecessor-version":[{"id":3720,"href":"https:\/\/www.froeling.com\/it-it\/wp-json\/wp\/v2\/pages\/3708\/revisions\/3720"}],"wp:attachment":[{"href":"https:\/\/www.froeling.com\/it-it\/wp-json\/wp\/v2\/media?parent=3708"}],"curies":[{"name":"wp","href":"https:\/\/api.w.org\/{rel}","templated":true}]}}