{"id":3788,"date":"2022-12-13T11:41:31","date_gmt":"2022-12-13T10:41:31","guid":{"rendered":"https:\/\/www.froeling.com\/de-at\/?page_id=3788"},"modified":"2023-04-25T07:35:01","modified_gmt":"2023-04-25T05:35:01","slug":"froeling-app","status":"publish","type":"page","link":"https:\/\/www.froeling.com\/it-it\/froeling-app\/","title":{"rendered":"Fr\u00f6ling-App"},"content":{"rendered":"\t\t<div data-elementor-type=\"wp-page\" data-elementor-id=\"3788\" class=\"elementor elementor-3788\" data-elementor-post-type=\"page\">\n\t\t\t\t<div class=\"elementor-element elementor-element-b91bb5e e-con-full e-flex e-con e-parent\" data-id=\"b91bb5e\" data-element_type=\"container\" data-e-type=\"container\" data-settings=\"{&quot;background_background&quot;:&quot;gradient&quot;}\">\n\t\t<div class=\"elementor-element elementor-element-d6e073c e-con-full e-flex e-con e-parent\" data-id=\"d6e073c\" data-element_type=\"container\" data-e-type=\"container\">\n\t\t<div class=\"elementor-element elementor-element-dcb49f6 hero-offset-container e-flex e-con-boxed e-con e-parent\" data-id=\"dcb49f6\" data-element_type=\"container\" data-e-type=\"container\" data-settings=\"{&quot;background_background&quot;:&quot;classic&quot;}\">\n\t\t\t\t\t<div class=\"e-con-inner\">\n\t\t\t\t<div class=\"elementor-element elementor-element-af32914 elementor-widget elementor-widget-heading\" data-id=\"af32914\" data-element_type=\"widget\" data-e-type=\"widget\" data-widget_type=\"heading.default\">\n\t\t\t\t<div class=\"elementor-widget-container\">\n\t\t\t\t\t<h2 class=\"elementor-heading-title elementor-size-default\">App Fr\u00f6ling<\/h2>\t\t\t\t<\/div>\n\t\t\t\t<\/div>\n\t\t\t\t<div class=\"elementor-element elementor-element-29aa42b elementor-widget elementor-widget-text-editor\" data-id=\"29aa42b\" data-element_type=\"widget\" data-e-type=\"widget\" data-widget_type=\"text-editor.default\">\n\t\t\t\t<div class=\"elementor-widget-container\">\n\t\t\t\t\t\t\t\t\t<h4>Tutto sotto controllo!<\/h4>\t\t\t\t\t\t\t\t<\/div>\n\t\t\t\t<\/div>\n\t\t\t\t\t<\/div>\n\t\t\t\t<\/div>\n\t\t\t\t<\/div>\n\t\t<div class=\"elementor-element elementor-element-26f13b4 e-con-full e-flex e-con e-parent\" data-id=\"26f13b4\" data-element_type=\"container\" data-e-type=\"container\" data-settings=\"{&quot;background_background&quot;:&quot;classic&quot;}\">\n\t\t\t\t<\/div>\n\t\t\t\t<\/div>\n\t\t<div class=\"elementor-element elementor-element-ac9e29a e-flex e-con-boxed e-con e-parent\" data-id=\"ac9e29a\" data-element_type=\"container\" data-e-type=\"container\">\n\t\t\t\t\t<div class=\"e-con-inner\">\n\t\t<div class=\"elementor-element elementor-element-2c826e2 e-con-full e-flex e-con e-parent\" data-id=\"2c826e2\" data-element_type=\"container\" data-e-type=\"container\">\n\t\t\t\t<div class=\"elementor-element elementor-element-0f25ed1 elementor-widget elementor-widget-text-editor\" data-id=\"0f25ed1\" data-element_type=\"widget\" data-e-type=\"widget\" data-widget_type=\"text-editor.default\">\n\t\t\t\t<div class=\"elementor-widget-container\">\n\t\t\t\t\t\t\t\t\t<p><span style=\"color: #d50911;\">L&#8217;app \u00e8 disponibile nel <a style=\"color: #d50911;\" href=\"https:\/\/play.google.com\/store\/apps\/details?id=at.froeling.connect&amp;hl=de_AT\" target=\"_blank\" rel=\"noopener\">Play Store Android<\/a> x nell&#8217;<a style=\"color: #d50911;\" href=\"https:\/\/apps.apple.com\/at\/app\/fr%C3%B6ling-connect\/id1348670090\" target=\"_blank\" rel=\"noopener\">App Store IOS<\/a>.<\/span><\/p>\t\t\t\t\t\t\t\t<\/div>\n\t\t\t\t<\/div>\n\t\t\t\t<div class=\"elementor-element elementor-element-d25109e elementor-widget elementor-widget-heading\" data-id=\"d25109e\" data-element_type=\"widget\" data-e-type=\"widget\" data-widget_type=\"heading.default\">\n\t\t\t\t<div class=\"elementor-widget-container\">\n\t\t\t\t\t<h1 class=\"elementor-heading-title elementor-size-default\">Fr\u00f6ling-App<\/h1>\t\t\t\t<\/div>\n\t\t\t\t<\/div>\n\t\t\t\t<div class=\"elementor-element elementor-element-dc15c60 elementor-widget elementor-widget-text-editor\" data-id=\"dc15c60\" data-element_type=\"widget\" data-e-type=\"widget\" data-widget_type=\"text-editor.default\">\n\t\t\t\t<div class=\"elementor-widget-container\">\n\t\t\t\t\t\t\t\t\t<p>Con la Fr\u00f6ling App \u00e8 possibile controllare e gestire online la caldaia Fr\u00f6ling in qualsiasi momento e dovunque ci si trovi. I valori di stato e le impostazioni pi\u00f9 importanti possono essere letti o modificati facilmente tramite internet. Inoltre \u00e8 possibile impostare le segnalazioni di stato sulle quali si desidera essere informati tramite SMS o e-mail (ad es. quando bisogna svuotare il box cenere o anche in caso di una segnalazione di guasto).<\/p><p><b>Vantaggi:<\/b><\/p><ul><li>Uso facile e intuitivo della caldaia\u00a0<\/li><li>Possibilit\u00e0 di visualizzare e modificare in pochi secondi i valori di stato\u00a0<\/li><li>Possibilit\u00e0 di assegnare nomi ai circuiti di riscaldamento\u00a0<\/li><li>Le modifiche di stato vengono trasmesse direttamente all&#8217;utente (ad es. tramite e-mail o notifiche push)\u00a0 Nessuna necessit\u00e0 di hardware supplementare (ad es. gateway internet)<\/li><\/ul>\t\t\t\t\t\t\t\t<\/div>\n\t\t\t\t<\/div>\n\t\t\t\t<div class=\"elementor-element elementor-element-5727b58 elementor-widget elementor-widget-button\" data-id=\"5727b58\" data-element_type=\"widget\" data-e-type=\"widget\" data-widget_type=\"button.default\">\n\t\t\t\t<div class=\"elementor-widget-container\">\n\t\t\t\t\t\t\t\t\t<div class=\"elementor-button-wrapper\">\n\t\t\t\t\t<a class=\"elementor-button elementor-button-link elementor-size-md\" href=\"https:\/\/www.froeling.com\/it-it\/wp-content\/uploads\/sites\/5\/2023\/04\/FL0140322_Froeling_App_IT_mail.pdf\" target=\"_blank\">\n\t\t\t\t\t\t<span class=\"elementor-button-content-wrapper\">\n\t\t\t\t\t\t\t\t\t<span class=\"elementor-button-text\">Flyer App (PDF)<\/span>\n\t\t\t\t\t<\/span>\n\t\t\t\t\t<\/a>\n\t\t\t\t<\/div>\n\t\t\t\t\t\t\t\t<\/div>\n\t\t\t\t<\/div>\n\t\t\t\t<\/div>\n\t\t\t\t\t<\/div>\n\t\t\t\t<\/div>\n\t\t<div class=\"elementor-element elementor-element-c88f857 e-flex e-con-boxed e-con e-parent\" data-id=\"c88f857\" data-element_type=\"container\" data-e-type=\"container\" data-settings=\"{&quot;background_background&quot;:&quot;gradient&quot;}\">\n\t\t\t\t\t<div class=\"e-con-inner\">\n\t\t<div class=\"elementor-element elementor-element-7e976c2 e-con-full e-flex e-con e-parent\" data-id=\"7e976c2\" data-element_type=\"container\" data-e-type=\"container\">\n\t\t\t\t<div class=\"elementor-element elementor-element-5c339f1 elementor-widget elementor-widget-image\" data-id=\"5c339f1\" data-element_type=\"widget\" data-e-type=\"widget\" data-widget_type=\"image.default\">\n\t\t\t\t<div class=\"elementor-widget-container\">\n\t\t\t\t\t\t\t\t\t\t\t\t\t\t\t<img fetchpriority=\"high\" decoding=\"async\" width=\"768\" height=\"768\" src=\"https:\/\/www.froeling.com\/it-it\/wp-content\/uploads\/sites\/5\/2022\/07\/Loxone-1-768x768.png\" class=\"attachment-medium_large size-medium_large wp-image-3270\" alt=\"\" srcset=\"https:\/\/www.froeling.com\/it-it\/wp-content\/uploads\/sites\/5\/2022\/07\/Loxone-1-768x768.png 768w, https:\/\/www.froeling.com\/it-it\/wp-content\/uploads\/sites\/5\/2022\/07\/Loxone-1-300x300.png 300w, https:\/\/www.froeling.com\/it-it\/wp-content\/uploads\/sites\/5\/2022\/07\/Loxone-1-1024x1024.png 1024w, https:\/\/www.froeling.com\/it-it\/wp-content\/uploads\/sites\/5\/2022\/07\/Loxone-1-150x150.png 150w, https:\/\/www.froeling.com\/it-it\/wp-content\/uploads\/sites\/5\/2022\/07\/Loxone-1.png 1181w\" sizes=\"(max-width: 768px) 100vw, 768px\" \/>\t\t\t\t\t\t\t\t\t\t\t\t\t\t\t<\/div>\n\t\t\t\t<\/div>\n\t\t\t\t<\/div>\n\t\t<div class=\"elementor-element elementor-element-ea86c23 e-con-full e-flex e-con e-parent\" data-id=\"ea86c23\" data-element_type=\"container\" data-e-type=\"container\">\n\t\t\t\t<div class=\"elementor-element elementor-element-fd3b210 elementor-widget__width-initial elementor-widget elementor-widget-heading\" data-id=\"fd3b210\" data-element_type=\"widget\" data-e-type=\"widget\" data-widget_type=\"heading.default\">\n\t\t\t\t<div class=\"elementor-widget-container\">\n\t\t\t\t\t<h2 class=\"elementor-heading-title elementor-size-default\">Smart Home<\/h2>\t\t\t\t<\/div>\n\t\t\t\t<\/div>\n\t\t\t\t<div class=\"elementor-element elementor-element-b8f44cf elementor-widget-divider--view-line elementor-widget elementor-widget-divider\" data-id=\"b8f44cf\" data-element_type=\"widget\" data-e-type=\"widget\" data-widget_type=\"divider.default\">\n\t\t\t\t<div class=\"elementor-widget-container\">\n\t\t\t\t\t\t\t<div class=\"elementor-divider\">\n\t\t\t<span class=\"elementor-divider-separator\">\n\t\t\t\t\t\t<\/span>\n\t\t<\/div>\n\t\t\t\t\t\t<\/div>\n\t\t\t\t<\/div>\n\t\t\t\t<div class=\"elementor-element elementor-element-1a52ceb elementor-widget elementor-widget-heading\" data-id=\"1a52ceb\" data-element_type=\"widget\" data-e-type=\"widget\" data-widget_type=\"heading.default\">\n\t\t\t\t<div class=\"elementor-widget-container\">\n\t\t\t\t\t<h6 class=\"elementor-heading-title elementor-size-default\">Loxone<\/h6>\t\t\t\t<\/div>\n\t\t\t\t<\/div>\n\t\t\t\t<div class=\"elementor-element elementor-element-99e7f67 elementor-widget elementor-widget-text-editor\" data-id=\"99e7f67\" data-element_type=\"widget\" data-e-type=\"widget\" data-widget_type=\"text-editor.default\">\n\t\t\t\t<div class=\"elementor-widget-container\">\n\t\t\t\t\t\t\t\t\t<p>Abbinando il riscaldamento Froling al Loxone Miniserver e alla nuova Extension Froling \u00e8 possibile realizzare un comando caldaia individuale basato sulla regolazione del singolo ambiente del Loxone Smart Home.<br \/><br \/>Vantaggi: <br \/>Facilit\u00e0 di utilizzo e ispezione del circuito di riscaldamento tramite il Loxone Miniserver, segnalazione immediata di variazioni di stato e modalit\u00e0 operative individuali per ogni situazione (modalit\u00e0 risparmio, vacanza, presenza,&#8230;)<\/p>\t\t\t\t\t\t\t\t<\/div>\n\t\t\t\t<\/div>\n\t\t\t\t<div class=\"elementor-element elementor-element-a234ee4 elementor-widget elementor-widget-heading\" data-id=\"a234ee4\" data-element_type=\"widget\" data-e-type=\"widget\" data-widget_type=\"heading.default\">\n\t\t\t\t<div class=\"elementor-widget-container\">\n\t\t\t\t\t<h6 class=\"elementor-heading-title elementor-size-default\">Modbus<\/h6>\t\t\t\t<\/div>\n\t\t\t\t<\/div>\n\t\t\t\t<div class=\"elementor-element elementor-element-bdb9d70 elementor-widget elementor-widget-text-editor\" data-id=\"bdb9d70\" data-element_type=\"widget\" data-e-type=\"widget\" data-widget_type=\"text-editor.default\">\n\t\t\t\t<div class=\"elementor-widget-container\">\n\t\t\t\t\t\t\t\t\t<p>Tramite l\u2019interfaccia Modbus di Froling l\u2019impianto pu\u00f2 essere inserito in un sistema di gestione dell\u2019edificio.<\/p>\t\t\t\t\t\t\t\t<\/div>\n\t\t\t\t<\/div>\n\t\t\t\t<\/div>\n\t\t\t\t\t<\/div>\n\t\t\t\t<\/div>\n\t\t<div class=\"elementor-element elementor-element-dbd878a e-flex e-con-boxed e-con e-parent\" data-id=\"dbd878a\" data-element_type=\"container\" data-e-type=\"container\">\n\t\t\t\t\t<div class=\"e-con-inner\">\n\t\t<div class=\"elementor-element elementor-element-3dc1a26 e-con-full e-flex e-con e-parent\" data-id=\"3dc1a26\" data-element_type=\"container\" data-e-type=\"container\">\n\t\t\t\t<div class=\"elementor-element elementor-element-7355a37 elementor-widget elementor-widget-image\" data-id=\"7355a37\" data-element_type=\"widget\" data-e-type=\"widget\" data-widget_type=\"image.default\">\n\t\t\t\t<div class=\"elementor-widget-container\">\n\t\t\t\t\t\t\t\t\t\t\t\t\t\t\t<img decoding=\"async\" width=\"617\" height=\"1024\" src=\"https:\/\/www.froeling.com\/it-it\/wp-content\/uploads\/sites\/5\/2022\/12\/Uebersicht-App-617x1024.jpg\" class=\"attachment-large size-large wp-image-3833\" alt=\"\" srcset=\"https:\/\/www.froeling.com\/it-it\/wp-content\/uploads\/sites\/5\/2022\/12\/Uebersicht-App-617x1024.jpg 617w, https:\/\/www.froeling.com\/it-it\/wp-content\/uploads\/sites\/5\/2022\/12\/Uebersicht-App-181x300.jpg 181w, https:\/\/www.froeling.com\/it-it\/wp-content\/uploads\/sites\/5\/2022\/12\/Uebersicht-App-768x1274.jpg 768w, https:\/\/www.froeling.com\/it-it\/wp-content\/uploads\/sites\/5\/2022\/12\/Uebersicht-App-926x1536.jpg 926w, https:\/\/www.froeling.com\/it-it\/wp-content\/uploads\/sites\/5\/2022\/12\/Uebersicht-App-1234x2048.jpg 1234w, https:\/\/www.froeling.com\/it-it\/wp-content\/uploads\/sites\/5\/2022\/12\/Uebersicht-App-1920x3186.jpg 1920w, https:\/\/www.froeling.com\/it-it\/wp-content\/uploads\/sites\/5\/2022\/12\/Uebersicht-App-scaled.jpg 1543w\" sizes=\"(max-width: 617px) 100vw, 617px\" \/>\t\t\t\t\t\t\t\t\t\t\t\t\t\t\t<\/div>\n\t\t\t\t<\/div>\n\t\t\t\t<div class=\"elementor-element elementor-element-fec980a elementor-widget elementor-widget-text-editor\" data-id=\"fec980a\" data-element_type=\"widget\" data-e-type=\"widget\" data-widget_type=\"text-editor.default\">\n\t\t\t\t<div class=\"elementor-widget-container\">\n\t\t\t\t\t\t\t\t\t<p style=\"text-align: center;\"><strong>Alles auf einen Blick:<\/strong><br \/>Kompakte \u00dcbersicht mit den<br \/>wichtigsten Informationen.<br \/>Individuelle Benennung der Heizkreise m\u00f6glich.<\/p>\t\t\t\t\t\t\t\t<\/div>\n\t\t\t\t<\/div>\n\t\t\t\t<\/div>\n\t\t<div class=\"elementor-element elementor-element-73ee1b2 e-con-full e-flex e-con e-parent\" data-id=\"73ee1b2\" data-element_type=\"container\" data-e-type=\"container\">\n\t\t\t\t<div class=\"elementor-element elementor-element-0784f13 elementor-widget elementor-widget-image\" data-id=\"0784f13\" data-element_type=\"widget\" data-e-type=\"widget\" data-widget_type=\"image.default\">\n\t\t\t\t<div class=\"elementor-widget-container\">\n\t\t\t\t\t\t\t\t\t\t\t\t\t\t\t<img decoding=\"async\" width=\"617\" height=\"1024\" src=\"https:\/\/www.froeling.com\/it-it\/wp-content\/uploads\/sites\/5\/2022\/12\/Anlagenliste-617x1024.jpg\" class=\"attachment-large size-large wp-image-3834\" alt=\"\" srcset=\"https:\/\/www.froeling.com\/it-it\/wp-content\/uploads\/sites\/5\/2022\/12\/Anlagenliste-617x1024.jpg 617w, https:\/\/www.froeling.com\/it-it\/wp-content\/uploads\/sites\/5\/2022\/12\/Anlagenliste-181x300.jpg 181w, https:\/\/www.froeling.com\/it-it\/wp-content\/uploads\/sites\/5\/2022\/12\/Anlagenliste-768x1274.jpg 768w, https:\/\/www.froeling.com\/it-it\/wp-content\/uploads\/sites\/5\/2022\/12\/Anlagenliste-926x1536.jpg 926w, https:\/\/www.froeling.com\/it-it\/wp-content\/uploads\/sites\/5\/2022\/12\/Anlagenliste-1234x2048.jpg 1234w, https:\/\/www.froeling.com\/it-it\/wp-content\/uploads\/sites\/5\/2022\/12\/Anlagenliste-1920x3186.jpg 1920w, https:\/\/www.froeling.com\/it-it\/wp-content\/uploads\/sites\/5\/2022\/12\/Anlagenliste-scaled.jpg 1543w\" sizes=\"(max-width: 617px) 100vw, 617px\" \/>\t\t\t\t\t\t\t\t\t\t\t\t\t\t\t<\/div>\n\t\t\t\t<\/div>\n\t\t\t\t<div class=\"elementor-element elementor-element-4fa3839 elementor-widget elementor-widget-text-editor\" data-id=\"4fa3839\" data-element_type=\"widget\" data-e-type=\"widget\" data-widget_type=\"text-editor.default\">\n\t\t\t\t<div class=\"elementor-widget-container\">\n\t\t\t\t\t\t\t\t\t<p style=\"text-align: center;\"><strong>\u00dcbersicht:<\/strong><br \/>Liste aller angemeldeten<br \/>Heizkessel.<\/p>\t\t\t\t\t\t\t\t<\/div>\n\t\t\t\t<\/div>\n\t\t\t\t<\/div>\n\t\t<div class=\"elementor-element elementor-element-bec3a3e e-con-full e-flex e-con e-parent\" data-id=\"bec3a3e\" data-element_type=\"container\" data-e-type=\"container\">\n\t\t\t\t<div class=\"elementor-element elementor-element-c974a7e elementor-widget elementor-widget-image\" data-id=\"c974a7e\" data-element_type=\"widget\" data-e-type=\"widget\" data-widget_type=\"image.default\">\n\t\t\t\t<div class=\"elementor-widget-container\">\n\t\t\t\t\t\t\t\t\t\t\t\t\t\t\t<img loading=\"lazy\" decoding=\"async\" width=\"617\" height=\"1024\" src=\"https:\/\/www.froeling.com\/it-it\/wp-content\/uploads\/sites\/5\/2022\/12\/Heizzeiten-App-617x1024.jpg\" class=\"attachment-large size-large wp-image-3835\" alt=\"\" srcset=\"https:\/\/www.froeling.com\/it-it\/wp-content\/uploads\/sites\/5\/2022\/12\/Heizzeiten-App-617x1024.jpg 617w, https:\/\/www.froeling.com\/it-it\/wp-content\/uploads\/sites\/5\/2022\/12\/Heizzeiten-App-181x300.jpg 181w, https:\/\/www.froeling.com\/it-it\/wp-content\/uploads\/sites\/5\/2022\/12\/Heizzeiten-App-768x1274.jpg 768w, https:\/\/www.froeling.com\/it-it\/wp-content\/uploads\/sites\/5\/2022\/12\/Heizzeiten-App-926x1536.jpg 926w, https:\/\/www.froeling.com\/it-it\/wp-content\/uploads\/sites\/5\/2022\/12\/Heizzeiten-App-1234x2048.jpg 1234w, https:\/\/www.froeling.com\/it-it\/wp-content\/uploads\/sites\/5\/2022\/12\/Heizzeiten-App-1920x3186.jpg 1920w, https:\/\/www.froeling.com\/it-it\/wp-content\/uploads\/sites\/5\/2022\/12\/Heizzeiten-App-scaled.jpg 1543w\" sizes=\"(max-width: 617px) 100vw, 617px\" \/>\t\t\t\t\t\t\t\t\t\t\t\t\t\t\t<\/div>\n\t\t\t\t<\/div>\n\t\t\t\t<div class=\"elementor-element elementor-element-edc30c0 elementor-widget elementor-widget-text-editor\" data-id=\"edc30c0\" data-element_type=\"widget\" data-e-type=\"widget\" data-widget_type=\"text-editor.default\">\n\t\t\t\t<div class=\"elementor-widget-container\">\n\t\t\t\t\t\t\t\t\t<p style=\"text-align: center;\"><strong>Komfortabel:<\/strong><br \/>Individuelle und einfache <br \/>Anpassung der Heizzeiten.<\/p>\t\t\t\t\t\t\t\t<\/div>\n\t\t\t\t<\/div>\n\t\t\t\t<\/div>\n\t\t<div class=\"elementor-element elementor-element-05d9799 e-con-full e-flex e-con e-parent\" data-id=\"05d9799\" data-element_type=\"container\" data-e-type=\"container\">\n\t\t\t\t<div class=\"elementor-element elementor-element-7b67612 elementor-widget elementor-widget-image\" data-id=\"7b67612\" data-element_type=\"widget\" data-e-type=\"widget\" data-widget_type=\"image.default\">\n\t\t\t\t<div class=\"elementor-widget-container\">\n\t\t\t\t\t\t\t\t\t\t\t\t\t\t\t<img loading=\"lazy\" decoding=\"async\" width=\"617\" height=\"1024\" src=\"https:\/\/www.froeling.com\/it-it\/wp-content\/uploads\/sites\/5\/2022\/12\/Benachrichtigungen-App-617x1024.jpg\" class=\"attachment-large size-large wp-image-3836\" alt=\"\" srcset=\"https:\/\/www.froeling.com\/it-it\/wp-content\/uploads\/sites\/5\/2022\/12\/Benachrichtigungen-App-617x1024.jpg 617w, https:\/\/www.froeling.com\/it-it\/wp-content\/uploads\/sites\/5\/2022\/12\/Benachrichtigungen-App-181x300.jpg 181w, https:\/\/www.froeling.com\/it-it\/wp-content\/uploads\/sites\/5\/2022\/12\/Benachrichtigungen-App-768x1274.jpg 768w, https:\/\/www.froeling.com\/it-it\/wp-content\/uploads\/sites\/5\/2022\/12\/Benachrichtigungen-App-926x1536.jpg 926w, https:\/\/www.froeling.com\/it-it\/wp-content\/uploads\/sites\/5\/2022\/12\/Benachrichtigungen-App-1234x2048.jpg 1234w, https:\/\/www.froeling.com\/it-it\/wp-content\/uploads\/sites\/5\/2022\/12\/Benachrichtigungen-App-1920x3186.jpg 1920w, https:\/\/www.froeling.com\/it-it\/wp-content\/uploads\/sites\/5\/2022\/12\/Benachrichtigungen-App-scaled.jpg 1543w\" sizes=\"(max-width: 617px) 100vw, 617px\" \/>\t\t\t\t\t\t\t\t\t\t\t\t\t\t\t<\/div>\n\t\t\t\t<\/div>\n\t\t\t\t<div class=\"elementor-element elementor-element-8b82dfc elementor-widget elementor-widget-text-editor\" data-id=\"8b82dfc\" data-element_type=\"widget\" data-e-type=\"widget\" data-widget_type=\"text-editor.default\">\n\t\t\t\t<div class=\"elementor-widget-container\">\n\t\t\t\t\t\t\t\t\t<p style=\"text-align: center;\"><strong>Benachrichtigungen:<\/strong><br \/>Benachrichtigungen (Aschebox leeren, usw&#8230;) werden direkt an <br \/>den User \u00fcbermittelt (z.B. per <br \/>eMail oder Push-Meldungen).<\/p>\t\t\t\t\t\t\t\t<\/div>\n\t\t\t\t<\/div>\n\t\t\t\t<\/div>\n\t\t\t\t\t<\/div>\n\t\t\t\t<\/div>\n\t\t<div class=\"elementor-element elementor-element-1b8fd77 e-flex e-con-boxed e-con e-parent\" data-id=\"1b8fd77\" data-element_type=\"container\" data-e-type=\"container\">\n\t\t\t\t\t<div class=\"e-con-inner\">\n\t\t\t\t<div class=\"elementor-element elementor-element-4b50428 elementor-widget elementor-widget-video\" data-id=\"4b50428\" data-element_type=\"widget\" data-e-type=\"widget\" data-settings=\"{&quot;video_type&quot;:&quot;hosted&quot;,&quot;controls&quot;:&quot;yes&quot;}\" data-widget_type=\"video.default\">\n\t\t\t\t<div class=\"elementor-widget-container\">\n\t\t\t\t\t\t\t<div class=\"e-hosted-video elementor-wrapper elementor-open-inline\">\n\t\t\t\t\t<video class=\"elementor-video\" src=\"https:\/\/www.froeling.com\/de-at\/wp-content\/uploads\/sites\/2\/2022\/12\/FB_T4e_App.mp4\" controls=\"\" preload=\"metadata\" controlsList=\"nodownload\"><\/video>\n\t\t\t\t<\/div>\n\t\t\t\t\t\t<\/div>\n\t\t\t\t<\/div>\n\t\t\t\t\t<\/div>\n\t\t\t\t<\/div>\n\t\t<div class=\"elementor-element elementor-element-2811e0a e-con-full e-flex e-con e-parent\" data-id=\"2811e0a\" data-element_type=\"container\" data-e-type=\"container\">\n\t\t\t\t<div class=\"elementor-element elementor-element-722b439 elementor-widget-tablet__width-inherit elementor-widget elementor-widget-template\" data-id=\"722b439\" data-element_type=\"widget\" data-e-type=\"widget\" data-widget_type=\"template.default\">\n\t\t\t\t<div class=\"elementor-widget-container\">\n\t\t\t\t\t\t\t<div class=\"elementor-template\">\n\t\t\t\t\t<div data-elementor-type=\"container\" data-elementor-id=\"903\" class=\"elementor elementor-903\" data-elementor-post-type=\"elementor_library\">\n\t\t\t\t<div class=\"elementor-element elementor-element-f4a9d9a e-flex e-con-boxed e-con e-parent\" data-id=\"f4a9d9a\" data-element_type=\"container\" data-e-type=\"container\" data-settings=\"{&quot;background_background&quot;:&quot;gradient&quot;}\">\n\t\t\t\t\t<div class=\"e-con-inner\">\n\t\t<div class=\"elementor-element elementor-element-530d5e3 e-con-full e-flex e-con e-child\" data-id=\"530d5e3\" data-element_type=\"container\" data-e-type=\"container\">\n\t\t\t\t<div class=\"elementor-element elementor-element-ce08c4d elementor-widget elementor-widget-text-editor\" data-id=\"ce08c4d\" data-element_type=\"widget\" data-e-type=\"widget\" data-widget_type=\"text-editor.default\">\n\t\t\t\t<div class=\"elementor-widget-container\">\n\t\t\t\t\t\t\t\t\t<p>Per voi personalmente<\/p>\t\t\t\t\t\t\t\t<\/div>\n\t\t\t\t<\/div>\n\t\t\t\t<div class=\"elementor-element elementor-element-1de40b0 elementor-widget elementor-widget-heading\" data-id=\"1de40b0\" data-element_type=\"widget\" data-e-type=\"widget\" data-widget_type=\"heading.default\">\n\t\t\t\t<div class=\"elementor-widget-container\">\n\t\t\t\t\t<h2 class=\"elementor-heading-title elementor-size-default\">Informazioni e consulenza<\/h2>\t\t\t\t<\/div>\n\t\t\t\t<\/div>\n\t\t\t\t<div class=\"elementor-element elementor-element-e911e07 elementor-widget elementor-widget-text-editor\" data-id=\"e911e07\" data-element_type=\"widget\" data-e-type=\"widget\" data-widget_type=\"text-editor.default\">\n\t\t\t\t<div class=\"elementor-widget-container\">\n\t\t\t\t\t\t\t\t\t<p>Desiderate informazioni su un prodotto o avete una domanda generica sulla nostra azienda? Richiedete subito informazioni o una consulenza utilizzando il nostro modulo di contatto online.<\/p>\t\t\t\t\t\t\t\t<\/div>\n\t\t\t\t<\/div>\n\t\t\t\t<div class=\"elementor-element elementor-element-7c0ef91 elementor-widget elementor-widget-button\" data-id=\"7c0ef91\" data-element_type=\"widget\" data-e-type=\"widget\" data-widget_type=\"button.default\">\n\t\t\t\t<div class=\"elementor-widget-container\">\n\t\t\t\t\t\t\t\t\t<div class=\"elementor-button-wrapper\">\n\t\t\t\t\t<a class=\"elementor-button elementor-button-link elementor-size-md\" href=\"https:\/\/www.froeling.com\/it-it\/contatti\/richiedere-informazioni-consigli\/\">\n\t\t\t\t\t\t<span class=\"elementor-button-content-wrapper\">\n\t\t\t\t\t\t\t\t\t<span class=\"elementor-button-text\">Richiedi consulenza personalizzata<\/span>\n\t\t\t\t\t<\/span>\n\t\t\t\t\t<\/a>\n\t\t\t\t<\/div>\n\t\t\t\t\t\t\t\t<\/div>\n\t\t\t\t<\/div>\n\t\t\t\t<\/div>\n\t\t<div class=\"elementor-element elementor-element-53141f8 e-con-full e-flex e-con e-child\" data-id=\"53141f8\" data-element_type=\"container\" data-e-type=\"container\">\n\t\t\t\t<div class=\"elementor-element elementor-element-f0b517b elementor-widget elementor-widget-image\" data-id=\"f0b517b\" data-element_type=\"widget\" data-e-type=\"widget\" data-widget_type=\"image.default\">\n\t\t\t\t<div class=\"elementor-widget-container\">\n\t\t\t\t\t\t\t\t\t\t\t\t\t\t\t<img loading=\"lazy\" decoding=\"async\" width=\"699\" height=\"786\" src=\"https:\/\/www.froeling.com\/it-it\/wp-content\/uploads\/sites\/5\/2022\/05\/products_together_1.png\" class=\"attachment-medium_large size-medium_large wp-image-473\" alt=\"\" srcset=\"https:\/\/www.froeling.com\/it-it\/wp-content\/uploads\/sites\/5\/2022\/05\/products_together_1.png 699w, https:\/\/www.froeling.com\/it-it\/wp-content\/uploads\/sites\/5\/2022\/05\/products_together_1-267x300.png 267w\" sizes=\"(max-width: 699px) 100vw, 699px\" \/>\t\t\t\t\t\t\t\t\t\t\t\t\t\t\t<\/div>\n\t\t\t\t<\/div>\n\t\t\t\t<\/div>\n\t\t\t\t\t<\/div>\n\t\t\t\t<\/div>\n\t\t\t\t<\/div>\n\t\t\t\t<\/div>\n\t\t\t\t\t\t<\/div>\n\t\t\t\t<\/div>\n\t\t\t\t<\/div>\n\t\t<div class=\"elementor-element elementor-element-b758104 e-flex e-con-boxed e-con e-parent\" data-id=\"b758104\" data-element_type=\"container\" data-e-type=\"container\">\n\t\t\t\t\t<div class=\"e-con-inner\">\n\t\t\t\t\t<\/div>\n\t\t\t\t<\/div>\n\t\t\t\t<\/div>\n\t\t","protected":false},"excerpt":{"rendered":"<p>\/*! elementor &#8211; v3.9.1 &#8211; 14-12-2022 *\/ .elementor-heading-title{padding:0;margin:0;line-height:1}.elementor-widget-heading .elementor-heading-title[class*=elementor-size-]&gt;a{color:inherit;font-size:inherit;line-height:inherit}.elementor-widget-heading .elementor-heading-title.elementor-size-small{font-size:15px}.elementor-widget-heading .elementor-heading-title.elementor-size-medium{font-size:19px}.elementor-widget-heading .elementor-heading-title.elementor-size-large{font-size:29px}.elementor-widget-heading .elementor-heading-title.elementor-size-xl{font-size:39px}.elementor-widget-heading .elementor-heading-title.elementor-size-xxl{font-size:59px} App Fr\u00f6ling Tutto sotto controllo! L&#8217;app \u00e8 disponibile nel Play Store Android x nell&#8217;App Store IOS. Con la Fr\u00f6ling App \u00e8 possibile controllare e gestire online la caldaia Fr\u00f6ling in qualsiasi momento e dovunque ci si trovi. I valori di stato [&hellip;]<\/p>\n","protected":false},"author":6,"featured_media":0,"parent":0,"menu_order":0,"comment_status":"closed","ping_status":"closed","template":"","meta":{"_acf_changed":false,"footnotes":""},"class_list":["post-3788","page","type-page","status-publish","hentry"],"acf":[],"_links":{"self":[{"href":"https:\/\/www.froeling.com\/it-it\/wp-json\/wp\/v2\/pages\/3788","targetHints":{"allow":["GET"]}}],"collection":[{"href":"https:\/\/www.froeling.com\/it-it\/wp-json\/wp\/v2\/pages"}],"about":[{"href":"https:\/\/www.froeling.com\/it-it\/wp-json\/wp\/v2\/types\/page"}],"author":[{"embeddable":true,"href":"https:\/\/www.froeling.com\/it-it\/wp-json\/wp\/v2\/users\/6"}],"replies":[{"embeddable":true,"href":"https:\/\/www.froeling.com\/it-it\/wp-json\/wp\/v2\/comments?post=3788"}],"version-history":[{"count":7,"href":"https:\/\/www.froeling.com\/it-it\/wp-json\/wp\/v2\/pages\/3788\/revisions"}],"predecessor-version":[{"id":6587,"href":"https:\/\/www.froeling.com\/it-it\/wp-json\/wp\/v2\/pages\/3788\/revisions\/6587"}],"wp:attachment":[{"href":"https:\/\/www.froeling.com\/it-it\/wp-json\/wp\/v2\/media?parent=3788"}],"curies":[{"name":"wp","href":"https:\/\/api.w.org\/{rel}","templated":true}]}}