{"id":4086,"date":"2022-12-16T12:00:38","date_gmt":"2022-12-16T11:00:38","guid":{"rendered":"https:\/\/www.froeling.com\/de-at\/?page_id=4086"},"modified":"2023-04-24T12:19:17","modified_gmt":"2023-04-24T10:19:17","slug":"impronta-termini","status":"publish","type":"page","link":"https:\/\/www.froeling.com\/it-it\/impronta-termini\/","title":{"rendered":"Impronta &#038; Termini"},"content":{"rendered":"\t\t<div data-elementor-type=\"wp-page\" data-elementor-id=\"4086\" class=\"elementor elementor-4086\" data-elementor-post-type=\"page\">\n\t\t\t\t<div class=\"elementor-element elementor-element-8dd7d67 e-con-full e-flex e-con e-parent\" data-id=\"8dd7d67\" data-element_type=\"container\" data-e-type=\"container\" data-settings=\"{&quot;background_background&quot;:&quot;gradient&quot;}\">\n\t\t<div class=\"elementor-element elementor-element-9459e15 e-con-full e-flex e-con e-parent\" data-id=\"9459e15\" data-element_type=\"container\" data-e-type=\"container\">\n\t\t<div class=\"elementor-element elementor-element-8c71072 hero-offset-container e-flex e-con-boxed e-con e-parent\" data-id=\"8c71072\" data-element_type=\"container\" data-e-type=\"container\" data-settings=\"{&quot;background_background&quot;:&quot;classic&quot;}\">\n\t\t\t\t\t<div class=\"e-con-inner\">\n\t\t\t\t<div class=\"elementor-element elementor-element-992c090 elementor-widget elementor-widget-heading\" data-id=\"992c090\" data-element_type=\"widget\" data-e-type=\"widget\" data-widget_type=\"heading.default\">\n\t\t\t\t<div class=\"elementor-widget-container\">\n\t\t\t\t\t<h2 class=\"elementor-heading-title elementor-size-default\">Impronta &amp; Termini\n<\/h2>\t\t\t\t<\/div>\n\t\t\t\t<\/div>\n\t\t\t\t\t<\/div>\n\t\t\t\t<\/div>\n\t\t\t\t<\/div>\n\t\t<div class=\"elementor-element elementor-element-2162f26 e-con-full e-flex e-con e-parent\" data-id=\"2162f26\" data-element_type=\"container\" data-e-type=\"container\" data-settings=\"{&quot;background_background&quot;:&quot;classic&quot;}\">\n\t\t\t\t<\/div>\n\t\t\t\t<\/div>\n\t\t<div class=\"elementor-element elementor-element-a056f1a elementor-hidden-mobile e-flex e-con-boxed e-con e-parent\" data-id=\"a056f1a\" data-element_type=\"container\" data-e-type=\"container\" data-settings=\"{&quot;background_background&quot;:&quot;gradient&quot;}\">\n\t\t\t\t\t<div class=\"e-con-inner\">\n\t\t\t\t\t<\/div>\n\t\t\t\t<\/div>\n\t\t<div class=\"elementor-element elementor-element-50c58a0 e-flex e-con-boxed e-con e-parent\" data-id=\"50c58a0\" data-element_type=\"container\" data-e-type=\"container\">\n\t\t\t\t\t<div class=\"e-con-inner\">\n\t\t<div class=\"elementor-element elementor-element-9be5447 e-con-full e-flex e-con e-parent\" data-id=\"9be5447\" data-element_type=\"container\" data-e-type=\"container\">\n\t\t\t\t<div class=\"elementor-element elementor-element-ffd5e9d elementor-widget elementor-widget-heading\" data-id=\"ffd5e9d\" data-element_type=\"widget\" data-e-type=\"widget\" data-widget_type=\"heading.default\">\n\t\t\t\t<div class=\"elementor-widget-container\">\n\t\t\t\t\t<h2 class=\"elementor-heading-title elementor-size-default\">Denominazione dell'impresa:<\/h2>\t\t\t\t<\/div>\n\t\t\t\t<\/div>\n\t\t\t\t<div class=\"elementor-element elementor-element-34e2228 elementor-widget elementor-widget-text-editor\" data-id=\"34e2228\" data-element_type=\"widget\" data-e-type=\"widget\" data-widget_type=\"text-editor.default\">\n\t\t\t\t<div class=\"elementor-widget-container\">\n\t\t\t\t\t\t\t\t\t<p>Fr\u00f6ling Heizkessel- und Beh\u00e4lterbau Ges.m.b.H.<\/p><p><span style=\"background-color: #ebeeef; color: #000000; font-family: Roboto, Tahoma, Segoe, sans-serif; font-size: 14px; font-weight: var( --e-global-typography-text-font-weight ); text-align: var(--text-align);\">Sede<\/span>:<br \/>Industriestra\u00dfe 12<br \/>A-4710 Grieskirchen<\/p><p>Obbligo d&#8217;informazione ai sensi del \u00a7 5 comma 1 della legge sul commercio informatico (A):<\/p>\t\t\t\t\t\t\t\t<\/div>\n\t\t\t\t<\/div>\n\t\t\t\t<div class=\"elementor-element elementor-element-70a890b elementor-widget elementor-widget-image\" data-id=\"70a890b\" data-element_type=\"widget\" data-e-type=\"widget\" data-widget_type=\"image.default\">\n\t\t\t\t<div class=\"elementor-widget-container\">\n\t\t\t\t\t\t\t\t\t\t\t\t\t\t\t\t<a href=\"http:\/\/firmena-z.wko.at\/ecg.asp?MGID=B92ACB3262CFFC88F247AB637FFE1B78\" target=\"_blank\" rel=\"noopener\">\n\t\t\t\t\t\t\t<img decoding=\"async\" width=\"169\" height=\"23\" src=\"https:\/\/www.froeling.com\/it-it\/wp-content\/uploads\/sites\/5\/2022\/12\/ecg.gif\" class=\"attachment-large size-large wp-image-4346\" alt=\"\" \/>\t\t\t\t\t\t\t\t<\/a>\n\t\t\t\t\t\t\t\t\t\t\t\t\t\t\t<\/div>\n\t\t\t\t<\/div>\n\t\t\t\t<div class=\"elementor-element elementor-element-e5db8c5 elementor-widget elementor-widget-heading\" data-id=\"e5db8c5\" data-element_type=\"widget\" data-e-type=\"widget\" data-widget_type=\"heading.default\">\n\t\t\t\t<div class=\"elementor-widget-container\">\n\t\t\t\t\t<h2 class=\"elementor-heading-title elementor-size-default\">Tutti i diritti sono riservati<\/h2>\t\t\t\t<\/div>\n\t\t\t\t<\/div>\n\t\t\t\t<div class=\"elementor-element elementor-element-a38f04e elementor-widget elementor-widget-text-editor\" data-id=\"a38f04e\" data-element_type=\"widget\" data-e-type=\"widget\" data-widget_type=\"text-editor.default\">\n\t\t\t\t<div class=\"elementor-widget-container\">\n\t\t\t\t\t\t\t\t\t<p>I testi, le immagini, i grafici e le animazioni nonch\u00e9 la loro disposizione sulla pagina web della Fr\u00f6ling Ges.m.b.H. sono protetti dal diritto d&#8217;autore. Il contenuto della presente pagina web non pu\u00f2 essere n\u00e9 copiato, n\u00e9 diffuso o modificato ai fini commerciali senza nostro previo consenso.<\/p>\t\t\t\t\t\t\t\t<\/div>\n\t\t\t\t<\/div>\n\t\t\t\t<div class=\"elementor-element elementor-element-92b105a elementor-widget elementor-widget-heading\" data-id=\"92b105a\" data-element_type=\"widget\" data-e-type=\"widget\" data-widget_type=\"heading.default\">\n\t\t\t\t<div class=\"elementor-widget-container\">\n\t\t\t\t\t<h2 class=\"elementor-heading-title elementor-size-default\">Esclusione di garanzia e responsabilit\u00e0\n<\/h2>\t\t\t\t<\/div>\n\t\t\t\t<\/div>\n\t\t\t\t<div class=\"elementor-element elementor-element-345c280 elementor-widget elementor-widget-text-editor\" data-id=\"345c280\" data-element_type=\"widget\" data-e-type=\"widget\" data-widget_type=\"text-editor.default\">\n\t\t\t\t<div class=\"elementor-widget-container\">\n\t\t\t\t\t\t\t\t\t<p>La presente pagina web \u00e8 stata redatta con la maggior diligenza possibile. Ci\u00f2 nonostante la Fr\u00f6ling Ges.m.b.H. non garantisce l&#8217;assenza di errori, la completezza e l&#8217;attualit\u00e0 delle informazioni ivi contenute. La Fr\u00f6ling Ges.m.b.H. declina ogni responsabilit\u00e0 per danni direttamente o indirettamente riconducibili all&#8217;utilizzo della presente pagina web, ivi incluse le connessioni (\u201clinks\u201d) ai quali la presente pagina web si riferisce direttamente o indirettamente\u00a0<\/p>\t\t\t\t\t\t\t\t<\/div>\n\t\t\t\t<\/div>\n\t\t\t\t<div class=\"elementor-element elementor-element-a9fcd21 elementor-widget elementor-widget-heading\" data-id=\"a9fcd21\" data-element_type=\"widget\" data-e-type=\"widget\" data-widget_type=\"heading.default\">\n\t\t\t\t<div class=\"elementor-widget-container\">\n\t\t\t\t\t<h2 class=\"elementor-heading-title elementor-size-default\">Privacy<\/h2>\t\t\t\t<\/div>\n\t\t\t\t<\/div>\n\t\t\t\t<div class=\"elementor-element elementor-element-8ecf882 elementor-widget elementor-widget-text-editor\" data-id=\"8ecf882\" data-element_type=\"widget\" data-e-type=\"widget\" data-widget_type=\"text-editor.default\">\n\t\t\t\t<div class=\"elementor-widget-container\">\n\t\t\t\t\t\t\t\t\t<p>Tutti i dati personali rilevati dal sito web della Fr\u00f6ling Ges.m.b.H. saranno memorizzati e trattati esclusivamente ai fini della Sua assistenza personale, dell&#8217;invio di informazioni sui prodotti e della proposta di offerte. La Fr\u00f6ling Ges.m.b.H. garantisce la massima riservatezza nel trattamento dei Suoi dati.<\/p>\t\t\t\t\t\t\t\t<\/div>\n\t\t\t\t<\/div>\n\t\t\t\t<div class=\"elementor-element elementor-element-243ea0b elementor-widget elementor-widget-button\" data-id=\"243ea0b\" data-element_type=\"widget\" data-e-type=\"widget\" data-widget_type=\"button.default\">\n\t\t\t\t<div class=\"elementor-widget-container\">\n\t\t\t\t\t\t\t\t\t<div class=\"elementor-button-wrapper\">\n\t\t\t\t\t<a class=\"elementor-button elementor-button-link elementor-size-md\" href=\"https:\/\/www.froeling.com\/it-it\/wp-content\/uploads\/sites\/5\/2023\/04\/AGB_Italien.pdf\">\n\t\t\t\t\t\t<span class=\"elementor-button-content-wrapper\">\n\t\t\t\t\t\t<span class=\"elementor-button-icon\">\n\t\t\t\t<i aria-hidden=\"true\" class=\"far fa-file-pdf\"><\/i>\t\t\t<\/span>\n\t\t\t\t\t\t\t\t\t<span class=\"elementor-button-text\">Download Condizioni di vendita e consegna<\/span>\n\t\t\t\t\t<\/span>\n\t\t\t\t\t<\/a>\n\t\t\t\t<\/div>\n\t\t\t\t\t\t\t\t<\/div>\n\t\t\t\t<\/div>\n\t\t\t\t<\/div>\n\t\t<div class=\"elementor-element elementor-element-3d649b6 e-con-full e-flex e-con e-parent\" data-id=\"3d649b6\" data-element_type=\"container\" data-e-type=\"container\">\n\t\t\t\t<div class=\"elementor-element elementor-element-4fa6b20 elementor-widget elementor-widget-template\" data-id=\"4fa6b20\" data-element_type=\"widget\" data-e-type=\"widget\" data-widget_type=\"template.default\">\n\t\t\t\t<div class=\"elementor-widget-container\">\n\t\t\t\t\t\t\t<div class=\"elementor-template\">\n\t\t\t\t\t<div data-elementor-type=\"container\" data-elementor-id=\"913\" class=\"elementor elementor-913\" data-elementor-post-type=\"elementor_library\">\n\t\t\t\t<div class=\"elementor-element elementor-element-d1851d4 e-con-full hover-img e-flex e-con e-parent\" data-id=\"d1851d4\" data-element_type=\"container\" data-e-type=\"container\" data-settings=\"{&quot;background_background&quot;:&quot;classic&quot;}\">\n\t\t\t\t<div class=\"elementor-element elementor-element-8538615 elementor-widget elementor-widget-image\" data-id=\"8538615\" data-element_type=\"widget\" data-e-type=\"widget\" data-widget_type=\"image.default\">\n\t\t\t\t<div class=\"elementor-widget-container\">\n\t\t\t\t\t\t\t\t\t\t\t\t\t\t\t<img fetchpriority=\"high\" decoding=\"async\" width=\"283\" height=\"283\" src=\"https:\/\/www.froeling.com\/it-it\/wp-content\/uploads\/sites\/5\/2022\/07\/Ansprechpartner-1.png\" class=\"attachment-large size-large wp-image-6559\" alt=\"\" srcset=\"https:\/\/www.froeling.com\/it-it\/wp-content\/uploads\/sites\/5\/2022\/07\/Ansprechpartner-1.png 283w, https:\/\/www.froeling.com\/it-it\/wp-content\/uploads\/sites\/5\/2022\/07\/Ansprechpartner-1-150x150.png 150w\" sizes=\"(max-width: 283px) 100vw, 283px\" \/>\t\t\t\t\t\t\t\t\t\t\t\t\t\t\t<\/div>\n\t\t\t\t<\/div>\n\t\t\t\t<div class=\"elementor-element elementor-element-b07e1bc elementor-widget elementor-widget-heading\" data-id=\"b07e1bc\" data-element_type=\"widget\" data-e-type=\"widget\" data-widget_type=\"heading.default\">\n\t\t\t\t<div class=\"elementor-widget-container\">\n\t\t\t\t\t<h3 class=\"elementor-heading-title elementor-size-default\">Informazioni \/ consigli<\/h3>\t\t\t\t<\/div>\n\t\t\t\t<\/div>\n\t\t\t\t<div class=\"elementor-element elementor-element-735bd33 elementor-widget elementor-widget-text-editor\" data-id=\"735bd33\" data-element_type=\"widget\" data-e-type=\"widget\" data-widget_type=\"text-editor.default\">\n\t\t\t\t<div class=\"elementor-widget-container\">\n\t\t\t\t\t\t\t\t\t<p style=\"text-align: center;\">Desiderate avere ulteriori informazioni sui prodotti o avete domande generali sulla nostra azienda?<\/p>\t\t\t\t\t\t\t\t<\/div>\n\t\t\t\t<\/div>\n\t\t\t\t<div class=\"elementor-element elementor-element-e3da0f7 elementor-align-center elementor-widget elementor-widget-button\" data-id=\"e3da0f7\" data-element_type=\"widget\" data-e-type=\"widget\" data-widget_type=\"button.default\">\n\t\t\t\t<div class=\"elementor-widget-container\">\n\t\t\t\t\t\t\t\t\t<div class=\"elementor-button-wrapper\">\n\t\t\t\t\t<a class=\"elementor-button elementor-button-link elementor-size-xs\" href=\"https:\/\/www.froeling.com\/it-it\/contatti\/richiedere-informazioni-consigli\/\">\n\t\t\t\t\t\t<span class=\"elementor-button-content-wrapper\">\n\t\t\t\t\t\t\t\t\t<span class=\"elementor-button-text\">Richiedi Informazioni \/ consigli<\/span>\n\t\t\t\t\t<\/span>\n\t\t\t\t\t<\/a>\n\t\t\t\t<\/div>\n\t\t\t\t\t\t\t\t<\/div>\n\t\t\t\t<\/div>\n\t\t\t\t<\/div>\n\t\t\t\t<\/div>\n\t\t\t\t<\/div>\n\t\t\t\t\t\t<\/div>\n\t\t\t\t<\/div>\n\t\t\t\t<\/div>\n\t\t\t\t\t<\/div>\n\t\t\t\t<\/div>\n\t\t<div class=\"elementor-element elementor-element-75c5d30 e-con-full e-flex e-con e-parent\" data-id=\"75c5d30\" data-element_type=\"container\" data-e-type=\"container\">\n\t\t\t\t<div class=\"elementor-element elementor-element-cfbc760 elementor-widget-tablet__width-inherit elementor-widget elementor-widget-template\" data-id=\"cfbc760\" data-element_type=\"widget\" data-e-type=\"widget\" data-widget_type=\"template.default\">\n\t\t\t\t<div class=\"elementor-widget-container\">\n\t\t\t\t\t\t\t<div class=\"elementor-template\">\n\t\t\t\t\t<div data-elementor-type=\"container\" data-elementor-id=\"903\" class=\"elementor elementor-903\" data-elementor-post-type=\"elementor_library\">\n\t\t\t\t<div class=\"elementor-element elementor-element-f4a9d9a e-flex e-con-boxed e-con e-parent\" data-id=\"f4a9d9a\" data-element_type=\"container\" data-e-type=\"container\" data-settings=\"{&quot;background_background&quot;:&quot;gradient&quot;}\">\n\t\t\t\t\t<div class=\"e-con-inner\">\n\t\t<div class=\"elementor-element elementor-element-530d5e3 e-con-full e-flex e-con e-child\" data-id=\"530d5e3\" data-element_type=\"container\" data-e-type=\"container\">\n\t\t\t\t<div class=\"elementor-element elementor-element-ce08c4d elementor-widget elementor-widget-text-editor\" data-id=\"ce08c4d\" data-element_type=\"widget\" data-e-type=\"widget\" data-widget_type=\"text-editor.default\">\n\t\t\t\t<div class=\"elementor-widget-container\">\n\t\t\t\t\t\t\t\t\t<p>Per voi personalmente<\/p>\t\t\t\t\t\t\t\t<\/div>\n\t\t\t\t<\/div>\n\t\t\t\t<div class=\"elementor-element elementor-element-1de40b0 elementor-widget elementor-widget-heading\" data-id=\"1de40b0\" data-element_type=\"widget\" data-e-type=\"widget\" data-widget_type=\"heading.default\">\n\t\t\t\t<div class=\"elementor-widget-container\">\n\t\t\t\t\t<h2 class=\"elementor-heading-title elementor-size-default\">Informazioni e consulenza<\/h2>\t\t\t\t<\/div>\n\t\t\t\t<\/div>\n\t\t\t\t<div class=\"elementor-element elementor-element-e911e07 elementor-widget elementor-widget-text-editor\" data-id=\"e911e07\" data-element_type=\"widget\" data-e-type=\"widget\" data-widget_type=\"text-editor.default\">\n\t\t\t\t<div class=\"elementor-widget-container\">\n\t\t\t\t\t\t\t\t\t<p>Desiderate informazioni su un prodotto o avete una domanda generica sulla nostra azienda? Richiedete subito informazioni o una consulenza utilizzando il nostro modulo di contatto online.<\/p>\t\t\t\t\t\t\t\t<\/div>\n\t\t\t\t<\/div>\n\t\t\t\t<div class=\"elementor-element elementor-element-7c0ef91 elementor-widget elementor-widget-button\" data-id=\"7c0ef91\" data-element_type=\"widget\" data-e-type=\"widget\" data-widget_type=\"button.default\">\n\t\t\t\t<div class=\"elementor-widget-container\">\n\t\t\t\t\t\t\t\t\t<div class=\"elementor-button-wrapper\">\n\t\t\t\t\t<a class=\"elementor-button elementor-button-link elementor-size-md\" href=\"https:\/\/www.froeling.com\/it-it\/contatti\/richiedere-informazioni-consigli\/\">\n\t\t\t\t\t\t<span class=\"elementor-button-content-wrapper\">\n\t\t\t\t\t\t\t\t\t<span class=\"elementor-button-text\">Richiedi consulenza personalizzata<\/span>\n\t\t\t\t\t<\/span>\n\t\t\t\t\t<\/a>\n\t\t\t\t<\/div>\n\t\t\t\t\t\t\t\t<\/div>\n\t\t\t\t<\/div>\n\t\t\t\t<\/div>\n\t\t<div class=\"elementor-element elementor-element-53141f8 e-con-full e-flex e-con e-child\" data-id=\"53141f8\" data-element_type=\"container\" data-e-type=\"container\">\n\t\t\t\t<div class=\"elementor-element elementor-element-f0b517b elementor-widget elementor-widget-image\" data-id=\"f0b517b\" data-element_type=\"widget\" data-e-type=\"widget\" data-widget_type=\"image.default\">\n\t\t\t\t<div class=\"elementor-widget-container\">\n\t\t\t\t\t\t\t\t\t\t\t\t\t\t\t<img decoding=\"async\" width=\"699\" height=\"786\" src=\"https:\/\/www.froeling.com\/it-it\/wp-content\/uploads\/sites\/5\/2022\/05\/products_together_1.png\" class=\"attachment-medium_large size-medium_large wp-image-473\" alt=\"\" srcset=\"https:\/\/www.froeling.com\/it-it\/wp-content\/uploads\/sites\/5\/2022\/05\/products_together_1.png 699w, https:\/\/www.froeling.com\/it-it\/wp-content\/uploads\/sites\/5\/2022\/05\/products_together_1-267x300.png 267w\" sizes=\"(max-width: 699px) 100vw, 699px\" \/>\t\t\t\t\t\t\t\t\t\t\t\t\t\t\t<\/div>\n\t\t\t\t<\/div>\n\t\t\t\t<\/div>\n\t\t\t\t\t<\/div>\n\t\t\t\t<\/div>\n\t\t\t\t<\/div>\n\t\t\t\t<\/div>\n\t\t\t\t\t\t<\/div>\n\t\t\t\t<\/div>\n\t\t\t\t<\/div>\n\t\t\t\t<\/div>\n\t\t","protected":false},"excerpt":{"rendered":"<p>Impronta &amp; Termini Denominazione dell&#8217;impresa: Fr\u00f6ling Heizkessel- und Beh\u00e4lterbau Ges.m.b.H. Sede: Industriestra\u00dfe 12 A-4710 Grieskirchen Obbligo d&#8217;informazione ai sensi del \u00a7 5 comma 1 della legge sul commercio informatico (A): Tutti i diritti sono riservati I testi, le immagini, i grafici e le animazioni nonch\u00e9 la loro disposizione sulla pagina web della Fr\u00f6ling Ges.m.b.H. sono [&hellip;]<\/p>\n","protected":false},"author":2,"featured_media":0,"parent":0,"menu_order":0,"comment_status":"closed","ping_status":"closed","template":"","meta":{"_acf_changed":false,"footnotes":""},"class_list":["post-4086","page","type-page","status-publish","hentry"],"acf":[],"_links":{"self":[{"href":"https:\/\/www.froeling.com\/it-it\/wp-json\/wp\/v2\/pages\/4086","targetHints":{"allow":["GET"]}}],"collection":[{"href":"https:\/\/www.froeling.com\/it-it\/wp-json\/wp\/v2\/pages"}],"about":[{"href":"https:\/\/www.froeling.com\/it-it\/wp-json\/wp\/v2\/types\/page"}],"author":[{"embeddable":true,"href":"https:\/\/www.froeling.com\/it-it\/wp-json\/wp\/v2\/users\/2"}],"replies":[{"embeddable":true,"href":"https:\/\/www.froeling.com\/it-it\/wp-json\/wp\/v2\/comments?post=4086"}],"version-history":[{"count":7,"href":"https:\/\/www.froeling.com\/it-it\/wp-json\/wp\/v2\/pages\/4086\/revisions"}],"predecessor-version":[{"id":6337,"href":"https:\/\/www.froeling.com\/it-it\/wp-json\/wp\/v2\/pages\/4086\/revisions\/6337"}],"wp:attachment":[{"href":"https:\/\/www.froeling.com\/it-it\/wp-json\/wp\/v2\/media?parent=4086"}],"curies":[{"name":"wp","href":"https:\/\/api.w.org\/{rel}","templated":true}]}}