{"id":4363,"date":"2022-12-20T12:33:03","date_gmt":"2022-12-20T11:33:03","guid":{"rendered":"https:\/\/www.froeling.com\/de-at\/?page_id=4363"},"modified":"2024-09-23T10:17:25","modified_gmt":"2024-09-23T08:17:25","slug":"perche-biomassa","status":"publish","type":"page","link":"https:\/\/www.froeling.com\/it-it\/riscaldare-biomassa\/perche-biomassa\/","title":{"rendered":"Perch\u00e9 biomassa?"},"content":{"rendered":"\t\t<div data-elementor-type=\"wp-page\" data-elementor-id=\"4363\" class=\"elementor elementor-4363\" data-elementor-post-type=\"page\">\n\t\t\t\t<div class=\"elementor-element elementor-element-51671f7 e-con-full e-flex e-con e-parent\" data-id=\"51671f7\" data-element_type=\"container\" data-e-type=\"container\" data-settings=\"{&quot;background_background&quot;:&quot;gradient&quot;}\">\n\t\t<div class=\"elementor-element elementor-element-836fab8 e-con-full e-flex e-con e-child\" data-id=\"836fab8\" data-element_type=\"container\" data-e-type=\"container\">\n\t\t<div class=\"elementor-element elementor-element-b54622c hero-offset-container e-flex e-con-boxed e-con e-child\" data-id=\"b54622c\" data-element_type=\"container\" data-e-type=\"container\" data-settings=\"{&quot;background_background&quot;:&quot;classic&quot;}\">\n\t\t\t\t\t<div class=\"e-con-inner\">\n\t\t\t\t<div class=\"elementor-element elementor-element-f69e398 elementor-widget elementor-widget-heading\" data-id=\"f69e398\" data-element_type=\"widget\" data-e-type=\"widget\" data-widget_type=\"heading.default\">\n\t\t\t\t<div class=\"elementor-widget-container\">\n\t\t\t\t\t<h2 class=\"elementor-heading-title elementor-size-default\">Perch\u00e9 biomassa?<\/h2>\t\t\t\t<\/div>\n\t\t\t\t<\/div>\n\t\t\t\t<div class=\"elementor-element elementor-element-2ba7ced elementor-widget elementor-widget-text-editor\" data-id=\"2ba7ced\" data-element_type=\"widget\" data-e-type=\"widget\" data-widget_type=\"text-editor.default\">\n\t\t\t\t<div class=\"elementor-widget-container\">\n\t\t\t\t\t\t\t\t\t<p>Il riscaldamento a biomassa offre molti vantaggi, tra cui l&#8217;economicit\u00e0, il rispetto dell&#8217;ambiente e la neutralit\u00e0 rispetto alle emissioni di CO2.<\/p>\t\t\t\t\t\t\t\t<\/div>\n\t\t\t\t<\/div>\n\t\t\t\t\t<\/div>\n\t\t\t\t<\/div>\n\t\t\t\t<\/div>\n\t\t<div class=\"elementor-element elementor-element-fadd8e4 e-con-full e-flex e-con e-child\" data-id=\"fadd8e4\" data-element_type=\"container\" data-e-type=\"container\" data-settings=\"{&quot;background_background&quot;:&quot;classic&quot;}\">\n\t\t\t\t<\/div>\n\t\t\t\t<\/div>\n\t\t<div class=\"elementor-element elementor-element-d0f0b8c elementor-hidden-mobile e-flex e-con-boxed e-con e-parent\" data-id=\"d0f0b8c\" data-element_type=\"container\" data-e-type=\"container\" data-settings=\"{&quot;background_background&quot;:&quot;gradient&quot;}\">\n\t\t\t\t\t<div class=\"e-con-inner\">\n\t\t\t\t\t<\/div>\n\t\t\t\t<\/div>\n\t\t<div class=\"elementor-element elementor-element-fdf4010 e-flex e-con-boxed e-con e-parent\" data-id=\"fdf4010\" data-element_type=\"container\" data-e-type=\"container\">\n\t\t\t\t\t<div class=\"e-con-inner\">\n\t\t\t\t<div class=\"elementor-element elementor-element-ce79e13 elementor-widget elementor-widget-heading\" data-id=\"ce79e13\" data-element_type=\"widget\" data-e-type=\"widget\" data-widget_type=\"heading.default\">\n\t\t\t\t<div class=\"elementor-widget-container\">\n\t\t\t\t\t<h4 class=\"elementor-heading-title elementor-size-default\">Scarica documenti (PDF)<\/h4>\t\t\t\t<\/div>\n\t\t\t\t<\/div>\n\t\t\t\t\t<\/div>\n\t\t\t\t<\/div>\n\t\t<div class=\"elementor-element elementor-element-8e06ca7 e-flex e-con-boxed e-con e-parent\" data-id=\"8e06ca7\" data-element_type=\"container\" data-e-type=\"container\">\n\t\t\t\t\t<div class=\"e-con-inner\">\n\t\t\t\t<div class=\"elementor-element elementor-element-cad3ec7 elementor-align-justify elementor-widget__width-inherit elementor-widget-tablet__width-initial elementor-widget elementor-widget-button\" data-id=\"cad3ec7\" data-element_type=\"widget\" data-e-type=\"widget\" data-widget_type=\"button.default\">\n\t\t\t\t<div class=\"elementor-widget-container\">\n\t\t\t\t\t\t\t\t\t<div class=\"elementor-button-wrapper\">\n\t\t\t\t\t<a class=\"elementor-button elementor-button-link elementor-size-sm\" href=\"https:\/\/www.froeling.com\/it-it\/wp-content\/uploads\/sites\/5\/2024\/09\/P1240023_Brennstoffe_IT_mail.pdf\">\n\t\t\t\t\t\t<span class=\"elementor-button-content-wrapper\">\n\t\t\t\t\t\t<span class=\"elementor-button-icon\">\n\t\t\t\t<i aria-hidden=\"true\" class=\"far fa-file-pdf\"><\/i>\t\t\t<\/span>\n\t\t\t\t\t\t\t\t\t<span class=\"elementor-button-text\">Documenti Combustibili legnosi (PDF)<\/span>\n\t\t\t\t\t<\/span>\n\t\t\t\t\t<\/a>\n\t\t\t\t<\/div>\n\t\t\t\t\t\t\t\t<\/div>\n\t\t\t\t<\/div>\n\t\t\t\t\t<\/div>\n\t\t\t\t<\/div>\n\t\t<div class=\"elementor-element elementor-element-75f5e8e e-flex e-con-boxed e-con e-parent\" data-id=\"75f5e8e\" data-element_type=\"container\" data-e-type=\"container\">\n\t\t\t\t\t<div class=\"e-con-inner\">\n\t\t<div class=\"elementor-element elementor-element-d2d38f3 e-con-full e-flex e-con e-child\" data-id=\"d2d38f3\" data-element_type=\"container\" data-e-type=\"container\">\n\t\t\t\t<div class=\"elementor-element elementor-element-119ddb6 elementor-widget elementor-widget-text-editor\" data-id=\"119ddb6\" data-element_type=\"widget\" data-e-type=\"widget\" data-widget_type=\"text-editor.default\">\n\t\t\t\t<div class=\"elementor-widget-container\">\n\t\t\t\t\t\t\t\t\t<p>Da un punto di vista economico ed ecologico, il legno \u00e8 il combustibile ideale, sia esso in forma di ciocchi, pellet o cippato. Nel caso di pellet e cippato, il combustibile viene trasportato in modo completamente automatico dal deposito alla caldaia. La combustione avviene in base<br \/>al fabbisogno di calore e alle impostazioni del sistema di regolazione relative a tempi e temperature. Come fornitore di sistemi completi, Froling produce caldaie che possono funzionare con pellet, cippato e legna da ardere.<\/p>\t\t\t\t\t\t\t\t<\/div>\n\t\t\t\t<\/div>\n\t\t\t\t<div class=\"elementor-element elementor-element-b613bae elementor-icon-list--layout-traditional elementor-list-item-link-full_width elementor-widget elementor-widget-icon-list\" data-id=\"b613bae\" data-element_type=\"widget\" data-e-type=\"widget\" data-widget_type=\"icon-list.default\">\n\t\t\t\t<div class=\"elementor-widget-container\">\n\t\t\t\t\t\t\t<ul class=\"elementor-icon-list-items\">\n\t\t\t\t\t\t\t<li class=\"elementor-icon-list-item\">\n\t\t\t\t\t\t\t\t\t\t\t<span class=\"elementor-icon-list-icon\">\n\t\t\t\t\t\t\t<i aria-hidden=\"true\" class=\"fas fa-check\"><\/i>\t\t\t\t\t\t<\/span>\n\t\t\t\t\t\t\t\t\t\t<span class=\"elementor-icon-list-text\">CO2 neutro e rispettoso del clima<\/span>\n\t\t\t\t\t\t\t\t\t<\/li>\n\t\t\t\t\t\t\t\t<li class=\"elementor-icon-list-item\">\n\t\t\t\t\t\t\t\t\t\t\t<span class=\"elementor-icon-list-icon\">\n\t\t\t\t\t\t\t<i aria-hidden=\"true\" class=\"fas fa-check\"><\/i>\t\t\t\t\t\t<\/span>\n\t\t\t\t\t\t\t\t\t\t<span class=\"elementor-icon-list-text\">Energia domestica<\/span>\n\t\t\t\t\t\t\t\t\t<\/li>\n\t\t\t\t\t\t<\/ul>\n\t\t\t\t\t\t<\/div>\n\t\t\t\t<\/div>\n\t\t\t\t<div class=\"elementor-element elementor-element-96efbe6 elementor-absolute elementor-widget elementor-widget-image\" data-id=\"96efbe6\" data-element_type=\"widget\" data-e-type=\"widget\" data-settings=\"{&quot;_position&quot;:&quot;absolute&quot;}\" data-widget_type=\"image.default\">\n\t\t\t\t<div class=\"elementor-widget-container\">\n\t\t\t\t\t\t\t\t\t\t\t\t\t\t\t<img fetchpriority=\"high\" decoding=\"async\" width=\"800\" height=\"487\" src=\"https:\/\/www.froeling.com\/it-it\/wp-content\/uploads\/sites\/5\/2024\/09\/IT_Diagramm-Brennstoffe-CO2-1024x623.png\" class=\"attachment-large size-large wp-image-6880\" alt=\"\" srcset=\"https:\/\/www.froeling.com\/it-it\/wp-content\/uploads\/sites\/5\/2024\/09\/IT_Diagramm-Brennstoffe-CO2-1024x623.png 1024w, https:\/\/www.froeling.com\/it-it\/wp-content\/uploads\/sites\/5\/2024\/09\/IT_Diagramm-Brennstoffe-CO2-300x182.png 300w, https:\/\/www.froeling.com\/it-it\/wp-content\/uploads\/sites\/5\/2024\/09\/IT_Diagramm-Brennstoffe-CO2-768x467.png 768w, https:\/\/www.froeling.com\/it-it\/wp-content\/uploads\/sites\/5\/2024\/09\/IT_Diagramm-Brennstoffe-CO2.png 1417w\" sizes=\"(max-width: 800px) 100vw, 800px\" \/>\t\t\t\t\t\t\t\t\t\t\t\t\t\t\t<\/div>\n\t\t\t\t<\/div>\n\t\t\t\t<\/div>\n\t\t\t\t\t<\/div>\n\t\t\t\t<\/div>\n\t\t<div class=\"elementor-element elementor-element-269f574 e-flex e-con-boxed e-con e-parent\" data-id=\"269f574\" data-element_type=\"container\" data-e-type=\"container\">\n\t\t\t\t\t<div class=\"e-con-inner\">\n\t\t\t\t<div class=\"elementor-element elementor-element-c76e61a elementor-widget elementor-widget-image\" data-id=\"c76e61a\" data-element_type=\"widget\" data-e-type=\"widget\" data-widget_type=\"image.default\">\n\t\t\t\t<div class=\"elementor-widget-container\">\n\t\t\t\t\t\t\t\t\t\t\t\t\t\t\t<img decoding=\"async\" width=\"800\" height=\"943\" src=\"https:\/\/www.froeling.com\/it-it\/wp-content\/uploads\/sites\/5\/2024\/09\/CO2-869x1024.png\" class=\"attachment-large size-large wp-image-6871\" alt=\"\" srcset=\"https:\/\/www.froeling.com\/it-it\/wp-content\/uploads\/sites\/5\/2024\/09\/CO2-869x1024.png 869w, https:\/\/www.froeling.com\/it-it\/wp-content\/uploads\/sites\/5\/2024\/09\/CO2-255x300.png 255w, https:\/\/www.froeling.com\/it-it\/wp-content\/uploads\/sites\/5\/2024\/09\/CO2-768x905.png 768w, https:\/\/www.froeling.com\/it-it\/wp-content\/uploads\/sites\/5\/2024\/09\/CO2-1304x1536.png 1304w, https:\/\/www.froeling.com\/it-it\/wp-content\/uploads\/sites\/5\/2024\/09\/CO2.png 1654w\" sizes=\"(max-width: 800px) 100vw, 800px\" \/>\t\t\t\t\t\t\t\t\t\t\t\t\t\t\t<\/div>\n\t\t\t\t<\/div>\n\t\t<div class=\"elementor-element elementor-element-3533f7a e-con-full e-flex e-con e-child\" data-id=\"3533f7a\" data-element_type=\"container\" data-e-type=\"container\">\n\t\t\t\t<div class=\"elementor-element elementor-element-034fbfe elementor-widget elementor-widget-text-editor\" data-id=\"034fbfe\" data-element_type=\"widget\" data-e-type=\"widget\" data-widget_type=\"text-editor.default\">\n\t\t\t\t<div class=\"elementor-widget-container\">\n\t\t\t\t\t\t\t\t\t<p>Il riscaldamento a legna \u00e8 neutrale dal punto di vista delle emissioni<\/p>\t\t\t\t\t\t\t\t<\/div>\n\t\t\t\t<\/div>\n\t\t\t\t<div class=\"elementor-element elementor-element-7a74d89 elementor-widget elementor-widget-heading\" data-id=\"7a74d89\" data-element_type=\"widget\" data-e-type=\"widget\" data-widget_type=\"heading.default\">\n\t\t\t\t<div class=\"elementor-widget-container\">\n\t\t\t\t\t<h2 class=\"elementor-heading-title elementor-size-default\">di CO2?<\/h2>\t\t\t\t<\/div>\n\t\t\t\t<\/div>\n\t\t\t\t<div class=\"elementor-element elementor-element-bdbda58 elementor-widget elementor-widget-text-editor\" data-id=\"bdbda58\" data-element_type=\"widget\" data-e-type=\"widget\" data-widget_type=\"text-editor.default\">\n\t\t\t\t<div class=\"elementor-widget-container\">\n\t\t\t\t\t\t\t\t\t<p>La condizione fondamentale per un\u2018attivit\u00e0 neutrale o positiva dal punto di vista climatico \u00e8 che il bilancio sia positivo o almeno equilibrato. Ci\u00f2 significa che deve ricrescere una quantit\u00e0 maggiore o almeno uguale a<br \/>quella prelevata.<\/p><p><br \/>Durante la crescita, gli alberi assorbono anidride carbonica (CO2) dall\u2018aria. Durante la combustione, il legno rilascia nuovamente proprio questa quantit\u00e0 di CO2 nell\u2018ambiente. La quantit\u00e0 di CO2 liberata durante la combustione corrisponde a quella che sarebbe liberata nei boschi durante il normale compostaggio. Riscaldare con combustibili a biomassa significa quindi riscaldare in sintonia con la natura!<\/p>\t\t\t\t\t\t\t\t<\/div>\n\t\t\t\t<\/div>\n\t\t\t\t<\/div>\n\t\t\t\t\t<\/div>\n\t\t\t\t<\/div>\n\t\t<div class=\"elementor-element elementor-element-19ca258 elementor-hidden-mobile e-flex e-con-boxed e-con e-parent\" data-id=\"19ca258\" data-element_type=\"container\" data-e-type=\"container\">\n\t\t\t\t\t<div class=\"e-con-inner\">\n\t\t\t\t<div class=\"elementor-element elementor-element-0b4f6ee elementor-widget elementor-widget-image\" data-id=\"0b4f6ee\" data-element_type=\"widget\" data-e-type=\"widget\" data-widget_type=\"image.default\">\n\t\t\t\t<div class=\"elementor-widget-container\">\n\t\t\t\t\t\t\t\t\t\t\t\t\t\t\t<img decoding=\"async\" width=\"800\" height=\"560\" src=\"https:\/\/www.froeling.com\/it-it\/wp-content\/uploads\/sites\/5\/2024\/09\/IT_Diagramm-CO2-Ausstos-1024x717.png\" class=\"attachment-large size-large wp-image-6879\" alt=\"\" srcset=\"https:\/\/www.froeling.com\/it-it\/wp-content\/uploads\/sites\/5\/2024\/09\/IT_Diagramm-CO2-Ausstos-1024x717.png 1024w, https:\/\/www.froeling.com\/it-it\/wp-content\/uploads\/sites\/5\/2024\/09\/IT_Diagramm-CO2-Ausstos-300x210.png 300w, https:\/\/www.froeling.com\/it-it\/wp-content\/uploads\/sites\/5\/2024\/09\/IT_Diagramm-CO2-Ausstos-768x538.png 768w, https:\/\/www.froeling.com\/it-it\/wp-content\/uploads\/sites\/5\/2024\/09\/IT_Diagramm-CO2-Ausstos-1536x1076.png 1536w, https:\/\/www.froeling.com\/it-it\/wp-content\/uploads\/sites\/5\/2024\/09\/IT_Diagramm-CO2-Ausstos-2048x1434.png 2048w, https:\/\/www.froeling.com\/it-it\/wp-content\/uploads\/sites\/5\/2024\/09\/IT_Diagramm-CO2-Ausstos-1920x1344.png 1920w\" sizes=\"(max-width: 800px) 100vw, 800px\" \/>\t\t\t\t\t\t\t\t\t\t\t\t\t\t\t<\/div>\n\t\t\t\t<\/div>\n\t\t\t\t\t<\/div>\n\t\t\t\t<\/div>\n\t\t<div class=\"elementor-element elementor-element-e56cb53 e-flex e-con-boxed e-con e-parent\" data-id=\"e56cb53\" data-element_type=\"container\" data-e-type=\"container\" data-settings=\"{&quot;background_background&quot;:&quot;classic&quot;}\">\n\t\t\t\t\t<div class=\"e-con-inner\">\n\t\t\t\t<div class=\"elementor-element elementor-element-7034ce4 elementor-widget elementor-widget-heading\" data-id=\"7034ce4\" data-element_type=\"widget\" data-e-type=\"widget\" data-widget_type=\"heading.default\">\n\t\t\t\t<div class=\"elementor-widget-container\">\n\t\t\t\t\t<h2 class=\"elementor-heading-title elementor-size-default\">I pellet di legna riducono la CO2 di oltre il 90%.<\/h2>\t\t\t\t<\/div>\n\t\t\t\t<\/div>\n\t\t\t\t<div class=\"elementor-element elementor-element-3b05355 elementor-widget__width-initial elementor-widget elementor-widget-text-editor\" data-id=\"3b05355\" data-element_type=\"widget\" data-e-type=\"widget\" data-widget_type=\"text-editor.default\">\n\t\t\t\t<div class=\"elementor-widget-container\">\n\t\t\t\t\t\t\t\t\t<h5 class=\"hide-mobile\">1 litro di gasolio \u2192 2,9 kg di CO2<\/h5><p>Le emissioni di polveri fini di un moderno riscaldamento <br \/>a legna sono solo una frazione di quelle di<br \/>una vecchia caldaia a combustibile.<\/p>\t\t\t\t\t\t\t\t<\/div>\n\t\t\t\t<\/div>\n\t\t\t\t\t<\/div>\n\t\t\t\t<\/div>\n\t\t<div class=\"elementor-element elementor-element-e391f5e e-flex e-con-boxed e-con e-parent\" data-id=\"e391f5e\" data-element_type=\"container\" data-e-type=\"container\">\n\t\t\t\t\t<div class=\"e-con-inner\">\n\t\t<div class=\"elementor-element elementor-element-340a85f e-con-full e-flex e-con e-child\" data-id=\"340a85f\" data-element_type=\"container\" data-e-type=\"container\">\n\t\t\t\t<div class=\"elementor-element elementor-element-d9fe201 elementor-widget elementor-widget-text-editor\" data-id=\"d9fe201\" data-element_type=\"widget\" data-e-type=\"widget\" data-widget_type=\"text-editor.default\">\n\t\t\t\t<div class=\"elementor-widget-container\">\n\t\t\t\t\t\t\t\t\t<p>Emissioni di polveri e CO2 di impianti di riscaldamento<\/p>\t\t\t\t\t\t\t\t<\/div>\n\t\t\t\t<\/div>\n\t\t\t\t<div class=\"elementor-element elementor-element-f380503 elementor-widget elementor-widget-heading\" data-id=\"f380503\" data-element_type=\"widget\" data-e-type=\"widget\" data-widget_type=\"heading.default\">\n\t\t\t\t<div class=\"elementor-widget-container\">\n\t\t\t\t\t<h2 class=\"elementor-heading-title elementor-size-default\">Il crescente utilizzo di pellet non comporta un maggiore abbattimento di alberi.<\/h2>\t\t\t\t<\/div>\n\t\t\t\t<\/div>\n\t\t\t\t<div class=\"elementor-element elementor-element-af859f0 elementor-widget elementor-widget-text-editor\" data-id=\"af859f0\" data-element_type=\"widget\" data-e-type=\"widget\" data-widget_type=\"text-editor.default\">\n\t\t\t\t<div class=\"elementor-widget-container\">\n\t\t\t\t\t\t\t\t\t<p style=\"text-align: left;\">I pellet sono prodotti in Germania a partire da segatura e trucioli di legno che<br \/>costituiscono dei sottoprodotti delle segherie. Il taglio del legno produce il 60% di<br \/>legname segato e il 40% di sottoprodotti di segheria pellettizzabili. Si utilizza una<br \/>piccola percentuale di legname tondo non segabile proveniente da abbattimento di<br \/>alberi e diradamenti. Il legname segato di alta qualit\u00e0 non viene trasformato in pellet,<br \/>perch\u00e9 sarebbe troppo costoso.<\/p>\t\t\t\t\t\t\t\t<\/div>\n\t\t\t\t<\/div>\n\t\t\t\t<\/div>\n\t\t<div class=\"elementor-element elementor-element-7e832c4 e-con-full elementor-hidden-tablet elementor-hidden-mobile e-flex e-con e-child\" data-id=\"7e832c4\" data-element_type=\"container\" data-e-type=\"container\" data-settings=\"{&quot;background_background&quot;:&quot;classic&quot;}\">\n\t\t<div class=\"elementor-element elementor-element-03267da e-con-full e-flex e-con e-child\" data-id=\"03267da\" data-element_type=\"container\" data-e-type=\"container\" data-settings=\"{&quot;background_background&quot;:&quot;classic&quot;}\">\n\t\t\t\t<div class=\"elementor-element elementor-element-ce98476 elementor-widget elementor-widget-text-editor\" data-id=\"ce98476\" data-element_type=\"widget\" data-e-type=\"widget\" data-widget_type=\"text-editor.default\">\n\t\t\t\t<div class=\"elementor-widget-container\">\n\t\t\t\t\t\t\t\t\t<h5 class=\"hide-mobile\">Ca . 6 &#8211; 10 tonnellate di CO2 all\u2018anno<\/h5><p>Risparmio potenziale con il riscaldamento a legna in una casa unifamiliare.<\/p>\t\t\t\t\t\t\t\t<\/div>\n\t\t\t\t<\/div>\n\t\t\t\t<\/div>\n\t\t\t\t<\/div>\n\t\t\t\t\t<\/div>\n\t\t\t\t<\/div>\n\t\t<div class=\"elementor-element elementor-element-2be59b1 e-flex e-con-boxed e-con e-parent\" data-id=\"2be59b1\" data-element_type=\"container\" data-e-type=\"container\">\n\t\t\t\t\t<div class=\"e-con-inner\">\n\t\t\t\t<div class=\"elementor-element elementor-element-55fece2 elementor-widget elementor-widget-image\" data-id=\"55fece2\" data-element_type=\"widget\" data-e-type=\"widget\" data-widget_type=\"image.default\">\n\t\t\t\t<div class=\"elementor-widget-container\">\n\t\t\t\t\t\t\t\t\t\t\t\t\t\t\t<img loading=\"lazy\" decoding=\"async\" width=\"800\" height=\"560\" src=\"https:\/\/www.froeling.com\/it-it\/wp-content\/uploads\/sites\/5\/2024\/09\/IT_Diagramm-Heizkosten-1024x717.png\" class=\"attachment-large size-large wp-image-6881\" alt=\"\" srcset=\"https:\/\/www.froeling.com\/it-it\/wp-content\/uploads\/sites\/5\/2024\/09\/IT_Diagramm-Heizkosten-1024x717.png 1024w, https:\/\/www.froeling.com\/it-it\/wp-content\/uploads\/sites\/5\/2024\/09\/IT_Diagramm-Heizkosten-300x210.png 300w, https:\/\/www.froeling.com\/it-it\/wp-content\/uploads\/sites\/5\/2024\/09\/IT_Diagramm-Heizkosten-768x538.png 768w, https:\/\/www.froeling.com\/it-it\/wp-content\/uploads\/sites\/5\/2024\/09\/IT_Diagramm-Heizkosten-1536x1076.png 1536w, https:\/\/www.froeling.com\/it-it\/wp-content\/uploads\/sites\/5\/2024\/09\/IT_Diagramm-Heizkosten-2048x1434.png 2048w, https:\/\/www.froeling.com\/it-it\/wp-content\/uploads\/sites\/5\/2024\/09\/IT_Diagramm-Heizkosten-1920x1344.png 1920w\" sizes=\"(max-width: 800px) 100vw, 800px\" \/>\t\t\t\t\t\t\t\t\t\t\t\t\t\t\t<\/div>\n\t\t\t\t<\/div>\n\t\t<div class=\"elementor-element elementor-element-ba7cc38 e-con-full e-flex e-con e-child\" data-id=\"ba7cc38\" data-element_type=\"container\" data-e-type=\"container\">\n\t\t\t\t<div class=\"elementor-element elementor-element-88787cc elementor-widget elementor-widget-text-editor\" data-id=\"88787cc\" data-element_type=\"widget\" data-e-type=\"widget\" data-widget_type=\"text-editor.default\">\n\t\t\t\t<div class=\"elementor-widget-container\">\n\t\t\t\t\t\t\t\t\t<p>Se si riscalda a legna, \u00e8 possibile<\/p>\t\t\t\t\t\t\t\t<\/div>\n\t\t\t\t<\/div>\n\t\t\t\t<div class=\"elementor-element elementor-element-b1c11f0 elementor-widget elementor-widget-heading\" data-id=\"b1c11f0\" data-element_type=\"widget\" data-e-type=\"widget\" data-widget_type=\"heading.default\">\n\t\t\t\t<div class=\"elementor-widget-container\">\n\t\t\t\t\t<h2 class=\"elementor-heading-title elementor-size-default\">Risparmiare costi di riscaldamento<\/h2>\t\t\t\t<\/div>\n\t\t\t\t<\/div>\n\t\t\t\t<div class=\"elementor-element elementor-element-b2d82d1 elementor-widget elementor-widget-text-editor\" data-id=\"b2d82d1\" data-element_type=\"widget\" data-e-type=\"widget\" data-widget_type=\"text-editor.default\">\n\t\t\t\t<div class=\"elementor-widget-container\">\n\t\t\t\t\t\t\t\t\t<p>Un altro fattore importante nella scelta del combustibile \u00e8, ovviamente, il costo del combustibile. Il legno come materia prima garantisce l&#8217;indipendenza dall&#8217;andamento globale dei prezzi dei combustibili fossili sui mercati internazionali. Poich\u00e9 il legno nazionale viene generalmente utilizzato sia per i tronchi che per il cippato, i prezzi sono stabili da anni, mentre i prezzi del petrolio e del gas continuano a salire vertiginosamente.<\/p>\t\t\t\t\t\t\t\t<\/div>\n\t\t\t\t<\/div>\n\t\t\t\t<\/div>\n\t\t\t\t\t<\/div>\n\t\t\t\t<\/div>\n\t\t<div class=\"elementor-element elementor-element-45524ce e-flex e-con-boxed e-con e-parent\" data-id=\"45524ce\" data-element_type=\"container\" data-e-type=\"container\" data-settings=\"{&quot;background_background&quot;:&quot;classic&quot;}\">\n\t\t\t\t\t<div class=\"e-con-inner\">\n\t\t\t\t<div class=\"elementor-element elementor-element-1efb61b elementor-widget elementor-widget-heading\" data-id=\"1efb61b\" data-element_type=\"widget\" data-e-type=\"widget\" data-widget_type=\"heading.default\">\n\t\t\t\t<div class=\"elementor-widget-container\">\n\t\t\t\t\t<h2 class=\"elementor-heading-title elementor-size-default\">Non solo pi\u00f9 economico, ma anche sostenibile e pulito<\/h2>\t\t\t\t<\/div>\n\t\t\t\t<\/div>\n\t\t\t\t<div class=\"elementor-element elementor-element-c1dbf93 elementor-widget__width-initial elementor-widget elementor-widget-text-editor\" data-id=\"c1dbf93\" data-element_type=\"widget\" data-e-type=\"widget\" data-widget_type=\"text-editor.default\">\n\t\t\t\t<div class=\"elementor-widget-container\">\n\t\t\t\t\t\t\t\t\t<p>Uno sguardo all&#8217;andamento dei prezzi dei pellet negli ultimi anni ha evidenziato che i pellet sono una fonte di energia favorevole e stabile nei prezzi.<\/p>\t\t\t\t\t\t\t\t<\/div>\n\t\t\t\t<\/div>\n\t\t\t\t\t<\/div>\n\t\t\t\t<\/div>\n\t\t\t\t<\/div>\n\t\t","protected":false},"excerpt":{"rendered":"<p>Perch\u00e9 biomassa? Il riscaldamento a biomassa offre molti vantaggi, tra cui l&#8217;economicit\u00e0, il rispetto dell&#8217;ambiente e la neutralit\u00e0 rispetto alle emissioni di CO2. Scarica documenti (PDF) Documenti Combustibili legnosi (PDF) Da un punto di vista economico ed ecologico, il legno \u00e8 il combustibile ideale, sia esso in forma di ciocchi, pellet o cippato. Nel caso [&hellip;]<\/p>\n","protected":false},"author":2,"featured_media":0,"parent":78,"menu_order":0,"comment_status":"closed","ping_status":"closed","template":"","meta":{"_acf_changed":false,"footnotes":""},"class_list":["post-4363","page","type-page","status-publish","hentry"],"acf":[],"_links":{"self":[{"href":"https:\/\/www.froeling.com\/it-it\/wp-json\/wp\/v2\/pages\/4363","targetHints":{"allow":["GET"]}}],"collection":[{"href":"https:\/\/www.froeling.com\/it-it\/wp-json\/wp\/v2\/pages"}],"about":[{"href":"https:\/\/www.froeling.com\/it-it\/wp-json\/wp\/v2\/types\/page"}],"author":[{"embeddable":true,"href":"https:\/\/www.froeling.com\/it-it\/wp-json\/wp\/v2\/users\/2"}],"replies":[{"embeddable":true,"href":"https:\/\/www.froeling.com\/it-it\/wp-json\/wp\/v2\/comments?post=4363"}],"version-history":[{"count":7,"href":"https:\/\/www.froeling.com\/it-it\/wp-json\/wp\/v2\/pages\/4363\/revisions"}],"predecessor-version":[{"id":6923,"href":"https:\/\/www.froeling.com\/it-it\/wp-json\/wp\/v2\/pages\/4363\/revisions\/6923"}],"up":[{"embeddable":true,"href":"https:\/\/www.froeling.com\/it-it\/wp-json\/wp\/v2\/pages\/78"}],"wp:attachment":[{"href":"https:\/\/www.froeling.com\/it-it\/wp-json\/wp\/v2\/media?parent=4363"}],"curies":[{"name":"wp","href":"https:\/\/api.w.org\/{rel}","templated":true}]}}