{"id":3064,"date":"2022-12-06T13:21:14","date_gmt":"2022-12-06T12:21:14","guid":{"rendered":"https:\/\/www.froeling.com\/de-at\/?page_id=3064"},"modified":"2025-07-22T11:26:23","modified_gmt":"2025-07-22T09:26:23","slug":"zapytanie-informacje-konsultacje","status":"publish","type":"page","link":"https:\/\/www.froeling.com\/pl-pl\/kontakt\/zapytanie-informacje-konsultacje\/","title":{"rendered":"Zapytanie informacje\/konsultacje"},"content":{"rendered":"\t\t<div data-elementor-type=\"wp-page\" data-elementor-id=\"3064\" class=\"elementor elementor-3064\" data-elementor-post-type=\"page\">\n\t\t\t\t<div class=\"elementor-element elementor-element-140ce7c e-con-full e-flex e-con e-parent\" data-id=\"140ce7c\" data-element_type=\"container\" data-e-type=\"container\" data-settings=\"{&quot;background_background&quot;:&quot;gradient&quot;}\">\n\t\t<div class=\"elementor-element elementor-element-66fea74 e-con-full e-flex e-con e-parent\" data-id=\"66fea74\" data-element_type=\"container\" data-e-type=\"container\">\n\t\t<div class=\"elementor-element elementor-element-6f2e5e3 hero-offset-container e-flex e-con-boxed e-con e-parent\" data-id=\"6f2e5e3\" data-element_type=\"container\" data-e-type=\"container\" data-settings=\"{&quot;background_background&quot;:&quot;classic&quot;}\">\n\t\t\t\t\t<div class=\"e-con-inner\">\n\t\t\t\t<div class=\"elementor-element elementor-element-6e75d2c elementor-widget elementor-widget-heading\" data-id=\"6e75d2c\" data-element_type=\"widget\" data-e-type=\"widget\" data-widget_type=\"heading.default\">\n\t\t\t\t<div class=\"elementor-widget-container\">\n\t\t\t\t\t<h2 class=\"elementor-heading-title elementor-size-default\">Zapytanie<\/h2>\t\t\t\t<\/div>\n\t\t\t\t<\/div>\n\t\t\t\t<div class=\"elementor-element elementor-element-15e66e2 elementor-widget elementor-widget-text-editor\" data-id=\"15e66e2\" data-element_type=\"widget\" data-e-type=\"widget\" data-widget_type=\"text-editor.default\">\n\t\t\t\t<div class=\"elementor-widget-container\">\n\t\t\t\t\t\t\t\t\t<h4>Informacje\/konsultacje<\/h4>\t\t\t\t\t\t\t\t<\/div>\n\t\t\t\t<\/div>\n\t\t\t\t\t<\/div>\n\t\t\t\t<\/div>\n\t\t\t\t<\/div>\n\t\t<div class=\"elementor-element elementor-element-c85b4b6 e-con-full e-flex e-con e-parent\" data-id=\"c85b4b6\" data-element_type=\"container\" data-e-type=\"container\" data-settings=\"{&quot;background_background&quot;:&quot;classic&quot;}\">\n\t\t\t\t<\/div>\n\t\t\t\t<\/div>\n\t\t<div class=\"elementor-element elementor-element-1a9f805 e-flex e-con-boxed e-con e-parent\" data-id=\"1a9f805\" data-element_type=\"container\" data-e-type=\"container\">\n\t\t\t\t\t<div class=\"e-con-inner\">\n\t\t\t\t<div class=\"elementor-element elementor-element-fb3d562 elementor-widget-laptop__width-initial elementor-widget elementor-widget-heading\" data-id=\"fb3d562\" data-element_type=\"widget\" data-e-type=\"widget\" data-settings=\"{&quot;motion_fx_motion_fx_scrolling&quot;:&quot;yes&quot;,&quot;motion_fx_translateY_effect&quot;:&quot;yes&quot;,&quot;motion_fx_translateY_speed&quot;:{&quot;unit&quot;:&quot;px&quot;,&quot;size&quot;:1.7,&quot;sizes&quot;:[]},&quot;motion_fx_translateY_affectedRange&quot;:{&quot;unit&quot;:&quot;%&quot;,&quot;size&quot;:&quot;&quot;,&quot;sizes&quot;:{&quot;start&quot;:57,&quot;end&quot;:100}},&quot;motion_fx_devices&quot;:[&quot;desktop&quot;,&quot;laptop&quot;,&quot;tablet&quot;,&quot;mobile&quot;]}\" data-widget_type=\"heading.default\">\n\t\t\t\t<div class=\"elementor-widget-container\">\n\t\t\t\t\t<div class=\"elementor-heading-title elementor-size-small\">Chcesz uzyska\u0107 wi\u0119cej informacji o produktach lub masz og\u00f3lne pytania dotycz\u0105ce naszej firmy?<\/div>\t\t\t\t<\/div>\n\t\t\t\t<\/div>\n\t\t\t\t<div class=\"elementor-element elementor-element-baefdb5 elementor-button-align-end elementor-widget elementor-widget-form\" data-id=\"baefdb5\" data-element_type=\"widget\" data-e-type=\"widget\" data-settings=\"{&quot;step_next_label&quot;:&quot;next&quot;,&quot;step_previous_label&quot;:&quot;previous&quot;,&quot;button_width&quot;:&quot;100&quot;,&quot;step_type&quot;:&quot;number_text&quot;,&quot;step_icon_shape&quot;:&quot;circle&quot;}\" data-widget_type=\"form.default\">\n\t\t\t\t<div class=\"elementor-widget-container\">\n\t\t\t\t\t\t\t<form class=\"elementor-form\" method=\"post\" name=\"Information\/Beratung anfordern\" aria-label=\"Information\/Beratung anfordern\">\n\t\t\t<input type=\"hidden\" name=\"post_id\" value=\"3064\"\/>\n\t\t\t<input type=\"hidden\" name=\"form_id\" value=\"baefdb5\"\/>\n\t\t\t<input type=\"hidden\" name=\"referer_title\" value=\"\" \/>\n\n\t\t\t\n\t\t\t<div class=\"elementor-form-fields-wrapper elementor-labels-above\">\n\t\t\t\t\t\t\t\t<div class=\"elementor-field-type-step elementor-field-group elementor-column elementor-field-group-field_8bd9d26 elementor-col-100\">\n\t\t\t\t\t\t\t<div class=\"e-field-step elementor-hidden\" data-label=\"\" data-previousButton=\"\" data-nextButton=\"\" data-iconUrl=\"\" data-iconLibrary=\"fas fa-star\" data-icon=\"\" ><\/div>\n\n\t\t\t\t\t\t<\/div>\n\t\t\t\t\t\t\t\t<div class=\"elementor-field-type-checkbox elementor-field-group elementor-column elementor-field-group-interesse elementor-col-50\">\n\t\t\t\t\t\t\t\t\t\t\t\t<label for=\"form-field-interesse\" class=\"elementor-field-label\">\n\t\t\t\t\t\t\t\tInteresuje mnie...\t\t\t\t\t\t\t<\/label>\n\t\t\t\t\t\t<div class=\"elementor-field-subgroup  elementor-subgroup-inline\"><span class=\"elementor-field-option\"><input type=\"checkbox\" value=\"Kot\u0142y na drewno opa\u0142owe\" id=\"form-field-interesse-0\" name=\"form_fields[interesse][]\"> <label for=\"form-field-interesse-0\">Kot\u0142y na drewno opa\u0142owe<\/label><\/span><span class=\"elementor-field-option\"><input type=\"checkbox\" value=\" Kot\u0142y na pelety \" id=\"form-field-interesse-1\" name=\"form_fields[interesse][]\"> <label for=\"form-field-interesse-1\"> Kot\u0142y na pelety <\/label><\/span><span class=\"elementor-field-option\"><input type=\"checkbox\" value=\"Kot\u0142y na zr\u0119bki drzewne\" id=\"form-field-interesse-2\" name=\"form_fields[interesse][]\"> <label for=\"form-field-interesse-2\">Kot\u0142y na zr\u0119bki drzewne<\/label><\/span><span class=\"elementor-field-option\"><input type=\"checkbox\" value=\"SP Dual Kot\u0142y komercyjne\" id=\"form-field-interesse-3\" name=\"form_fields[interesse][]\"> <label for=\"form-field-interesse-3\">SP Dual Kot\u0142y komercyjne<\/label><\/span><span class=\"elementor-field-option\"><input type=\"checkbox\" value=\" Systemy zbiornikowe\" id=\"form-field-interesse-4\" name=\"form_fields[interesse][]\"> <label for=\"form-field-interesse-4\"> Systemy zbiornikowe<\/label><\/span><\/div>\t\t\t\t<\/div>\n\t\t\t\t\t\t\t\t<div class=\"elementor-field-type-checkbox elementor-field-group elementor-column elementor-field-group-info_art elementor-col-50\">\n\t\t\t\t\t\t\t\t\t\t\t\t<label for=\"form-field-info_art\" class=\"elementor-field-label\">\n\t\t\t\t\t\t\t\tWymagam\u2026\t\t\t\t\t\t\t<\/label>\n\t\t\t\t\t\t<div class=\"elementor-field-subgroup  elementor-subgroup-inline\"><span class=\"elementor-field-option\"><input type=\"checkbox\" value=\"Broszura Oferta\" id=\"form-field-info_art-0\" name=\"form_fields[info_art][]\"> <label for=\"form-field-info_art-0\">Broszura Oferta<\/label><\/span><span class=\"elementor-field-option\"><input type=\"checkbox\" value=\"Oddzwoni\u0107\" id=\"form-field-info_art-1\" name=\"form_fields[info_art][]\"> <label for=\"form-field-info_art-1\">Oddzwoni\u0107<\/label><\/span><span class=\"elementor-field-option\"><input type=\"checkbox\" value=\"Rozmowa doradcza\" id=\"form-field-info_art-2\" name=\"form_fields[info_art][]\"> <label for=\"form-field-info_art-2\">Rozmowa doradcza<\/label><\/span><\/div>\t\t\t\t<\/div>\n\t\t\t\t\t\t\t\t<div class=\"elementor-field-type-select elementor-field-group elementor-column elementor-field-group-bauvorhaben elementor-col-50 elementor-field-required elementor-mark-required\">\n\t\t\t\t\t\t\t\t\t\t\t\t<label for=\"form-field-bauvorhaben\" class=\"elementor-field-label\">\n\t\t\t\t\t\t\t\tProjekt budowlany\t\t\t\t\t\t\t<\/label>\n\t\t\t\t\t\t\t\t<div class=\"elementor-field elementor-select-wrapper remove-before \">\n\t\t\t<div class=\"select-caret-down-wrapper\">\n\t\t\t\t<i aria-hidden=\"true\" class=\"eicon-caret-down\"><\/i>\t\t\t<\/div>\n\t\t\t<select name=\"form_fields[bauvorhaben]\" id=\"form-field-bauvorhaben\" class=\"elementor-field-textual elementor-size-sm\" required=\"required\">\n\t\t\t\t\t\t\t\t\t<option value=\"Tak, 2023\">Tak, 2023<\/option>\n\t\t\t\t\t\t\t\t\t<option value=\"Tak, 2024\">Tak, 2024<\/option>\n\t\t\t\t\t\t\t\t\t<option value=\"Tak, 2025\">Tak, 2025<\/option>\n\t\t\t\t\t\t\t\t\t<option value=\"Tak, 2026\">Tak, 2026<\/option>\n\t\t\t\t\t\t\t\t\t<option value=\"NIE\">NIE<\/option>\n\t\t\t\t\t\t\t<\/select>\n\t\t<\/div>\n\t\t\t\t\t\t<\/div>\n\t\t\t\t\t\t\t\t<div class=\"elementor-field-type-text elementor-field-group elementor-column elementor-field-group-uhrzeit_telefonat elementor-col-50\">\n\t\t\t\t\t\t\t\t\t\t\t\t<label for=\"form-field-uhrzeit_telefonat\" class=\"elementor-field-label\">\n\t\t\t\t\t\t\t\tUlubiony czas na telefon\t\t\t\t\t\t\t<\/label>\n\t\t\t\t\t\t\t\t\t\t\t\t\t\t<input size=\"1\" type=\"text\" name=\"form_fields[uhrzeit_telefonat]\" id=\"form-field-uhrzeit_telefonat\" class=\"elementor-field elementor-size-sm  elementor-field-textual\" placeholder=\"eg. 09:00  - 10:00 Uhr\">\n\t\t\t\t\t\t\t\t\t\t\t<\/div>\n\t\t\t\t\t\t\t\t<div class=\"elementor-field-type-textarea elementor-field-group elementor-column elementor-field-group-bemerkung elementor-col-100\">\n\t\t\t\t\t\t\t\t\t\t\t\t<label for=\"form-field-bemerkung\" class=\"elementor-field-label\">\n\t\t\t\t\t\t\t\tUwaga\t\t\t\t\t\t\t<\/label>\n\t\t\t\t\t\t<textarea class=\"elementor-field-textual elementor-field  elementor-size-sm\" name=\"form_fields[bemerkung]\" id=\"form-field-bemerkung\" rows=\"4\"><\/textarea>\t\t\t\t<\/div>\n\t\t\t\t\t\t\t\t<div class=\"elementor-field-type-html elementor-field-group elementor-column elementor-field-group-field_302dc25 elementor-col-100\">\n\t\t\t\t\t<strong style=\"display: block; margin-bottom: -15px;\">Presently heating system<\/strong>\t\t\t\t<\/div>\n\t\t\t\t\t\t\t\t<div class=\"elementor-field-type-checkbox elementor-field-group elementor-column elementor-field-group-brennstoff elementor-col-50\">\n\t\t\t\t\t\t\t\t\t\t\t\t<label for=\"form-field-brennstoff\" class=\"elementor-field-label\">\n\t\t\t\t\t\t\t\tDrewno \/ Paliwo\t\t\t\t\t\t\t<\/label>\n\t\t\t\t\t\t<div class=\"elementor-field-subgroup  elementor-subgroup-inline\"><span class=\"elementor-field-option\"><input type=\"checkbox\" value=\"Olej opa\u0142owy \" id=\"form-field-brennstoff-0\" name=\"form_fields[brennstoff][]\"> <label for=\"form-field-brennstoff-0\">Olej opa\u0142owy <\/label><\/span><span class=\"elementor-field-option\"><input type=\"checkbox\" value=\"Gaz opa\u0142owy \" id=\"form-field-brennstoff-1\" name=\"form_fields[brennstoff][]\"> <label for=\"form-field-brennstoff-1\">Gaz opa\u0142owy <\/label><\/span><span class=\"elementor-field-option\"><input type=\"checkbox\" value=\"K\u0142ody \" id=\"form-field-brennstoff-2\" name=\"form_fields[brennstoff][]\"> <label for=\"form-field-brennstoff-2\">K\u0142ody <\/label><\/span><span class=\"elementor-field-option\"><input type=\"checkbox\" value=\"Pellet \" id=\"form-field-brennstoff-3\" name=\"form_fields[brennstoff][]\"> <label for=\"form-field-brennstoff-3\">Pellet <\/label><\/span><span class=\"elementor-field-option\"><input type=\"checkbox\" value=\"Zr\u0119bki\" id=\"form-field-brennstoff-4\" name=\"form_fields[brennstoff][]\"> <label for=\"form-field-brennstoff-4\">Zr\u0119bki<\/label><\/span><\/div>\t\t\t\t<\/div>\n\t\t\t\t\t\t\t\t<div class=\"elementor-field-type-text elementor-field-group elementor-column elementor-field-group-brennstoffverbrauch elementor-col-50\">\n\t\t\t\t\t\t\t\t\t\t\t\t<label for=\"form-field-brennstoffverbrauch\" class=\"elementor-field-label\">\n\t\t\t\t\t\t\t\tZu\u017cycie paliwa\t\t\t\t\t\t\t<\/label>\n\t\t\t\t\t\t\t\t\t\t\t\t\t\t<input size=\"1\" type=\"text\" name=\"form_fields[brennstoffverbrauch]\" id=\"form-field-brennstoffverbrauch\" class=\"elementor-field elementor-size-sm  elementor-field-textual\">\n\t\t\t\t\t\t\t\t\t\t\t<\/div>\n\t\t\t\t\t\t\t\t<div class=\"elementor-field-type-step elementor-field-group elementor-column elementor-field-group-field_933367c elementor-col-100\">\n\t\t\t\t\t\t\t<div class=\"e-field-step elementor-hidden\" data-label=\"Contact Data\" data-previousButton=\"\" data-nextButton=\"\" data-iconUrl=\"\" data-iconLibrary=\"fas fa-star\" data-icon=\"\" ><\/div>\n\n\t\t\t\t\t\t<\/div>\n\t\t\t\t\t\t\t\t<div class=\"elementor-field-type-select elementor-field-group elementor-column elementor-field-group-anrede elementor-col-20 elementor-field-required elementor-mark-required\">\n\t\t\t\t\t\t\t\t\t\t\t\t<label for=\"form-field-anrede\" class=\"elementor-field-label\">\n\t\t\t\t\t\t\t\tTytu\u0142\t\t\t\t\t\t\t<\/label>\n\t\t\t\t\t\t\t\t<div class=\"elementor-field elementor-select-wrapper remove-before \">\n\t\t\t<div class=\"select-caret-down-wrapper\">\n\t\t\t\t<i aria-hidden=\"true\" class=\"eicon-caret-down\"><\/i>\t\t\t<\/div>\n\t\t\t<select name=\"form_fields[anrede]\" id=\"form-field-anrede\" class=\"elementor-field-textual elementor-size-sm\" required=\"required\">\n\t\t\t\t\t\t\t\t\t<option value=\"Pan.\">Pan.<\/option>\n\t\t\t\t\t\t\t\t\t<option value=\"Pani.\">Pani.<\/option>\n\t\t\t\t\t\t\t<\/select>\n\t\t<\/div>\n\t\t\t\t\t\t<\/div>\n\t\t\t\t\t\t\t\t<div class=\"elementor-field-type-text elementor-field-group elementor-column elementor-field-group-vorname elementor-col-40 elementor-field-required elementor-mark-required\">\n\t\t\t\t\t\t\t\t\t\t\t\t<label for=\"form-field-vorname\" class=\"elementor-field-label\">\n\t\t\t\t\t\t\t\tNazwa\t\t\t\t\t\t\t<\/label>\n\t\t\t\t\t\t\t\t\t\t\t\t\t\t<input size=\"1\" type=\"text\" name=\"form_fields[vorname]\" id=\"form-field-vorname\" class=\"elementor-field elementor-size-sm  elementor-field-textual\" placeholder=\"Nazwa\" required=\"required\">\n\t\t\t\t\t\t\t\t\t\t\t<\/div>\n\t\t\t\t\t\t\t\t<div class=\"elementor-field-type-text elementor-field-group elementor-column elementor-field-group-nachname elementor-col-40 elementor-field-required elementor-mark-required\">\n\t\t\t\t\t\t\t\t\t\t\t\t<label for=\"form-field-nachname\" class=\"elementor-field-label\">\n\t\t\t\t\t\t\t\tNazwisko\t\t\t\t\t\t\t<\/label>\n\t\t\t\t\t\t\t\t\t\t\t\t\t\t<input size=\"1\" type=\"text\" name=\"form_fields[nachname]\" id=\"form-field-nachname\" class=\"elementor-field elementor-size-sm  elementor-field-textual\" placeholder=\"Nazwisko\" required=\"required\">\n\t\t\t\t\t\t\t\t\t\t\t<\/div>\n\t\t\t\t\t\t\t\t<div class=\"elementor-field-type-text elementor-field-group elementor-column elementor-field-group-firma_organisation elementor-col-75\">\n\t\t\t\t\t\t\t\t\t\t\t\t<label for=\"form-field-firma_organisation\" class=\"elementor-field-label\">\n\t\t\t\t\t\t\t\tFirma\/Organizacja\t\t\t\t\t\t\t<\/label>\n\t\t\t\t\t\t\t\t\t\t\t\t\t\t<input size=\"1\" type=\"text\" name=\"form_fields[firma_organisation]\" id=\"form-field-firma_organisation\" class=\"elementor-field elementor-size-sm  elementor-field-textual\" placeholder=\"Firma\/Organizacja\">\n\t\t\t\t\t\t\t\t\t\t\t<\/div>\n\t\t\t\t\t\t\t\t<div class=\"elementor-field-type-select elementor-field-group elementor-column elementor-field-group-land elementor-col-25 elementor-field-required elementor-mark-required\">\n\t\t\t\t\t\t\t\t\t\t\t\t<label for=\"form-field-land\" class=\"elementor-field-label\">\n\t\t\t\t\t\t\t\tKraj\t\t\t\t\t\t\t<\/label>\n\t\t\t\t\t\t\t\t<div class=\"elementor-field elementor-select-wrapper remove-before \">\n\t\t\t<div class=\"select-caret-down-wrapper\">\n\t\t\t\t<i aria-hidden=\"true\" class=\"eicon-caret-down\"><\/i>\t\t\t<\/div>\n\t\t\t<select name=\"form_fields[land]\" id=\"form-field-land\" class=\"elementor-field-textual elementor-size-sm\" required=\"required\">\n\t\t\t\t\t\t\t\t\t<option value=\"Austria\">Austria<\/option>\n\t\t\t\t\t\t\t\t\t<option value=\"Niemcy\">Niemcy<\/option>\n\t\t\t\t\t\t\t\t\t<option value=\"Szwajcaria\">Szwajcaria<\/option>\n\t\t\t\t\t\t\t\t\t<option value=\"W\u0142ochy\">W\u0142ochy<\/option>\n\t\t\t\t\t\t\t\t\t<option value=\"Francja\">Francja<\/option>\n\t\t\t\t\t\t\t\t\t<option value=\"Wielka Brytania\">Wielka Brytania<\/option>\n\t\t\t\t\t\t\t\t\t<option value=\"Belgia\">Belgia<\/option>\n\t\t\t\t\t\t\t\t\t<option value=\"Kanada\">Kanada<\/option>\n\t\t\t\t\t\t\t\t\t<option value=\"Republika Czeska\">Republika Czeska<\/option>\n\t\t\t\t\t\t\t\t\t<option value=\"Dania\">Dania<\/option>\n\t\t\t\t\t\t\t\t\t<option value=\"Hiszpania\">Hiszpania<\/option>\n\t\t\t\t\t\t\t\t\t<option value=\"grecki\">grecki<\/option>\n\t\t\t\t\t\t\t\t\t<option value=\"Polska\">Polska<\/option>\n\t\t\t\t\t\t\t\t\t<option value=\"Irlandia\/Irlandia P\u00f3\u0142nocna\">Irlandia\/Irlandia P\u00f3\u0142nocna<\/option>\n\t\t\t\t\t\t\t\t\t<option value=\"Luksemburg\">Luksemburg<\/option>\n\t\t\t\t\t\t\t\t\t<option value=\"W\u0119gry\">W\u0119gry<\/option>\n\t\t\t\t\t\t\t\t\t<option value=\"Holandia\">Holandia<\/option>\n\t\t\t\t\t\t\t\t\t<option value=\"Norwegia\">Norwegia<\/option>\n\t\t\t\t\t\t\t\t\t<option value=\"Rosja\">Rosja<\/option>\n\t\t\t\t\t\t\t\t\t<option value=\"S\u0142owenia\">S\u0142owenia<\/option>\n\t\t\t\t\t\t\t\t\t<option value=\"S\u0142owacja\">S\u0142owacja<\/option>\n\t\t\t\t\t\t\t\t\t<option value=\"Ukraina\">Ukraina<\/option>\n\t\t\t\t\t\t\t\t\t<option value=\"Finlandia\">Finlandia<\/option>\n\t\t\t\t\t\t\t\t\t<option value=\"Szwecja\">Szwecja<\/option>\n\t\t\t\t\t\t\t\t\t<option value=\"USA\">USA<\/option>\n\t\t\t\t\t\t\t<\/select>\n\t\t<\/div>\n\t\t\t\t\t\t<\/div>\n\t\t\t\t\t\t\t\t<div class=\"elementor-field-type-text elementor-field-group elementor-column elementor-field-group-strasse elementor-col-40 elementor-field-required elementor-mark-required\">\n\t\t\t\t\t\t\t\t\t\t\t\t<label for=\"form-field-strasse\" class=\"elementor-field-label\">\n\t\t\t\t\t\t\t\tUlica\t\t\t\t\t\t\t<\/label>\n\t\t\t\t\t\t\t\t\t\t\t\t\t\t<input size=\"1\" type=\"text\" name=\"form_fields[strasse]\" id=\"form-field-strasse\" class=\"elementor-field elementor-size-sm  elementor-field-textual\" placeholder=\"Ulica\" required=\"required\">\n\t\t\t\t\t\t\t\t\t\t\t<\/div>\n\t\t\t\t\t\t\t\t<div class=\"elementor-field-type-text elementor-field-group elementor-column elementor-field-group-plz elementor-col-20 elementor-field-required elementor-mark-required\">\n\t\t\t\t\t\t\t\t\t\t\t\t<label for=\"form-field-plz\" class=\"elementor-field-label\">\n\t\t\t\t\t\t\t\tKod pocztowy\t\t\t\t\t\t\t<\/label>\n\t\t\t\t\t\t\t\t\t\t\t\t\t\t<input size=\"1\" type=\"text\" name=\"form_fields[plz]\" id=\"form-field-plz\" class=\"elementor-field elementor-size-sm  elementor-field-textual\" placeholder=\"Kod pocztowy\" required=\"required\">\n\t\t\t\t\t\t\t\t\t\t\t<\/div>\n\t\t\t\t\t\t\t\t<div class=\"elementor-field-type-text elementor-field-group elementor-column elementor-field-group-ort elementor-col-40 elementor-field-required elementor-mark-required\">\n\t\t\t\t\t\t\t\t\t\t\t\t<label for=\"form-field-ort\" class=\"elementor-field-label\">\n\t\t\t\t\t\t\t\tMiasto\t\t\t\t\t\t\t<\/label>\n\t\t\t\t\t\t\t\t\t\t\t\t\t\t<input size=\"1\" type=\"text\" name=\"form_fields[ort]\" id=\"form-field-ort\" class=\"elementor-field elementor-size-sm  elementor-field-textual\" placeholder=\"Miasto\" required=\"required\">\n\t\t\t\t\t\t\t\t\t\t\t<\/div>\n\t\t\t\t\t\t\t\t<div class=\"elementor-field-type-email elementor-field-group elementor-column elementor-field-group-email elementor-col-50 elementor-field-required elementor-mark-required\">\n\t\t\t\t\t\t\t\t\t\t\t\t<label for=\"form-field-email\" class=\"elementor-field-label\">\n\t\t\t\t\t\t\t\tE-mail\t\t\t\t\t\t\t<\/label>\n\t\t\t\t\t\t\t\t\t\t\t\t\t\t<input size=\"1\" type=\"email\" name=\"form_fields[email]\" id=\"form-field-email\" class=\"elementor-field elementor-size-sm  elementor-field-textual\" placeholder=\"E-mail\" required=\"required\" pattern=\"[a-zA-Z0-9._%+\\-]+@[a-zA-Z0-9.\\-]+\\.[a-zA-Z]{2,}\" title=\"Bitte geben Sie eine g\u00fcltige E-Mail-Adresse ein (z.B. name@domain.de).\">\n\t\t\t\t\t\t\t\t\t\t\t<\/div>\n\t\t\t\t\t\t\t\t<div class=\"elementor-field-type-tel elementor-field-group elementor-column elementor-field-group-telefon elementor-col-50 elementor-field-required elementor-mark-required\">\n\t\t\t\t\t\t\t\t\t\t\t\t<label for=\"form-field-telefon\" class=\"elementor-field-label\">\n\t\t\t\t\t\t\t\tTelefon\t\t\t\t\t\t\t<\/label>\n\t\t\t\t\t\t\t\t<input size=\"1\" type=\"tel\" name=\"form_fields[telefon]\" id=\"form-field-telefon\" class=\"elementor-field elementor-size-sm  elementor-field-textual\" placeholder=\"Telefon\" required=\"required\" pattern=\"[0-9()#&amp;+*-=.]+\" title=\"Akceptowane s\u0105 jedynie cyfry i znaki telefoniczne (#,-,*).\">\n\n\t\t\t\t\t\t<\/div>\n\t\t\t\t\t\t\t\t<div class=\"elementor-field-type-acceptance elementor-field-group elementor-column elementor-field-group-newsletter elementor-col-100\">\n\t\t\t\t\t\t\t\t\t\t\t\t<label for=\"form-field-newsletter\" class=\"elementor-field-label\">\n\t\t\t\t\t\t\t\tBiuletyn\t\t\t\t\t\t\t<\/label>\n\t\t\t\t\t\t\t\t<div class=\"elementor-field-subgroup\">\n\t\t\t<span class=\"elementor-field-option\">\n\t\t\t\t<input type=\"checkbox\" name=\"form_fields[newsletter]\" id=\"form-field-newsletter\" class=\"elementor-field elementor-size-sm  elementor-acceptance-field\">\n\t\t\t\t<label for=\"form-field-newsletter\">Tak, chc\u0119 otrzymywa\u0107 Newsletter oraz wyra\u017cam zgod\u0119 na przechowywanie i przetwarzanie moich danych osobowych.\n<\/label>\t\t\t<\/span>\n\t\t<\/div>\n\t\t\t\t\t\t<\/div>\n\t\t\t\t\t\t\t\t<div class=\"elementor-field-type-altcha elementor-field-group elementor-column elementor-col-100\"><div class=\"altcha-widget-wrap\"><altcha-widget challengeurl=\"https:\/\/www.froeling.com\/pl-pl\/wp-json\/altcha\/v1\/challenge\" strings=\"{&quot;error&quot;:&quot;Weryfikacja nie powiod\\u0142a si\\u0119. Spr\\u00f3buj ponownie p\\u00f3\\u017aniej.&quot;,&quot;footer&quot;:&quot;Chronione przez &lt;a href=\\&quot;https:\\\/\\\/altcha.org\\\/\\&quot; target=\\&quot;_blank\\&quot;&gt;ALTCHA&lt;\\\/a&gt;&quot;,&quot;label&quot;:&quot;Nie jestem robotem&quot;,&quot;verified&quot;:&quot;Zweryfikowane&quot;,&quot;verifying&quot;:&quot;Weryfikacja...&quot;,&quot;waitAlert&quot;:&quot;Weryfikacja... prosz\\u0119 czeka\\u0107.&quot;}\" delay=\"1500\" hidelogo=\"1\" hidefooter=\"1\"><\/altcha-widget><noscript><div class=\"altcha-no-javascript\">This form requires JavaScript!<\/div><\/noscript><\/div><\/div><div class=\"elementor-field-group elementor-column elementor-field-type-submit elementor-col-100 e-form__buttons\">\n\t\t\t\t\t<button class=\"elementor-button elementor-size-sm\" type=\"submit\">\n\t\t\t\t\t\t<span class=\"elementor-button-content-wrapper\">\n\t\t\t\t\t\t\t\t\t\t\t\t\t\t\t\t\t\t\t\t\t\t<span class=\"elementor-button-text\">Wy\u015blij zapytanie<\/span>\n\t\t\t\t\t\t\t\t\t\t\t\t\t<\/span>\n\t\t\t\t\t<\/button>\n\t\t\t\t<\/div>\n\t\t\t<\/div>\n\t\t<\/form>\n\t\t\t\t\t\t<\/div>\n\t\t\t\t<\/div>\n\t\t\t\t\t<\/div>\n\t\t\t\t<\/div>\n\t\t<div class=\"elementor-element elementor-element-c1d342c e-flex e-con-boxed e-con e-parent\" data-id=\"c1d342c\" data-element_type=\"container\" data-e-type=\"container\">\n\t\t\t\t\t<div class=\"e-con-inner\">\n\t\t\t\t<div class=\"elementor-element elementor-element-2e9c04f elementor-widget elementor-widget-spacer\" data-id=\"2e9c04f\" data-element_type=\"widget\" data-e-type=\"widget\" data-widget_type=\"spacer.default\">\n\t\t\t\t<div class=\"elementor-widget-container\">\n\t\t\t\t\t\t\t<div class=\"elementor-spacer\">\n\t\t\t<div class=\"elementor-spacer-inner\"><\/div>\n\t\t<\/div>\n\t\t\t\t\t\t<\/div>\n\t\t\t\t<\/div>\n\t\t\t\t<div class=\"elementor-element elementor-element-7172597 elementor-widget elementor-widget-text-editor\" data-id=\"7172597\" data-element_type=\"widget\" data-e-type=\"widget\" data-widget_type=\"text-editor.default\">\n\t\t\t\t<div class=\"elementor-widget-container\">\n\t\t\t\t\t\t\t\t\t<h4>Ochrona danych<\/h4><p>Pragniemy wyra\u017anie poinformowa\u0107, \u017ce Pa\u0144stwa dane osobowe s\u0105 zapisywane i przetwarzane zgodnie z ustaw\u0105 o ochronie danych, w przeciwnym razie rozpatrzenie Pa\u0144stwa wniosku nie by\u0142oby mo\u017cliwe. (np. przetwarzanie um\u00f3w, wysy\u0142anie informacji, newsletter, obs\u0142uga loterii, komunikacja). Przys\u0142uguje Pa\u0144stwu prawo do \u017c\u0105dania ujawnienia, sprostowania, usuni\u0119cia, ograniczenia, przenoszenia danych lub wniesienia sprzeciwu i cofni\u0119cia udzielonych zg\u00f3d. Masz r\u00f3wnie\u017c prawo do odwo\u0142ania si\u0119 do organu ochrony danych. Wi\u0119cej informacji znajdziesz na\u00a0www.froeling.com\/privacy. Osoba odpowiedzialna za publikacj\u0119: Fr\u00f6ling Heizkessel- und Beh\u00e4lterbau Ges.m.b.H., Industriestra\u00dfe 12, 4710 Grieskirchen.<\/p>\t\t\t\t\t\t\t\t<\/div>\n\t\t\t\t<\/div>\n\t\t\t\t\t<\/div>\n\t\t\t\t<\/div>\n\t\t<div class=\"elementor-element elementor-element-72bb9f7 e-flex e-con-boxed e-con e-parent\" data-id=\"72bb9f7\" data-element_type=\"container\" data-e-type=\"container\">\n\t\t\t\t\t<div class=\"e-con-inner\">\n\t\t\t\t<div class=\"elementor-element elementor-element-3151242 elementor-widget elementor-widget-spacer\" data-id=\"3151242\" data-element_type=\"widget\" data-e-type=\"widget\" data-widget_type=\"spacer.default\">\n\t\t\t\t<div class=\"elementor-widget-container\">\n\t\t\t\t\t\t\t<div class=\"elementor-spacer\">\n\t\t\t<div class=\"elementor-spacer-inner\"><\/div>\n\t\t<\/div>\n\t\t\t\t\t\t<\/div>\n\t\t\t\t<\/div>\n\t\t\t\t\t<\/div>\n\t\t\t\t<\/div>\n\t\t\t\t<\/div>\n\t\t","protected":false},"excerpt":{"rendered":"<p>Zapytanie Informacje\/konsultacje Chcesz uzyska\u0107 wi\u0119cej informacji o produktach lub masz og\u00f3lne pytania dotycz\u0105ce naszej firmy? Ochrona danych Pragniemy wyra\u017anie poinformowa\u0107, \u017ce Pa\u0144stwa dane osobowe s\u0105 zapisywane i przetwarzane zgodnie z ustaw\u0105 o ochronie danych, w przeciwnym razie rozpatrzenie Pa\u0144stwa wniosku nie by\u0142oby mo\u017cliwe. (np. przetwarzanie um\u00f3w, wysy\u0142anie informacji, newsletter, obs\u0142uga loterii, komunikacja). Przys\u0142uguje Pa\u0144stwu prawo [&hellip;]<\/p>\n","protected":false},"author":6,"featured_media":0,"parent":84,"menu_order":0,"comment_status":"closed","ping_status":"closed","template":"","meta":{"_acf_changed":false,"footnotes":""},"class_list":["post-3064","page","type-page","status-publish","hentry"],"acf":[],"_links":{"self":[{"href":"https:\/\/www.froeling.com\/pl-pl\/wp-json\/wp\/v2\/pages\/3064","targetHints":{"allow":["GET"]}}],"collection":[{"href":"https:\/\/www.froeling.com\/pl-pl\/wp-json\/wp\/v2\/pages"}],"about":[{"href":"https:\/\/www.froeling.com\/pl-pl\/wp-json\/wp\/v2\/types\/page"}],"author":[{"embeddable":true,"href":"https:\/\/www.froeling.com\/pl-pl\/wp-json\/wp\/v2\/users\/6"}],"replies":[{"embeddable":true,"href":"https:\/\/www.froeling.com\/pl-pl\/wp-json\/wp\/v2\/comments?post=3064"}],"version-history":[{"count":7,"href":"https:\/\/www.froeling.com\/pl-pl\/wp-json\/wp\/v2\/pages\/3064\/revisions"}],"predecessor-version":[{"id":6088,"href":"https:\/\/www.froeling.com\/pl-pl\/wp-json\/wp\/v2\/pages\/3064\/revisions\/6088"}],"up":[{"embeddable":true,"href":"https:\/\/www.froeling.com\/pl-pl\/wp-json\/wp\/v2\/pages\/84"}],"wp:attachment":[{"href":"https:\/\/www.froeling.com\/pl-pl\/wp-json\/wp\/v2\/media?parent=3064"}],"curies":[{"name":"wp","href":"https:\/\/api.w.org\/{rel}","templated":true}]}}