{"id":4140,"date":"2022-12-16T13:42:02","date_gmt":"2022-12-16T12:42:02","guid":{"rendered":"https:\/\/www.froeling.com\/de-at\/?page_id=4140"},"modified":"2025-07-22T11:25:02","modified_gmt":"2025-07-22T09:25:02","slug":"paliwo-drzewne","status":"publish","type":"page","link":"https:\/\/www.froeling.com\/pl-pl\/opalanie-biomasa\/paliwo-drzewne\/","title":{"rendered":"Paliwo drzewne"},"content":{"rendered":"\t\t<div data-elementor-type=\"wp-page\" data-elementor-id=\"4140\" class=\"elementor elementor-4140\" data-elementor-post-type=\"page\">\n\t\t\t\t<div class=\"elementor-element elementor-element-8a713ca e-con-full e-flex e-con e-parent\" data-id=\"8a713ca\" data-element_type=\"container\" data-e-type=\"container\" data-settings=\"{&quot;background_background&quot;:&quot;gradient&quot;}\">\n\t\t<div class=\"elementor-element elementor-element-4870569 e-con-full e-flex e-con e-parent\" data-id=\"4870569\" data-element_type=\"container\" data-e-type=\"container\">\n\t\t<div class=\"elementor-element elementor-element-33ff9be hero-offset-container e-flex e-con-boxed e-con e-parent\" data-id=\"33ff9be\" data-element_type=\"container\" data-e-type=\"container\" data-settings=\"{&quot;background_background&quot;:&quot;classic&quot;}\">\n\t\t\t\t\t<div class=\"e-con-inner\">\n\t\t\t\t<div class=\"elementor-element elementor-element-96747fd elementor-widget elementor-widget-heading\" data-id=\"96747fd\" data-element_type=\"widget\" data-e-type=\"widget\" data-widget_type=\"heading.default\">\n\t\t\t\t<div class=\"elementor-widget-container\">\n\t\t\t\t\t<h2 class=\"elementor-heading-title elementor-size-default\">Paliwo drzewne<\/h2>\t\t\t\t<\/div>\n\t\t\t\t<\/div>\n\t\t\t\t<div class=\"elementor-element elementor-element-ecd1d09 elementor-widget elementor-widget-text-editor\" data-id=\"ecd1d09\" data-element_type=\"widget\" data-e-type=\"widget\" data-widget_type=\"text-editor.default\">\n\t\t\t\t<div class=\"elementor-widget-container\">\n\t\t\t\t\t\t\t\t\t<p>Firma Fr\u00f6ling dostarcza pe\u0142n\u0105 gam\u0119 produkt\u00f3w dla kot\u0142owni oraz produkuje kot\u0142y na pellet, zr\u0119bki i drewno opa\u0142owe.<\/p>\t\t\t\t\t\t\t\t<\/div>\n\t\t\t\t<\/div>\n\t\t\t\t\t<\/div>\n\t\t\t\t<\/div>\n\t\t\t\t<\/div>\n\t\t<div class=\"elementor-element elementor-element-e26c893 e-con-full e-flex e-con e-parent\" data-id=\"e26c893\" data-element_type=\"container\" data-e-type=\"container\" data-settings=\"{&quot;background_background&quot;:&quot;classic&quot;}\">\n\t\t\t\t<\/div>\n\t\t\t\t<\/div>\n\t\t<div class=\"elementor-element elementor-element-0f76ee3 elementor-hidden-mobile e-flex e-con-boxed e-con e-parent\" data-id=\"0f76ee3\" data-element_type=\"container\" data-e-type=\"container\" data-settings=\"{&quot;background_background&quot;:&quot;gradient&quot;}\">\n\t\t\t\t\t<div class=\"e-con-inner\">\n\t\t\t\t\t<\/div>\n\t\t\t\t<\/div>\n\t\t<div class=\"elementor-element elementor-element-31fe423 e-flex e-con-boxed e-con e-parent\" data-id=\"31fe423\" data-element_type=\"container\" data-e-type=\"container\">\n\t\t\t\t\t<div class=\"e-con-inner\">\n\t\t<div class=\"elementor-element elementor-element-24c88d0 e-con-full e-flex e-con e-parent\" data-id=\"24c88d0\" data-element_type=\"container\" data-e-type=\"container\">\n\t\t\t\t<div class=\"elementor-element elementor-element-266ab49 elementor-widget elementor-widget-text-editor\" data-id=\"266ab49\" data-element_type=\"widget\" data-e-type=\"widget\" data-widget_type=\"text-editor.default\">\n\t\t\t\t<div class=\"elementor-widget-container\">\n\t\t\t\t\t\t\t\t\t<p>Z ekonomicznego i \u015brodowiskowego punktu widzenia drewno jest idealnym paliwem \u2013 czy to w postaci drewna opa\u0142owego, pelletu czy zr\u0119bk\u00f3w. Paliwo w postaci pelletu i zr\u0119bki mo\u017ce by\u0107 transportowane w pe\u0142ni automatycznie z magazynu opa\u0142u do kot\u0142a. Spalanie jest regulowane w zale\u017cno\u015bci od wymaganej ilo\u015bci ciep\u0142a i jest dost\u0119pne w zale\u017cno\u015bci od czas\u00f3w i temperatur ustawionych za pomoc\u0105 sterownika.<\/p><p>Fr\u00f6ling dostarcza pe\u0142n\u0105 gam\u0119 produkt\u00f3w dla kot\u0142owni i produkuje kot\u0142y na pelety, zr\u0119bki i drewno opa\u0142owe.<\/p><p>Innowacyjne rozwi\u0105zania o zakresie mocy od 7 do 1500 kW<\/p>\t\t\t\t\t\t\t\t<\/div>\n\t\t\t\t<\/div>\n\t\t<div class=\"elementor-element elementor-element-5f7341a e-flex e-con-boxed e-con e-parent\" data-id=\"5f7341a\" data-element_type=\"container\" data-e-type=\"container\">\n\t\t\t\t\t<div class=\"e-con-inner\">\n\t\t<div class=\"elementor-element elementor-element-ee9e199 e-con-full e-flex e-con e-parent\" data-id=\"ee9e199\" data-element_type=\"container\" data-e-type=\"container\">\n\t\t\t\t<div class=\"elementor-element elementor-element-ba2f9af elementor-widget elementor-widget-image\" data-id=\"ba2f9af\" data-element_type=\"widget\" data-e-type=\"widget\" data-widget_type=\"image.default\">\n\t\t\t\t<div class=\"elementor-widget-container\">\n\t\t\t\t\t\t\t\t\t\t\t\t\t\t\t<img decoding=\"async\" width=\"200\" height=\"100\" src=\"https:\/\/www.froeling.com\/pl-pl\/wp-content\/uploads\/sites\/13\/2022\/12\/nav-scheitholz.png\" class=\"attachment-large size-large wp-image-4163\" alt=\"\" \/>\t\t\t\t\t\t\t\t\t\t\t\t\t\t\t<\/div>\n\t\t\t\t<\/div>\n\t\t\t\t<\/div>\n\t\t<div class=\"elementor-element elementor-element-83562ef e-flex e-con-boxed e-con e-parent\" data-id=\"83562ef\" data-element_type=\"container\" data-e-type=\"container\">\n\t\t\t\t\t<div class=\"e-con-inner\">\n\t\t\t\t<div class=\"elementor-element elementor-element-633e200 elementor-widget elementor-widget-heading\" data-id=\"633e200\" data-element_type=\"widget\" data-e-type=\"widget\" data-widget_type=\"heading.default\">\n\t\t\t\t<div class=\"elementor-widget-container\">\n\t\t\t\t\t<h2 class=\"elementor-heading-title elementor-size-default\">Drewno opa\u0142owe \u2013 ogrzewanie w tradycyjny spos\u00f3b\n<\/h2>\t\t\t\t<\/div>\n\t\t\t\t<\/div>\n\t\t\t\t<div class=\"elementor-element elementor-element-7fd1d4c elementor-widget elementor-widget-text-editor\" data-id=\"7fd1d4c\" data-element_type=\"widget\" data-e-type=\"widget\" data-widget_type=\"text-editor.default\">\n\t\t\t\t<div class=\"elementor-widget-container\">\n\t\t\t\t\t\t\t\t\t<p>Ogrzewanie drewnem opa\u0142owym ma ju\u017c d\u0142ug\u0105 tradycj\u0119. Drewno opa\u0142owe dostarczane jest w postaci szczap o d\u0142ugo\u015bci jednego metra lub poci\u0119te na kawa\u0142ki o d\u0142ugo\u015bci 25, 30 lub 50 cm jako gotowe drewno opa\u0142owe. Nowoczesne systemy ogrzewania drewnem opa\u0142owym zapewniaj\u0105 optymalne spalanie i nisk\u0105 emisj\u0119. Zawarto\u015b\u0107 wody w drewnie s\u0142u\u017c\u0105cym do ogrzewania powinna by\u0107 jak najmniejsza i nie powinna przekracza\u0107 20 \u2013 30 procent.<\/p>\t\t\t\t\t\t\t\t<\/div>\n\t\t\t\t<\/div>\n\t\t\t\t\t<\/div>\n\t\t\t\t<\/div>\n\t\t\t\t\t<\/div>\n\t\t\t\t<\/div>\n\t\t<div class=\"elementor-element elementor-element-0e3cc1f e-flex e-con-boxed e-con e-parent\" data-id=\"0e3cc1f\" data-element_type=\"container\" data-e-type=\"container\">\n\t\t\t\t\t<div class=\"e-con-inner\">\n\t\t<div class=\"elementor-element elementor-element-bd53c81 e-con-full e-flex e-con e-parent\" data-id=\"bd53c81\" data-element_type=\"container\" data-e-type=\"container\">\n\t\t\t\t<div class=\"elementor-element elementor-element-bafea81 elementor-widget elementor-widget-image\" data-id=\"bafea81\" data-element_type=\"widget\" data-e-type=\"widget\" data-widget_type=\"image.default\">\n\t\t\t\t<div class=\"elementor-widget-container\">\n\t\t\t\t\t\t\t\t\t\t\t\t\t\t\t<img decoding=\"async\" width=\"200\" height=\"100\" src=\"https:\/\/www.froeling.com\/pl-pl\/wp-content\/uploads\/sites\/13\/2022\/12\/nav-pellets.png\" class=\"attachment-large size-large wp-image-4164\" alt=\"\" \/>\t\t\t\t\t\t\t\t\t\t\t\t\t\t\t<\/div>\n\t\t\t\t<\/div>\n\t\t\t\t<\/div>\n\t\t<div class=\"elementor-element elementor-element-a441734 e-flex e-con-boxed e-con e-parent\" data-id=\"a441734\" data-element_type=\"container\" data-e-type=\"container\">\n\t\t\t\t\t<div class=\"e-con-inner\">\n\t\t\t\t<div class=\"elementor-element elementor-element-152d5a1 elementor-widget elementor-widget-heading\" data-id=\"152d5a1\" data-element_type=\"widget\" data-e-type=\"widget\" data-widget_type=\"heading.default\">\n\t\t\t\t<div class=\"elementor-widget-container\">\n\t\t\t\t\t<h2 class=\"elementor-heading-title elementor-size-default\">Pellet - paliwo przysz\u0142o\u015bci\n<\/h2>\t\t\t\t<\/div>\n\t\t\t\t<\/div>\n\t\t\t\t<div class=\"elementor-element elementor-element-d6383cc elementor-widget elementor-widget-text-editor\" data-id=\"d6383cc\" data-element_type=\"widget\" data-e-type=\"widget\" data-widget_type=\"text-editor.default\">\n\t\t\t\t<div class=\"elementor-widget-container\">\n\t\t\t\t\t\t\t\t\t<p>Pelety drzewne produkowane s\u0105 z naturalnego drewna. Du\u017ce ilo\u015bci wi\u00f3r\u00f3w drzewnych i trocin wytwarzanych przez przemys\u0142 drzewny s\u0105 zag\u0119szczane i granulowane bez uprzedniej obr\u00f3bki. Pellet ma wysok\u0105 wydajno\u015b\u0107 energetyczn\u0105 i jest \u0142atwy w dostarczaniu i przechowywaniu. To tylko niekt\u00f3re z zalet, kt\u00f3re sprawiaj\u0105, \u017ce pellet jest idealnym paliwem do w pe\u0142ni zautomatyzowanych system\u00f3w grzewczych.<\/p>\t\t\t\t\t\t\t\t<\/div>\n\t\t\t\t<\/div>\n\t\t\t\t\t<\/div>\n\t\t\t\t<\/div>\n\t\t\t\t\t<\/div>\n\t\t\t\t<\/div>\n\t\t<div class=\"elementor-element elementor-element-4c2ce2f e-flex e-con-boxed e-con e-parent\" data-id=\"4c2ce2f\" data-element_type=\"container\" data-e-type=\"container\">\n\t\t\t\t\t<div class=\"e-con-inner\">\n\t\t<div class=\"elementor-element elementor-element-97370a7 e-con-full e-flex e-con e-parent\" data-id=\"97370a7\" data-element_type=\"container\" data-e-type=\"container\">\n\t\t\t\t<div class=\"elementor-element elementor-element-6713157 elementor-widget elementor-widget-image\" data-id=\"6713157\" data-element_type=\"widget\" data-e-type=\"widget\" data-widget_type=\"image.default\">\n\t\t\t\t<div class=\"elementor-widget-container\">\n\t\t\t\t\t\t\t\t\t\t\t\t\t\t\t<img decoding=\"async\" width=\"200\" height=\"100\" src=\"https:\/\/www.froeling.com\/pl-pl\/wp-content\/uploads\/sites\/13\/2022\/12\/nav-hackgut.png\" class=\"attachment-large size-large wp-image-4165\" alt=\"\" \/>\t\t\t\t\t\t\t\t\t\t\t\t\t\t\t<\/div>\n\t\t\t\t<\/div>\n\t\t\t\t<\/div>\n\t\t<div class=\"elementor-element elementor-element-d6dc304 e-flex e-con-boxed e-con e-parent\" data-id=\"d6dc304\" data-element_type=\"container\" data-e-type=\"container\">\n\t\t\t\t\t<div class=\"e-con-inner\">\n\t\t\t\t<div class=\"elementor-element elementor-element-3643450 elementor-widget elementor-widget-heading\" data-id=\"3643450\" data-element_type=\"widget\" data-e-type=\"widget\" data-widget_type=\"heading.default\">\n\t\t\t\t<div class=\"elementor-widget-container\">\n\t\t\t\t\t<h2 class=\"elementor-heading-title elementor-size-default\">Zr\u0119bki drzewne - energia z las\u00f3w krajowych<\/h2>\t\t\t\t<\/div>\n\t\t\t\t<\/div>\n\t\t\t\t<div class=\"elementor-element elementor-element-ff93423 elementor-widget elementor-widget-text-editor\" data-id=\"ff93423\" data-element_type=\"widget\" data-e-type=\"widget\" data-widget_type=\"text-editor.default\">\n\t\t\t\t<div class=\"elementor-widget-container\">\n\t\t\t\t\t\t\t\t\t<p>Zr\u0119bki to paliwo lokalne i ekologiczne, kt\u00f3re nie podlega kryzysom i wahaniom rynku. Ponadto produkcja zr\u0119bk\u00f3w drzewnych zapewnia miejsca pracy dla lokalnych mieszka\u0144c\u00f3w. Dlatego zr\u0119bki drzewne s\u0105 idealnym paliwem, nie tylko z ekonomicznego punktu widzenia, ale r\u00f3wnie\u017c z ekologicznego punktu widzenia. Resztki ga\u0142\u0119zi i wierzcho\u0142k\u00f3w drzew oraz odpady tartaczne s\u0105 rozdrabniane na zr\u0119bki. Klasa jako\u015bci zale\u017cy od u\u017cytego drewna.<\/p>\t\t\t\t\t\t\t\t<\/div>\n\t\t\t\t<\/div>\n\t\t\t\t\t<\/div>\n\t\t\t\t<\/div>\n\t\t\t\t\t<\/div>\n\t\t\t\t<\/div>\n\t\t\t\t<\/div>\n\t\t<div class=\"elementor-element elementor-element-9121ddf e-con-full e-flex e-con e-parent\" data-id=\"9121ddf\" data-element_type=\"container\" data-e-type=\"container\">\n\t\t\t\t<div class=\"elementor-element elementor-element-8ff8d4c elementor-widget elementor-widget-template\" data-id=\"8ff8d4c\" data-element_type=\"widget\" data-e-type=\"widget\" data-widget_type=\"template.default\">\n\t\t\t\t<div class=\"elementor-widget-container\">\n\t\t\t\t\t\t\t<div class=\"elementor-template\">\n\t\t\t\t\t<div data-elementor-type=\"container\" data-elementor-id=\"913\" class=\"elementor elementor-913\" data-elementor-post-type=\"elementor_library\">\n\t\t\t\t<div class=\"elementor-element elementor-element-d1851d4 e-con-full hover-img e-flex e-con e-parent\" data-id=\"d1851d4\" data-element_type=\"container\" data-e-type=\"container\" data-settings=\"{&quot;background_background&quot;:&quot;classic&quot;}\">\n\t\t\t\t<div class=\"elementor-element elementor-element-8538615 elementor-widget elementor-widget-image\" data-id=\"8538615\" data-element_type=\"widget\" data-e-type=\"widget\" data-widget_type=\"image.default\">\n\t\t\t\t<div class=\"elementor-widget-container\">\n\t\t\t\t\t\t\t\t\t\t\t\t\t\t\t<img loading=\"lazy\" decoding=\"async\" width=\"283\" height=\"283\" src=\"https:\/\/www.froeling.com\/pl-pl\/wp-content\/uploads\/sites\/13\/2022\/07\/Ansprechpartner.png\" class=\"attachment-large size-large wp-image-5451\" alt=\"\" srcset=\"https:\/\/www.froeling.com\/pl-pl\/wp-content\/uploads\/sites\/13\/2022\/07\/Ansprechpartner.png 283w, https:\/\/www.froeling.com\/pl-pl\/wp-content\/uploads\/sites\/13\/2022\/07\/Ansprechpartner-150x150.png 150w\" sizes=\"(max-width: 283px) 100vw, 283px\" \/>\t\t\t\t\t\t\t\t\t\t\t\t\t\t\t<\/div>\n\t\t\t\t<\/div>\n\t\t\t\t<div class=\"elementor-element elementor-element-b07e1bc elementor-widget elementor-widget-heading\" data-id=\"b07e1bc\" data-element_type=\"widget\" data-e-type=\"widget\" data-widget_type=\"heading.default\">\n\t\t\t\t<div class=\"elementor-widget-container\">\n\t\t\t\t\t<h2 class=\"elementor-heading-title elementor-size-default\">Informacje\/porady<\/h2>\t\t\t\t<\/div>\n\t\t\t\t<\/div>\n\t\t\t\t<div class=\"elementor-element elementor-element-99819fe elementor-widget elementor-widget-text-editor\" data-id=\"99819fe\" data-element_type=\"widget\" data-e-type=\"widget\" data-widget_type=\"text-editor.default\">\n\t\t\t\t<div class=\"elementor-widget-container\">\n\t\t\t\t\t\t\t\t\t<p style=\"padding-left: 40px;\">Chcesz uzyska\u0107 wi\u0119cej informacji o produktach lub masz og\u00f3lne pytania dotycz\u0105ce naszej firmy?<\/p>\t\t\t\t\t\t\t\t<\/div>\n\t\t\t\t<\/div>\n\t\t\t\t<div class=\"elementor-element elementor-element-e3da0f7 elementor-align-center elementor-widget elementor-widget-button\" data-id=\"e3da0f7\" data-element_type=\"widget\" data-e-type=\"widget\" data-widget_type=\"button.default\">\n\t\t\t\t<div class=\"elementor-widget-container\">\n\t\t\t\t\t\t\t\t\t<div class=\"elementor-button-wrapper\">\n\t\t\t\t\t<a class=\"elementor-button elementor-button-link elementor-size-xs\" href=\"https:\/\/www.froeling.com\/pl-pl\/kontakt\/zapytanie-informacje-konsultacje\/\">\n\t\t\t\t\t\t<span class=\"elementor-button-content-wrapper\">\n\t\t\t\t\t\t\t\t\t<span class=\"elementor-button-text\">Prosz\u0119 o informacj\u0119\/porad\u0119<\/span>\n\t\t\t\t\t<\/span>\n\t\t\t\t\t<\/a>\n\t\t\t\t<\/div>\n\t\t\t\t\t\t\t\t<\/div>\n\t\t\t\t<\/div>\n\t\t\t\t<\/div>\n\t\t\t\t<\/div>\n\t\t\t\t<\/div>\n\t\t\t\t\t\t<\/div>\n\t\t\t\t<\/div>\n\t\t\t\t<\/div>\n\t\t\t\t\t<\/div>\n\t\t\t\t<\/div>\n\t\t<div class=\"elementor-element elementor-element-81fe6b5 e-con-full e-flex e-con e-parent\" data-id=\"81fe6b5\" data-element_type=\"container\" data-e-type=\"container\">\n\t\t\t\t<div class=\"elementor-element elementor-element-9fd4297 elementor-widget-tablet__width-inherit elementor-widget elementor-widget-template\" data-id=\"9fd4297\" data-element_type=\"widget\" data-e-type=\"widget\" data-widget_type=\"template.default\">\n\t\t\t\t<div class=\"elementor-widget-container\">\n\t\t\t\t\t\t\t<div class=\"elementor-template\">\n\t\t\t\t\t<div data-elementor-type=\"container\" data-elementor-id=\"903\" class=\"elementor elementor-903\" data-elementor-post-type=\"elementor_library\">\n\t\t\t\t<div class=\"elementor-element elementor-element-f4a9d9a e-flex e-con-boxed e-con e-parent\" data-id=\"f4a9d9a\" data-element_type=\"container\" data-e-type=\"container\" data-settings=\"{&quot;background_background&quot;:&quot;gradient&quot;}\">\n\t\t\t\t\t<div class=\"e-con-inner\">\n\t\t<div class=\"elementor-element elementor-element-530d5e3 e-con-full e-flex e-con e-child\" data-id=\"530d5e3\" data-element_type=\"container\" data-e-type=\"container\">\n\t\t\t\t<div class=\"elementor-element elementor-element-ce08c4d elementor-widget elementor-widget-text-editor\" data-id=\"ce08c4d\" data-element_type=\"widget\" data-e-type=\"widget\" data-widget_type=\"text-editor.default\">\n\t\t\t\t<div class=\"elementor-widget-container\">\n\t\t\t\t\t\t\t\t\t<p>Dla ciebie osobi\u015bcie<\/p>\t\t\t\t\t\t\t\t<\/div>\n\t\t\t\t<\/div>\n\t\t\t\t<div class=\"elementor-element elementor-element-1de40b0 elementor-widget elementor-widget-heading\" data-id=\"1de40b0\" data-element_type=\"widget\" data-e-type=\"widget\" data-widget_type=\"heading.default\">\n\t\t\t\t<div class=\"elementor-widget-container\">\n\t\t\t\t\t<h2 class=\"elementor-heading-title elementor-size-default\">\nInformacje i porady<\/h2>\t\t\t\t<\/div>\n\t\t\t\t<\/div>\n\t\t\t\t<div class=\"elementor-element elementor-element-e911e07 elementor-widget elementor-widget-text-editor\" data-id=\"e911e07\" data-element_type=\"widget\" data-e-type=\"widget\" data-widget_type=\"text-editor.default\">\n\t\t\t\t<div class=\"elementor-widget-container\">\n\t\t\t\t\t\t\t\t\t<p>Chcesz uzyska\u0107 wi\u0119cej informacji o produktach lub masz og\u00f3lne pytania dotycz\u0105ce naszej firmy?<\/p>\t\t\t\t\t\t\t\t<\/div>\n\t\t\t\t<\/div>\n\t\t\t\t<div class=\"elementor-element elementor-element-7c0ef91 elementor-widget elementor-widget-button\" data-id=\"7c0ef91\" data-element_type=\"widget\" data-e-type=\"widget\" data-widget_type=\"button.default\">\n\t\t\t\t<div class=\"elementor-widget-container\">\n\t\t\t\t\t\t\t\t\t<div class=\"elementor-button-wrapper\">\n\t\t\t\t\t<a class=\"elementor-button elementor-button-link elementor-size-md\" href=\"https:\/\/www.froeling.com\/pl-pl\/kontakt\/zapytanie-informacje-konsultacje\/\">\n\t\t\t\t\t\t<span class=\"elementor-button-content-wrapper\">\n\t\t\t\t\t\t\t\t\t<span class=\"elementor-button-text\">Prosz\u0119 o informacj\u0119\/porad\u0119<\/span>\n\t\t\t\t\t<\/span>\n\t\t\t\t\t<\/a>\n\t\t\t\t<\/div>\n\t\t\t\t\t\t\t\t<\/div>\n\t\t\t\t<\/div>\n\t\t\t\t<\/div>\n\t\t<div class=\"elementor-element elementor-element-53141f8 e-con-full e-flex e-con e-child\" data-id=\"53141f8\" data-element_type=\"container\" data-e-type=\"container\">\n\t\t\t\t<div class=\"elementor-element elementor-element-f0b517b elementor-widget elementor-widget-image\" data-id=\"f0b517b\" data-element_type=\"widget\" data-e-type=\"widget\" data-widget_type=\"image.default\">\n\t\t\t\t<div class=\"elementor-widget-container\">\n\t\t\t\t\t\t\t\t\t\t\t\t\t\t\t<img loading=\"lazy\" decoding=\"async\" width=\"699\" height=\"786\" src=\"https:\/\/www.froeling.com\/pl-pl\/wp-content\/uploads\/sites\/13\/2022\/05\/products_together_1.png\" class=\"attachment-medium_large size-medium_large wp-image-473\" alt=\"\" srcset=\"https:\/\/www.froeling.com\/pl-pl\/wp-content\/uploads\/sites\/13\/2022\/05\/products_together_1.png 699w, https:\/\/www.froeling.com\/pl-pl\/wp-content\/uploads\/sites\/13\/2022\/05\/products_together_1-267x300.png 267w\" sizes=\"(max-width: 699px) 100vw, 699px\" \/>\t\t\t\t\t\t\t\t\t\t\t\t\t\t\t<\/div>\n\t\t\t\t<\/div>\n\t\t\t\t<\/div>\n\t\t\t\t\t<\/div>\n\t\t\t\t<\/div>\n\t\t\t\t<\/div>\n\t\t\t\t<\/div>\n\t\t\t\t\t\t<\/div>\n\t\t\t\t<\/div>\n\t\t\t\t<\/div>\n\t\t\t\t<\/div>\n\t\t","protected":false},"excerpt":{"rendered":"<p>Paliwo drzewne Firma Fr\u00f6ling dostarcza pe\u0142n\u0105 gam\u0119 produkt\u00f3w dla kot\u0142owni oraz produkuje kot\u0142y na pellet, zr\u0119bki i drewno opa\u0142owe. Z ekonomicznego i \u015brodowiskowego punktu widzenia drewno jest idealnym paliwem \u2013 czy to w postaci drewna opa\u0142owego, pelletu czy zr\u0119bk\u00f3w. Paliwo w postaci pelletu i zr\u0119bki mo\u017ce by\u0107 transportowane w pe\u0142ni automatycznie z magazynu opa\u0142u do [&hellip;]<\/p>\n","protected":false},"author":2,"featured_media":0,"parent":78,"menu_order":0,"comment_status":"closed","ping_status":"closed","template":"","meta":{"_acf_changed":false,"footnotes":""},"class_list":["post-4140","page","type-page","status-publish","hentry"],"acf":[],"_links":{"self":[{"href":"https:\/\/www.froeling.com\/pl-pl\/wp-json\/wp\/v2\/pages\/4140","targetHints":{"allow":["GET"]}}],"collection":[{"href":"https:\/\/www.froeling.com\/pl-pl\/wp-json\/wp\/v2\/pages"}],"about":[{"href":"https:\/\/www.froeling.com\/pl-pl\/wp-json\/wp\/v2\/types\/page"}],"author":[{"embeddable":true,"href":"https:\/\/www.froeling.com\/pl-pl\/wp-json\/wp\/v2\/users\/2"}],"replies":[{"embeddable":true,"href":"https:\/\/www.froeling.com\/pl-pl\/wp-json\/wp\/v2\/comments?post=4140"}],"version-history":[{"count":7,"href":"https:\/\/www.froeling.com\/pl-pl\/wp-json\/wp\/v2\/pages\/4140\/revisions"}],"predecessor-version":[{"id":6085,"href":"https:\/\/www.froeling.com\/pl-pl\/wp-json\/wp\/v2\/pages\/4140\/revisions\/6085"}],"up":[{"embeddable":true,"href":"https:\/\/www.froeling.com\/pl-pl\/wp-json\/wp\/v2\/pages\/78"}],"wp:attachment":[{"href":"https:\/\/www.froeling.com\/pl-pl\/wp-json\/wp\/v2\/media?parent=4140"}],"curies":[{"name":"wp","href":"https:\/\/api.w.org\/{rel}","templated":true}]}}