{"id":4086,"date":"2022-12-16T12:00:38","date_gmt":"2022-12-16T11:00:38","guid":{"rendered":"https:\/\/www.froeling.com\/de-at\/?page_id=4086"},"modified":"2023-01-04T14:55:05","modified_gmt":"2023-01-04T13:55:05","slug":"impressum","status":"publish","type":"page","link":"https:\/\/www.froeling.com\/sl-si\/impressum\/","title":{"rendered":"Legal information"},"content":{"rendered":"\t\t<div data-elementor-type=\"wp-page\" data-elementor-id=\"4086\" class=\"elementor elementor-4086\" data-elementor-post-type=\"page\">\n\t\t\t\t<div class=\"elementor-element elementor-element-8dd7d67 e-con-full e-flex e-con e-parent\" data-id=\"8dd7d67\" data-element_type=\"container\" data-e-type=\"container\" data-settings=\"{&quot;background_background&quot;:&quot;gradient&quot;}\">\n\t\t<div class=\"elementor-element elementor-element-9459e15 e-con-full e-flex e-con e-parent\" data-id=\"9459e15\" data-element_type=\"container\" data-e-type=\"container\">\n\t\t<div class=\"elementor-element elementor-element-8c71072 hero-offset-container e-flex e-con-boxed e-con e-parent\" data-id=\"8c71072\" data-element_type=\"container\" data-e-type=\"container\" data-settings=\"{&quot;background_background&quot;:&quot;classic&quot;}\">\n\t\t\t\t\t<div class=\"e-con-inner\">\n\t\t\t\t<div class=\"elementor-element elementor-element-992c090 elementor-widget elementor-widget-heading\" data-id=\"992c090\" data-element_type=\"widget\" data-e-type=\"widget\" data-widget_type=\"heading.default\">\n\t\t\t\t<div class=\"elementor-widget-container\">\n\t\t\t\t\t<h2 class=\"elementor-heading-title elementor-size-default\">Legal information<\/h2>\t\t\t\t<\/div>\n\t\t\t\t<\/div>\n\t\t\t\t\t<\/div>\n\t\t\t\t<\/div>\n\t\t\t\t<\/div>\n\t\t<div class=\"elementor-element elementor-element-2162f26 e-con-full e-flex e-con e-parent\" data-id=\"2162f26\" data-element_type=\"container\" data-e-type=\"container\" data-settings=\"{&quot;background_background&quot;:&quot;classic&quot;}\">\n\t\t\t\t<\/div>\n\t\t\t\t<\/div>\n\t\t<div class=\"elementor-element elementor-element-a056f1a elementor-hidden-mobile e-flex e-con-boxed e-con e-parent\" data-id=\"a056f1a\" data-element_type=\"container\" data-e-type=\"container\" data-settings=\"{&quot;background_background&quot;:&quot;gradient&quot;}\">\n\t\t\t\t\t<div class=\"e-con-inner\">\n\t\t\t\t\t<\/div>\n\t\t\t\t<\/div>\n\t\t<div class=\"elementor-element elementor-element-50c58a0 e-flex e-con-boxed e-con e-parent\" data-id=\"50c58a0\" data-element_type=\"container\" data-e-type=\"container\">\n\t\t\t\t\t<div class=\"e-con-inner\">\n\t\t<div class=\"elementor-element elementor-element-9be5447 e-con-full e-flex e-con e-parent\" data-id=\"9be5447\" data-element_type=\"container\" data-e-type=\"container\">\n\t\t\t\t<div class=\"elementor-element elementor-element-ffd5e9d elementor-widget elementor-widget-heading\" data-id=\"ffd5e9d\" data-element_type=\"widget\" data-e-type=\"widget\" data-widget_type=\"heading.default\">\n\t\t\t\t<div class=\"elementor-widget-container\">\n\t\t\t\t\t<h2 class=\"elementor-heading-title elementor-size-default\">Name of company:\n<\/h2>\t\t\t\t<\/div>\n\t\t\t\t<\/div>\n\t\t\t\t<div class=\"elementor-element elementor-element-34e2228 elementor-widget elementor-widget-text-editor\" data-id=\"34e2228\" data-element_type=\"widget\" data-e-type=\"widget\" data-widget_type=\"text-editor.default\">\n\t\t\t\t<div class=\"elementor-widget-container\">\n\t\t\t\t\t\t\t\t\t<p>Fr\u00f6ling Heizkessel- und Beh\u00e4lterbau Ges.m.b.H.<\/p><p>Business address:<br \/>Industriestra\u00dfe 12<br \/>A-4710 Grieskirchen<\/p><p>Duty to inform as per \u00a7 5 Para. 1 E-Commerce Act:<\/p>\t\t\t\t\t\t\t\t<\/div>\n\t\t\t\t<\/div>\n\t\t\t\t<div class=\"elementor-element elementor-element-70a890b elementor-widget elementor-widget-image\" data-id=\"70a890b\" data-element_type=\"widget\" data-e-type=\"widget\" data-widget_type=\"image.default\">\n\t\t\t\t<div class=\"elementor-widget-container\">\n\t\t\t\t\t\t\t\t\t\t\t\t\t\t\t\t<a href=\"http:\/\/firmena-z.wko.at\/ecg.asp?MGID=B92ACB3262CFFC88F247AB637FFE1B78\" target=\"_blank\" rel=\"noopener\">\n\t\t\t\t\t\t\t<img decoding=\"async\" width=\"169\" height=\"23\" src=\"https:\/\/www.froeling.com\/sl-si\/wp-content\/uploads\/sites\/9\/2022\/12\/ecg.gif\" class=\"attachment-large size-large wp-image-4346\" alt=\"\" \/>\t\t\t\t\t\t\t\t<\/a>\n\t\t\t\t\t\t\t\t\t\t\t\t\t\t\t<\/div>\n\t\t\t\t<\/div>\n\t\t\t\t<div class=\"elementor-element elementor-element-e5db8c5 elementor-widget elementor-widget-heading\" data-id=\"e5db8c5\" data-element_type=\"widget\" data-e-type=\"widget\" data-widget_type=\"heading.default\">\n\t\t\t\t<div class=\"elementor-widget-container\">\n\t\t\t\t\t<h2 class=\"elementor-heading-title elementor-size-default\">All rights reserved\n<\/h2>\t\t\t\t<\/div>\n\t\t\t\t<\/div>\n\t\t\t\t<div class=\"elementor-element elementor-element-a38f04e elementor-widget elementor-widget-text-editor\" data-id=\"a38f04e\" data-element_type=\"widget\" data-e-type=\"widget\" data-widget_type=\"text-editor.default\">\n\t\t\t\t<div class=\"elementor-widget-container\">\n\t\t\t\t\t\t\t\t\t<p>Texts, images, charts and animations and their layout on the Fr\u00f6ling Ges.m.b.H. homepage are subject to copyright. The content of these websites must not be copied, circulated or modified for commercial purposes without our consent.<\/p>\t\t\t\t\t\t\t\t<\/div>\n\t\t\t\t<\/div>\n\t\t\t\t<div class=\"elementor-element elementor-element-92b105a elementor-widget elementor-widget-heading\" data-id=\"92b105a\" data-element_type=\"widget\" data-e-type=\"widget\" data-widget_type=\"heading.default\">\n\t\t\t\t<div class=\"elementor-widget-container\">\n\t\t\t\t\t<h2 class=\"elementor-heading-title elementor-size-default\">Disclaimer<\/h2>\t\t\t\t<\/div>\n\t\t\t\t<\/div>\n\t\t\t\t<div class=\"elementor-element elementor-element-345c280 elementor-widget elementor-widget-text-editor\" data-id=\"345c280\" data-element_type=\"widget\" data-e-type=\"widget\" data-widget_type=\"text-editor.default\">\n\t\t\t\t<div class=\"elementor-widget-container\">\n\t\t\t\t\t\t\t\t\t<p>This website has been created with the utmost care. However, Fr\u00f6ling Ges.m.b.H. cannot guarantee that the information contained thereon is accurate, complete and up-to-date. Fr\u00f6ling Ges.m.b.H. excludes all liability for any damages resulting directly or indirectly from use of this website. This also applies to direct and indirect links from this website.<\/p>\t\t\t\t\t\t\t\t<\/div>\n\t\t\t\t<\/div>\n\t\t\t\t<div class=\"elementor-element elementor-element-a9fcd21 elementor-widget elementor-widget-heading\" data-id=\"a9fcd21\" data-element_type=\"widget\" data-e-type=\"widget\" data-widget_type=\"heading.default\">\n\t\t\t\t<div class=\"elementor-widget-container\">\n\t\t\t\t\t<h2 class=\"elementor-heading-title elementor-size-default\">Data protection<\/h2>\t\t\t\t<\/div>\n\t\t\t\t<\/div>\n\t\t\t\t<div class=\"elementor-element elementor-element-8ecf882 elementor-widget elementor-widget-text-editor\" data-id=\"8ecf882\" data-element_type=\"widget\" data-e-type=\"widget\" data-widget_type=\"text-editor.default\">\n\t\t\t\t<div class=\"elementor-widget-container\">\n\t\t\t\t\t\t\t\t\t<p>Any personal data collected on the Fr\u00f6ling Ges.m.b.H. website is saved and processed exclusively for your individual care, to send you product information or to provide you with quotes. Fr\u00f6ling Ges.m.b.H. ensures that your information will be handled in confidence.<\/p>\t\t\t\t\t\t\t\t<\/div>\n\t\t\t\t<\/div>\n\t\t\t\t<div class=\"elementor-element elementor-element-243ea0b elementor-widget elementor-widget-button\" data-id=\"243ea0b\" data-element_type=\"widget\" data-e-type=\"widget\" data-widget_type=\"button.default\">\n\t\t\t\t<div class=\"elementor-widget-container\">\n\t\t\t\t\t\t\t\t\t<div class=\"elementor-button-wrapper\">\n\t\t\t\t\t<a class=\"elementor-button elementor-button-link elementor-size-md\" href=\"https:\/\/www.froeling.com\/de-at\/wp-content\/uploads\/sites\/2\/2022\/12\/AGB_Deutsch.pdf\">\n\t\t\t\t\t\t<span class=\"elementor-button-content-wrapper\">\n\t\t\t\t\t\t<span class=\"elementor-button-icon\">\n\t\t\t\t<i aria-hidden=\"true\" class=\"far fa-file-pdf\"><\/i>\t\t\t<\/span>\n\t\t\t\t\t\t\t\t\t<span class=\"elementor-button-text\">Download our terms and conditions<\/span>\n\t\t\t\t\t<\/span>\n\t\t\t\t\t<\/a>\n\t\t\t\t<\/div>\n\t\t\t\t\t\t\t\t<\/div>\n\t\t\t\t<\/div>\n\t\t\t\t<\/div>\n\t\t<div class=\"elementor-element elementor-element-3d649b6 e-con-full e-flex e-con e-parent\" data-id=\"3d649b6\" data-element_type=\"container\" data-e-type=\"container\">\n\t\t\t\t<div class=\"elementor-element elementor-element-4fa6b20 elementor-widget elementor-widget-template\" data-id=\"4fa6b20\" data-element_type=\"widget\" data-e-type=\"widget\" data-widget_type=\"template.default\">\n\t\t\t\t<div class=\"elementor-widget-container\">\n\t\t\t\t\t\t\t<div class=\"elementor-template\">\n\t\t\t\t\t<div data-elementor-type=\"container\" data-elementor-id=\"913\" class=\"elementor elementor-913\" data-elementor-post-type=\"elementor_library\">\n\t\t\t\t<div class=\"elementor-element elementor-element-d1851d4 e-con-full hover-img e-flex e-con e-parent\" data-id=\"d1851d4\" data-element_type=\"container\" data-e-type=\"container\" data-settings=\"{&quot;background_background&quot;:&quot;classic&quot;}\">\n\t\t\t\t<div class=\"elementor-element elementor-element-8538615 elementor-widget elementor-widget-image\" data-id=\"8538615\" data-element_type=\"widget\" data-e-type=\"widget\" data-widget_type=\"image.default\">\n\t\t\t\t<div class=\"elementor-widget-container\">\n\t\t\t\t\t\t\t\t\t\t\t\t\t\t\t<img fetchpriority=\"high\" decoding=\"async\" width=\"283\" height=\"283\" src=\"https:\/\/www.froeling.com\/sl-si\/wp-content\/uploads\/sites\/9\/2022\/07\/Ansprechpartner.png\" class=\"attachment-large size-large wp-image-5451\" alt=\"\" srcset=\"https:\/\/www.froeling.com\/sl-si\/wp-content\/uploads\/sites\/9\/2022\/07\/Ansprechpartner.png 283w, https:\/\/www.froeling.com\/sl-si\/wp-content\/uploads\/sites\/9\/2022\/07\/Ansprechpartner-150x150.png 150w\" sizes=\"(max-width: 283px) 100vw, 283px\" \/>\t\t\t\t\t\t\t\t\t\t\t\t\t\t\t<\/div>\n\t\t\t\t<\/div>\n\t\t\t\t<div class=\"elementor-element elementor-element-b07e1bc elementor-widget elementor-widget-heading\" data-id=\"b07e1bc\" data-element_type=\"widget\" data-e-type=\"widget\" data-widget_type=\"heading.default\">\n\t\t\t\t<div class=\"elementor-widget-container\">\n\t\t\t\t\t<h2 class=\"elementor-heading-title elementor-size-default\">Information\/advice <\/h2>\t\t\t\t<\/div>\n\t\t\t\t<\/div>\n\t\t\t\t<div class=\"elementor-element elementor-element-99819fe elementor-widget elementor-widget-text-editor\" data-id=\"99819fe\" data-element_type=\"widget\" data-e-type=\"widget\" data-widget_type=\"text-editor.default\">\n\t\t\t\t<div class=\"elementor-widget-container\">\n\t\t\t\t\t\t\t\t\t<p style=\"padding-left: 40px;\"><span style=\"color: #000000;\">You would like to have further product information or you have general questions regarding our company?<\/span><\/p>\t\t\t\t\t\t\t\t<\/div>\n\t\t\t\t<\/div>\n\t\t\t\t<div class=\"elementor-element elementor-element-e3da0f7 elementor-align-center elementor-widget elementor-widget-button\" data-id=\"e3da0f7\" data-element_type=\"widget\" data-e-type=\"widget\" data-widget_type=\"button.default\">\n\t\t\t\t<div class=\"elementor-widget-container\">\n\t\t\t\t\t\t\t\t\t<div class=\"elementor-button-wrapper\">\n\t\t\t\t\t<a class=\"elementor-button elementor-button-link elementor-size-xs\" href=\"#\">\n\t\t\t\t\t\t<span class=\"elementor-button-content-wrapper\">\n\t\t\t\t\t\t\t\t\t<span class=\"elementor-button-text\">Request information \/ advice<\/span>\n\t\t\t\t\t<\/span>\n\t\t\t\t\t<\/a>\n\t\t\t\t<\/div>\n\t\t\t\t\t\t\t\t<\/div>\n\t\t\t\t<\/div>\n\t\t\t\t<\/div>\n\t\t\t\t<\/div>\n\t\t\t\t<\/div>\n\t\t\t\t\t\t<\/div>\n\t\t\t\t<\/div>\n\t\t\t\t<\/div>\n\t\t\t\t\t<\/div>\n\t\t\t\t<\/div>\n\t\t<div class=\"elementor-element elementor-element-75c5d30 e-con-full e-flex e-con e-parent\" data-id=\"75c5d30\" data-element_type=\"container\" data-e-type=\"container\">\n\t\t\t\t<div class=\"elementor-element elementor-element-cfbc760 elementor-widget-tablet__width-inherit elementor-widget elementor-widget-template\" data-id=\"cfbc760\" data-element_type=\"widget\" data-e-type=\"widget\" data-widget_type=\"template.default\">\n\t\t\t\t<div class=\"elementor-widget-container\">\n\t\t\t\t\t\t\t<div class=\"elementor-template\">\n\t\t\t\t\t<div data-elementor-type=\"container\" data-elementor-id=\"903\" class=\"elementor elementor-903\" data-elementor-post-type=\"elementor_library\">\n\t\t\t\t<div class=\"elementor-element elementor-element-f4a9d9a e-flex e-con-boxed e-con e-parent\" data-id=\"f4a9d9a\" data-element_type=\"container\" data-e-type=\"container\" data-settings=\"{&quot;background_background&quot;:&quot;gradient&quot;}\">\n\t\t\t\t\t<div class=\"e-con-inner\">\n\t\t<div class=\"elementor-element elementor-element-530d5e3 e-con-full e-flex e-con e-child\" data-id=\"530d5e3\" data-element_type=\"container\" data-e-type=\"container\">\n\t\t\t\t<div class=\"elementor-element elementor-element-ce08c4d elementor-widget elementor-widget-text-editor\" data-id=\"ce08c4d\" data-element_type=\"widget\" data-e-type=\"widget\" data-widget_type=\"text-editor.default\">\n\t\t\t\t<div class=\"elementor-widget-container\">\n\t\t\t\t\t\t\t\t\t<p>For you personally<\/p>\t\t\t\t\t\t\t\t<\/div>\n\t\t\t\t<\/div>\n\t\t\t\t<div class=\"elementor-element elementor-element-1de40b0 elementor-widget elementor-widget-heading\" data-id=\"1de40b0\" data-element_type=\"widget\" data-e-type=\"widget\" data-widget_type=\"heading.default\">\n\t\t\t\t<div class=\"elementor-widget-container\">\n\t\t\t\t\t<h2 class=\"elementor-heading-title elementor-size-default\">Information &amp; advice<\/h2>\t\t\t\t<\/div>\n\t\t\t\t<\/div>\n\t\t\t\t<div class=\"elementor-element elementor-element-e911e07 elementor-widget elementor-widget-text-editor\" data-id=\"e911e07\" data-element_type=\"widget\" data-e-type=\"widget\" data-widget_type=\"text-editor.default\">\n\t\t\t\t<div class=\"elementor-widget-container\">\n\t\t\t\t\t\t\t\t\t<p>You would like to have further product information or you have general questions regarding our company?<\/p>\t\t\t\t\t\t\t\t<\/div>\n\t\t\t\t<\/div>\n\t\t\t\t<div class=\"elementor-element elementor-element-7c0ef91 elementor-widget elementor-widget-button\" data-id=\"7c0ef91\" data-element_type=\"widget\" data-e-type=\"widget\" data-widget_type=\"button.default\">\n\t\t\t\t<div class=\"elementor-widget-container\">\n\t\t\t\t\t\t\t\t\t<div class=\"elementor-button-wrapper\">\n\t\t\t\t\t<a class=\"elementor-button elementor-button-link elementor-size-md\" href=\"https:\/\/www.froeling.com\/sl-si\/kontakt\/information-beratung-anfordern\/\">\n\t\t\t\t\t\t<span class=\"elementor-button-content-wrapper\">\n\t\t\t\t\t\t\t\t\t<span class=\"elementor-button-text\">Request information \/ advice<\/span>\n\t\t\t\t\t<\/span>\n\t\t\t\t\t<\/a>\n\t\t\t\t<\/div>\n\t\t\t\t\t\t\t\t<\/div>\n\t\t\t\t<\/div>\n\t\t\t\t<\/div>\n\t\t<div class=\"elementor-element elementor-element-53141f8 e-con-full e-flex e-con e-child\" data-id=\"53141f8\" data-element_type=\"container\" data-e-type=\"container\">\n\t\t\t\t<div class=\"elementor-element elementor-element-f0b517b elementor-widget elementor-widget-image\" data-id=\"f0b517b\" data-element_type=\"widget\" data-e-type=\"widget\" data-widget_type=\"image.default\">\n\t\t\t\t<div class=\"elementor-widget-container\">\n\t\t\t\t\t\t\t\t\t\t\t\t\t\t\t<img decoding=\"async\" width=\"699\" height=\"786\" src=\"https:\/\/www.froeling.com\/sl-si\/wp-content\/uploads\/sites\/9\/2022\/05\/products_together_1.png\" class=\"attachment-medium_large size-medium_large wp-image-473\" alt=\"\" srcset=\"https:\/\/www.froeling.com\/sl-si\/wp-content\/uploads\/sites\/9\/2022\/05\/products_together_1.png 699w, https:\/\/www.froeling.com\/sl-si\/wp-content\/uploads\/sites\/9\/2022\/05\/products_together_1-267x300.png 267w\" sizes=\"(max-width: 699px) 100vw, 699px\" \/>\t\t\t\t\t\t\t\t\t\t\t\t\t\t\t<\/div>\n\t\t\t\t<\/div>\n\t\t\t\t<\/div>\n\t\t\t\t\t<\/div>\n\t\t\t\t<\/div>\n\t\t\t\t<\/div>\n\t\t\t\t<\/div>\n\t\t\t\t\t\t<\/div>\n\t\t\t\t<\/div>\n\t\t\t\t<\/div>\n\t\t\t\t<\/div>\n\t\t","protected":false},"excerpt":{"rendered":"<p>Legal information Name of company: Fr\u00f6ling Heizkessel- und Beh\u00e4lterbau Ges.m.b.H. Business address:Industriestra\u00dfe 12A-4710 Grieskirchen Duty to inform as per \u00a7 5 Para. 1 E-Commerce Act: All rights reserved Texts, images, charts and animations and their layout on the Fr\u00f6ling Ges.m.b.H. homepage are subject to copyright. The content of these websites must not be copied, circulated [&hellip;]<\/p>\n","protected":false},"author":2,"featured_media":0,"parent":0,"menu_order":0,"comment_status":"closed","ping_status":"closed","template":"","meta":{"_acf_changed":false,"footnotes":""},"class_list":["post-4086","page","type-page","status-publish","hentry"],"acf":[],"_links":{"self":[{"href":"https:\/\/www.froeling.com\/sl-si\/wp-json\/wp\/v2\/pages\/4086","targetHints":{"allow":["GET"]}}],"collection":[{"href":"https:\/\/www.froeling.com\/sl-si\/wp-json\/wp\/v2\/pages"}],"about":[{"href":"https:\/\/www.froeling.com\/sl-si\/wp-json\/wp\/v2\/types\/page"}],"author":[{"embeddable":true,"href":"https:\/\/www.froeling.com\/sl-si\/wp-json\/wp\/v2\/users\/2"}],"replies":[{"embeddable":true,"href":"https:\/\/www.froeling.com\/sl-si\/wp-json\/wp\/v2\/comments?post=4086"}],"version-history":[{"count":7,"href":"https:\/\/www.froeling.com\/sl-si\/wp-json\/wp\/v2\/pages\/4086\/revisions"}],"predecessor-version":[{"id":5214,"href":"https:\/\/www.froeling.com\/sl-si\/wp-json\/wp\/v2\/pages\/4086\/revisions\/5214"}],"wp:attachment":[{"href":"https:\/\/www.froeling.com\/sl-si\/wp-json\/wp\/v2\/media?parent=4086"}],"curies":[{"name":"wp","href":"https:\/\/api.w.org\/{rel}","templated":true}]}}