{"id":4140,"date":"2022-12-16T13:42:02","date_gmt":"2022-12-16T12:42:02","guid":{"rendered":"https:\/\/www.froeling.com\/de-at\/?page_id=4140"},"modified":"2023-09-14T07:21:32","modified_gmt":"2023-09-14T05:21:32","slug":"elda-med-tra","status":"publish","type":"page","link":"https:\/\/www.froeling.com\/sv-se\/uppvarmning-med-biomassa\/elda-med-tra\/","title":{"rendered":"Elda med tr\u00e4"},"content":{"rendered":"\t\t<div data-elementor-type=\"wp-page\" data-elementor-id=\"4140\" class=\"elementor elementor-4140\" data-elementor-post-type=\"page\">\n\t\t\t\t<div class=\"elementor-element elementor-element-8a713ca e-con-full e-flex e-con e-parent\" data-id=\"8a713ca\" data-element_type=\"container\" data-e-type=\"container\" data-settings=\"{&quot;background_background&quot;:&quot;gradient&quot;}\">\n\t\t<div class=\"elementor-element elementor-element-4870569 e-con-full e-flex e-con e-parent\" data-id=\"4870569\" data-element_type=\"container\" data-e-type=\"container\">\n\t\t<div class=\"elementor-element elementor-element-33ff9be hero-offset-container e-flex e-con-boxed e-con e-parent\" data-id=\"33ff9be\" data-element_type=\"container\" data-e-type=\"container\" data-settings=\"{&quot;background_background&quot;:&quot;classic&quot;}\">\n\t\t\t\t\t<div class=\"e-con-inner\">\n\t\t\t\t<div class=\"elementor-element elementor-element-96747fd elementor-widget elementor-widget-heading\" data-id=\"96747fd\" data-element_type=\"widget\" data-e-type=\"widget\" data-widget_type=\"heading.default\">\n\t\t\t\t<div class=\"elementor-widget-container\">\n\t\t\t\t\t<h2 class=\"elementor-heading-title elementor-size-default\">Elda med tr\u00e4<\/h2>\t\t\t\t<\/div>\n\t\t\t\t<\/div>\n\t\t\t\t<div class=\"elementor-element elementor-element-ecd1d09 elementor-widget elementor-widget-text-editor\" data-id=\"ecd1d09\" data-element_type=\"widget\" data-e-type=\"widget\" data-widget_type=\"text-editor.default\">\n\t\t\t\t<div class=\"elementor-widget-container\">\n\t\t\t\t\t\t\t\t\t<p>Att elda med tr\u00e4 \u00e4r ungef\u00e4r lika bekv\u00e4mt som att elda med olja eller gas. Tr\u00e4 \u00e4r ett inhemskt och milj\u00f6v\u00e4nligt, f\u00f6rnybart br\u00e4nsle som f\u00f6rbr\u00e4nns koldioxidneutralt och g\u00f6r anv\u00e4ndaren mindre beroende av internationella kriser.\u00a0<\/p>\t\t\t\t\t\t\t\t<\/div>\n\t\t\t\t<\/div>\n\t\t\t\t\t<\/div>\n\t\t\t\t<\/div>\n\t\t\t\t<\/div>\n\t\t<div class=\"elementor-element elementor-element-e26c893 e-con-full e-flex e-con e-parent\" data-id=\"e26c893\" data-element_type=\"container\" data-e-type=\"container\" data-settings=\"{&quot;background_background&quot;:&quot;classic&quot;}\">\n\t\t\t\t<\/div>\n\t\t\t\t<\/div>\n\t\t<div class=\"elementor-element elementor-element-0f76ee3 elementor-hidden-mobile e-flex e-con-boxed e-con e-parent\" data-id=\"0f76ee3\" data-element_type=\"container\" data-e-type=\"container\" data-settings=\"{&quot;background_background&quot;:&quot;gradient&quot;}\">\n\t\t\t\t\t<div class=\"e-con-inner\">\n\t\t\t\t\t<\/div>\n\t\t\t\t<\/div>\n\t\t<div class=\"elementor-element elementor-element-31fe423 e-flex e-con-boxed e-con e-parent\" data-id=\"31fe423\" data-element_type=\"container\" data-e-type=\"container\">\n\t\t\t\t\t<div class=\"e-con-inner\">\n\t\t<div class=\"elementor-element elementor-element-24c88d0 e-con-full e-flex e-con e-parent\" data-id=\"24c88d0\" data-element_type=\"container\" data-e-type=\"container\">\n\t\t\t\t<div class=\"elementor-element elementor-element-266ab49 elementor-widget elementor-widget-text-editor\" data-id=\"266ab49\" data-element_type=\"widget\" data-e-type=\"widget\" data-widget_type=\"text-editor.default\">\n\t\t\t\t<div class=\"elementor-widget-container\">\n\t\t\t\t\t\t\t\t\t<p>Tr\u00e4 \u00e4r ett perfekt br\u00e4nsle, b\u00e5de ur ekonomiskt och ekologiskt perspektiv, och det kan varieras och anv\u00e4ndas som ved, pellets eller tr\u00e4flis. Om pellets eller flis anv\u00e4nds matas br\u00e4nslet helt automatisk fr\u00e5n br\u00e4nslef\u00f6rr\u00e5det till pannan. F\u00f6rbr\u00e4nningen styrs av v\u00e4rmebehovet och de tider och temperaturer som har st\u00e4llts in p\u00e5 styrningen. \u00a0\u00a0<\/p><p>Fr\u00f6ling ser sig som totalleverant\u00f6r av allt som beh\u00f6vs i pannrummet och producerar d\u00e4rmed pannor som kan eldas med pellets, flis eller ved.\u00a0<\/p>\t\t\t\t\t\t\t\t<\/div>\n\t\t\t\t<\/div>\n\t\t<div class=\"elementor-element elementor-element-5f7341a e-flex e-con-boxed e-con e-parent\" data-id=\"5f7341a\" data-element_type=\"container\" data-e-type=\"container\">\n\t\t\t\t\t<div class=\"e-con-inner\">\n\t\t<div class=\"elementor-element elementor-element-ee9e199 e-con-full e-flex e-con e-parent\" data-id=\"ee9e199\" data-element_type=\"container\" data-e-type=\"container\">\n\t\t\t\t<div class=\"elementor-element elementor-element-ba2f9af elementor-widget elementor-widget-image\" data-id=\"ba2f9af\" data-element_type=\"widget\" data-e-type=\"widget\" data-widget_type=\"image.default\">\n\t\t\t\t<div class=\"elementor-widget-container\">\n\t\t\t\t\t\t\t\t\t\t\t\t\t\t\t<img decoding=\"async\" width=\"200\" height=\"100\" src=\"https:\/\/www.froeling.com\/sv-se\/wp-content\/uploads\/sites\/12\/2022\/12\/nav-scheitholz.png\" class=\"attachment-large size-large wp-image-4163\" alt=\"\" \/>\t\t\t\t\t\t\t\t\t\t\t\t\t\t\t<\/div>\n\t\t\t\t<\/div>\n\t\t\t\t<\/div>\n\t\t<div class=\"elementor-element elementor-element-83562ef e-flex e-con-boxed e-con e-parent\" data-id=\"83562ef\" data-element_type=\"container\" data-e-type=\"container\">\n\t\t\t\t\t<div class=\"e-con-inner\">\n\t\t\t\t<div class=\"elementor-element elementor-element-633e200 elementor-widget elementor-widget-heading\" data-id=\"633e200\" data-element_type=\"widget\" data-e-type=\"widget\" data-widget_type=\"heading.default\">\n\t\t\t\t<div class=\"elementor-widget-container\">\n\t\t\t\t\t<h2 class=\"elementor-heading-title elementor-size-default\">Traditionell uppv\u00e4rmning med ved\n<\/h2>\t\t\t\t<\/div>\n\t\t\t\t<\/div>\n\t\t\t\t<div class=\"elementor-element elementor-element-7fd1d4c elementor-widget elementor-widget-text-editor\" data-id=\"7fd1d4c\" data-element_type=\"widget\" data-e-type=\"widget\" data-widget_type=\"text-editor.default\">\n\t\t\t\t<div class=\"elementor-widget-container\">\n\t\t\t\t\t\t\t\t\t<p>Att elda med ved har en l\u00e5ng tradition. Man kan elda med kluvna meterl\u00e5nga stockar eller med vedtr\u00e4n som passar till spisen och \u00e4r 25, 30 eller 50 cm l\u00e5nga. Moderna vedeldade v\u00e4rmepannor har b\u00e4sta t\u00e4nkbara f\u00f6rbr\u00e4nningsv\u00e4rden och l\u00e5ga utsl\u00e4pp. Fukthalten i veden ska helst vara l\u00e5g som m\u00f6jligt, inte \u00f6verstiga 20\u201330 procent.<\/p>\t\t\t\t\t\t\t\t<\/div>\n\t\t\t\t<\/div>\n\t\t\t\t\t<\/div>\n\t\t\t\t<\/div>\n\t\t\t\t\t<\/div>\n\t\t\t\t<\/div>\n\t\t<div class=\"elementor-element elementor-element-0e3cc1f e-flex e-con-boxed e-con e-parent\" data-id=\"0e3cc1f\" data-element_type=\"container\" data-e-type=\"container\">\n\t\t\t\t\t<div class=\"e-con-inner\">\n\t\t<div class=\"elementor-element elementor-element-bd53c81 e-con-full e-flex e-con e-parent\" data-id=\"bd53c81\" data-element_type=\"container\" data-e-type=\"container\">\n\t\t\t\t<div class=\"elementor-element elementor-element-bafea81 elementor-widget elementor-widget-image\" data-id=\"bafea81\" data-element_type=\"widget\" data-e-type=\"widget\" data-widget_type=\"image.default\">\n\t\t\t\t<div class=\"elementor-widget-container\">\n\t\t\t\t\t\t\t\t\t\t\t\t\t\t\t<img decoding=\"async\" width=\"200\" height=\"100\" src=\"https:\/\/www.froeling.com\/sv-se\/wp-content\/uploads\/sites\/12\/2022\/12\/nav-pellets.png\" class=\"attachment-large size-large wp-image-4164\" alt=\"\" \/>\t\t\t\t\t\t\t\t\t\t\t\t\t\t\t<\/div>\n\t\t\t\t<\/div>\n\t\t\t\t<\/div>\n\t\t<div class=\"elementor-element elementor-element-a441734 e-flex e-con-boxed e-con e-parent\" data-id=\"a441734\" data-element_type=\"container\" data-e-type=\"container\">\n\t\t\t\t\t<div class=\"e-con-inner\">\n\t\t\t\t<div class=\"elementor-element elementor-element-152d5a1 elementor-widget elementor-widget-heading\" data-id=\"152d5a1\" data-element_type=\"widget\" data-e-type=\"widget\" data-widget_type=\"heading.default\">\n\t\t\t\t<div class=\"elementor-widget-container\">\n\t\t\t\t\t<h2 class=\"elementor-heading-title elementor-size-default\">Uppv\u00e4rmning med pellets \u2013 framtidens br\u00e4nsle\n<\/h2>\t\t\t\t<\/div>\n\t\t\t\t<\/div>\n\t\t\t\t<div class=\"elementor-element elementor-element-d6383cc elementor-widget elementor-widget-text-editor\" data-id=\"d6383cc\" data-element_type=\"widget\" data-e-type=\"widget\" data-widget_type=\"text-editor.default\">\n\t\t\t\t<div class=\"elementor-widget-container\">\n\t\t\t\t\t\t\t\t\t<p>Tr\u00e4pellets best\u00e5r av naturligt tr\u00e4. Biprodukter i form av hyvel- och s\u00e5gsp\u00e5n som tr\u00e4industrin producerar stora m\u00e4ngder av pressas ihop obehandlade och pelleteras sedan. Tack vare den h\u00f6ga energit\u00e4theten och det smidiga s\u00e4ttet f\u00f6r leverans och f\u00f6rvaring \u00e4r pellets det optimala br\u00e4nslet f\u00f6r helautomatiska v\u00e4rmesystem.<\/p>\t\t\t\t\t\t\t\t<\/div>\n\t\t\t\t<\/div>\n\t\t\t\t\t<\/div>\n\t\t\t\t<\/div>\n\t\t\t\t\t<\/div>\n\t\t\t\t<\/div>\n\t\t<div class=\"elementor-element elementor-element-4c2ce2f e-flex e-con-boxed e-con e-parent\" data-id=\"4c2ce2f\" data-element_type=\"container\" data-e-type=\"container\">\n\t\t\t\t\t<div class=\"e-con-inner\">\n\t\t<div class=\"elementor-element elementor-element-97370a7 e-con-full e-flex e-con e-parent\" data-id=\"97370a7\" data-element_type=\"container\" data-e-type=\"container\">\n\t\t\t\t<div class=\"elementor-element elementor-element-6713157 elementor-widget elementor-widget-image\" data-id=\"6713157\" data-element_type=\"widget\" data-e-type=\"widget\" data-widget_type=\"image.default\">\n\t\t\t\t<div class=\"elementor-widget-container\">\n\t\t\t\t\t\t\t\t\t\t\t\t\t\t\t<img decoding=\"async\" width=\"200\" height=\"100\" src=\"https:\/\/www.froeling.com\/sv-se\/wp-content\/uploads\/sites\/12\/2022\/12\/nav-hackgut.png\" class=\"attachment-large size-large wp-image-4165\" alt=\"\" \/>\t\t\t\t\t\t\t\t\t\t\t\t\t\t\t<\/div>\n\t\t\t\t<\/div>\n\t\t\t\t<\/div>\n\t\t<div class=\"elementor-element elementor-element-d6dc304 e-flex e-con-boxed e-con e-parent\" data-id=\"d6dc304\" data-element_type=\"container\" data-e-type=\"container\">\n\t\t\t\t\t<div class=\"e-con-inner\">\n\t\t\t\t<div class=\"elementor-element elementor-element-3643450 elementor-widget elementor-widget-heading\" data-id=\"3643450\" data-element_type=\"widget\" data-e-type=\"widget\" data-widget_type=\"heading.default\">\n\t\t\t\t<div class=\"elementor-widget-container\">\n\t\t\t\t\t<h2 class=\"elementor-heading-title elementor-size-default\">Uppv\u00e4rmning med flis \u2013 energi fr\u00e5n v\u00e5ra egna skogar<\/h2>\t\t\t\t<\/div>\n\t\t\t\t<\/div>\n\t\t\t\t<div class=\"elementor-element elementor-element-ff93423 elementor-widget elementor-widget-text-editor\" data-id=\"ff93423\" data-element_type=\"widget\" data-e-type=\"widget\" data-widget_type=\"text-editor.default\">\n\t\t\t\t<div class=\"elementor-widget-container\">\n\t\t\t\t\t\t\t\t\t<p>Flis \u00e4r ett inhemskt, konjunkturs\u00e4kert och milj\u00f6v\u00e4nligt br\u00e4nsle. Dessutom ger tillverkningen av flis jobb p\u00e5 lokal och regional niv\u00e5. D\u00e4rf\u00f6r \u00e4r flis ett optimalt br\u00e4nsle, inte bara ur ett ekonomiskt perspektiv utan ocks\u00e5 fr\u00e5n milj\u00f6synpunkt. Tr\u00e4avfall i form av kvistar, tr\u00e4dkronor och s\u00e5gverksavfall hackas till flis med hackare. Beroende p\u00e5 vilken typ av tr\u00e4 som anv\u00e4nds r\u00e4knar man med olika kvalitetsklasser.<\/p>\t\t\t\t\t\t\t\t<\/div>\n\t\t\t\t<\/div>\n\t\t\t\t\t<\/div>\n\t\t\t\t<\/div>\n\t\t\t\t\t<\/div>\n\t\t\t\t<\/div>\n\t\t\t\t<\/div>\n\t\t<div class=\"elementor-element elementor-element-9121ddf e-con-full e-flex e-con e-parent\" data-id=\"9121ddf\" data-element_type=\"container\" data-e-type=\"container\">\n\t\t\t\t<div class=\"elementor-element elementor-element-8ff8d4c elementor-widget elementor-widget-template\" data-id=\"8ff8d4c\" data-element_type=\"widget\" data-e-type=\"widget\" data-widget_type=\"template.default\">\n\t\t\t\t<div class=\"elementor-widget-container\">\n\t\t\t\t\t\t\t<div class=\"elementor-template\">\n\t\t\t\t\t<div data-elementor-type=\"container\" data-elementor-id=\"913\" class=\"elementor elementor-913\" data-elementor-post-type=\"elementor_library\">\n\t\t\t\t<div class=\"elementor-element elementor-element-d1851d4 e-con-full hover-img e-flex e-con e-parent\" data-id=\"d1851d4\" data-element_type=\"container\" data-e-type=\"container\" data-settings=\"{&quot;background_background&quot;:&quot;classic&quot;}\">\n\t\t\t\t<div class=\"elementor-element elementor-element-8538615 elementor-widget elementor-widget-image\" data-id=\"8538615\" data-element_type=\"widget\" data-e-type=\"widget\" data-widget_type=\"image.default\">\n\t\t\t\t<div class=\"elementor-widget-container\">\n\t\t\t\t\t\t\t\t\t\t\t\t\t\t\t<img loading=\"lazy\" decoding=\"async\" width=\"283\" height=\"283\" src=\"https:\/\/www.froeling.com\/sv-se\/wp-content\/uploads\/sites\/12\/2022\/07\/Ansprechpartner-1.png\" class=\"attachment-large size-large wp-image-5294\" alt=\"\" srcset=\"https:\/\/www.froeling.com\/sv-se\/wp-content\/uploads\/sites\/12\/2022\/07\/Ansprechpartner-1.png 283w, https:\/\/www.froeling.com\/sv-se\/wp-content\/uploads\/sites\/12\/2022\/07\/Ansprechpartner-1-150x150.png 150w\" sizes=\"(max-width: 283px) 100vw, 283px\" \/>\t\t\t\t\t\t\t\t\t\t\t\t\t\t\t<\/div>\n\t\t\t\t<\/div>\n\t\t\t\t<div class=\"elementor-element elementor-element-b07e1bc elementor-widget elementor-widget-heading\" data-id=\"b07e1bc\" data-element_type=\"widget\" data-e-type=\"widget\" data-widget_type=\"heading.default\">\n\t\t\t\t<div class=\"elementor-widget-container\">\n\t\t\t\t\t<h3 class=\"elementor-heading-title elementor-size-default\">Information\/r\u00e5dgivning<\/h3>\t\t\t\t<\/div>\n\t\t\t\t<\/div>\n\t\t\t\t<div class=\"elementor-element elementor-element-d354e0d elementor-widget elementor-widget-text-editor\" data-id=\"d354e0d\" data-element_type=\"widget\" data-e-type=\"widget\" data-widget_type=\"text-editor.default\">\n\t\t\t\t<div class=\"elementor-widget-container\">\n\t\t\t\t\t\t\t\t\t<p style=\"text-align: center;\">Vill du veta mer om en produkt, eller har du allm\u00e4nna fr\u00e5gor om f\u00f6retaget?\u00a0<\/p>\t\t\t\t\t\t\t\t<\/div>\n\t\t\t\t<\/div>\n\t\t\t\t<div class=\"elementor-element elementor-element-e3da0f7 elementor-align-center elementor-widget elementor-widget-button\" data-id=\"e3da0f7\" data-element_type=\"widget\" data-e-type=\"widget\" data-widget_type=\"button.default\">\n\t\t\t\t<div class=\"elementor-widget-container\">\n\t\t\t\t\t\t\t\t\t<div class=\"elementor-button-wrapper\">\n\t\t\t\t\t<a class=\"elementor-button elementor-button-link elementor-size-xs\" href=\"https:\/\/www.froeling.com\/sv-se\/adress-kontakt\/kontakta-oss-for-personlig-radgivning\/\">\n\t\t\t\t\t\t<span class=\"elementor-button-content-wrapper\">\n\t\t\t\t\t\t\t\t\t<span class=\"elementor-button-text\">R\u00e5dgivning<\/span>\n\t\t\t\t\t<\/span>\n\t\t\t\t\t<\/a>\n\t\t\t\t<\/div>\n\t\t\t\t\t\t\t\t<\/div>\n\t\t\t\t<\/div>\n\t\t\t\t<\/div>\n\t\t\t\t<\/div>\n\t\t\t\t<\/div>\n\t\t\t\t\t\t<\/div>\n\t\t\t\t<\/div>\n\t\t\t\t<\/div>\n\t\t\t\t\t<\/div>\n\t\t\t\t<\/div>\n\t\t<div class=\"elementor-element elementor-element-81fe6b5 e-con-full e-flex e-con e-parent\" data-id=\"81fe6b5\" data-element_type=\"container\" data-e-type=\"container\">\n\t\t\t\t<div class=\"elementor-element elementor-element-9fd4297 elementor-widget-tablet__width-inherit elementor-widget elementor-widget-template\" data-id=\"9fd4297\" data-element_type=\"widget\" data-e-type=\"widget\" data-widget_type=\"template.default\">\n\t\t\t\t<div class=\"elementor-widget-container\">\n\t\t\t\t\t\t\t<div class=\"elementor-template\">\n\t\t\t\t\t<div data-elementor-type=\"container\" data-elementor-id=\"903\" class=\"elementor elementor-903\" data-elementor-post-type=\"elementor_library\">\n\t\t\t\t<div class=\"elementor-element elementor-element-f4a9d9a e-flex e-con-boxed e-con e-parent\" data-id=\"f4a9d9a\" data-element_type=\"container\" data-e-type=\"container\" data-settings=\"{&quot;background_background&quot;:&quot;gradient&quot;}\">\n\t\t\t\t\t<div class=\"e-con-inner\">\n\t\t<div class=\"elementor-element elementor-element-530d5e3 e-con-full e-flex e-con e-child\" data-id=\"530d5e3\" data-element_type=\"container\" data-e-type=\"container\">\n\t\t\t\t<div class=\"elementor-element elementor-element-ce08c4d elementor-widget elementor-widget-text-editor\" data-id=\"ce08c4d\" data-element_type=\"widget\" data-e-type=\"widget\" data-widget_type=\"text-editor.default\">\n\t\t\t\t<div class=\"elementor-widget-container\">\n\t\t\t\t\t\t\t\t\t<p>Personlig kontakt<\/p>\t\t\t\t\t\t\t\t<\/div>\n\t\t\t\t<\/div>\n\t\t\t\t<div class=\"elementor-element elementor-element-1de40b0 elementor-widget elementor-widget-heading\" data-id=\"1de40b0\" data-element_type=\"widget\" data-e-type=\"widget\" data-widget_type=\"heading.default\">\n\t\t\t\t<div class=\"elementor-widget-container\">\n\t\t\t\t\t<h2 class=\"elementor-heading-title elementor-size-default\">Information &amp; och r\u00e5dgivning<\/h2>\t\t\t\t<\/div>\n\t\t\t\t<\/div>\n\t\t\t\t<div class=\"elementor-element elementor-element-e911e07 elementor-widget elementor-widget-text-editor\" data-id=\"e911e07\" data-element_type=\"widget\" data-e-type=\"widget\" data-widget_type=\"text-editor.default\">\n\t\t\t\t<div class=\"elementor-widget-container\">\n\t\t\t\t\t\t\t\t\t<p>Vill du veta mer om en produkt, eller har du allm\u00e4nna fr\u00e5gor om f\u00f6retaget? Kontakta oss via onlineformul\u00e4ret f\u00f6r information\/r\u00e5dgivning.<\/p>\t\t\t\t\t\t\t\t<\/div>\n\t\t\t\t<\/div>\n\t\t\t\t<div class=\"elementor-element elementor-element-7c0ef91 elementor-widget elementor-widget-button\" data-id=\"7c0ef91\" data-element_type=\"widget\" data-e-type=\"widget\" data-widget_type=\"button.default\">\n\t\t\t\t<div class=\"elementor-widget-container\">\n\t\t\t\t\t\t\t\t\t<div class=\"elementor-button-wrapper\">\n\t\t\t\t\t<a class=\"elementor-button elementor-button-link elementor-size-md\" href=\"https:\/\/www.froeling.com\/sv-se\/adress-kontakt\/kontakta-oss-for-personlig-radgivning\/\">\n\t\t\t\t\t\t<span class=\"elementor-button-content-wrapper\">\n\t\t\t\t\t\t\t\t\t<span class=\"elementor-button-text\">Kontakta oss f\u00f6r personlig r\u00e5dgivning<\/span>\n\t\t\t\t\t<\/span>\n\t\t\t\t\t<\/a>\n\t\t\t\t<\/div>\n\t\t\t\t\t\t\t\t<\/div>\n\t\t\t\t<\/div>\n\t\t\t\t<\/div>\n\t\t<div class=\"elementor-element elementor-element-53141f8 e-con-full e-flex e-con e-child\" data-id=\"53141f8\" data-element_type=\"container\" data-e-type=\"container\">\n\t\t\t\t<div class=\"elementor-element elementor-element-f0b517b elementor-widget elementor-widget-image\" data-id=\"f0b517b\" data-element_type=\"widget\" data-e-type=\"widget\" data-widget_type=\"image.default\">\n\t\t\t\t<div class=\"elementor-widget-container\">\n\t\t\t\t\t\t\t\t\t\t\t\t\t\t\t<img loading=\"lazy\" decoding=\"async\" width=\"699\" height=\"786\" src=\"https:\/\/www.froeling.com\/sv-se\/wp-content\/uploads\/sites\/12\/2022\/05\/products_together_1.png\" class=\"attachment-medium_large size-medium_large wp-image-473\" alt=\"\" srcset=\"https:\/\/www.froeling.com\/sv-se\/wp-content\/uploads\/sites\/12\/2022\/05\/products_together_1.png 699w, https:\/\/www.froeling.com\/sv-se\/wp-content\/uploads\/sites\/12\/2022\/05\/products_together_1-267x300.png 267w\" sizes=\"(max-width: 699px) 100vw, 699px\" \/>\t\t\t\t\t\t\t\t\t\t\t\t\t\t\t<\/div>\n\t\t\t\t<\/div>\n\t\t\t\t<\/div>\n\t\t\t\t\t<\/div>\n\t\t\t\t<\/div>\n\t\t\t\t<\/div>\n\t\t\t\t<\/div>\n\t\t\t\t\t\t<\/div>\n\t\t\t\t<\/div>\n\t\t\t\t<\/div>\n\t\t\t\t<\/div>\n\t\t","protected":false},"excerpt":{"rendered":"<p>Elda med tr\u00e4 Att elda med tr\u00e4 \u00e4r ungef\u00e4r lika bekv\u00e4mt som att elda med olja eller gas. Tr\u00e4 \u00e4r ett inhemskt och milj\u00f6v\u00e4nligt, f\u00f6rnybart br\u00e4nsle som f\u00f6rbr\u00e4nns koldioxidneutralt och g\u00f6r anv\u00e4ndaren mindre beroende av internationella kriser. Tr\u00e4 \u00e4r ett perfekt br\u00e4nsle, b\u00e5de ur ekonomiskt och ekologiskt perspektiv, och det kan varieras och anv\u00e4ndas som [&hellip;]<\/p>\n","protected":false},"author":2,"featured_media":0,"parent":78,"menu_order":0,"comment_status":"closed","ping_status":"closed","template":"","meta":{"_acf_changed":false,"footnotes":""},"class_list":["post-4140","page","type-page","status-publish","hentry"],"acf":[],"_links":{"self":[{"href":"https:\/\/www.froeling.com\/sv-se\/wp-json\/wp\/v2\/pages\/4140","targetHints":{"allow":["GET"]}}],"collection":[{"href":"https:\/\/www.froeling.com\/sv-se\/wp-json\/wp\/v2\/pages"}],"about":[{"href":"https:\/\/www.froeling.com\/sv-se\/wp-json\/wp\/v2\/types\/page"}],"author":[{"embeddable":true,"href":"https:\/\/www.froeling.com\/sv-se\/wp-json\/wp\/v2\/users\/2"}],"replies":[{"embeddable":true,"href":"https:\/\/www.froeling.com\/sv-se\/wp-json\/wp\/v2\/comments?post=4140"}],"version-history":[{"count":7,"href":"https:\/\/www.froeling.com\/sv-se\/wp-json\/wp\/v2\/pages\/4140\/revisions"}],"predecessor-version":[{"id":6127,"href":"https:\/\/www.froeling.com\/sv-se\/wp-json\/wp\/v2\/pages\/4140\/revisions\/6127"}],"up":[{"embeddable":true,"href":"https:\/\/www.froeling.com\/sv-se\/wp-json\/wp\/v2\/pages\/78"}],"wp:attachment":[{"href":"https:\/\/www.froeling.com\/sv-se\/wp-json\/wp\/v2\/media?parent=4140"}],"curies":[{"name":"wp","href":"https:\/\/api.w.org\/{rel}","templated":true}]}}